{"id":662,"date":"2020-11-16T14:24:18","date_gmt":"2020-11-16T13:24:18","guid":{"rendered":"https:\/\/semmelweis.hu\/ersebeszet\/?page_id=662"},"modified":"2020-11-16T14:40:40","modified_gmt":"2020-11-16T13:40:40","slug":"terkepek-az-ersebeszet-gyakorlatokhoz","status":"publish","type":"page","link":"https:\/\/semmelweis.hu\/ersebeszet\/terkepek-az-ersebeszet-gyakorlatokhoz\/","title":{"rendered":"T\u00e9rk\u00e9pek az \u00e9rseb\u00e9szet gyakorlatokhoz"},"content":{"rendered":"<p><a href=\"https:\/\/semmelweis.hu\/ersebeszet\/files\/2020\/11\/00szint.png\"><img loading=\"lazy\" decoding=\"async\" class=\"alignnone size-medium wp-image-663\" src=\"https:\/\/semmelweis.hu\/ersebeszet\/files\/2020\/11\/00szint-400x300.png\" alt=\"\" width=\"400\" height=\"300\" srcset=\"https:\/\/semmelweis.hu\/ersebeszet\/files\/2020\/11\/00szint-400x300.png 400w, https:\/\/semmelweis.hu\/ersebeszet\/files\/2020\/11\/00szint-1024x768.png 1024w, https:\/\/semmelweis.hu\/ersebeszet\/files\/2020\/11\/00szint-768x576.png 768w, https:\/\/semmelweis.hu\/ersebeszet\/files\/2020\/11\/00szint-1536x1152.png 1536w, https:\/\/semmelweis.hu\/ersebeszet\/files\/2020\/11\/00szint-2048x1536.png 2048w, https:\/\/semmelweis.hu\/ersebeszet\/files\/2020\/11\/00szint-753x565.png 753w\" sizes=\"auto, (max-width: 400px) 100vw, 400px\" \/><\/a><a href=\"https:\/\/semmelweis.hu\/ersebeszet\/files\/2020\/11\/0szint.jpg\"><img loading=\"lazy\" decoding=\"async\" class=\"alignnone size-medium wp-image-664\" src=\"https:\/\/semmelweis.hu\/ersebeszet\/files\/2020\/11\/0szint-400x300.jpg\" alt=\"\" width=\"400\" height=\"300\" srcset=\"https:\/\/semmelweis.hu\/ersebeszet\/files\/2020\/11\/0szint-400x300.jpg 400w, https:\/\/semmelweis.hu\/ersebeszet\/files\/2020\/11\/0szint-1024x768.jpg 1024w, https:\/\/semmelweis.hu\/ersebeszet\/files\/2020\/11\/0szint-768x576.jpg 768w, https:\/\/semmelweis.hu\/ersebeszet\/files\/2020\/11\/0szint-1536x1152.jpg 1536w, https:\/\/semmelweis.hu\/ersebeszet\/files\/2020\/11\/0szint-2048x1536.jpg 2048w, https:\/\/semmelweis.hu\/ersebeszet\/files\/2020\/11\/0szint-753x565.jpg 753w\" sizes=\"auto, (max-width: 400px) 100vw, 400px\" \/><\/a> <a href=\"https:\/\/semmelweis.hu\/ersebeszet\/files\/2020\/11\/1szint.png\"><img loading=\"lazy\" decoding=\"async\" class=\"alignnone size-medium wp-image-665\" src=\"https:\/\/semmelweis.hu\/ersebeszet\/files\/2020\/11\/1szint-400x300.png\" alt=\"\" width=\"400\" height=\"300\" srcset=\"https:\/\/semmelweis.hu\/ersebeszet\/files\/2020\/11\/1szint-400x300.png 400w, https:\/\/semmelweis.hu\/ersebeszet\/files\/2020\/11\/1szint-1024x768.png 1024w, https:\/\/semmelweis.hu\/ersebeszet\/files\/2020\/11\/1szint-768x576.png 768w, https:\/\/semmelweis.hu\/ersebeszet\/files\/2020\/11\/1szint-1536x1152.png 1536w, https:\/\/semmelweis.hu\/ersebeszet\/files\/2020\/11\/1szint-2048x1536.png 2048w, https:\/\/semmelweis.hu\/ersebeszet\/files\/2020\/11\/1szint-753x565.png 753w\" sizes=\"auto, (max-width: 400px) 100vw, 400px\" \/><\/a> <a href=\"https:\/\/semmelweis.hu\/ersebeszet\/files\/2020\/11\/2szint.png\"><img loading=\"lazy\" decoding=\"async\" class=\"alignnone size-medium wp-image-666\" src=\"https:\/\/semmelweis.hu\/ersebeszet\/files\/2020\/11\/2szint-400x300.png\" alt=\"\" width=\"400\" height=\"300\" srcset=\"https:\/\/semmelweis.hu\/ersebeszet\/files\/2020\/11\/2szint-400x300.png 400w, https:\/\/semmelweis.hu\/ersebeszet\/files\/2020\/11\/2szint-1024x768.png 1024w, https:\/\/semmelweis.hu\/ersebeszet\/files\/2020\/11\/2szint-768x576.png 768w, https:\/\/semmelweis.hu\/ersebeszet\/files\/2020\/11\/2szint-1536x1152.png 1536w, https:\/\/semmelweis.hu\/ersebeszet\/files\/2020\/11\/2szint-2048x1536.png 2048w, https:\/\/semmelweis.hu\/ersebeszet\/files\/2020\/11\/2szint-753x565.png 753w\" sizes=\"auto, (max-width: 400px) 100vw, 400px\" \/><\/a>\u00a0<\/p>\n","protected":false},"excerpt":{"rendered":"<p><a href=\"https:\/\/semmelweis.hu\/ersebeszet\/files\/2020\/11\/00szint.png\"><\/a><a href=\"https:\/\/semmelweis.hu\/ersebeszet\/files\/2020\/11\/0szint.jpg\"><\/a> <a href=\"https:\/\/semmelweis.hu\/ersebeszet\/files\/2020\/11\/1szint.png\"><\/a> <a href=\"https:\/\/semmelweis.hu\/ersebeszet\/files\/2020\/11\/2szint.png\"><\/a>\u00a0<\/p>\n","protected":false},"author":101838,"featured_media":0,"parent":0,"menu_order":0,"comment_status":"closed","ping_status":"closed","template":"","meta":{"_acf_changed":false,"footnotes":""},"categories":[],"tags":[],"class_list":["post-662","page","type-page","status-publish","hentry"],"acf":[],"_links":{"self":[{"href":"https:\/\/semmelweis.hu\/ersebeszet\/wp-json\/wp\/v2\/pages\/662","targetHints":{"allow":["GET"]}}],"collection":[{"href":"https:\/\/semmelweis.hu\/ersebeszet\/wp-json\/wp\/v2\/pages"}],"about":[{"href":"https:\/\/semmelweis.hu\/ersebeszet\/wp-json\/wp\/v2\/types\/page"}],"author":[{"embeddable":true,"href":"https:\/\/semmelweis.hu\/ersebeszet\/wp-json\/wp\/v2\/users\/101838"}],"replies":[{"embeddable":true,"href":"https:\/\/semmelweis.hu\/ersebeszet\/wp-json\/wp\/v2\/comments?post=662"}],"version-history":[{"count":3,"href":"https:\/\/semmelweis.hu\/ersebeszet\/wp-json\/wp\/v2\/pages\/662\/revisions"}],"predecessor-version":[{"id":670,"href":"https:\/\/semmelweis.hu\/ersebeszet\/wp-json\/wp\/v2\/pages\/662\/revisions\/670"}],"wp:attachment":[{"href":"https:\/\/semmelweis.hu\/ersebeszet\/wp-json\/wp\/v2\/media?parent=662"}],"wp:term":[{"taxonomy":"category","embeddable":true,"href":"https:\/\/semmelweis.hu\/ersebeszet\/wp-json\/wp\/v2\/categories?post=662"},{"taxonomy":"post_tag","embeddable":true,"href":"https:\/\/semmelweis.hu\/ersebeszet\/wp-json\/wp\/v2\/tags?post=662"}],"curies":[{"name":"wp","href":"https:\/\/api.w.org\/{rel}","templated":true}]}}