{"id":6,"date":"2012-01-19T16:03:47","date_gmt":"2012-01-19T15:03:47","guid":{"rendered":"http:\/\/semmelweis-egyetem.hu\/ersebeszet\/?page_id=6"},"modified":"2020-11-12T12:50:38","modified_gmt":"2020-11-12T11:50:38","slug":"a-tanszek-tortenete","status":"publish","type":"page","link":"https:\/\/semmelweis.hu\/ersebeszet\/magunkrol\/a-tanszek-tortenete\/","title":{"rendered":"A tansz\u00e9k t\u00f6rt\u00e9nete"},"content":{"rendered":"<p style=\"text-align: justify\">Az 1951-ben \u2013 a kor\u00e1bbi J\u00e1nos Szanat\u00f3riumb\u00f3l \u2013 Seb\u00e9sztov\u00e1bbk\u00e9pz\u0151 Klinikak\u00e9nt alap\u00edtott int\u00e9zetben, a k\u00e9s\u0151bbi \u00c9r- \u00e9s Sz\u00edvseb\u00e9szeti, ma V\u00e1rosmajori Sz\u00edv- \u00e9s \u00c9rgy\u00f3gy\u00e1szati Klinik\u00e1n 1953-t\u00f3l van jelen az \u00e9rseb\u00e9szet. A korszer\u0171 \u00e9rseb\u00e9szeti m\u0171t\u00e9tek szinte valamennyi fajt\u00e1j\u00e1t Magyarorsz\u00e1gon itt v\u00e9gezt\u00e9k el\u0151sz\u00f6r. A Semmelweis Egyetem szervezeti \u00e1talak\u00edt\u00e1sai folyt\u00e1n az \u00e9rseb\u00e9szeti profil egy ideig k\u00fcl\u00f6n egys\u00e9gekben folytatta tev\u00e9kenys\u00e9g\u00e9t, de 2012. j\u00fanius 1-j\u00e9t\u0151l ism\u00e9t a V\u00e1rosmajori Sz\u00edv- \u00e9s \u00c9rgy\u00f3gy\u00e1szati Klinika szerves r\u00e9szek\u00e9nt v\u00e9gzi a betegek gy\u00f3gy\u00edt\u00e1s\u00e1t \u00e9s az orvosk\u00e9pz\u00e9st. Az \u00c9rseb\u00e9szeti, majd k\u00e9s\u0151bb \u00c9rseb\u00e9szeti \u00e9s Endovaszkul\u00e1ris Tansz\u00e9k vezet\u0151je 2012\u20132016 k\u00f6z\u00f6tt Dr. Entz L\u00e1szl\u00f3 egyetemi tan\u00e1r volt. 2016. j\u00falius 1-t\u0151l Dr. S\u00f3tonyi P\u00e9ter egyetemi tan\u00e1r vette \u00e1t a tansz\u00e9k ir\u00e1ny\u00edt\u00e1s\u00e1t. Az \u00e9rseb\u00e9szeti profilt 2016 \u00f3ta dr. Szeberin Zolt\u00e1n egyetemi docens vezeti. A tansz\u00e9khez kapcsol\u00f3dik az Angiol\u00f3giai Tansz\u00e9ki Csoport, mely a vaszkul\u00e1ris medicin\u00e1n bel\u00fcl az \u00e9rbelgy\u00f3gy\u00e1szati k\u00e9rd\u00e9sekkel foglalkozik. A komplex \u00e9rgy\u00f3gy\u00e1szatot a Klinika leg\u00fajabb tansz\u00e9k\u00e9vel, az Intervenci\u00f3s Radiol\u00f3giai Tansz\u00e9kkel egy\u00fcttm\u0171k\u00f6dve val\u00f3s\u00edtjuk meg. A \u00e9rgy\u00f3gy\u00e1szati profilok komplex kardiovaszkul\u00e1ris k\u00e9palkot\u00e1s\u00e1t (UH, MR, CT, DSA) a klinika radiol\u00f3giai oszt\u00e1lya biztos\u00edtja.<\/p>\n","protected":false},"excerpt":{"rendered":"<p>Az 1951-ben \u2013 a kor\u00e1bbi J\u00e1nos Szanat\u00f3riumb\u00f3l \u2013 Seb\u00e9sztov\u00e1bbk\u00e9pz\u0151 Klinikak\u00e9nt alap\u00edtott int\u00e9zetben, a k\u00e9s\u0151bbi \u00c9r- \u00e9s Sz\u00edvseb\u00e9szeti, ma V\u00e1rosmajori Sz\u00edv- \u00e9s \u00c9rgy\u00f3gy\u00e1szati Klinik\u00e1n 1953-t\u00f3l van jelen az \u00e9rseb\u00e9szet. A korszer\u0171 \u00e9rseb\u00e9szeti m\u0171t\u00e9tek szinte valamennyi fajt\u00e1j\u00e1t Magyarorsz\u00e1gon itt v\u00e9gezt\u00e9k el\u0151sz\u00f6r. A Semmelweis Egyetem szervezeti \u00e1talak\u00edt\u00e1sai folyt\u00e1n az \u00e9rseb\u00e9szeti profil egy ideig k\u00fcl\u00f6n egys\u00e9gekben folytatta tev\u00e9kenys\u00e9g\u00e9t, de &hellip;<\/p>\n","protected":false},"author":191,"featured_media":0,"parent":246,"menu_order":1,"comment_status":"closed","ping_status":"closed","template":"","meta":{"_acf_changed":false,"footnotes":""},"categories":[],"tags":[],"class_list":["post-6","page","type-page","status-publish","hentry"],"acf":[],"_links":{"self":[{"href":"https:\/\/semmelweis.hu\/ersebeszet\/wp-json\/wp\/v2\/pages\/6","targetHints":{"allow":["GET"]}}],"collection":[{"href":"https:\/\/semmelweis.hu\/ersebeszet\/wp-json\/wp\/v2\/pages"}],"about":[{"href":"https:\/\/semmelweis.hu\/ersebeszet\/wp-json\/wp\/v2\/types\/page"}],"author":[{"embeddable":true,"href":"https:\/\/semmelweis.hu\/ersebeszet\/wp-json\/wp\/v2\/users\/191"}],"replies":[{"embeddable":true,"href":"https:\/\/semmelweis.hu\/ersebeszet\/wp-json\/wp\/v2\/comments?post=6"}],"version-history":[{"count":10,"href":"https:\/\/semmelweis.hu\/ersebeszet\/wp-json\/wp\/v2\/pages\/6\/revisions"}],"predecessor-version":[{"id":565,"href":"https:\/\/semmelweis.hu\/ersebeszet\/wp-json\/wp\/v2\/pages\/6\/revisions\/565"}],"up":[{"embeddable":true,"href":"https:\/\/semmelweis.hu\/ersebeszet\/wp-json\/wp\/v2\/pages\/246"}],"wp:attachment":[{"href":"https:\/\/semmelweis.hu\/ersebeszet\/wp-json\/wp\/v2\/media?parent=6"}],"wp:term":[{"taxonomy":"category","embeddable":true,"href":"https:\/\/semmelweis.hu\/ersebeszet\/wp-json\/wp\/v2\/categories?post=6"},{"taxonomy":"post_tag","embeddable":true,"href":"https:\/\/semmelweis.hu\/ersebeszet\/wp-json\/wp\/v2\/tags?post=6"}],"curies":[{"name":"wp","href":"https:\/\/api.w.org\/{rel}","templated":true}]}}