{"id":524,"date":"2020-10-31T13:54:02","date_gmt":"2020-10-31T12:54:02","guid":{"rendered":"https:\/\/semmelweis.hu\/ersebeszet\/?page_id=524"},"modified":"2024-06-14T14:36:36","modified_gmt":"2024-06-14T12:36:36","slug":"palyazatok-projektek","status":"publish","type":"page","link":"https:\/\/semmelweis.hu\/ersebeszet\/kutatasi-teruletek\/palyazatok-projektek\/","title":{"rendered":"P\u00e1ly\u00e1zatok, projektek"},"content":{"rendered":"<p><strong>NKFI PD-146299<\/strong><br \/>\n2024.01.01.-2026.12.31. <br \/>\n26.477.000 Ft <br \/>\nt\u00e9mavezet\u0151: Dr. Mih\u00e1ly Zsuzsanna<\/p>\n<p><strong>\u00c9GHAJLATV\u00c1LTOZ\u00c1S MULTIDISZCIPLIN\u00c1RIS NEMZETI LABORAT\u00d3RIUM (RRF-2.3.1-21-2022-00014)<\/strong><br \/>\n2020.09.01.-2026.02.28.<br \/>\n199.974.400 Ft<br \/>\nt\u00e9mavezet\u0151: Dr. S\u00f3tonyi P\u00e9ter<br \/>\nkonzorciumvezet\u0151: Pannon Egyetem<\/p>\n<p><strong>KOOPERAT\u00cdV DOKTORI PROGRAM (KDP 2020)<\/strong><br \/>\n2020.09.01.-2024.08.31.<br \/>\nt\u00e9mavezet\u0151: Dr. S\u00f3tonyi P\u00e9ter<br \/>\nv\u00e1llalati t\u00e9mavezet\u0151: dr. Szigeti Kriszti\u00e1n (Kinepict Health Kft.)<br \/>\nPhD hallgat\u00f3: dr. G\u00f3g Istv\u00e1n<\/p>\n<p><strong>NKFI K-129277<\/strong> <br \/>\n2018.09.01.-2023.08.31. <br \/>\n28.728.000 Ft <br \/>\nt\u00e9mavezet\u0151: Dr. S\u00f3tonyi P\u00e9ter<\/p>\n<p><strong>EFOP-3.6.3-VEKOP-16-2017-00009<\/strong> (Kieg\u00e9sz\u00edt\u0151 Kutat\u00e1si Kiv\u00e1l\u00f3s\u00e1gi \u00d6szt\u00f6nd\u00edj)\u00a0 <br \/>\n2017.05.01-2021.11.30.<br \/>\nt\u00e9mavezet\u0151: dr. Hidi L\u00e1szl\u00f3<\/p>\n<p><strong>EFOP-3.6.3-VEKOP-16-2017-00009<\/strong> (Kieg\u00e9sz\u00edt\u0151 Kutat\u00e1si Kiv\u00e1l\u00f3s\u00e1gi \u00d6szt\u00f6nd\u00edj)\u00a0 <br \/>\n2017.05.01-2021.11.30.<br \/>\nt\u00e9mavezet\u0151: dr. Berczeli M\u00e1rton<\/p>\n<p><strong>36774-3\/AOADH\/2016<\/strong> (Oktat\u00e1sfejleszt\u00e9si p\u00e1ly\u00e1zat)<br \/>\n2016<br \/>\n40.000.000 Ft<br \/>\nt\u00e9mavezet\u0151: Dr. Merkely B\u00e9la, Dr. S\u00f3tonyi P\u00e9ter, Dr. Horkay Ferenc<\/p>\n","protected":false},"excerpt":{"rendered":"<p>NKFI PD-146299 2024.01.01.-2026.12.31. 26.477.000 Ft t\u00e9mavezet\u0151: Dr. Mih\u00e1ly Zsuzsanna \u00c9GHAJLATV\u00c1LTOZ\u00c1S MULTIDISZCIPLIN\u00c1RIS NEMZETI LABORAT\u00d3RIUM (RRF-2.3.1-21-2022-00014) 2020.09.01.-2026.02.28. 199.974.400 Ft t\u00e9mavezet\u0151: Dr. S\u00f3tonyi P\u00e9ter konzorciumvezet\u0151: Pannon Egyetem KOOPERAT\u00cdV DOKTORI PROGRAM (KDP 2020) 2020.09.01.-2024.08.31. t\u00e9mavezet\u0151: Dr. S\u00f3tonyi P\u00e9ter v\u00e1llalati t\u00e9mavezet\u0151: dr. Szigeti Kriszti\u00e1n (Kinepict Health Kft.) PhD hallgat\u00f3: dr. G\u00f3g Istv\u00e1n NKFI K-129277 2018.09.01.-2023.08.31. 28.728.000 Ft t\u00e9mavezet\u0151: Dr. S\u00f3tonyi &hellip;<\/p>\n","protected":false},"author":101525,"featured_media":0,"parent":8,"menu_order":0,"comment_status":"closed","ping_status":"closed","template":"","meta":{"_acf_changed":false,"footnotes":""},"categories":[],"tags":[],"class_list":["post-524","page","type-page","status-publish","hentry"],"acf":[],"_links":{"self":[{"href":"https:\/\/semmelweis.hu\/ersebeszet\/wp-json\/wp\/v2\/pages\/524","targetHints":{"allow":["GET"]}}],"collection":[{"href":"https:\/\/semmelweis.hu\/ersebeszet\/wp-json\/wp\/v2\/pages"}],"about":[{"href":"https:\/\/semmelweis.hu\/ersebeszet\/wp-json\/wp\/v2\/types\/page"}],"author":[{"embeddable":true,"href":"https:\/\/semmelweis.hu\/ersebeszet\/wp-json\/wp\/v2\/users\/101525"}],"replies":[{"embeddable":true,"href":"https:\/\/semmelweis.hu\/ersebeszet\/wp-json\/wp\/v2\/comments?post=524"}],"version-history":[{"count":8,"href":"https:\/\/semmelweis.hu\/ersebeszet\/wp-json\/wp\/v2\/pages\/524\/revisions"}],"predecessor-version":[{"id":998,"href":"https:\/\/semmelweis.hu\/ersebeszet\/wp-json\/wp\/v2\/pages\/524\/revisions\/998"}],"up":[{"embeddable":true,"href":"https:\/\/semmelweis.hu\/ersebeszet\/wp-json\/wp\/v2\/pages\/8"}],"wp:attachment":[{"href":"https:\/\/semmelweis.hu\/ersebeszet\/wp-json\/wp\/v2\/media?parent=524"}],"wp:term":[{"taxonomy":"category","embeddable":true,"href":"https:\/\/semmelweis.hu\/ersebeszet\/wp-json\/wp\/v2\/categories?post=524"},{"taxonomy":"post_tag","embeddable":true,"href":"https:\/\/semmelweis.hu\/ersebeszet\/wp-json\/wp\/v2\/tags?post=524"}],"curies":[{"name":"wp","href":"https:\/\/api.w.org\/{rel}","templated":true}]}}