{"id":519,"date":"2020-10-31T13:48:30","date_gmt":"2020-10-31T12:48:30","guid":{"rendered":"https:\/\/semmelweis.hu\/ersebeszet\/?page_id=519"},"modified":"2020-11-13T13:19:02","modified_gmt":"2020-11-13T12:19:02","slug":"egeszsegugyi-mernok-kepzes","status":"publish","type":"page","link":"https:\/\/semmelweis.hu\/ersebeszet\/oktatas\/egeszsegugyi-mernok-kepzes\/","title":{"rendered":"Eg\u00e9szs\u00e9g\u00fcgyim\u00e9rn\u00f6k-k\u00e9pz\u00e9s"},"content":{"rendered":"<p style=\"text-align: justify\">1996 \u00f3ta a Budapesti M\u0171szaki \u00e9s Gazdas\u00e1gtudom\u00e1nyi Egyetemmel k\u00f6z\u00f6sen MSc k\u00e9pz\u00e9s keret\u00e9n bel\u00fcl az eg\u00e9szs\u00e9g\u00fcgyim\u00e9rn\u00f6k-k\u00e9pz\u00e9sben is r\u00e9szt vesz\u00fcnk. A \u201eKlinikai m\u0171szeres diagnosztika \u00e9s ter\u00e1pia\u201d c\u00edm\u0171, vizsg\u00e1val z\u00e1rul\u00f3 tant\u00e1rgyat egy szemeszteren kereszt\u00fcl oktatjuk. A tant\u00e1rgyfelel\u0151s a k\u00e9pz\u00e9s z\u00e1r\u00f3vizsg\u00e1j\u00e1n eln\u00f6ki feladatokat l\u00e1t el. A \u201eKlinikai m\u0171szeres diagnosztika \u00e9s ter\u00e1pia\u201d c. tant\u00e1rgy tematik\u00e1ja <a href=\"https:\/\/semmelweis.hu\/ersebeszet\/files\/2019\/11\/TEMATIKA.pdf\" target=\"_blank\" rel=\"noopener noreferrer\"><span style=\"text-decoration: underline\">itt \u00e9rhet\u0151 el<\/span><\/a>.<\/p>\n","protected":false},"excerpt":{"rendered":"<p>1996 \u00f3ta a Budapesti M\u0171szaki \u00e9s Gazdas\u00e1gtudom\u00e1nyi Egyetemmel k\u00f6z\u00f6sen MSc k\u00e9pz\u00e9s keret\u00e9n bel\u00fcl az eg\u00e9szs\u00e9g\u00fcgyim\u00e9rn\u00f6k-k\u00e9pz\u00e9sben is r\u00e9szt vesz\u00fcnk. A \u201eKlinikai m\u0171szeres diagnosztika \u00e9s ter\u00e1pia\u201d c\u00edm\u0171, vizsg\u00e1val z\u00e1rul\u00f3 tant\u00e1rgyat egy szemeszteren kereszt\u00fcl oktatjuk. A tant\u00e1rgyfelel\u0151s a k\u00e9pz\u00e9s z\u00e1r\u00f3vizsg\u00e1j\u00e1n eln\u00f6ki feladatokat l\u00e1t el. A \u201eKlinikai m\u0171szeres diagnosztika \u00e9s ter\u00e1pia\u201d c. tant\u00e1rgy tematik\u00e1ja <a href=\"https:\/\/semmelweis.hu\/ersebeszet\/files\/2019\/11\/TEMATIKA.pdf\" target=\"_blank\" rel=\"noopener noreferrer\">itt \u00e9rhet\u0151 el<\/a>.<\/p>\n","protected":false},"author":101525,"featured_media":0,"parent":41,"menu_order":14,"comment_status":"closed","ping_status":"closed","template":"","meta":{"_acf_changed":false,"footnotes":""},"categories":[],"tags":[],"class_list":["post-519","page","type-page","status-publish","hentry"],"acf":[],"_links":{"self":[{"href":"https:\/\/semmelweis.hu\/ersebeszet\/wp-json\/wp\/v2\/pages\/519","targetHints":{"allow":["GET"]}}],"collection":[{"href":"https:\/\/semmelweis.hu\/ersebeszet\/wp-json\/wp\/v2\/pages"}],"about":[{"href":"https:\/\/semmelweis.hu\/ersebeszet\/wp-json\/wp\/v2\/types\/page"}],"author":[{"embeddable":true,"href":"https:\/\/semmelweis.hu\/ersebeszet\/wp-json\/wp\/v2\/users\/101525"}],"replies":[{"embeddable":true,"href":"https:\/\/semmelweis.hu\/ersebeszet\/wp-json\/wp\/v2\/comments?post=519"}],"version-history":[{"count":9,"href":"https:\/\/semmelweis.hu\/ersebeszet\/wp-json\/wp\/v2\/pages\/519\/revisions"}],"predecessor-version":[{"id":616,"href":"https:\/\/semmelweis.hu\/ersebeszet\/wp-json\/wp\/v2\/pages\/519\/revisions\/616"}],"up":[{"embeddable":true,"href":"https:\/\/semmelweis.hu\/ersebeszet\/wp-json\/wp\/v2\/pages\/41"}],"wp:attachment":[{"href":"https:\/\/semmelweis.hu\/ersebeszet\/wp-json\/wp\/v2\/media?parent=519"}],"wp:term":[{"taxonomy":"category","embeddable":true,"href":"https:\/\/semmelweis.hu\/ersebeszet\/wp-json\/wp\/v2\/categories?post=519"},{"taxonomy":"post_tag","embeddable":true,"href":"https:\/\/semmelweis.hu\/ersebeszet\/wp-json\/wp\/v2\/tags?post=519"}],"curies":[{"name":"wp","href":"https:\/\/api.w.org\/{rel}","templated":true}]}}