{"id":497,"date":"2020-10-31T13:00:54","date_gmt":"2020-10-31T12:00:54","guid":{"rendered":"https:\/\/semmelweis.hu\/ersebeszet\/?page_id=497"},"modified":"2020-11-13T13:43:32","modified_gmt":"2020-11-13T12:43:32","slug":"hirek-aktualis-informaciok","status":"publish","type":"page","link":"https:\/\/semmelweis.hu\/ersebeszet\/oktatas\/hirek-aktualis-informaciok\/","title":{"rendered":"H\u00edrek, aktu\u00e1lis inform\u00e1ci\u00f3k"},"content":{"rendered":"<p style=\"text-align: justify\">Kedves Hallgat\u00f3k!<\/p>\n<p style=\"text-align: justify\">A jelenlegi j\u00e1rv\u00e1ny\u00fcgyi helyzetre tekintettel <strong>2020. november 11. napj\u00e1t\u00f3l <\/strong>az el\u0151ad\u00e1sok online form\u00e1ban, a gyakorlati oktat\u00e1s karonk\u00e9nt, \u00e9s azon bel\u00fcl \u00e9vfolyamonk\u00e9nt elt\u00e9r\u0151 &#8211; szem\u00e9lyes jelenl\u00e9ttel vagy online &#8211; m\u00f3don ker\u00fclnek megtart\u00e1sra. Az err\u0151l sz\u00f3l\u00f3 rektori t\u00e1j\u00e9koztat\u00f3 <span style=\"text-decoration: underline\"><a href=\"https:\/\/semmelweis.hu\/ersebeszet\/files\/2020\/11\/Rektori-lev\u00e9l_online-okt_nov11.pdf\" target=\"_blank\" rel=\"noopener noreferrer\">ITT olvashat\u00f3<\/a><\/span>.<\/p>\n<p><strong><span style=\"color: #993366\">Az \u00e9rseb\u00e9szet gyakorlaton a szem\u00e9lyes jelenl\u00e9t k\u00f6telez\u0151.<\/span><\/strong><\/p>\n","protected":false},"excerpt":{"rendered":"<p>Kedves Hallgat\u00f3k!<br \/>\nA jelenlegi j\u00e1rv\u00e1ny\u00fcgyi helyzetre tekintettel 2020. november 11. napj\u00e1t\u00f3l az el\u0151ad\u00e1sok online form\u00e1ban, a gyakorlati oktat\u00e1s karonk\u00e9nt, \u00e9s azon bel\u00fcl \u00e9vfolyamonk\u00e9nt elt\u00e9r\u0151 &#8211; szem\u00e9lyes jelenl\u00e9ttel vagy online &#8211; m\u00f3don ker\u00fclnek megtart\u00e1sra. Az err\u0151l sz\u00f3l\u00f3 rektori t\u00e1j\u00e9koztat\u00f3 <a href=\"https:\/\/semmelweis.hu\/ersebeszet\/files\/2020\/11\/Rektori-lev\u00e9l_online-okt_nov11.pdf\" target=\"_blank\" rel=\"noopener noreferrer\">ITT olvashat\u00f3<\/a>.<br \/>\nAz \u00e9rseb\u00e9szet gyakorlaton a szem\u00e9lyes jelenl\u00e9t k\u00f6telez\u0151.<\/p>\n","protected":false},"author":101525,"featured_media":0,"parent":41,"menu_order":1,"comment_status":"closed","ping_status":"closed","template":"","meta":{"_acf_changed":false,"footnotes":""},"categories":[],"tags":[],"class_list":["post-497","page","type-page","status-publish","hentry"],"acf":[],"_links":{"self":[{"href":"https:\/\/semmelweis.hu\/ersebeszet\/wp-json\/wp\/v2\/pages\/497","targetHints":{"allow":["GET"]}}],"collection":[{"href":"https:\/\/semmelweis.hu\/ersebeszet\/wp-json\/wp\/v2\/pages"}],"about":[{"href":"https:\/\/semmelweis.hu\/ersebeszet\/wp-json\/wp\/v2\/types\/page"}],"author":[{"embeddable":true,"href":"https:\/\/semmelweis.hu\/ersebeszet\/wp-json\/wp\/v2\/users\/101525"}],"replies":[{"embeddable":true,"href":"https:\/\/semmelweis.hu\/ersebeszet\/wp-json\/wp\/v2\/comments?post=497"}],"version-history":[{"count":10,"href":"https:\/\/semmelweis.hu\/ersebeszet\/wp-json\/wp\/v2\/pages\/497\/revisions"}],"predecessor-version":[{"id":617,"href":"https:\/\/semmelweis.hu\/ersebeszet\/wp-json\/wp\/v2\/pages\/497\/revisions\/617"}],"up":[{"embeddable":true,"href":"https:\/\/semmelweis.hu\/ersebeszet\/wp-json\/wp\/v2\/pages\/41"}],"wp:attachment":[{"href":"https:\/\/semmelweis.hu\/ersebeszet\/wp-json\/wp\/v2\/media?parent=497"}],"wp:term":[{"taxonomy":"category","embeddable":true,"href":"https:\/\/semmelweis.hu\/ersebeszet\/wp-json\/wp\/v2\/categories?post=497"},{"taxonomy":"post_tag","embeddable":true,"href":"https:\/\/semmelweis.hu\/ersebeszet\/wp-json\/wp\/v2\/tags?post=497"}],"curies":[{"name":"wp","href":"https:\/\/api.w.org\/{rel}","templated":true}]}}