{"id":474,"date":"2020-10-24T14:53:53","date_gmt":"2020-10-24T12:53:53","guid":{"rendered":"https:\/\/semmelweis.hu\/ersebeszet\/?page_id=474"},"modified":"2020-11-06T10:19:50","modified_gmt":"2020-11-06T09:19:50","slug":"fontos-linkek","status":"publish","type":"page","link":"https:\/\/semmelweis.hu\/ersebeszet\/magunkrol\/fontos-linkek\/","title":{"rendered":"Fontos linkek"},"content":{"rendered":"<p><a href=\"https:\/\/semmelweis.hu\/jogigfoig\/dokumentumtar\/szabalyzattar\/tuzvedelmi- szabalyzat\/\">T\u0171zv\u00e9delmi szab\u00e1lyzat<\/a><br \/>\n<a href=\"https:\/\/semmelweis.hu\/jogigfoig\/dokumentumtar\/szabalyzattar\/munkavedelmi- szabalyzat\/\"> Munkav\u00e9delmi szab\u00e1lyzat<\/a><br \/>\n<a href=\"https:\/\/semmelweis.hu\/aok\/a-karrol\/dekani-hivatal\/\">\u00c1OK D\u00e9k\u00e1ni Hivatal<\/a>\u00a0<br \/>\n<a href=\"https:\/\/semmelweis.hu\/szak-es-tovabbkepzes\/\">SZTOK<\/a>\u00a0<br \/>\n<a href=\"https:\/\/semmelweis.hu\/telefonkonyv\/\">SE Telefonk\u00f6nyv<\/a>\u00a0<\/p>\n","protected":false},"excerpt":{"rendered":"<p><a href=\"https:\/\/semmelweis.hu\/jogigfoig\/dokumentumtar\/szabalyzattar\/tuzvedelmi- szabalyzat\/\">T\u0171zv\u00e9delmi szab\u00e1lyzat<\/a><br \/>\n<a href=\"https:\/\/semmelweis.hu\/jogigfoig\/dokumentumtar\/szabalyzattar\/munkavedelmi- szabalyzat\/\"> Munkav\u00e9delmi szab\u00e1lyzat<\/a><br \/>\n<a href=\"https:\/\/semmelweis.hu\/aok\/a-karrol\/dekani-hivatal\/\">\u00c1OK D\u00e9k\u00e1ni Hivatal<\/a>\u00a0<br \/>\n<a href=\"https:\/\/semmelweis.hu\/szak-es-tovabbkepzes\/\">SZTOK<\/a>\u00a0<br \/>\n<a href=\"https:\/\/semmelweis.hu\/telefonkonyv\/\">SE Telefonk\u00f6nyv<\/a>\u00a0<\/p>\n","protected":false},"author":101525,"featured_media":0,"parent":246,"menu_order":7,"comment_status":"closed","ping_status":"closed","template":"","meta":{"_acf_changed":false,"footnotes":""},"categories":[],"tags":[],"class_list":["post-474","page","type-page","status-publish","hentry"],"acf":[],"_links":{"self":[{"href":"https:\/\/semmelweis.hu\/ersebeszet\/wp-json\/wp\/v2\/pages\/474","targetHints":{"allow":["GET"]}}],"collection":[{"href":"https:\/\/semmelweis.hu\/ersebeszet\/wp-json\/wp\/v2\/pages"}],"about":[{"href":"https:\/\/semmelweis.hu\/ersebeszet\/wp-json\/wp\/v2\/types\/page"}],"author":[{"embeddable":true,"href":"https:\/\/semmelweis.hu\/ersebeszet\/wp-json\/wp\/v2\/users\/101525"}],"replies":[{"embeddable":true,"href":"https:\/\/semmelweis.hu\/ersebeszet\/wp-json\/wp\/v2\/comments?post=474"}],"version-history":[{"count":1,"href":"https:\/\/semmelweis.hu\/ersebeszet\/wp-json\/wp\/v2\/pages\/474\/revisions"}],"predecessor-version":[{"id":475,"href":"https:\/\/semmelweis.hu\/ersebeszet\/wp-json\/wp\/v2\/pages\/474\/revisions\/475"}],"up":[{"embeddable":true,"href":"https:\/\/semmelweis.hu\/ersebeszet\/wp-json\/wp\/v2\/pages\/246"}],"wp:attachment":[{"href":"https:\/\/semmelweis.hu\/ersebeszet\/wp-json\/wp\/v2\/media?parent=474"}],"wp:term":[{"taxonomy":"category","embeddable":true,"href":"https:\/\/semmelweis.hu\/ersebeszet\/wp-json\/wp\/v2\/categories?post=474"},{"taxonomy":"post_tag","embeddable":true,"href":"https:\/\/semmelweis.hu\/ersebeszet\/wp-json\/wp\/v2\/tags?post=474"}],"curies":[{"name":"wp","href":"https:\/\/api.w.org\/{rel}","templated":true}]}}