{"id":469,"date":"2020-10-24T14:45:35","date_gmt":"2020-10-24T12:45:35","guid":{"rendered":"https:\/\/semmelweis.hu\/ersebeszet\/?page_id=469"},"modified":"2020-11-12T13:27:30","modified_gmt":"2020-11-12T12:27:30","slug":"angiologiai-tanszeki-csoport","status":"publish","type":"page","link":"https:\/\/semmelweis.hu\/ersebeszet\/magunkrol\/angiologiai-tanszeki-csoport\/","title":{"rendered":"Angiol\u00f3giai Tansz\u00e9ki Csoport"},"content":{"rendered":"<table style=\"width: 100%;border-collapse: collapse;border-style: hidden\">\n<tbody>\n<tr>\n<td style=\"width: 22.3378%;border-style: hidden;vertical-align: top\">VEZET\u0150:<\/td>\n<td style=\"width: 77.6622%;border-style: hidden;vertical-align: top\">Dr. J\u00e1rai Zolt\u00e1n c. egyetemi tan\u00e1r<\/td>\n<\/tr>\n<tr>\n<td style=\"width: 22.3378%;border-style: hidden;vertical-align: top\">TITK\u00c1RS\u00c1G:<\/td>\n<td style=\"width: 77.6622%;border-style: hidden;vertical-align: top\">1122 Budapest V\u00e1rosmajor u. 68.<\/td>\n<\/tr>\n<tr>\n<td style=\"width: 22.3378%;border-style: hidden;vertical-align: top\">\u00a0<\/td>\n<td style=\"width: 77.6622%;border-style: hidden;vertical-align: top\">+36 20 666 3227 vagy: +36 1 458 6795<\/td>\n<\/tr>\n<tr>\n<td style=\"width: 22.3378%;border-style: hidden;vertical-align: top\">\u00a0<\/td>\n<td style=\"width: 77.6622%;border-style: hidden;vertical-align: top\">titkarsag.angiologia@semmelweis-univ.hu<\/td>\n<\/tr>\n<\/tbody>\n<\/table>\n<p style=\"text-align: justify\">A korszer\u0171 \u00e9s hat\u00e9kony \u00e9rbetegell\u00e1t\u00e1s alapja h\u00e1rom orvosi tudom\u00e1ny\u00e1g: a belgy\u00f3gy\u00e1szati angiol\u00f3gia, az \u00e9rseb\u00e9szet \u00e9s az intervenci\u00f3s radiol\u00f3gia diagnosztikus \u00e9s ter\u00e1pi\u00e1s elj\u00e1r\u00e1sainak egy\u00fcttes, egym\u00e1st kieg\u00e9sz\u00edt\u0151 alkalmaz\u00e1sa. Orvosszakmai szempontb\u00f3l ugyanis nem k\u00e9ts\u00e9ges, hogy e h\u00e1rom szakma egy\u00fcttese \u00fan. Vascularis Centrumok l\u00e9trehoz\u00e1sa r\u00e9v\u00e9n k\u00e9pes az \u00e9rbetegek komplex ell\u00e1t\u00e1s\u00e1t a leghat\u00e9konyabban v\u00e9gezni.<\/p>\n<p style=\"text-align: justify\">A belgy\u00f3gy\u00e1szati angiol\u00f3gia 2013 \u00f3ta belgy\u00f3gy\u00e1szatra \u00e9p\u00edthet\u0151 szakk\u00e9pes\u00edt\u00e9s, az \u00e9rseb\u00e9szet 2012 \u00f3ta alapszakvizsga, m\u00edg az intervenci\u00f3s radiol\u00f3gia licenc k\u00e9pes\u00edt\u00e9shez k\u00f6t\u00f6tt. A Kari Tan\u00e1cs 2016. m\u00e1jus 10-i hat\u00e1rozat\u00e1val hozta l\u00e9tre az \u00c9rseb\u00e9szeti \u00e9s Endovaszkul\u00e1ris Tansz\u00e9khez rendelt Angiol\u00f3giai Tansz\u00e9ki Csoportot azzal a nem titkolt sz\u00e1nd\u00e9kkal, hogy megszervezze a Semmelweis Egyetemen a komplex, nemzetk\u00f6zi szakmai strukt\u00far\u00e1t k\u00f6vet\u0151 \u00e9rgy\u00f3gy\u00e1szati oktat\u00e1st. A Tansz\u00e9ki Csoport \u00e9s az \u00c9rseb\u00e9szeti \u00e9s Endovaszkul\u00e1ris Tansz\u00e9k munkat\u00e1rsai egyr\u00e9szt r\u00e9szt vesznek a IV. \u00e9vfolyamos hallgat\u00f3k \u201eKardiol\u00f3gia-angiol\u00f3gia\u201d k\u00f6telez\u0151 t\u00e1rgy elm\u00e9leti \u00e9s gyakorlati oktat\u00e1s\u00e1ban, m\u00e1sr\u00e9szt \u00f6ssze\u00e1ll\u00edtott\u00e1k a IV. \u00e9s V. \u00e9vfolyamos hallgat\u00f3k sz\u00e1m\u00e1ra k\u00f6telez\u0151en v\u00e1laszthat\u00f3 t\u00e1rgy, a Vascularis Medicina curriculum\u00e1t, amelyet 2017 \u00f3ta minden \u00e9vben meghirdetnek. A tant\u00e1rgy angiol\u00f3giai r\u00e9sz\u00e9nek oktat\u00e1s\u00e1t a tansz\u00e9ki csoport munkat\u00e1rsai, az \u00e9rseb\u00e9szeti \u00e9s intervenci\u00f3s radiol\u00f3giai r\u00e9sz\u00e9t pedig az \u00c9rseb\u00e9szeti \u00e9s Endovaszkul\u00e1ris Tansz\u00e9k \u00e9s az Intervenci\u00f3s Radiol\u00f3giai Tansz\u00e9k munkat\u00e1rsai v\u00e9gzik.<\/p>\n","protected":false},"excerpt":{"rendered":"<p>VEZET\u0150: Dr. J\u00e1rai Zolt\u00e1n c. egyetemi tan\u00e1r TITK\u00c1RS\u00c1G: 1122 Budapest V\u00e1rosmajor u. 68. \u00a0 +36 20 666 3227 vagy: +36 1 458 6795 \u00a0 titkarsag.angiologia@semmelweis-univ.hu A korszer\u0171 \u00e9s hat\u00e9kony \u00e9rbetegell\u00e1t\u00e1s alapja h\u00e1rom orvosi tudom\u00e1ny\u00e1g: a belgy\u00f3gy\u00e1szati angiol\u00f3gia, az \u00e9rseb\u00e9szet \u00e9s az intervenci\u00f3s radiol\u00f3gia diagnosztikus \u00e9s ter\u00e1pi\u00e1s elj\u00e1r\u00e1sainak egy\u00fcttes, egym\u00e1st kieg\u00e9sz\u00edt\u0151 alkalmaz\u00e1sa. Orvosszakmai szempontb\u00f3l ugyanis nem &hellip;<\/p>\n","protected":false},"author":101525,"featured_media":0,"parent":246,"menu_order":4,"comment_status":"closed","ping_status":"closed","template":"","meta":{"_acf_changed":false,"footnotes":""},"categories":[],"tags":[],"class_list":["post-469","page","type-page","status-publish","hentry"],"acf":[],"_links":{"self":[{"href":"https:\/\/semmelweis.hu\/ersebeszet\/wp-json\/wp\/v2\/pages\/469","targetHints":{"allow":["GET"]}}],"collection":[{"href":"https:\/\/semmelweis.hu\/ersebeszet\/wp-json\/wp\/v2\/pages"}],"about":[{"href":"https:\/\/semmelweis.hu\/ersebeszet\/wp-json\/wp\/v2\/types\/page"}],"author":[{"embeddable":true,"href":"https:\/\/semmelweis.hu\/ersebeszet\/wp-json\/wp\/v2\/users\/101525"}],"replies":[{"embeddable":true,"href":"https:\/\/semmelweis.hu\/ersebeszet\/wp-json\/wp\/v2\/comments?post=469"}],"version-history":[{"count":7,"href":"https:\/\/semmelweis.hu\/ersebeszet\/wp-json\/wp\/v2\/pages\/469\/revisions"}],"predecessor-version":[{"id":585,"href":"https:\/\/semmelweis.hu\/ersebeszet\/wp-json\/wp\/v2\/pages\/469\/revisions\/585"}],"up":[{"embeddable":true,"href":"https:\/\/semmelweis.hu\/ersebeszet\/wp-json\/wp\/v2\/pages\/246"}],"wp:attachment":[{"href":"https:\/\/semmelweis.hu\/ersebeszet\/wp-json\/wp\/v2\/media?parent=469"}],"wp:term":[{"taxonomy":"category","embeddable":true,"href":"https:\/\/semmelweis.hu\/ersebeszet\/wp-json\/wp\/v2\/categories?post=469"},{"taxonomy":"post_tag","embeddable":true,"href":"https:\/\/semmelweis.hu\/ersebeszet\/wp-json\/wp\/v2\/tags?post=469"}],"curies":[{"name":"wp","href":"https:\/\/api.w.org\/{rel}","templated":true}]}}