{"id":467,"date":"2020-10-24T14:41:10","date_gmt":"2020-10-24T12:41:10","guid":{"rendered":"https:\/\/semmelweis.hu\/ersebeszet\/?page_id=467"},"modified":"2020-11-12T13:00:51","modified_gmt":"2020-11-12T12:00:51","slug":"tevekenysegunk","status":"publish","type":"page","link":"https:\/\/semmelweis.hu\/ersebeszet\/magunkrol\/tevekenysegunk\/","title":{"rendered":"Tev\u00e9kenys\u00e9g\u00fcnk"},"content":{"rendered":"<p style=\"text-align: justify\">Az V. \u00e9ves medikusok \u00e9rseb\u00e9szeti k\u00e9pz\u00e9s\u00e9t a t\u00f6mb\u00f6s\u00edtett Seb\u00e9szet III. tant\u00e1rgy keret\u00e9ben h\u00e1rom nyelven (magyarul, angolul, n\u00e9met\u00fcl) v\u00e9gezz\u00fck. E t\u00e1rgyat a 2020-2021-es tan\u00e9vben megval\u00f3sul\u00f3 kurrikulum reformban felv\u00e1ltja az \u00faj, IV. \u00e9vfolyamon oktatott t\u00e1rgy, a \u201eKardiol\u00f3gia-Angiol\u00f3gia\u201d m\u00e1s n\u00e9ven \u201eKardiovaszkul\u00e1ris Medicina\u201d, mely tematik\u00e1ja a sz\u00edv- \u00e9s \u00e9rbetegs\u00e9gek teljes palett\u00e1j\u00e1t fel\u00f6leli.<\/p>\n<p style=\"text-align: justify\">Minden VI. \u00e9vfolyamos medikus 1 hetes \u00e9rseb\u00e9szeti gyakorlatot t\u00f6lt a klinik\u00e1n. A 2016\/17. tan\u00e9v II. szemeszter\u00e9ben bevezet\u00e9sre ker\u00fclt a \u201eVascularis Medicina\u201d c\u00edm\u0171 k\u00f6telez\u0151en v\u00e1laszthat\u00f3 tant\u00e1rgy. Az oktat\u00e1s s\u00falypontja, fontos r\u00e9sze a posztgradu\u00e1lis k\u00e9pz\u00e9s. Az \u00e9rseb\u00e9sz szakorvosjel\u00f6ltek mindegyike megfordul a klinik\u00e1n. Ebb\u0151l a diszciplin\u00e1b\u00f3l szakk\u00e9pes\u00edt\u00e9s jelenleg csak itt szerezhet\u0151. Az \u00e9rseb\u00e9szeti oktat\u00e1s r\u00e9sz\u00e9v\u00e9 v\u00e1lt a non-invaz\u00edv\u00a0 k\u00e9palkot\u00e1s, az endovaszkul\u00e1ris gyakorlati k\u00e9pz\u00e9s \u00e9s a b\u0151v\u00edtett sug\u00e1rv\u00e9delmi ismeretek is.<\/p>\n<p style=\"text-align: justify\">1996 \u00f3ta a tansz\u00e9k a Budapesti M\u0171szaki- \u00e9s Gazdas\u00e1gtudom\u00e1nyi Egyetemmel k\u00f6z\u00f6sen eg\u00e9szs\u00e9gbiol\u00f3giai m\u00e9rn\u00f6k, \u00e9s a P\u00e1zm\u00e1ny P\u00e9ter Katolikus Egyetem Inform\u00e1ci\u00f3s Technol\u00f3giai Kar\u00e1val bionikus k\u00e9pz\u00e9sben is r\u00e9szt vesz. Oktat\u00e1si tev\u00e9kenys\u00e9g\u00fcnket kieg\u00e9sz\u00edti tov\u00e1bb\u00e1 a ny\u00e1ri gyakorlatok tart\u00e1sa, szigorl\u00f3k foglalkoztat\u00e1sa, \u00e1ltal\u00e1nos seb\u00e9szek, urol\u00f3gusok, traumatol\u00f3gusok \u00e9rseb\u00e9szeti gyakorlata, rektori p\u00e1ly\u00e1zatok \u00e9s\u00a0 \u00a0szakdolgozatok elb\u00edr\u00e1l\u00e1sa \u00e9s v\u00e9d\u00e9se, z\u00e1r\u00f3vizsg\u00e1k tart\u00e1sa, TDK- \u00e9s PhD-hallgat\u00f3k k\u00e9pz\u00e9se, n\u0151v\u00e9rtov\u00e1bbk\u00e9pz\u00e9s. A klinikai orvostudom\u00e1nyok ter\u00fclet\u00e9r\u0151l doktori program m\u0171k\u00f6dik az int\u00e9zetben \u201eKlinikai \u00e9s k\u00eds\u00e9rletes angiol\u00f3giai kutat\u00e1sok\u201d c\u00edmmel.<\/p>\n<p style=\"text-align: justify\">Klinik\u00e1nkon endovaszkul\u00e1ris szkill labort alak\u00edtottunk ki, mely az invaz\u00edv radiol\u00f3giai\u00a0 technik\u00e1k elsaj\u00e1t\u00edt\u00e1s\u00e1hoz elengedhetetlen.<\/p>\n","protected":false},"excerpt":{"rendered":"<p>Az V. \u00e9ves medikusok \u00e9rseb\u00e9szeti k\u00e9pz\u00e9s\u00e9t a t\u00f6mb\u00f6s\u00edtett Seb\u00e9szet III. tant\u00e1rgy keret\u00e9ben h\u00e1rom nyelven (magyarul, angolul, n\u00e9met\u00fcl) v\u00e9gezz\u00fck. E t\u00e1rgyat a 2020-2021-es tan\u00e9vben megval\u00f3sul\u00f3 kurrikulum reformban felv\u00e1ltja az \u00faj, IV. \u00e9vfolyamon oktatott t\u00e1rgy, a \u201eKardiol\u00f3gia-Angiol\u00f3gia\u201d m\u00e1s n\u00e9ven \u201eKardiovaszkul\u00e1ris Medicina\u201d, mely tematik\u00e1ja a sz\u00edv- \u00e9s \u00e9rbetegs\u00e9gek teljes palett\u00e1j\u00e1t fel\u00f6leli. Minden VI. \u00e9vfolyamos medikus 1 hetes \u00e9rseb\u00e9szeti &hellip;<\/p>\n","protected":false},"author":101525,"featured_media":0,"parent":246,"menu_order":2,"comment_status":"closed","ping_status":"closed","template":"","meta":{"_acf_changed":false,"footnotes":""},"categories":[],"tags":[],"class_list":["post-467","page","type-page","status-publish","hentry"],"acf":[],"_links":{"self":[{"href":"https:\/\/semmelweis.hu\/ersebeszet\/wp-json\/wp\/v2\/pages\/467","targetHints":{"allow":["GET"]}}],"collection":[{"href":"https:\/\/semmelweis.hu\/ersebeszet\/wp-json\/wp\/v2\/pages"}],"about":[{"href":"https:\/\/semmelweis.hu\/ersebeszet\/wp-json\/wp\/v2\/types\/page"}],"author":[{"embeddable":true,"href":"https:\/\/semmelweis.hu\/ersebeszet\/wp-json\/wp\/v2\/users\/101525"}],"replies":[{"embeddable":true,"href":"https:\/\/semmelweis.hu\/ersebeszet\/wp-json\/wp\/v2\/comments?post=467"}],"version-history":[{"count":5,"href":"https:\/\/semmelweis.hu\/ersebeszet\/wp-json\/wp\/v2\/pages\/467\/revisions"}],"predecessor-version":[{"id":572,"href":"https:\/\/semmelweis.hu\/ersebeszet\/wp-json\/wp\/v2\/pages\/467\/revisions\/572"}],"up":[{"embeddable":true,"href":"https:\/\/semmelweis.hu\/ersebeszet\/wp-json\/wp\/v2\/pages\/246"}],"wp:attachment":[{"href":"https:\/\/semmelweis.hu\/ersebeszet\/wp-json\/wp\/v2\/media?parent=467"}],"wp:term":[{"taxonomy":"category","embeddable":true,"href":"https:\/\/semmelweis.hu\/ersebeszet\/wp-json\/wp\/v2\/categories?post=467"},{"taxonomy":"post_tag","embeddable":true,"href":"https:\/\/semmelweis.hu\/ersebeszet\/wp-json\/wp\/v2\/tags?post=467"}],"curies":[{"name":"wp","href":"https:\/\/api.w.org\/{rel}","templated":true}]}}