{"id":446,"date":"2020-10-03T15:37:55","date_gmt":"2020-10-03T13:37:55","guid":{"rendered":"https:\/\/semmelweis.hu\/ersebeszet\/?page_id=446"},"modified":"2021-05-11T15:01:57","modified_gmt":"2021-05-11T13:01:57","slug":"iv-eves-hallgatok-tetelei","status":"publish","type":"page","link":"https:\/\/semmelweis.hu\/ersebeszet\/oktatas\/oktatasi-anyagok\/iv-eves-hallgatok-tetelei\/","title":{"rendered":"IV. \u00e9ves hallgat\u00f3k t\u00e9telei"},"content":{"rendered":"<table style=\"width: 100%\">\n<tbody>\n<tr>\n<td style=\"width: 4.81348%\" width=\"45\">\u00a0<\/td>\n<td style=\"text-align: center;width: 30.4452%\" width=\"295\">\n<p><strong>Kardiol\u00f3gia &#8211; angiol\u00f3gia<br \/>\nszigorlati t\u00e9telsor<\/strong><\/p>\n<\/td>\n<td style=\"text-align: center;width: 31.1673%\" width=\"321\">\n<p><strong>Cardiology &#8211; Angiology <\/strong><strong>Themes List<\/strong><\/p>\n<\/td>\n<td style=\"text-align: center;width: 33.4537%\" width=\"315\">\n<p><strong>Kardiologie &#8211; Angiologie <\/strong><strong>Testreihen<\/strong><\/p>\n<\/td>\n<\/tr>\n<tr>\n<td style=\"width: 4.81348%\" width=\"45\">\n<p>\u00a01.<\/p>\n<\/td>\n<td style=\"vertical-align: top;width: 30.4452%\" width=\"295\">\n<p>Az art\u00e9ri\u00e1s betegs\u00e9gek epidemiol\u00f3gi\u00e1ja \u00e9s rizik\u00f3faktora, sz\u0171r\u00e9se, prevenci\u00f3ja \u00e9s konzervat\u00edv kezel\u00e9se \u2013 vasculitisek<\/p>\n<\/td>\n<td style=\"vertical-align: top;width: 31.1673%\" width=\"321\">\n<p>Epidemiology, risk factors, screening, prevention, and conservative treatment of arterial diseases. Vasculitis.<\/p>\n<\/td>\n<td style=\"vertical-align: top;width: 33.4537%\" width=\"315\">\n<p style=\"text-align: left\">Periphere arterielle Verschlusskrankheit der unteren Extremit\u00e4ten: Epidemiologie, Risikofaktoren, Pr\u00e4vention und medikament\u00f6se Therapie &#8211; Vaskulitiden<\/p>\n<\/td>\n<\/tr>\n<tr>\n<td style=\"width: 4.81348%\" width=\"45\">\n<p>\u00a02.<\/p>\n<\/td>\n<td style=\"vertical-align: top;width: 30.4452%\" width=\"295\">\n<p>Az als\u00f3v\u00e9gtagi perif\u00e9ri\u00e1s ver\u0151\u00e9rbetegs\u00e9g t\u00fcnettana \u00e9s fizik\u00e1lis \u00e9s k\u00e9pi diagnosztikai vizsg\u00e1lata \u2013 diabeteses l\u00e1b<\/p>\n<\/td>\n<td style=\"vertical-align: top;width: 31.1673%\" width=\"321\">\n<p>Clinical presentation and physical and imaging examination of arterial diseases. Diabetic foot.<\/p>\n<\/td>\n<td style=\"vertical-align: top;width: 33.4537%\" width=\"315\">\n<p>Periphere arterielle Verschlusskrankheit der unteren Extremit\u00e4ten: Beschwerden, physikalische Untersuchung und bildgebende diagnostische Verfahren \u2013 Diabetisches Fu\u00dfsyndrom<\/p>\n<\/td>\n<\/tr>\n<tr>\n<td style=\"width: 4.81348%\" width=\"45\">\n<p>\u00a03.<\/p>\n<\/td>\n<td style=\"vertical-align: top;width: 30.4452%\" width=\"295\">\n<p>Kr\u00f3nikus v\u00e9n\u00e1s el\u00e9gtelens\u00e9g t\u00fcnettana \u00e9s fizik\u00e1lis \u00e9s k\u00e9pi diagnosztik\u00e1ja, kezel\u00e9si lehet\u0151s\u00e9gei<\/p>\n<\/td>\n<td style=\"vertical-align: top;width: 31.1673%\" width=\"321\">\n<p>Chronic venous insufficiency. Clinical presentation, physical and imaging examination, treatment.<\/p>\n<\/td>\n<td style=\"vertical-align: top;width: 33.4537%\" width=\"315\">\n<p>Chronisch-ven\u00f6se Insuffizienz: Beschwerden, physikalische Untersuchung, bildgebende diagnostische Verfahren und therapeutische M\u00f6glichkeiten<\/p>\n<\/td>\n<\/tr>\n<tr>\n<td style=\"width: 4.81348%\" width=\"45\">\n<p>\u00a04.<\/p>\n<\/td>\n<td style=\"width: 30.4452%\" width=\"295\">\n<p>M\u00e9lyv\u00e9n\u00e1s thromb\u00f3zis t\u00fcnettana, diagnosztik\u00e1ja, kezel\u00e9si lehet\u0151s\u00e9gei, korai \u00e9s k\u00e9s\u0151i sz\u00f6v\u0151dm\u00e9nyei<\/p>\n<\/td>\n<td style=\"width: 31.1673%\" width=\"321\">\n<p>Deep vein thrombosis. Clinical presentation, investigation, treatment options, early and late complications.<\/p>\n<\/td>\n<td style=\"width: 33.4537%\" width=\"315\">\n<p>Tiefe Beinvenenthrombose: Beschwerden, Diagnostik, therapeutische M\u00f6glichkeiten und Fr\u00fch- und Sp\u00e4tkomplikationen<\/p>\n<\/td>\n<\/tr>\n<tr>\n<td style=\"width: 4.81348%\" width=\"45\">\n<p>\u00a05.<\/p>\n<\/td>\n<td style=\"vertical-align: top;width: 30.4452%\" width=\"295\">\n<p>Angiogr\u00e1fia \u00e9s intervenci\u00f3 \u2013 alapvet\u0151 endovaszkul\u00e1ris technik\u00e1k. Alapvet\u0151 \u00e9rseb\u00e9szeti technik\u00e1k, \u00e9rp\u00f3tl\u00f3 anyagok<\/p>\n<\/td>\n<td style=\"vertical-align: top;width: 31.1673%\" width=\"321\">\n<p>Angiography and intervention \u2013 basic endovascular techniques. Basic vascular surgery techniques. Vascular grafts<\/p>\n<\/td>\n<td style=\"vertical-align: top;width: 33.4537%\" width=\"315\">\n<p>Angiographie und Intervention &#8211; Grundlegende endovaskul\u00e4re Verfahren. Grundlegende gef\u00e4\u00dfchirurgische Verfahren und Gef\u00e4\u00dfersatzmaterialien<\/p>\n<\/td>\n<\/tr>\n<tr>\n<td style=\"width: 4.81348%\" width=\"45\">\n<p>\u00a06.<\/p>\n<\/td>\n<td style=\"vertical-align: top;width: 30.4452%\" width=\"295\">\n<p>Supraaortikus \u00e1gak \u00e9s a fels\u0151 v\u00e9gtagi ver\u0151erek megbeteged\u00e9sei, t\u00fcnettana, diagnosztik\u00e1ja \u00e9s kezel\u00e9si lehet\u0151s\u00e9gei<\/p>\n<\/td>\n<td style=\"vertical-align: top;width: 31.1673%\" width=\"321\">\n<p>Clinical presentation, investigation, management of diseases of the supra-aortic branches and upper extremity arteries.<\/p>\n<\/td>\n<td style=\"vertical-align: top;width: 33.4537%\" width=\"315\">\n<p>Erkrankungen der supraaortalen Arterien und der Arterien an der oberen Extremit\u00e4ten- Beschwerden, Diagnostik und therapeutische M\u00f6glichkeiten<\/p>\n<\/td>\n<\/tr>\n<tr>\n<td style=\"width: 4.81348%\" width=\"45\">\n<p>\u00a07.<\/p>\n<\/td>\n<td style=\"vertical-align: top;width: 30.4452%\" width=\"295\">\n<p>Aorta \u00e9s perif\u00e9ri\u00e1s aneurysm\u00e1k.<\/p>\n<\/td>\n<td style=\"vertical-align: top;width: 31.1673%\" width=\"321\">\n<p>Aortic and peripheral aneurysms<\/p>\n<\/td>\n<td style=\"vertical-align: top;width: 33.4537%\" width=\"315\">\n<p>Aorta- und periphere arterielle Aneurysmen<\/p>\n<\/td>\n<\/tr>\n<tr>\n<td style=\"width: 4.81348%\" width=\"45\">\n<p>\u00a08.<\/p>\n<\/td>\n<td style=\"vertical-align: top;width: 30.4452%\" width=\"295\">\n<p>Akut aorta szindr\u00f3m\u00e1k.<\/p>\n<\/td>\n<td style=\"vertical-align: top;width: 31.1673%\" width=\"321\">\n<p>Acute aortic syndromes.<\/p>\n<\/td>\n<td style=\"vertical-align: top;width: 33.4537%\" width=\"315\">\n<p>Akute Aortensyndrome<\/p>\n<\/td>\n<\/tr>\n<tr>\n<td style=\"width: 4.81348%\" width=\"45\">\n<p>\u00a09.<\/p>\n<\/td>\n<td style=\"vertical-align: top;width: 30.4452%\" width=\"295\">\n<p>Vaszkul\u00e1ris k\u00e9palkot\u00f3 diagnosztika (UH, CT, MR) \u2013 Vascularis malform\u00e1ci\u00f3k<\/p>\n<\/td>\n<td style=\"vertical-align: top;width: 31.1673%\" width=\"321\">\n<p>Vascular CT, MRI and ultrasound diagnostic methods. Vascular malformations.<\/p>\n<\/td>\n<td style=\"vertical-align: top;width: 33.4537%\" width=\"315\">\n<p>Bildgebende Verfahren bei der Gef\u00e4\u00dfkrankheiten (CT, MR, Ultraschall) &#8211; Vaskul\u00e4re Malformationen<\/p>\n<\/td>\n<\/tr>\n<tr>\n<td style=\"width: 4.81348%\" width=\"45\">\n<p>10.<\/p>\n<\/td>\n<td style=\"vertical-align: top;width: 30.4452%\" width=\"295\">\n<p>Ren\u00e1lis \u00e9s viscel\u00e1ris okkluz\u00edv \u00e9s aneurizmatikus megbeteged\u00e9sek \u2013 m\u0171vi arteriovenosus fisztul\u00e1k<\/p>\n<\/td>\n<td style=\"vertical-align: top;width: 31.1673%\" width=\"321\">\n<p>Renal and visceral occlusive diseases and artery aneurysms. Haemodialysis access<\/p>\n<\/td>\n<td style=\"vertical-align: top;width: 33.4537%\" width=\"315\">\n<p>Arterielle Verschlusskrankheit und Aneurysmen der Nierenarterien und der viszeralen Arterien &#8211; Anlage von AV-Shunts f\u00fcr Dialysepatienten<\/p>\n<\/td>\n<\/tr>\n<\/tbody>\n<\/table>\n","protected":false},"excerpt":{"rendered":"<p>\u00a0 Kardiol\u00f3gia &#8211; angiol\u00f3gia szigorlati t\u00e9telsor Cardiology &#8211; Angiology Themes List Kardiologie &#8211; Angiologie Testreihen \u00a01. Az art\u00e9ri\u00e1s betegs\u00e9gek epidemiol\u00f3gi\u00e1ja \u00e9s rizik\u00f3faktora, sz\u0171r\u00e9se, prevenci\u00f3ja \u00e9s konzervat\u00edv kezel\u00e9se \u2013 vasculitisek Epidemiology, risk factors, screening, prevention, and conservative treatment of arterial diseases. Vasculitis. Periphere arterielle Verschlusskrankheit der unteren Extremit\u00e4ten: Epidemiologie, Risikofaktoren, Pr\u00e4vention und medikament\u00f6se Therapie &#8211; Vaskulitiden &hellip;<\/p>\n","protected":false},"author":101525,"featured_media":0,"parent":513,"menu_order":0,"comment_status":"closed","ping_status":"closed","template":"","meta":{"_acf_changed":false,"footnotes":""},"categories":[],"tags":[],"class_list":["post-446","page","type-page","status-publish","hentry"],"acf":[],"_links":{"self":[{"href":"https:\/\/semmelweis.hu\/ersebeszet\/wp-json\/wp\/v2\/pages\/446","targetHints":{"allow":["GET"]}}],"collection":[{"href":"https:\/\/semmelweis.hu\/ersebeszet\/wp-json\/wp\/v2\/pages"}],"about":[{"href":"https:\/\/semmelweis.hu\/ersebeszet\/wp-json\/wp\/v2\/types\/page"}],"author":[{"embeddable":true,"href":"https:\/\/semmelweis.hu\/ersebeszet\/wp-json\/wp\/v2\/users\/101525"}],"replies":[{"embeddable":true,"href":"https:\/\/semmelweis.hu\/ersebeszet\/wp-json\/wp\/v2\/comments?post=446"}],"version-history":[{"count":7,"href":"https:\/\/semmelweis.hu\/ersebeszet\/wp-json\/wp\/v2\/pages\/446\/revisions"}],"predecessor-version":[{"id":909,"href":"https:\/\/semmelweis.hu\/ersebeszet\/wp-json\/wp\/v2\/pages\/446\/revisions\/909"}],"up":[{"embeddable":true,"href":"https:\/\/semmelweis.hu\/ersebeszet\/wp-json\/wp\/v2\/pages\/513"}],"wp:attachment":[{"href":"https:\/\/semmelweis.hu\/ersebeszet\/wp-json\/wp\/v2\/media?parent=446"}],"wp:term":[{"taxonomy":"category","embeddable":true,"href":"https:\/\/semmelweis.hu\/ersebeszet\/wp-json\/wp\/v2\/categories?post=446"},{"taxonomy":"post_tag","embeddable":true,"href":"https:\/\/semmelweis.hu\/ersebeszet\/wp-json\/wp\/v2\/tags?post=446"}],"curies":[{"name":"wp","href":"https:\/\/api.w.org\/{rel}","templated":true}]}}