{"id":390,"date":"2020-09-26T10:16:15","date_gmt":"2020-09-26T08:16:15","guid":{"rendered":"https:\/\/semmelweis.hu\/ersebeszet\/?page_id=390"},"modified":"2020-11-13T14:40:44","modified_gmt":"2020-11-13T13:40:44","slug":"anatomia-supraaortikus","status":"publish","type":"page","link":"https:\/\/semmelweis.hu\/ersebeszet\/anatomia-supraaortikus\/","title":{"rendered":"Anat\u00f3mia \u2013 supraaortikus"},"content":{"rendered":"<header class=\"entry-header ast-no-thumbnail\">\n<div class=\"ast-single-post-order\">\n<div class=\"entry-meta\"><span style=\"font-size: 1rem\">A fej-, nyak r\u00e9gi\u00f3 v\u00e9rell\u00e1t\u00e1sa kiemelt fontoss\u00e1g\u00fa, mivel \u00e9letfontoss\u00e1g\u00fa szervek\u00e9rt felel. \u00c9ppen ez\u00e9rt gazdag kollater\u00e1lis rendszerrel, amely roppant sikeresen k\u00e9pes m\u00e9g nagy erek elz\u00e1r\u00f3d\u00e1sa eset\u00e9n is megfelel\u0151 v\u00e9rell\u00e1t\u00e1st biztos\u00edtani.<\/span><\/div>\n<\/div>\n<\/header>\n<div class=\"entry-content clear\">\n<p><strong>A kollater\u00e1lis kering\u00e9s:<\/strong><\/p>\n<ul>\n<li>art\u00e9ri\u00e1s stenosis vagy occlusio ter\u00fclet\u00e9n fejl\u0151dik ki.<\/li>\n<li><b>A megker\u00fcl\u0151 p\u00e1ly\u00e1k v\u00e9rt juttatnak a sz\u0171k\u00fclett\u0151l\u00a0<\/b><b>distalisan<\/b><b>\u00a0l\u00e9v\u0151 \u00e9rszakaszhoz<\/b><\/li>\n<li>J\u00f3 kollater\u00e1lis kering\u00e9s kialakul\u00e1sa csaknem teljesen kompenz\u00e1lni k\u00e9pes egy s\u00falyos \u00e9rstenosis hemodinamikai hat\u00e1s\u00e1t.<\/li>\n<li>A megker\u00fcl\u0151 kering\u00e9s kifejl\u0151d\u00e9s\u00e9nek\u00a0<strong>f\u0151 ingere a nyom\u00e1scs\u00f6kken\u00e9s<\/strong>\u00a0a stenosis ut\u00e1ni \u00e9rszakaszon.<\/li>\n<li>A tart\u00f3s\u00a0<strong>hypoxia<\/strong>\u00a0\u00e9s a sympathicus g\u00e1tl\u00e1s (<strong>sympathectomia<\/strong>), a j\u00e1r\u00e1s, mozg\u00e1s is el\u0151seg\u00edti kialakul\u00e1s\u00e1t<\/li>\n<\/ul>\n<p><strong>Supraaorticus ereknek nevezz\u00fck az aorta\u00edvb\u0151l ered\u0151 art\u00e9ria \u00e1gakat:<\/strong><\/p>\n<ul>\n<li><b>truncus<\/b>\u00a0<b>brachio-cephalicus<\/b>, amely tov\u00e1bb oszlik a jobb\u00a0<b>a.carotis<\/b>\u00a0<b>communisra<\/b><b>,<\/b>\u00a0(az pedig az\u00a0<b>a.carotis<\/b>\u00a0<b>extern\u00e1ra<\/b>\u00a0\u00e9s\u00a0<b>intern\u00e1ra),<\/b>\u00a0\u00e9s a jobb\u00a0<b>a.subclavi\u00e1ra<\/b>,<\/li>\n<li>bal\u00a0<b>a.carotis<\/b>\u00a0<b>communis<\/b>,<\/li>\n<li>bal\u00a0<b>a.subclavia<\/b>,<\/li>\n<li><b>a.vertebralisok<\/b>, amelyek az a.sublavi\u00e1kb\u00f3l erednek<\/li>\n<\/ul>\n<p>&nbsp;<\/p>\n<p>A supraaorticus kering\u00e9s v\u00e1za:<\/p>\n<p><img decoding=\"async\" src=\"https:\/\/www.ersebeszet.com\/wp-content\/uploads\/2020\/01\/supraaortic_2-300x253.png\" \/><\/p>\n<\/div>\n","protected":false},"excerpt":{"rendered":"<p>A fej-, nyak r\u00e9gi\u00f3 v\u00e9rell\u00e1t\u00e1sa kiemelt fontoss\u00e1g\u00fa, mivel \u00e9letfontoss\u00e1g\u00fa szervek\u00e9rt felel. \u00c9ppen ez\u00e9rt gazdag kollater\u00e1lis rendszerrel, amely roppant sikeresen k\u00e9pes m\u00e9g nagy erek elz\u00e1r\u00f3d\u00e1sa eset\u00e9n is megfelel\u0151 v\u00e9rell\u00e1t\u00e1st biztos\u00edtani. A kollater\u00e1lis kering\u00e9s: art\u00e9ri\u00e1s stenosis vagy occlusio ter\u00fclet\u00e9n fejl\u0151dik ki. A megker\u00fcl\u0151 p\u00e1ly\u00e1k v\u00e9rt juttatnak a sz\u0171k\u00fclett\u0151l\u00a0distalisan\u00a0l\u00e9v\u0151 \u00e9rszakaszhoz J\u00f3 kollater\u00e1lis kering\u00e9s kialakul\u00e1sa csaknem teljesen kompenz\u00e1lni k\u00e9pes &hellip;<\/p>\n","protected":false},"author":101525,"featured_media":0,"parent":0,"menu_order":0,"comment_status":"closed","ping_status":"closed","template":"","meta":{"_acf_changed":false,"footnotes":""},"categories":[],"tags":[],"class_list":["post-390","page","type-page","status-publish","hentry"],"acf":[],"_links":{"self":[{"href":"https:\/\/semmelweis.hu\/ersebeszet\/wp-json\/wp\/v2\/pages\/390","targetHints":{"allow":["GET"]}}],"collection":[{"href":"https:\/\/semmelweis.hu\/ersebeszet\/wp-json\/wp\/v2\/pages"}],"about":[{"href":"https:\/\/semmelweis.hu\/ersebeszet\/wp-json\/wp\/v2\/types\/page"}],"author":[{"embeddable":true,"href":"https:\/\/semmelweis.hu\/ersebeszet\/wp-json\/wp\/v2\/users\/101525"}],"replies":[{"embeddable":true,"href":"https:\/\/semmelweis.hu\/ersebeszet\/wp-json\/wp\/v2\/comments?post=390"}],"version-history":[{"count":1,"href":"https:\/\/semmelweis.hu\/ersebeszet\/wp-json\/wp\/v2\/pages\/390\/revisions"}],"predecessor-version":[{"id":391,"href":"https:\/\/semmelweis.hu\/ersebeszet\/wp-json\/wp\/v2\/pages\/390\/revisions\/391"}],"wp:attachment":[{"href":"https:\/\/semmelweis.hu\/ersebeszet\/wp-json\/wp\/v2\/media?parent=390"}],"wp:term":[{"taxonomy":"category","embeddable":true,"href":"https:\/\/semmelweis.hu\/ersebeszet\/wp-json\/wp\/v2\/categories?post=390"},{"taxonomy":"post_tag","embeddable":true,"href":"https:\/\/semmelweis.hu\/ersebeszet\/wp-json\/wp\/v2\/tags?post=390"}],"curies":[{"name":"wp","href":"https:\/\/api.w.org\/{rel}","templated":true}]}}