{"id":383,"date":"2020-09-26T09:42:26","date_gmt":"2020-09-26T07:42:26","guid":{"rendered":"https:\/\/semmelweis.hu\/ersebeszet\/?page_id=383"},"modified":"2020-11-13T12:18:22","modified_gmt":"2020-11-13T11:18:22","slug":"hasznos-informacio-betegek-reszere","status":"publish","type":"page","link":"https:\/\/semmelweis.hu\/ersebeszet\/betegellatas\/hasznos-informacio-betegek-reszere\/","title":{"rendered":"Hasznos inform\u00e1ci\u00f3k betegek r\u00e9sz\u00e9re"},"content":{"rendered":"<p><a href=\"https:\/\/semmelweis.hu\/ersebeszet\/files\/2020\/11\/Betegtajekoztato_bef_vizsg.pdf\">Betegt\u00e1j\u00e9koztat\u00f3 ambul\u00e1ns \u00e9s bentfekv\u0151 betegek r\u00e9sz\u00e9re<\/a><\/p>\n<p>&nbsp;<\/p>\n<p><a href=\"https:\/\/semmelweis.hu\/ersebeszet\/files\/2020\/11\/CT_betegtajekoztato.pdf\">Betegt\u00e1j\u00e9koztat\u00f3 CT vizsg\u00e1latr\u00f3l<\/a><\/p>\n","protected":false},"excerpt":{"rendered":"<p><a href=\"https:\/\/semmelweis.hu\/ersebeszet\/files\/2020\/11\/Betegtajekoztato_bef_vizsg.pdf\">Betegt\u00e1j\u00e9koztat\u00f3 ambul\u00e1ns \u00e9s bentfekv\u0151 betegek r\u00e9sz\u00e9re<\/a><br \/>\n&nbsp;<br \/>\n<a href=\"https:\/\/semmelweis.hu\/ersebeszet\/files\/2020\/11\/CT_betegtajekoztato.pdf\">Betegt\u00e1j\u00e9koztat\u00f3 CT vizsg\u00e1latr\u00f3l<\/a><\/p>\n","protected":false},"author":101525,"featured_media":0,"parent":262,"menu_order":1,"comment_status":"closed","ping_status":"closed","template":"","meta":{"_acf_changed":false,"footnotes":""},"categories":[],"tags":[],"class_list":["post-383","page","type-page","status-publish","hentry"],"acf":[],"_links":{"self":[{"href":"https:\/\/semmelweis.hu\/ersebeszet\/wp-json\/wp\/v2\/pages\/383","targetHints":{"allow":["GET"]}}],"collection":[{"href":"https:\/\/semmelweis.hu\/ersebeszet\/wp-json\/wp\/v2\/pages"}],"about":[{"href":"https:\/\/semmelweis.hu\/ersebeszet\/wp-json\/wp\/v2\/types\/page"}],"author":[{"embeddable":true,"href":"https:\/\/semmelweis.hu\/ersebeszet\/wp-json\/wp\/v2\/users\/101525"}],"replies":[{"embeddable":true,"href":"https:\/\/semmelweis.hu\/ersebeszet\/wp-json\/wp\/v2\/comments?post=383"}],"version-history":[{"count":4,"href":"https:\/\/semmelweis.hu\/ersebeszet\/wp-json\/wp\/v2\/pages\/383\/revisions"}],"predecessor-version":[{"id":542,"href":"https:\/\/semmelweis.hu\/ersebeszet\/wp-json\/wp\/v2\/pages\/383\/revisions\/542"}],"up":[{"embeddable":true,"href":"https:\/\/semmelweis.hu\/ersebeszet\/wp-json\/wp\/v2\/pages\/262"}],"wp:attachment":[{"href":"https:\/\/semmelweis.hu\/ersebeszet\/wp-json\/wp\/v2\/media?parent=383"}],"wp:term":[{"taxonomy":"category","embeddable":true,"href":"https:\/\/semmelweis.hu\/ersebeszet\/wp-json\/wp\/v2\/categories?post=383"},{"taxonomy":"post_tag","embeddable":true,"href":"https:\/\/semmelweis.hu\/ersebeszet\/wp-json\/wp\/v2\/tags?post=383"}],"curies":[{"name":"wp","href":"https:\/\/api.w.org\/{rel}","templated":true}]}}