{"id":369,"date":"2019-11-30T17:32:36","date_gmt":"2019-11-30T16:32:36","guid":{"rendered":"http:\/\/semmelweis.hu\/ersebeszet\/?page_id=369"},"modified":"2021-02-16T16:07:24","modified_gmt":"2021-02-16T15:07:24","slug":"betegjogi-kepviselo","status":"publish","type":"page","link":"https:\/\/semmelweis.hu\/ersebeszet\/betegellatas\/betegjogi-kepviselo\/","title":{"rendered":"Betegjogi k\u00e9pvisel\u0151"},"content":{"rendered":"<p style=\"text-align: center;\">A klinik\u00e1nkon illet\u00e9kes betegjogi k\u00e9pvisel\u0151:<\/p>\n<p style=\"text-align: center;\"><span style=\"font-size: 24pt;\"><strong>Ivonyn\u00e9 Dr. Munk J\u00falia<\/strong><\/span><\/p>\n<p style=\"text-align: center;\"><strong>Telefonsz\u00e1ma<\/strong>: 06-20\/4899-520,<\/p>\n<p style=\"text-align: center;\"><strong>email c\u00edme<\/strong>: <a href=\"mailto:julianna.munk@ijb.emmi.gov.hu\">julianna.munk@ijb.emmi.gov.hu<\/a><\/p>\n<p style=\"text-align: center;\"><strong>A betegjogi k\u00e9pvisel\u0151 el\u0151zetes telefonos egyeztet\u00e9s ut\u00e1n fogadja a betegeket.<\/strong><\/p>\n<p>&nbsp;<\/p>\n<p>&nbsp;<\/p>\n<p style=\"text-align: center;\">\u00a0<\/p>\n<p>&nbsp;<\/p>\n<p>&nbsp;<\/p>\n","protected":false},"excerpt":{"rendered":"<p>A klinik\u00e1nkon illet\u00e9kes betegjogi k\u00e9pvisel\u0151:<br \/>\nIvonyn\u00e9 Dr. Munk J\u00falia<br \/>\nTelefonsz\u00e1ma: 06-20\/4899-520,<br \/>\nemail c\u00edme: <a href=\"mailto:julianna.munk@ijb.emmi.gov.hu\">julianna.munk@ijb.emmi.gov.hu<\/a><br \/>\nA betegjogi k\u00e9pvisel\u0151 el\u0151zetes telefonos egyeztet\u00e9s ut\u00e1n fogadja a betegeket.<br \/>\n&nbsp;<br \/>\n&nbsp;<br \/>\n\u00a0<br \/>\n&nbsp;<br \/>\n&nbsp;<\/p>\n","protected":false},"author":101525,"featured_media":0,"parent":262,"menu_order":5,"comment_status":"closed","ping_status":"closed","template":"","meta":{"_acf_changed":false,"footnotes":""},"categories":[],"tags":[],"class_list":["post-369","page","type-page","status-publish","hentry"],"acf":[],"_links":{"self":[{"href":"https:\/\/semmelweis.hu\/ersebeszet\/wp-json\/wp\/v2\/pages\/369","targetHints":{"allow":["GET"]}}],"collection":[{"href":"https:\/\/semmelweis.hu\/ersebeszet\/wp-json\/wp\/v2\/pages"}],"about":[{"href":"https:\/\/semmelweis.hu\/ersebeszet\/wp-json\/wp\/v2\/types\/page"}],"author":[{"embeddable":true,"href":"https:\/\/semmelweis.hu\/ersebeszet\/wp-json\/wp\/v2\/users\/101525"}],"replies":[{"embeddable":true,"href":"https:\/\/semmelweis.hu\/ersebeszet\/wp-json\/wp\/v2\/comments?post=369"}],"version-history":[{"count":7,"href":"https:\/\/semmelweis.hu\/ersebeszet\/wp-json\/wp\/v2\/pages\/369\/revisions"}],"predecessor-version":[{"id":756,"href":"https:\/\/semmelweis.hu\/ersebeszet\/wp-json\/wp\/v2\/pages\/369\/revisions\/756"}],"up":[{"embeddable":true,"href":"https:\/\/semmelweis.hu\/ersebeszet\/wp-json\/wp\/v2\/pages\/262"}],"wp:attachment":[{"href":"https:\/\/semmelweis.hu\/ersebeszet\/wp-json\/wp\/v2\/media?parent=369"}],"wp:term":[{"taxonomy":"category","embeddable":true,"href":"https:\/\/semmelweis.hu\/ersebeszet\/wp-json\/wp\/v2\/categories?post=369"},{"taxonomy":"post_tag","embeddable":true,"href":"https:\/\/semmelweis.hu\/ersebeszet\/wp-json\/wp\/v2\/tags?post=369"}],"curies":[{"name":"wp","href":"https:\/\/api.w.org\/{rel}","templated":true}]}}