{"id":360,"date":"2019-11-30T17:17:04","date_gmt":"2019-11-30T16:17:04","guid":{"rendered":"http:\/\/semmelweis.hu\/ersebeszet\/?page_id=360"},"modified":"2020-11-13T12:39:08","modified_gmt":"2020-11-13T11:39:08","slug":"szakvizsga-tetelek","status":"publish","type":"page","link":"https:\/\/semmelweis.hu\/ersebeszet\/oktatas\/postgradualis-oktatas\/szakvizsga-tetelek\/","title":{"rendered":"Szakvizsga t\u00e9telek"},"content":{"rendered":"<p><span style=\"font-size: 24pt\"><strong>\u00c1ltal\u00e1nos \u00e9rseb\u00e9szet<\/strong><\/span><\/p>\n<p>1. Az art\u00e9ri\u00e1s betegs\u00e9gek epidemiol\u00f3gi\u00e1ja, etiopathol\u00f3gi\u00e1ja, rizik\u00f3faktorai.<br \/>\n2. A v\u00e9n\u00e1s betegs\u00e9gek epidemiol\u00f3gi\u00e1ja, etiopathol\u00f3gi\u00e1ja, rizik\u00f3faktorai.<br \/>\n3. Az art\u00e9ri\u00e1s betegs\u00e9gek fizik\u00e1lis vizsg\u00e1lata, konzervat\u00edv kezel\u00e9se, rizik\u00f3cs\u00f6kkent\u00e9s.<br \/>\n4. A v\u00e9n\u00e1s betegs\u00e9gek fizik\u00e1lis vizsg\u00e1lata, konzervat\u00edv kezel\u00e9se, rizik\u00f3cs\u00f6kkent\u00e9s.<br \/>\n5. A non invaz\u00edv k\u00e9palkot\u00f3 diagnosztika szerepe a pre-, peri- \u00e9s postoperativ ell\u00e1t\u00e1sban.<br \/>\n6. Az invaz\u00edv k\u00e9palkot\u00f3 elj\u00e1r\u00e1sok helye az \u00e9rseb\u00e9szeti diagnosztik\u00e1ban.<br \/>\n7. Az endovascularis technik\u00e1k alapelvei, eszk\u00f6zei, m\u00f3dszerei.<br \/>\n8. Stentek \u00e9s ballonok t\u00edpusai, azok felhaszn\u00e1l\u00e1si ter\u00fcletei.<br \/>\n9. \u00c9rseb\u00e9szeti nyitott m\u0171t\u00e9ti technik\u00e1k.<br \/>\n10. \u00c9rp\u00f3tl\u00f3 anyagok, felhaszn\u00e1l\u00e1si ter\u00fclet\u00fck.<br \/>\n11. A thrombolysis, a fibrinolysis indik\u00e1ci\u00f3i \u00e9s kivitelez\u00e9se.<br \/>\n12. A nyitott m\u0171t\u00e9tek \u00e9s endovascularis beavatkoz\u00e1sok korai \u00e9s k\u00e9s\u0151i sz\u00f6v\u0151dm\u00e9nyei.<br \/>\n13. Hybrid m\u0171t\u00e9ti technik\u00e1k t\u00edpusai, indik\u00e1ci\u00f3i, el\u0151nyei. Alapvet\u0151 sug\u00e1rv\u00e9delmi<br \/>\nismeretek.<\/p>\n<p><span style=\"font-size: 24pt\"><strong>Art\u00e9ri\u00e1s betegs\u00e9gek<\/strong><\/span><\/p>\n<p>1. Perif\u00e9ri\u00e1s art\u00e9ri\u00e1s betegs\u00e9g I. A kr\u00f3nikus als\u00f3 v\u00e9gtagi ischaemia diagnosztik\u00e1ja \u00e9s<br \/>\nkezel\u00e9se.<br \/>\n2. Perif\u00e9ri\u00e1s art\u00e9ri\u00e1s betegs\u00e9g II. Az akut als\u00f3 v\u00e9gtagi ischaemia diagnosztik\u00e1ja \u00e9s<br \/>\nkezel\u00e9se.<br \/>\n3. A diabeteses l\u00e1b diagnosztik\u00e1ja, komplex kezel\u00e9se \u00e9s gondoz\u00e1sa.<br \/>\n4. A carotis betegs\u00e9geinek diagnosztik\u00e1ja \u00e9s kezel\u00e9se.<br \/>\n5. Fels\u0151 v\u00e9gtagi art\u00e9ri\u00e1s betegs\u00e9gek, thoracic outlet syndroma diagnosztik\u00e1ja, kezel\u00e9se.<br \/>\n6. Infrarenalis aorta aneurysm\u00e1k, sz\u0171r\u00e9se, diagnosztik\u00e1ja, kezel\u00e9se.<br \/>\n7. Thoracalis \u00e9s throraco-abdominalis aorta aneurysm\u00e1k diagnosztik\u00e1ja, kezel\u00e9se.<br \/>\n8. Perif\u00e9ri\u00e1s art\u00e9ri\u00e1s aneurysm\u00e1k, popliteal entrapment syndroma diagnosztik\u00e1ja,<br \/>\nkezel\u00e9se.<br \/>\n9. P\u00e1ros \u00e9s p\u00e1ratlan zsigeri art\u00e9ri\u00e1k betegs\u00e9gei, diagnosztik\u00e1juk, kezel\u00e9s\u00fck.<br \/>\n10. A hemodial\u00edzis kezel\u00e9shez haszn\u00e1lt arterio-venosus fistul\u00e1k. Kivizsg\u00e1l\u00e1s,<br \/>\nfistulak\u00e9pz\u00e9s, sz\u00f6v\u0151dm\u00e9nyek ell\u00e1t\u00e1sa.<br \/>\n11. Vascularis trauma. Diagnosztika, kezel\u00e9s.<br \/>\n12. Az amput\u00e1ci\u00f3k indik\u00e1ci\u00f3ja \u00e9s kivitelez\u00e9se.<br \/>\n13. \u00c9rseb\u00e9szeti fert\u0151z\u00e9sek, ter\u00e1pi\u00e1s lehet\u0151s\u00e9gek.<br \/>\n14. Akut aorta syndroma (aorta dissectio, aneurysma ruptura, PAU, IMH).<\/p>\n<p><span style=\"font-size: 24pt\"><strong>V\u00e9n\u00e1s betegs\u00e9gek<\/strong><\/span><\/p>\n<p>1. A thrombophlebitis, a varicophlebitis diagnosztik\u00e1ja, kezel\u00e9se.<br \/>\n2. A primer varicositas diagnosztik\u00e1ja \u00e9s kezel\u00e9se.<br \/>\n3. M\u00e9lyv\u00e9n\u00e1s thrombosis, diagnosztik\u00e1ja, konzervat\u00edv \u00e9s \u00e9rseb\u00e9szeti kezel\u00e9se.<br \/>\nPulmonalis embolia etiol\u00f3gi\u00e1ja, kivizsg\u00e1l\u00e1sa, kezel\u00e9se.<br \/>\n4. A kr\u00f3nikus v\u00e9n\u00e1s betegs\u00e9g st\u00e1diumbeoszt\u00e1sa (CEAP), felismer\u00e9se, kezel\u00e9se \u00e9s<br \/>\ngondoz\u00e1sa.<br \/>\n5. A vena cava inferiort \u00e9s superiort \u00e9rint\u0151 k\u00f3rk\u00e9pek diagnosztik\u00e1ja, seb\u00e9szi \u00e9s<br \/>\nendovascularis kezel\u00e9se.<br \/>\n6. A vena mesenterica superior \u00e9s vena portae megbeteged\u00e9sei, diagnosztik\u00e1ja \u00e9s<br \/>\nkezel\u00e9se.<br \/>\n7. A vascularis malformatiok oszt\u00e1lyoz\u00e1sa, diagnosztik\u00e1ja, kezel\u00e9se.<br \/>\n8. A nyirokrendszert \u00e9rint\u0151 vascularis megbeteged\u00e9sek diagnosztik\u00e1ja, konzervat\u00edv \u00e9s<br \/>\nseb\u00e9szi kezel\u00e9se.<br \/>\n9. A vasospasticus k\u00f3rk\u00e9pek \u00e9s vasculitisek felismer\u00e9se, diagnosztik\u00e1ja, kezel\u00e9se.<br \/>\n10. A revascularisati\u00f3s syndroma diagnosztik\u00e1ja, kezel\u00e9se.<br \/>\n11. A thrombophili\u00e1k t\u00edpusai, sz\u0171r\u0151vizsg\u00e1latok. Korszer\u0171 anticoagulans ter\u00e1pia.<\/p>\n","protected":false},"excerpt":{"rendered":"<p>\u00c1ltal\u00e1nos \u00e9rseb\u00e9szet 1. Az art\u00e9ri\u00e1s betegs\u00e9gek epidemiol\u00f3gi\u00e1ja, etiopathol\u00f3gi\u00e1ja, rizik\u00f3faktorai. 2. A v\u00e9n\u00e1s betegs\u00e9gek epidemiol\u00f3gi\u00e1ja, etiopathol\u00f3gi\u00e1ja, rizik\u00f3faktorai. 3. Az art\u00e9ri\u00e1s betegs\u00e9gek fizik\u00e1lis vizsg\u00e1lata, konzervat\u00edv kezel\u00e9se, rizik\u00f3cs\u00f6kkent\u00e9s. 4. A v\u00e9n\u00e1s betegs\u00e9gek fizik\u00e1lis vizsg\u00e1lata, konzervat\u00edv kezel\u00e9se, rizik\u00f3cs\u00f6kkent\u00e9s. 5. A non invaz\u00edv k\u00e9palkot\u00f3 diagnosztika szerepe a pre-, peri- \u00e9s postoperativ ell\u00e1t\u00e1sban. 6. Az invaz\u00edv k\u00e9palkot\u00f3 elj\u00e1r\u00e1sok helye az \u00e9rseb\u00e9szeti &hellip;<\/p>\n","protected":false},"author":101525,"featured_media":0,"parent":280,"menu_order":0,"comment_status":"closed","ping_status":"closed","template":"","meta":{"_acf_changed":false,"footnotes":""},"categories":[],"tags":[],"class_list":["post-360","page","type-page","status-publish","hentry"],"acf":[],"_links":{"self":[{"href":"https:\/\/semmelweis.hu\/ersebeszet\/wp-json\/wp\/v2\/pages\/360","targetHints":{"allow":["GET"]}}],"collection":[{"href":"https:\/\/semmelweis.hu\/ersebeszet\/wp-json\/wp\/v2\/pages"}],"about":[{"href":"https:\/\/semmelweis.hu\/ersebeszet\/wp-json\/wp\/v2\/types\/page"}],"author":[{"embeddable":true,"href":"https:\/\/semmelweis.hu\/ersebeszet\/wp-json\/wp\/v2\/users\/101525"}],"replies":[{"embeddable":true,"href":"https:\/\/semmelweis.hu\/ersebeszet\/wp-json\/wp\/v2\/comments?post=360"}],"version-history":[{"count":1,"href":"https:\/\/semmelweis.hu\/ersebeszet\/wp-json\/wp\/v2\/pages\/360\/revisions"}],"predecessor-version":[{"id":361,"href":"https:\/\/semmelweis.hu\/ersebeszet\/wp-json\/wp\/v2\/pages\/360\/revisions\/361"}],"up":[{"embeddable":true,"href":"https:\/\/semmelweis.hu\/ersebeszet\/wp-json\/wp\/v2\/pages\/280"}],"wp:attachment":[{"href":"https:\/\/semmelweis.hu\/ersebeszet\/wp-json\/wp\/v2\/media?parent=360"}],"wp:term":[{"taxonomy":"category","embeddable":true,"href":"https:\/\/semmelweis.hu\/ersebeszet\/wp-json\/wp\/v2\/categories?post=360"},{"taxonomy":"post_tag","embeddable":true,"href":"https:\/\/semmelweis.hu\/ersebeszet\/wp-json\/wp\/v2\/tags?post=360"}],"curies":[{"name":"wp","href":"https:\/\/api.w.org\/{rel}","templated":true}]}}