{"id":280,"date":"2018-11-17T18:35:12","date_gmt":"2018-11-17T17:35:12","guid":{"rendered":"http:\/\/semmelweis.hu\/ersebeszet\/?page_id=280"},"modified":"2020-11-13T15:53:21","modified_gmt":"2020-11-13T14:53:21","slug":"postgradualis-oktatas","status":"publish","type":"page","link":"https:\/\/semmelweis.hu\/ersebeszet\/oktatas\/postgradualis-oktatas\/","title":{"rendered":"Posztgradu\u00e1lis oktat\u00e1s"},"content":{"rendered":"<p style=\"text-align: justify\">Az oktat\u00e1s s\u00falypontja a posztgradu\u00e1lis k\u00e9pz\u00e9s. 1980-ban ker\u00fclt bevezet\u00e9sre az \u00e9rseb\u00e9szeti szakvizsga. A seb\u00e9sz szakk\u00e9pes\u00edt\u00e9s megszerz\u00e9se ut\u00e1n 2 \u00e9ves, \u00fan. r\u00e1\u00e9p\u00edtett szakk\u00e9pz\u00e9ssel lehet szakvizsg\u00e1zni. 2012-t\u0151l m\u00e1r alap szakk\u00e9pes\u00edt\u00e9s megszerz\u00e9s\u00e9re is van lehet\u0151s\u00e9g. Az \u00e9rseb\u00e9sz szakorvosjel\u00f6ltek mindegyike megfordul a tansz\u00e9ken, a szakvizsg\u00e1ztat\u00e1s is itt t\u00f6rt\u00e9nik.<\/p>\n<p style=\"text-align: justify\">Az \u00e9rseb\u00e9szeti k\u00e9pz\u00e9s id\u0151tartama 72 h\u00f3nap. Benne 24 h\u00f3 t\u00f6rzsk\u00e9pz\u00e9s \u00e9s 48 h\u00f3 \u00e9rseb\u00e9szeti k\u00e9pz\u00e9s szerepel. K\u00fcl\u00f6n kiemelend\u0151, hogy a k\u00e9pz\u00e9s r\u00e9sze a 6 h\u00f3napos intervenci\u00f3s radiol\u00f3giai gyakorlat arra akkredit\u00e1lt, angiographi\u00e1s laborat\u00f3riumban. Szakvizsg\u00e1ra csak az a szakorvos jel\u00f6lt bocs\u00e1that\u00f3, aki emelt szint\u0171 sug\u00e1rv\u00e9delmi ismeretek tanfolyamot elv\u00e9gezte \u00e9s sikeres vizsg\u00e1t tett.<\/p>\n<p style=\"text-align: justify\">Az \u00e9rseb\u00e9szeti szakk\u00e9pz\u00e9s r\u00e9szletes le\u00edr\u00e1sa a 22\/2012.(IX.14.) EMMI rendeletben tal\u00e1lhat\u00f3.<\/p>\n<p style=\"text-align: justify\">Az \u00c9rseb\u00e9szeti \u00e9s Endovaszkul\u00e1ris Tansz\u00e9k akkredit\u00e1lt k\u00e9pz\u0151hely az \u00e9rseb\u00e9szeti, sz\u00edvseb\u00e9szeti, seb\u00e9szeti, traumatol\u00f3giai \u00e9s urol\u00f3giai szakorvosk\u00e9pz\u00e9sben a rezidensi rendszeren bel\u00fcl, az al\u00e1bbi szakgyakorlatok tekintet\u00e9ben akkredit\u00e1lt k\u00e9pz\u00e9si id\u0151vel:<\/p>\n<p style=\"padding-left: 40px\">sz\u00edvseb\u00e9szeti szakvizsg\u00e1hoz 3 h\u00f3nap,<\/p>\n<p style=\"padding-left: 40px\">\u00e1ltal\u00e1nos seb\u00e9sz szakvizsg\u00e1hoz 3 h\u00f3nap,<\/p>\n<p style=\"padding-left: 40px\">ortop\u00e9dia-traumatol\u00f3giai szakvizsg\u00e1hoz 2 h\u00f3nap,<\/p>\n<p style=\"padding-left: 40px\">urol\u00f3giai szakvizsg\u00e1hoz 1 h\u00f3nap.<\/p>\n<p>Bejelentkez\u00e9s szakmai gyakorlatokra: legal\u00e1bb f\u00e9l \u00e9vvel a tervezett kezd\u00e9s el\u0151tt, telefonon: +36-20-666-3227 vagy +36-1-458-6795; e-mailben: titkarsag.erseb@semmelweis-univ.hu.<\/p>\n<p>&nbsp;<\/p>\n","protected":false},"excerpt":{"rendered":"<p>Az oktat\u00e1s s\u00falypontja a posztgradu\u00e1lis k\u00e9pz\u00e9s. 1980-ban ker\u00fclt bevezet\u00e9sre az \u00e9rseb\u00e9szeti szakvizsga. A seb\u00e9sz szakk\u00e9pes\u00edt\u00e9s megszerz\u00e9se ut\u00e1n 2 \u00e9ves, \u00fan. r\u00e1\u00e9p\u00edtett szakk\u00e9pz\u00e9ssel lehet szakvizsg\u00e1zni. 2012-t\u0151l m\u00e1r alap szakk\u00e9pes\u00edt\u00e9s megszerz\u00e9s\u00e9re is van lehet\u0151s\u00e9g. Az \u00e9rseb\u00e9sz szakorvosjel\u00f6ltek mindegyike megfordul a tansz\u00e9ken, a szakvizsg\u00e1ztat\u00e1s is itt t\u00f6rt\u00e9nik. Az \u00e9rseb\u00e9szeti k\u00e9pz\u00e9s id\u0151tartama 72 h\u00f3nap. Benne 24 h\u00f3 t\u00f6rzsk\u00e9pz\u00e9s \u00e9s &hellip;<\/p>\n","protected":false},"author":191,"featured_media":0,"parent":41,"menu_order":12,"comment_status":"closed","ping_status":"closed","template":"","meta":{"_acf_changed":false,"footnotes":""},"categories":[],"tags":[],"class_list":["post-280","page","type-page","status-publish","hentry"],"acf":[],"_links":{"self":[{"href":"https:\/\/semmelweis.hu\/ersebeszet\/wp-json\/wp\/v2\/pages\/280","targetHints":{"allow":["GET"]}}],"collection":[{"href":"https:\/\/semmelweis.hu\/ersebeszet\/wp-json\/wp\/v2\/pages"}],"about":[{"href":"https:\/\/semmelweis.hu\/ersebeszet\/wp-json\/wp\/v2\/types\/page"}],"author":[{"embeddable":true,"href":"https:\/\/semmelweis.hu\/ersebeszet\/wp-json\/wp\/v2\/users\/191"}],"replies":[{"embeddable":true,"href":"https:\/\/semmelweis.hu\/ersebeszet\/wp-json\/wp\/v2\/comments?post=280"}],"version-history":[{"count":9,"href":"https:\/\/semmelweis.hu\/ersebeszet\/wp-json\/wp\/v2\/pages\/280\/revisions"}],"predecessor-version":[{"id":644,"href":"https:\/\/semmelweis.hu\/ersebeszet\/wp-json\/wp\/v2\/pages\/280\/revisions\/644"}],"up":[{"embeddable":true,"href":"https:\/\/semmelweis.hu\/ersebeszet\/wp-json\/wp\/v2\/pages\/41"}],"wp:attachment":[{"href":"https:\/\/semmelweis.hu\/ersebeszet\/wp-json\/wp\/v2\/media?parent=280"}],"wp:term":[{"taxonomy":"category","embeddable":true,"href":"https:\/\/semmelweis.hu\/ersebeszet\/wp-json\/wp\/v2\/categories?post=280"},{"taxonomy":"post_tag","embeddable":true,"href":"https:\/\/semmelweis.hu\/ersebeszet\/wp-json\/wp\/v2\/tags?post=280"}],"curies":[{"name":"wp","href":"https:\/\/api.w.org\/{rel}","templated":true}]}}