{"id":264,"date":"2018-11-17T17:50:26","date_gmt":"2018-11-17T16:50:26","guid":{"rendered":"http:\/\/semmelweis.hu\/ersebeszet\/?page_id=264"},"modified":"2020-11-16T15:00:04","modified_gmt":"2020-11-16T14:00:04","slug":"jarobeteg-ellatas","status":"publish","type":"page","link":"https:\/\/semmelweis.hu\/ersebeszet\/betegellatas\/jarobeteg-ellatas\/","title":{"rendered":"J\u00e1r\u00f3beteg ell\u00e1t\u00e1s"},"content":{"rendered":"<div class=\"responsive-tabs\">\n<h2 class=\"tabtitle\">Id\u0151pontk\u00e9r\u00e9s<\/h2>\n<div class=\"tabcontent\">\n\n<p>A Klinik\u00e1n beutal\u00f3val, el\u0151zetes id\u0151pont egyeztet\u00e9st k\u00f6vet\u0151en fogadjuk a betegeinket.<\/p>\n<p><strong>Id\u0151pontk\u00e9r\u00e9s <\/strong>a +36 1 <span style=\"font-size: 1rem\">458 6800 telefonsz\u00e1mon vagy az <\/span><u style=\"font-size: 1rem\"><a href=\"mailto:ambulanica@kardio.sote.hu\">ambulancia@kardio.sote.hu<\/a><\/u><span style=\"font-size: 1rem\"> email c\u00edmen kereszt\u00fcl lehets\u00e9ges.<\/span><\/p>\n<p>K\u00e9rj\u00fck hozza mag\u00e1val:<\/p>\n<ul>\n<li>TAJ k\u00e1rtya<\/li>\n<li>Szem\u00e9lyi igazolv\u00e1ny<\/li>\n<li>Lakc\u00edmk\u00e1rtya<\/li>\n<li>Kor\u00e1bbi orvosi leletek, z\u00e1r\u00f3jelent\u00e9sek. Amennyiben kor\u00e1bban t\u00f6rt\u00e9nt CT vagy \u00e9rfest\u00e9ses vizsg\u00e1lat, annak k\u00e9panyag\u00e1t is hozza mag\u00e1val!<\/li>\n<\/ul>\n<p><strong>Rendel\u00e9si id\u0151k<\/strong><\/p>\n<table style=\"width: 100%;height: 942px\">\n<thead>\n<tr style=\"height: 33px\">\n<td style=\"width: 20%;text-align: center;height: 33px\"><strong>h\u00e9tf\u0151<\/strong><\/td>\n<td style=\"width: 20%;text-align: center;height: 33px\"><strong>kedd<\/strong><\/td>\n<td style=\"width: 20%;text-align: center;height: 33px\"><strong>szerda<\/strong><\/td>\n<td style=\"width: 20%;text-align: center;height: 33px\"><strong>cs\u00fct\u00f6rt\u00f6k<\/strong><\/td>\n<td style=\"width: 20%;text-align: center;height: 33px\"><strong>p\u00e9ntek<\/strong><\/td>\n<\/tr>\n<\/thead>\n<tbody>\n<tr style=\"height: 33px\">\n<td style=\"background-color: #d5e1e3;text-align: center;height: 33px\" colspan=\"5\"><strong>I. rendel\u0151<\/strong><\/td>\n<\/tr>\n<tr style=\"height: 173px\">\n<td style=\"height: 173px\"><strong>Dr. Legeza P\u00e9ter<\/strong><br \/>\n8:00-9:45<\/td>\n<td style=\"height: 173px\"><strong>Dr.\u00a0Laczk\u00f3 \u00c1gnes<\/strong><br \/>\n9:00-11:45<\/td>\n<td style=\"height: 173px\">\n<p><strong>Dr. Krist\u00f3f Vera<\/strong> (p\u00e1ros h\u00e9t)<br \/>\n<strong>Dr. Berencsi Anik\u00f3<\/strong> (p\u00e1ratlan h\u00e9t)<br \/>\n9:00-12:15<\/p>\n<\/td>\n<td style=\"height: 173px\"><strong>Prof. Acs\u00e1dy Gy\u00f6rgy<\/strong><br \/>\n9:00-12:00<\/td>\n<td style=\"height: 173px\"><strong>Dr. Krist\u00f3f Vera<\/strong><br \/>\n9:00-13:45<\/td>\n<\/tr>\n<tr style=\"height: 63px\">\n<td style=\"height: 63px\"><strong>Dr. Berencsi Anik\u00f3<\/strong><br \/>\n10:00-14:15<\/td>\n<td style=\"height: 63px\">\u00a0<\/td>\n<td style=\"height: 63px\"><strong>Dr. Juh\u00e1sz Vikt\u00f3ria<\/strong><br \/>\n12:30-15:30<\/td>\n<td style=\"height: 63px\"><strong>Dr. Garbaisz D\u00e1vid<\/strong><br \/>\n12:00-14:45<\/td>\n<td style=\"height: 63px\">\u00a0<\/td>\n<\/tr>\n<tr style=\"height: 33px\">\n<td style=\"background-color: #d5e1e3;text-align: center;height: 33px\" colspan=\"5\"><strong>II. rendel\u0151<\/strong><\/td>\n<\/tr>\n<tr style=\"height: 93px\">\n<td style=\"height: 93px\"><strong>Dr.\u00a0Banga P\u00e9ter<\/strong><br \/>\n9:00-12:00<\/td>\n<td style=\"height: 93px\"><strong>Dr.\u00a0Szab\u00f3 G\u00e1bor<\/strong><br \/>\n9:00-14:00<\/td>\n<td style=\"height: 93px\"><strong>\u00c9rseb\u00e9szeti \u00fajbeteg ambulancia<\/strong><br \/>\n9:00-16:00<\/td>\n<td style=\"height: 93px\"><strong>Dr. S\u00f3tonyi P\u00e9ter<\/strong><br \/>\n9:00-12:00<\/td>\n<td style=\"height: 93px\">\u00a0<\/td>\n<\/tr>\n<tr style=\"height: 93px\">\n<td style=\"height: 93px\"><strong>Dr. J\u00e1r\u00e1nyi Zsuzsa<\/strong> \/ Semmelweis kft.<br \/>\n13:00-17:00<\/td>\n<td style=\"height: 93px\"><strong>Dr. Hidi L\u00e1szl\u00f3\u00a0<\/strong><br \/>\n14:15-16:00\u00a0<\/td>\n<td style=\"height: 93px\">\u00a0<\/td>\n<td style=\"height: 93px\">\u00a0<\/td>\n<td style=\"height: 93px\"><strong>Dr. P\u00e1l D\u00e1niel<\/strong><br \/>\n13:30-14:45<\/td>\n<\/tr>\n<tr style=\"height: 33px\">\n<td style=\"background-color: #d5e1e3;text-align: center;height: 33px\" colspan=\"5\">\u00a0<\/td>\n<\/tr>\n<tr style=\"height: 63px\">\n<td style=\"height: 63px\">\u00a0<\/td>\n<td style=\"height: 63px\"><strong>Dr. Nagy Zsuzsa<\/strong><br \/>\n9:00-13:00<\/td>\n<td style=\"height: 63px\"><strong>\u00a0Dr. Szeberin Zolt\u00e1n<\/strong><br \/>\n9:00-12:00<\/td>\n<td style=\"height: 63px\">\u00a0<\/td>\n<td style=\"height: 63px\">\u00a0<\/td>\n<\/tr>\n<tr style=\"height: 63px\">\n<td style=\"height: 63px\"><strong>Dr. Szatai Lilla<\/strong><br \/>\n14:00-16:00<\/td>\n<td style=\"height: 63px\"><strong>Prof. Dr. Entz L\u00e1szl\u00f3<\/strong><br \/>\n13:00-15:00\u00a0<\/td>\n<td style=\"height: 63px\">\u00a0<\/td>\n<td style=\"height: 63px\">\u00a0<\/td>\n<td style=\"height: 63px\"><strong>Dr. Mih\u00e1ly Zsuzsanna<\/strong><br \/>\n13:00-15:00<\/td>\n<\/tr>\n<tr style=\"height: 33px\">\n<td style=\"background-color: #d5e1e3;text-align: center;height: 33px\" colspan=\"5\"><strong>IV. rendel\u0151<\/strong><\/td>\n<\/tr>\n<tr style=\"height: 163px\">\n<td style=\"height: 163px\">\n<p><strong>Ultrahang<\/strong><br \/>\n8:30-18:00<\/p>\n<\/td>\n<td style=\"height: 163px\">\n<p><strong>Ultrahang<\/strong><br \/>\n8:30-18:00<\/p>\n<\/td>\n<td style=\"height: 163px\">\n<p><strong>Ultrahang<\/strong><br \/>\n8:30-12:00<\/p>\n<p><strong>Dr. D\u00f3sa Edit<\/strong><br \/>\n12:00-16:00<\/p>\n<\/td>\n<td style=\"height: 163px\">\n<p><strong>Ultrahang<\/strong><br \/>\n8:30-18:00<\/p>\n<\/td>\n<td style=\"height: 163px\">\n<p><strong>Ultrahang<\/strong><br \/>\n8:30-18:00<\/p>\n<\/td>\n<\/tr>\n<tr style=\"height: 33px\">\n<td style=\"background-color: #d5e1e3;text-align: center;height: 33px\" colspan=\"5\">\u00a0<\/td>\n<\/tr>\n<tr style=\"height: 33px\">\n<td style=\"height: 33px\">\u00a0<\/td>\n<td style=\"height: 33px\">\u00a0<\/td>\n<td style=\"height: 33px\">\u00a0<\/td>\n<td style=\"height: 33px\">\u00a0<\/td>\n<td style=\"height: 33px\">\u00a0<\/td>\n<\/tr>\n<\/tbody>\n<\/table>\n<p>&nbsp;<\/p>\n<p>&nbsp;<\/p>\n","protected":false},"excerpt":{"rendered":"<p>\u00a0 A Klinik\u00e1n beutal\u00f3val, el\u0151zetes id\u0151pont egyeztet\u00e9st k\u00f6vet\u0151en fogadjuk a betegeinket. Id\u0151pontk\u00e9r\u00e9s a +36 1 458 6800 telefonsz\u00e1mon vagy az <a href=\"mailto:ambulanica@kardio.sote.hu\">ambulancia@kardio.sote.hu<\/a> email c\u00edmen kereszt\u00fcl lehets\u00e9ges. K\u00e9rj\u00fck hozza mag\u00e1val: TAJ k\u00e1rtya Szem\u00e9lyi igazolv\u00e1ny Lakc\u00edmk\u00e1rtya Kor\u00e1bbi orvosi leletek, z\u00e1r\u00f3jelent\u00e9sek. Amennyiben kor\u00e1bban t\u00f6rt\u00e9nt CT vagy \u00e9rfest\u00e9ses vizsg\u00e1lat, annak k\u00e9panyag\u00e1t is hozza mag\u00e1val! Rendel\u00e9si id\u0151k h\u00e9tf\u0151 kedd szerda cs\u00fct\u00f6rt\u00f6k p\u00e9ntek &hellip;<\/p>\n","protected":false},"author":191,"featured_media":0,"parent":262,"menu_order":2,"comment_status":"closed","ping_status":"closed","template":"","meta":{"_acf_changed":false,"footnotes":""},"categories":[],"tags":[],"class_list":["post-264","page","type-page","status-publish","hentry"],"acf":[],"_links":{"self":[{"href":"https:\/\/semmelweis.hu\/ersebeszet\/wp-json\/wp\/v2\/pages\/264","targetHints":{"allow":["GET"]}}],"collection":[{"href":"https:\/\/semmelweis.hu\/ersebeszet\/wp-json\/wp\/v2\/pages"}],"about":[{"href":"https:\/\/semmelweis.hu\/ersebeszet\/wp-json\/wp\/v2\/types\/page"}],"author":[{"embeddable":true,"href":"https:\/\/semmelweis.hu\/ersebeszet\/wp-json\/wp\/v2\/users\/191"}],"replies":[{"embeddable":true,"href":"https:\/\/semmelweis.hu\/ersebeszet\/wp-json\/wp\/v2\/comments?post=264"}],"version-history":[{"count":10,"href":"https:\/\/semmelweis.hu\/ersebeszet\/wp-json\/wp\/v2\/pages\/264\/revisions"}],"predecessor-version":[{"id":672,"href":"https:\/\/semmelweis.hu\/ersebeszet\/wp-json\/wp\/v2\/pages\/264\/revisions\/672"}],"up":[{"embeddable":true,"href":"https:\/\/semmelweis.hu\/ersebeszet\/wp-json\/wp\/v2\/pages\/262"}],"wp:attachment":[{"href":"https:\/\/semmelweis.hu\/ersebeszet\/wp-json\/wp\/v2\/media?parent=264"}],"wp:term":[{"taxonomy":"category","embeddable":true,"href":"https:\/\/semmelweis.hu\/ersebeszet\/wp-json\/wp\/v2\/categories?post=264"},{"taxonomy":"post_tag","embeddable":true,"href":"https:\/\/semmelweis.hu\/ersebeszet\/wp-json\/wp\/v2\/tags?post=264"}],"curies":[{"name":"wp","href":"https:\/\/api.w.org\/{rel}","templated":true}]}}