{"id":255,"date":"2018-11-17T17:38:07","date_gmt":"2018-11-17T16:38:07","guid":{"rendered":"http:\/\/semmelweis.hu\/ersebeszet\/?page_id=255"},"modified":"2020-11-12T13:31:09","modified_gmt":"2020-11-12T12:31:09","slug":"alapitvany","status":"publish","type":"page","link":"https:\/\/semmelweis.hu\/ersebeszet\/magunkrol\/alapitvany\/","title":{"rendered":"Alap\u00edtv\u00e1ny"},"content":{"rendered":"<p><strong>V\u00e1rosmajori Alap\u00edtv\u00e1ny az \u00c9r- \u00e9s Sz\u00edvbetegek\u00e9rt<\/strong><\/p>\n<ul style=\"list-style-type: circle\">\n<li>1122 Budapest, V\u00e1rosmajor u. 68.<\/li>\n<li>Ad\u00f3sz\u00e1m: 18006788-1-43<\/li>\n<li>Sz\u00e1mlavezet\u0151: OTP Budapest XII.ker. B\u00f6sz\u00f6rm\u00e9nyi \u00fat 9-11.<\/li>\n<li>Sz\u00e1mlasz\u00e1m: 11712004-20132826<\/li>\n<\/ul>\n<p><strong>K\u00e9rj\u00fck t\u00e1mogassa \u00d6n is az alap\u00edtv\u00e1nyunk c\u00e9ljait!<\/strong><\/p>\n<p style=\"text-align: justify\">K\u00f6zhaszn\u00fa alap\u00edtv\u00e1nyunk c\u00e9lja t\u00e1mogat\u00e1sny\u00fajt\u00e1s biztos\u00edt\u00e1sa sz\u00edv- \u00e9s \u00e9rbetegs\u00e9gben szenved\u0151 betegeink eredm\u00e9nyes kezel\u00e9s\u00e9hez, valamint az eg\u00e9szs\u00e9g\u00fcgyi felt\u00e9telek \u00e9s a k\u00f6zrem\u0171k\u00f6d\u0151 orvosok gy\u00f3gy\u00edt\u00f3-tudom\u00e1nyos tev\u00e9kenys\u00e9geinek jav\u00edt\u00e1s\u00e1hoz, k\u00fcl\u00f6n\u00f6s tekintettel az al\u00e1bbi szempontokra:<\/p>\n<ul>\n<li style=\"text-align: justify\">a magas sz\u00ednvonal\u00fa orvosi kezel\u00e9shez n\u00e9lk\u00fcl\u00f6zhetetlen hazai \u00e9s k\u00fclf\u00f6ldi tudom\u00e1nyos tev\u00e9kenys\u00e9gek t\u00e1mogat\u00e1sa, \u00faj m\u00f3dszerek bevezet\u00e9s\u00e9re \u00f6szt\u00f6nd\u00edjasok p\u00e1rtfogol\u00e1sa, valamint tudom\u00e1nyos tal\u00e1lkoz\u00f3kon val\u00f3 r\u00e9szv\u00e9telhez seg\u00edts\u00e9gny\u00fajt\u00e1sa,<\/li>\n<li style=\"text-align: justify\">m\u00e1s forr\u00e1sb\u00f3l nem beszerezhet\u0151, a kezel\u00e9shez sz\u00fcks\u00e9ges \u00e9s a magas sz\u00ednvonal\u00fa betegell\u00e1t\u00e1shoz elengedhetetlen anyagok, diagnosztikai berendez\u00e9sek \u00e9s egy\u00e9b m\u0171szerek beszerz\u00e9se,<\/li>\n<li style=\"text-align: justify\">olyan koll\u00e9g\u00e1k t\u00e1mogat\u00e1sa, akik k\u00fcl\u00f6nb\u00f6z\u0151 okokn\u00e1l fogva k\u00e9nytelenek orvosi tev\u00e9kenys\u00e9g\u00fckkel felhagyni, valamint olyan koll\u00e9g\u00e1k t\u00e1mogat\u00e1sa, akik tanulm\u00e1nyaik befejez\u00e9s\u00e9hez seg\u00edts\u00e9gre szorulnak.<\/li>\n<\/ul>\n<p><a href=\"http:\/\/varosmajorialapitvany.hu\/\" target=\"_blank\" rel=\"noopener noreferrer\">Tov\u00e1bb az Alap\u00edtv\u00e1ny honlapj\u00e1ra \u2192<\/a><\/p>\n","protected":false},"excerpt":{"rendered":"<p>K\u00f6zhaszn\u00fa alap\u00edtv\u00e1nyunk c\u00e9lja t\u00e1mogat\u00e1s ny\u00fajt\u00e1s biztos\u00edt\u00e1sa a sz\u00edv- \u00e9s \u00e9rbetegs\u00e9gben szenved\u0151 betegeink eredm\u00e9nyes kezel\u00e9s\u00e9hez, valamint az eg\u00e9szs\u00e9g\u00fcgyi felt\u00e9telek \u00e9s a k\u00f6zrem\u0171k\u00f6d\u0151 orvosok gy\u00f3gy\u00edt\u00f3-tudom\u00e1nyos tev\u00e9kenys\u00e9geinek jav\u00edt\u00e1s\u00e1hoz.<\/p>\n<p><strong>K\u00e9rj\u00fck t\u00e1mogassa \u00d6n is az alap\u00edtv\u00e1nyunk c\u00e9ljait!<\/strong><\/p>\n","protected":false},"author":191,"featured_media":34,"parent":246,"menu_order":6,"comment_status":"closed","ping_status":"closed","template":"","meta":{"_acf_changed":false,"footnotes":""},"categories":[],"tags":[],"class_list":["post-255","page","type-page","status-publish","has-post-thumbnail","hentry"],"acf":[],"_links":{"self":[{"href":"https:\/\/semmelweis.hu\/ersebeszet\/wp-json\/wp\/v2\/pages\/255","targetHints":{"allow":["GET"]}}],"collection":[{"href":"https:\/\/semmelweis.hu\/ersebeszet\/wp-json\/wp\/v2\/pages"}],"about":[{"href":"https:\/\/semmelweis.hu\/ersebeszet\/wp-json\/wp\/v2\/types\/page"}],"author":[{"embeddable":true,"href":"https:\/\/semmelweis.hu\/ersebeszet\/wp-json\/wp\/v2\/users\/191"}],"replies":[{"embeddable":true,"href":"https:\/\/semmelweis.hu\/ersebeszet\/wp-json\/wp\/v2\/comments?post=255"}],"version-history":[{"count":7,"href":"https:\/\/semmelweis.hu\/ersebeszet\/wp-json\/wp\/v2\/pages\/255\/revisions"}],"predecessor-version":[{"id":588,"href":"https:\/\/semmelweis.hu\/ersebeszet\/wp-json\/wp\/v2\/pages\/255\/revisions\/588"}],"up":[{"embeddable":true,"href":"https:\/\/semmelweis.hu\/ersebeszet\/wp-json\/wp\/v2\/pages\/246"}],"wp:featuredmedia":[{"embeddable":true,"href":"https:\/\/semmelweis.hu\/ersebeszet\/wp-json\/wp\/v2\/media\/34"}],"wp:attachment":[{"href":"https:\/\/semmelweis.hu\/ersebeszet\/wp-json\/wp\/v2\/media?parent=255"}],"wp:term":[{"taxonomy":"category","embeddable":true,"href":"https:\/\/semmelweis.hu\/ersebeszet\/wp-json\/wp\/v2\/categories?post=255"},{"taxonomy":"post_tag","embeddable":true,"href":"https:\/\/semmelweis.hu\/ersebeszet\/wp-json\/wp\/v2\/tags?post=255"}],"curies":[{"name":"wp","href":"https:\/\/api.w.org\/{rel}","templated":true}]}}