{"id":246,"date":"2018-11-17T17:25:33","date_gmt":"2018-11-17T16:25:33","guid":{"rendered":"http:\/\/semmelweis.hu\/ersebeszet\/?page_id=246"},"modified":"2023-04-14T09:54:01","modified_gmt":"2023-04-14T07:54:01","slug":"magunkrol","status":"publish","type":"page","link":"https:\/\/semmelweis.hu\/ersebeszet\/magunkrol\/","title":{"rendered":"A tansz\u00e9kr\u0151l"},"content":{"rendered":"<p style=\"text-align: justify;\"><a href=\"https:\/\/semmelweis.hu\/ersebeszet\/files\/2019\/10\/RS16650_erseb-scr.jpg\"><img loading=\"lazy\" decoding=\"async\" class=\"alignright wp-image-320\" src=\"https:\/\/semmelweis.hu\/ersebeszet\/files\/2019\/10\/RS16650_erseb-scr.jpg\" alt=\"\" width=\"267\" height=\"401\" srcset=\"https:\/\/semmelweis.hu\/ersebeszet\/files\/2019\/10\/RS16650_erseb-scr.jpg 500w, https:\/\/semmelweis.hu\/ersebeszet\/files\/2019\/10\/RS16650_erseb-scr-200x300.jpg 200w\" sizes=\"auto, (max-width: 267px) 100vw, 267px\" \/><\/a>A SE \u00c9rseb\u00e9szeti \u00e9s Endovaszkul\u00e1ris Tansz\u00e9k a V\u00e1rosmajori Sz\u00edv- \u00e9s \u00c9rgy\u00f3gy\u00e1szati Klinika r\u00e9szek\u00e9nt vesz r\u00e9szt a region\u00e1lis \u00e9s orsz\u00e1gos \u00e9rseb\u00e9szeti ell\u00e1t\u00e1sban. Az orsz\u00e1g legnagyobb \u00e9rseb\u00e9szeti oszt\u00e1lya az \u00e9rbetegs\u00e9gek teljes palett\u00e1j\u00e1nak ell\u00e1t\u00e1s\u00e1ra felk\u00e9sz\u00fclt. Az oszt\u00e1ly munk\u00e1j\u00e1t intervenci\u00f3s radiol\u00f3giai r\u00e9szleg t\u00e1mogatja.<\/p>\n<p style=\"text-align: justify;\">A Semmelweis Egyetem r\u00e9szek\u00e9nt a IV. \u00e9ves medikusok kardiol\u00f3gia-angiol\u00f3gia tant\u00e1rgy oktat\u00e1s\u00e1ban vesz\u00fcnk r\u00e9szt, illetve minden VI. \u00e9vfolyamos medikus a seb\u00e9szet gyakorlat keret\u00e9n bel\u00fcl 1 hetes \u00e9rseb\u00e9szeti gyakorlatot t\u00f6lt n\u00e1lunk.<\/p>\n<p style=\"text-align: justify;\">Oktat\u00e1sunk m\u00e1sik s\u00falypontja a posztgradu\u00e1lis k\u00e9pz\u00e9s. A hazai \u00e9rseb\u00e9sz szakorvosjel\u00f6ltek csaknem mindegyike megfordul a klinik\u00e1n. Ebb\u0151l a diszciplin\u00e1b\u00f3l szakvizsga jelenleg csak itt szerezhet\u0151. Az oktat\u00e1si tev\u00e9kenys\u00e9get kieg\u00e9sz\u00edti tov\u00e1bb\u00e1 a ny\u00e1ri gyakorlatok tart\u00e1sa, szigorl\u00f3k foglalkoztat\u00e1sa, m\u00e1s szakm\u00e1k, pl. \u00e1ltal\u00e1nos seb\u00e9szek, urol\u00f3gusok, traumatol\u00f3gusok \u00e9rseb\u00e9szeti gyakorlata, rektori p\u00e1ly\u00e1zatok \u00e9s szakdolgozatok elb\u00edr\u00e1l\u00e1sa \u00e9s v\u00e9d\u00e9se, TDK \u00e9s PhD hallgat\u00f3k k\u00e9pz\u00e9se, n\u0151v\u00e9rtov\u00e1bbk\u00e9pz\u00e9s. Oktatunk n\u00e9met \u00e9s angol nyelven is.<\/p>\n","protected":false},"excerpt":{"rendered":"<p>A k\u00e9t \u00e9rseb\u00e9szeti oszt\u00e1ly munk\u00e1j\u00e1t vascularis radiol\u00f3giai r\u00e9szleg seg\u00edti. A gy\u00f3gy\u00edt\u00f3 munka 55 \u00e1gyon folyik. A budapesti akut \u00e9rseb\u00e9szeti \u00fcgyeletben heti 2 alkalommal vesznek r\u00e9szt. Az 1952-ben elv\u00e9gzett art\u00e9ria poplitea m\u0171anyag rekonstrukci\u00f3 \u00f3ta napjainkra a rekonstrukt\u00edv \u00e9rm\u0171t\u00e9tek \u00e9ves sz\u00e1ma a 1800-at meghaladja. A hazai art\u00e9ri\u00e1s \u00e9rm\u0171t\u00e9tek 18%-a, az aneurysma m\u0171t\u00e9tek 33%-a, a carotis rekonstrukci\u00f3k 25%-a t\u00f6rt\u00e9nik a klinik\u00e1n. Az ambulanci\u00e1k \u00e9ves forgalma k\u00f6zel 20 000 vizsg\u00e1lat. A IV. \u00e9ves medikusokat seb\u00e9szeti propedeutik\u00e1ra, az V. \u00e9veseket \u00e9rseb\u00e9szetre oktatj\u00e1k. Minden VI. \u00e9vfolyamos medikus 1 hetes \u00e9rseb\u00e9szeti gyakorlatot t\u00f6lt a klinik\u00e1n. Az oktat\u00e1s s\u00falypontja a posztgradu\u00e1lis k\u00e9pz\u00e9s. Az \u00e9rseb\u00e9sz szakorvosjel\u00f6ltek mindegyike megfordul a klinik\u00e1n.<\/p>\n","protected":false},"author":191,"featured_media":221,"parent":0,"menu_order":0,"comment_status":"closed","ping_status":"closed","template":"","meta":{"_acf_changed":false,"footnotes":""},"categories":[],"tags":[],"class_list":["post-246","page","type-page","status-publish","has-post-thumbnail","hentry"],"acf":[],"_links":{"self":[{"href":"https:\/\/semmelweis.hu\/ersebeszet\/wp-json\/wp\/v2\/pages\/246","targetHints":{"allow":["GET"]}}],"collection":[{"href":"https:\/\/semmelweis.hu\/ersebeszet\/wp-json\/wp\/v2\/pages"}],"about":[{"href":"https:\/\/semmelweis.hu\/ersebeszet\/wp-json\/wp\/v2\/types\/page"}],"author":[{"embeddable":true,"href":"https:\/\/semmelweis.hu\/ersebeszet\/wp-json\/wp\/v2\/users\/191"}],"replies":[{"embeddable":true,"href":"https:\/\/semmelweis.hu\/ersebeszet\/wp-json\/wp\/v2\/comments?post=246"}],"version-history":[{"count":10,"href":"https:\/\/semmelweis.hu\/ersebeszet\/wp-json\/wp\/v2\/pages\/246\/revisions"}],"predecessor-version":[{"id":757,"href":"https:\/\/semmelweis.hu\/ersebeszet\/wp-json\/wp\/v2\/pages\/246\/revisions\/757"}],"wp:featuredmedia":[{"embeddable":true,"href":"https:\/\/semmelweis.hu\/ersebeszet\/wp-json\/wp\/v2\/media\/221"}],"wp:attachment":[{"href":"https:\/\/semmelweis.hu\/ersebeszet\/wp-json\/wp\/v2\/media?parent=246"}],"wp:term":[{"taxonomy":"category","embeddable":true,"href":"https:\/\/semmelweis.hu\/ersebeszet\/wp-json\/wp\/v2\/categories?post=246"},{"taxonomy":"post_tag","embeddable":true,"href":"https:\/\/semmelweis.hu\/ersebeszet\/wp-json\/wp\/v2\/tags?post=246"}],"curies":[{"name":"wp","href":"https:\/\/api.w.org\/{rel}","templated":true}]}}