{"id":8786,"date":"2026-05-09T11:21:14","date_gmt":"2026-05-09T09:21:14","guid":{"rendered":"https:\/\/semmelweis.hu\/eok\/?page_id=8786"},"modified":"2026-05-09T11:22:45","modified_gmt":"2026-05-09T09:22:45","slug":"textil-raktar","status":"publish","type":"page","link":"https:\/\/semmelweis.hu\/eok\/hu\/szolgaltatasok\/textil-raktar\/","title":{"rendered":"Textil rakt\u00e1r"},"content":{"rendered":"<p>Megtal\u00e1lhat\u00f3 a -1. szinten, az \u2018A\u2019 folyos\u00f3n kereszt\u00fcl<br \/>\nNyitvatart\u00e1s: keddenk\u00e9nt 9:30-11:30 \u00f3ra k\u00f6z\u00f6tt, kiz\u00e1r\u00f3lag az <a href=\"https:\/\/semmelweis.hu\/elettan\/\">\u00c9lettani Int\u00e9zet,\u00a0<\/a><a href=\"http:\/\/biofiz.semmelweis.hu\/\">Biofizikai \u00e9s Sug\u00e1rbiol\u00f3giai Int\u00e9zet,\u00a0<\/a><a href=\"https:\/\/semmelweis.hu\/orvosi-vegytan\/\">Molekul\u00e1ris Biol\u00f3giai Tansz\u00e9k<\/a> munkat\u00e1rsai sz\u00e1m\u00e1ra;\u00a0<br \/>\nszerd\u00e1nk\u00e9nt 9:30-11:30 \u00f3ra k\u00f6z\u00f6tt, kiz\u00e1r\u00f3lag a <a href=\"https:\/\/semmelweis.hu\/biokemia\/\">Biok\u00e9miai Tansz\u00e9k,\u00a0<\/a><a href=\"https:\/\/semmelweis.hu\/transzlacios-medicina\/\">Klinikai K\u00f3r\u00e9lettani Int\u00e9zet<\/a> munkat\u00e1rsai sz\u00e1m\u00e1ra.<\/p>\n<p>K\u00f6penyt a szervezeti egys\u00e9gek munkat\u00e1rsai adhatnak le, vehetnek fel, bel\u00e9p\u00e9si enged\u00e9ly k\u00e1rtya bemutat\u00e1s\u00e1val. Hallgat\u00f3knak erre nincs lehet\u0151s\u00e9g!<\/p>\n","protected":false},"excerpt":{"rendered":"<p>Megtal\u00e1lhat\u00f3 a -1. szinten, az \u2018A\u2019 folyos\u00f3n kereszt\u00fcl<br \/>\nNyitvatart\u00e1s: keddenk\u00e9nt 9:30-11:30 \u00f3ra k\u00f6z\u00f6tt, kiz\u00e1r\u00f3lag az <a href=\"https:\/\/semmelweis.hu\/elettan\/\">\u00c9lettani Int\u00e9zet,\u00a0<\/a><a href=\"http:\/\/biofiz.semmelweis.hu\/\">Biofizikai \u00e9s Sug\u00e1rbiol\u00f3giai Int\u00e9zet,\u00a0<\/a><a href=\"https:\/\/semmelweis.hu\/orvosi-vegytan\/\">Molekul\u00e1ris Biol\u00f3giai Tansz\u00e9k<\/a> munkat\u00e1rsai sz\u00e1m\u00e1ra;\u00a0<br \/>\nszerd\u00e1nk\u00e9nt 9:30-11:30 \u00f3ra k\u00f6z\u00f6tt, kiz\u00e1r\u00f3lag a <a href=\"https:\/\/semmelweis.hu\/biokemia\/\">Biok\u00e9miai Tansz\u00e9k,\u00a0<\/a><a href=\"https:\/\/semmelweis.hu\/transzlacios-medicina\/\">Klinikai K\u00f3r\u00e9lettani Int\u00e9zet<\/a> munkat\u00e1rsai sz\u00e1m\u00e1ra.<br \/>\nK\u00f6penyt a szervezeti egys\u00e9gek munkat\u00e1rsai adhatnak le, vehetnek fel, bel\u00e9p\u00e9si enged\u00e9ly k\u00e1rtya bemutat\u00e1s\u00e1val. Hallgat\u00f3knak erre nincs lehet\u0151s\u00e9g!<\/p>\n","protected":false},"author":282,"featured_media":0,"parent":3414,"menu_order":8,"comment_status":"closed","ping_status":"closed","template":"","meta":{"_acf_changed":false,"footnotes":""},"categories":[],"tags":[],"class_list":["post-8786","page","type-page","status-publish","hentry"],"acf":[],"_links":{"self":[{"href":"https:\/\/semmelweis.hu\/eok\/wp-json\/wp\/v2\/pages\/8786","targetHints":{"allow":["GET"]}}],"collection":[{"href":"https:\/\/semmelweis.hu\/eok\/wp-json\/wp\/v2\/pages"}],"about":[{"href":"https:\/\/semmelweis.hu\/eok\/wp-json\/wp\/v2\/types\/page"}],"author":[{"embeddable":true,"href":"https:\/\/semmelweis.hu\/eok\/wp-json\/wp\/v2\/users\/282"}],"replies":[{"embeddable":true,"href":"https:\/\/semmelweis.hu\/eok\/wp-json\/wp\/v2\/comments?post=8786"}],"version-history":[{"count":1,"href":"https:\/\/semmelweis.hu\/eok\/wp-json\/wp\/v2\/pages\/8786\/revisions"}],"predecessor-version":[{"id":8787,"href":"https:\/\/semmelweis.hu\/eok\/wp-json\/wp\/v2\/pages\/8786\/revisions\/8787"}],"up":[{"embeddable":true,"href":"https:\/\/semmelweis.hu\/eok\/wp-json\/wp\/v2\/pages\/3414"}],"wp:attachment":[{"href":"https:\/\/semmelweis.hu\/eok\/wp-json\/wp\/v2\/media?parent=8786"}],"wp:term":[{"taxonomy":"category","embeddable":true,"href":"https:\/\/semmelweis.hu\/eok\/wp-json\/wp\/v2\/categories?post=8786"},{"taxonomy":"post_tag","embeddable":true,"href":"https:\/\/semmelweis.hu\/eok\/wp-json\/wp\/v2\/tags?post=8786"}],"curies":[{"name":"wp","href":"https:\/\/api.w.org\/{rel}","templated":true}]}}