{"id":86,"date":"2013-10-24T09:38:42","date_gmt":"2013-10-24T07:38:42","guid":{"rendered":"http:\/\/semmelweis-egyetem.hu\/eok\/?page_id=86"},"modified":"2023-09-29T08:23:58","modified_gmt":"2023-09-29T06:23:58","slug":"kapcsolat","status":"publish","type":"page","link":"https:\/\/semmelweis.hu\/eok\/hu\/kapcsolat\/","title":{"rendered":"Kapcsolat"},"content":{"rendered":"<p><strong>K\u00f6zponti recepci\u00f3 telefonsz\u00e1ma: +36-20-666-0000<span style=\"color: #ff0000\">* <span style=\"color: #000000\">(Bels\u0151 mell\u00e9k: 60000)<\/span><\/span><\/strong><\/p>\n<p>C\u00edm\u00fcnk: 1094 Budapest, T\u0171zolt\u00f3 utca 37-47.<\/p>\n<p>\u00c9p\u00fclet nyitva tart\u00e1si ideje: 7:00-22:00.<br \/>\nAz \u00e9p\u00fcletben m\u0171k\u00f6d\u0151 szolg\u00e1ltat\u00e1sok nyitvatart\u00e1si ideje a Szolg\u00e1ltat\u00e1sok men\u00fcponton bel\u00fcl az adott szolg\u00e1ltat\u00f3n\u00e1l olvashat\u00f3.<\/p>\n<p><strong><span style=\"color: #000000\">Az EOK \u00e9p\u00fclet\u00e9vel kapcsolatban az al\u00e1bbi email c\u00edmekre \u00edrhat:<\/span><\/strong><\/p>\n<ul>\n<li><strong>T\u00f6mbigazgat\u00f3s\u00e1g: tombigazgato.eok@semmelweis-univ.hu<\/strong><\/li>\n<li><strong>Rendezv\u00e9nyszervez\u00e9s: rendezveny.eok@semmelweis.hu<\/strong><\/li>\n<li><strong>Support, hibabejelent\u00e9s: support.eok@semmelweis.hu<\/strong><\/li>\n<li><strong>EOK weboldal: csokonai.daniel@semmelweis.hu<\/strong><\/li>\n<\/ul>\n<hr \/>\n<p><span style=\"color: #ff0000\">*=T\u00e1j\u00e9koztatjuk \u00d6n\u00f6ket, hogy 2017.04.01.-t\u0151l az EOK k\u00f6zponti recepci\u00f3j\u00e1nak telefonsz\u00e1m\u00e1n (+36-20-666-0000; Bels\u0151 mell\u00e9k: 60 000) bonyol\u00edtott besz\u00e9lget\u00e9sek r\u00f6gz\u00edt\u00e9sre ker\u00fclnek. A hangfelv\u00e9telt kiz\u00e1r\u00f3lag a vit\u00e1s helyzetek tiszt\u00e1z\u00e1s\u00e1ra haszn\u00e1ljuk fel.<\/span><\/p>\n","protected":false},"excerpt":{"rendered":"<p>K\u00f6zponti recepci\u00f3 telefonsz\u00e1ma: +36-20-666-0000* (Bels\u0151 mell\u00e9k: 60000) C\u00edm\u00fcnk: 1094 Budapest, T\u0171zolt\u00f3 utca 37-47. \u00c9p\u00fclet nyitva tart\u00e1si ideje: 7:00-22:00. Az \u00e9p\u00fcletben m\u0171k\u00f6d\u0151 szolg\u00e1ltat\u00e1sok nyitvatart\u00e1si ideje a Szolg\u00e1ltat\u00e1sok men\u00fcponton bel\u00fcl az adott szolg\u00e1ltat\u00f3n\u00e1l olvashat\u00f3. Az EOK \u00e9p\u00fclet\u00e9vel kapcsolatban az al\u00e1bbi email c\u00edmekre \u00edrhat: T\u00f6mbigazgat\u00f3s\u00e1g: tombigazgato.eok@semmelweis-univ.hu Rendezv\u00e9nyszervez\u00e9s: rendezveny.eok@semmelweis.hu Support, hibabejelent\u00e9s: support.eok@semmelweis.hu EOK weboldal: csokonai.daniel@semmelweis.hu *=T\u00e1j\u00e9koztatjuk \u00d6n\u00f6ket, hogy 2017.04.01.-t\u0151l &hellip;<\/p>\n","protected":false},"author":282,"featured_media":0,"parent":0,"menu_order":8,"comment_status":"closed","ping_status":"closed","template":"","meta":{"_acf_changed":false,"footnotes":""},"categories":[],"tags":[],"class_list":["post-86","page","type-page","status-publish","hentry"],"acf":[],"_links":{"self":[{"href":"https:\/\/semmelweis.hu\/eok\/wp-json\/wp\/v2\/pages\/86","targetHints":{"allow":["GET"]}}],"collection":[{"href":"https:\/\/semmelweis.hu\/eok\/wp-json\/wp\/v2\/pages"}],"about":[{"href":"https:\/\/semmelweis.hu\/eok\/wp-json\/wp\/v2\/types\/page"}],"author":[{"embeddable":true,"href":"https:\/\/semmelweis.hu\/eok\/wp-json\/wp\/v2\/users\/282"}],"replies":[{"embeddable":true,"href":"https:\/\/semmelweis.hu\/eok\/wp-json\/wp\/v2\/comments?post=86"}],"version-history":[{"count":11,"href":"https:\/\/semmelweis.hu\/eok\/wp-json\/wp\/v2\/pages\/86\/revisions"}],"predecessor-version":[{"id":6542,"href":"https:\/\/semmelweis.hu\/eok\/wp-json\/wp\/v2\/pages\/86\/revisions\/6542"}],"wp:attachment":[{"href":"https:\/\/semmelweis.hu\/eok\/wp-json\/wp\/v2\/media?parent=86"}],"wp:term":[{"taxonomy":"category","embeddable":true,"href":"https:\/\/semmelweis.hu\/eok\/wp-json\/wp\/v2\/categories?post=86"},{"taxonomy":"post_tag","embeddable":true,"href":"https:\/\/semmelweis.hu\/eok\/wp-json\/wp\/v2\/tags?post=86"}],"curies":[{"name":"wp","href":"https:\/\/api.w.org\/{rel}","templated":true}]}}