{"id":857,"date":"2014-03-04T11:04:56","date_gmt":"2014-03-04T10:04:56","guid":{"rendered":"http:\/\/semmelweis.hu\/eok\/?page_id=857"},"modified":"2024-09-13T09:25:24","modified_gmt":"2024-09-13T07:25:24","slug":"gasztvital-bufe","status":"publish","type":"page","link":"https:\/\/semmelweis.hu\/eok\/hu\/szolgaltatasok\/gasztvital-bufe\/","title":{"rendered":"Gasztvit\u00e1l B\u00fcf\u00e9 \/ \u00c9tterem"},"content":{"rendered":"<div class=\"responsive-tabs\">\n<h2 class=\"tabtitle\">B\u00fcf\u00e9<\/h2>\n<div class=\"tabcontent\">\n\n<p>E-mail: hamarosan&#8230;<br \/>\nHonlap: <a href=\"http:\/\/gasztvital.hu\" target=\"_blank\" rel=\"noopener noreferrer\">gasztvital.hu<\/a><br \/>\nMegtal\u00e1lhat\u00f3 a Recepci\u00f3t\u00f3l balra, a B\u00e9k\u00e9sy el\u0151ad\u00f3teremhez k\u00f6zel, a kis l\u00e9pcs\u0151n kereszt\u00fcl<br \/>\nNyitvatart\u00e1si id\u0151: H\u00e9tf\u0151-P\u00e9ntek, 7:30-15:30. H\u00e9tv\u00e9g\u00e9n \u00e9s \u00fcnnepnapokon z\u00e1rva!<br \/>\nA nyitvatart\u00e1s id\u0151 vizsga- \u00e9s ny\u00e1ri id\u0151szakokban v\u00e1ltozhat!<\/p>\n\n<\/div><h2 class=\"tabtitle\">\u00c9tterem<\/h2>\n<div class=\"tabcontent\">\n\n<p>Az \u00e9tterem jelenleg m\u00e9g nem \u00fczemel!<\/p>\n<\/div><\/div>\n","protected":false},"excerpt":{"rendered":"<p>E-mail: hamarosan&#8230;<br \/>\nHonlap: <a href=\"http:\/\/gasztvital.hu\" target=\"_blank\" rel=\"noopener noreferrer\">gasztvital.hu<\/a><br \/>\nMegtal\u00e1lhat\u00f3 a Recepci\u00f3t\u00f3l balra, a B\u00e9k\u00e9sy el\u0151ad\u00f3teremhez k\u00f6zel, a kis l\u00e9pcs\u0151n kereszt\u00fcl<br \/>\nNyitvatart\u00e1si id\u0151: H\u00e9tf\u0151-P\u00e9ntek, 7:30-15:30. H\u00e9tv\u00e9g\u00e9n \u00e9s \u00fcnnepnapokon z\u00e1rva!<br \/>\nA nyitvatart\u00e1s id\u0151 vizsga- \u00e9s ny\u00e1ri id\u0151szakokban v\u00e1ltozhat!<\/p>\n<p>Az \u00e9tterem jelenleg m\u00e9g nem \u00fczemel!<\/p>\n","protected":false},"author":101011,"featured_media":0,"parent":3414,"menu_order":3,"comment_status":"closed","ping_status":"closed","template":"","meta":{"_acf_changed":false,"footnotes":""},"categories":[],"tags":[],"class_list":["post-857","page","type-page","status-publish","hentry"],"acf":[],"_links":{"self":[{"href":"https:\/\/semmelweis.hu\/eok\/wp-json\/wp\/v2\/pages\/857","targetHints":{"allow":["GET"]}}],"collection":[{"href":"https:\/\/semmelweis.hu\/eok\/wp-json\/wp\/v2\/pages"}],"about":[{"href":"https:\/\/semmelweis.hu\/eok\/wp-json\/wp\/v2\/types\/page"}],"author":[{"embeddable":true,"href":"https:\/\/semmelweis.hu\/eok\/wp-json\/wp\/v2\/users\/101011"}],"replies":[{"embeddable":true,"href":"https:\/\/semmelweis.hu\/eok\/wp-json\/wp\/v2\/comments?post=857"}],"version-history":[{"count":10,"href":"https:\/\/semmelweis.hu\/eok\/wp-json\/wp\/v2\/pages\/857\/revisions"}],"predecessor-version":[{"id":8645,"href":"https:\/\/semmelweis.hu\/eok\/wp-json\/wp\/v2\/pages\/857\/revisions\/8645"}],"up":[{"embeddable":true,"href":"https:\/\/semmelweis.hu\/eok\/wp-json\/wp\/v2\/pages\/3414"}],"wp:attachment":[{"href":"https:\/\/semmelweis.hu\/eok\/wp-json\/wp\/v2\/media?parent=857"}],"wp:term":[{"taxonomy":"category","embeddable":true,"href":"https:\/\/semmelweis.hu\/eok\/wp-json\/wp\/v2\/categories?post=857"},{"taxonomy":"post_tag","embeddable":true,"href":"https:\/\/semmelweis.hu\/eok\/wp-json\/wp\/v2\/tags?post=857"}],"curies":[{"name":"wp","href":"https:\/\/api.w.org\/{rel}","templated":true}]}}