{"id":8462,"date":"2024-07-02T15:17:50","date_gmt":"2024-07-02T13:17:50","guid":{"rendered":"https:\/\/semmelweis.hu\/eok\/?page_id=8462"},"modified":"2026-02-24T10:35:24","modified_gmt":"2026-02-24T09:35:24","slug":"edzoterem","status":"publish","type":"page","link":"https:\/\/semmelweis.hu\/eok\/hu\/szolgaltatasok\/edzoterem\/","title":{"rendered":"Edz\u0151terem foglal\u00e1s"},"content":{"rendered":"<p>Az edz\u0151terem valamint az ott l\u00e9v\u0151 edz\u0151g\u00e9pek haszn\u00e1lat\u00e1hoz id\u0151pont foglal\u00e1s sz\u00fcks\u00e9ges. A foglal\u00e1sr\u00f3l &#8211; melyet kiz\u00e1r\u00f3lag egyetemi email c\u00edmmel tehet meg &#8211; a rendszer automatikusan email-es meger\u0151s\u00edt\u00e9st k\u00fcld, mellyel szem\u00e9lyes napt\u00e1rj\u00e1ban is r\u00f6gz\u00edtheti a foglal\u00e1si id\u0151pontot. A rendszer haszn\u00e1lat\u00e1val kapcsolatos tapasztalatait, \u00e9szrev\u00e9teleit a <a href=\"mailto:szabo.alexandra@semmelweis.hu?subject=EOK Edz\u0151terem\" target=\"_blank\" rel=\"noopener\">szabo.alexandra@semmelweis.hu<\/a> email c\u00edmre k\u00fcldheti.<\/p>\n<p style=\"text-align: center\"><a class=\"button-big\" href=\"https:\/\/outlook.office.com\/book\/EOKTornaterem@unisemmelweis.onmicrosoft.com\/?ismsaljsauthenabled\">Id\u0151pont foglal\u00e1s<\/a><\/p>\n<p>\u00datmutat\u00f3k az al\u00e1bbi eszk\u00f6z\u00f6kh\u00f6z:<\/p>\n<p><a href=\"https:\/\/johnsonfitness.ro\/wp-content\/uploads\/2017\/05\/VF_12_Treadmills_OM_082812.pdf\">Fut\u00f3pad 1 (TF40 t\u00edpus\u00fa)<br \/>\n<\/a><a href=\"https:\/\/fittsport.com\/uploads\/files\/2124915467\/TRX-8500%20futopad%20hasznalati%20utmutato-HU.pdf\">Fut\u00f3pad 2 (TRX8500 t\u00edpus\u00fa)<\/a><\/p>\n","protected":false},"excerpt":{"rendered":"<p>Az edz\u0151terem valamint az ott l\u00e9v\u0151 edz\u0151g\u00e9pek haszn\u00e1lat\u00e1hoz id\u0151pont foglal\u00e1s sz\u00fcks\u00e9ges. A foglal\u00e1sr\u00f3l &#8211; melyet kiz\u00e1r\u00f3lag egyetemi email c\u00edmmel tehet meg &#8211; a rendszer automatikusan email-es meger\u0151s\u00edt\u00e9st k\u00fcld, mellyel szem\u00e9lyes napt\u00e1rj\u00e1ban is r\u00f6gz\u00edtheti a foglal\u00e1si id\u0151pontot. A rendszer haszn\u00e1lat\u00e1val kapcsolatos tapasztalatait, \u00e9szrev\u00e9teleit a <a href=\"mailto:szabo.alexandra@semmelweis.hu?subject=EOK Edz\u0151terem\" target=\"_blank\" rel=\"noopener\">szabo.alexandra@semmelweis.hu<\/a> email c\u00edmre k\u00fcldheti. <a class=\"button-big\" href=\"https:\/\/outlook.office.com\/book\/EOKTornaterem@unisemmelweis.onmicrosoft.com\/?ismsaljsauthenabled\">Id\u0151pont foglal\u00e1s<\/a> \u00datmutat\u00f3k az al\u00e1bbi eszk\u00f6z\u00f6kh\u00f6z: <a href=\"https:\/\/johnsonfitness.ro\/wp-content\/uploads\/2017\/05\/VF_12_Treadmills_OM_082812.pdf\">Fut\u00f3pad 1 (TF40 t\u00edpus\u00fa) &hellip;<\/p>\n","protected":false},"author":282,"featured_media":0,"parent":3414,"menu_order":9,"comment_status":"closed","ping_status":"closed","template":"","meta":{"_acf_changed":false,"footnotes":""},"categories":[],"tags":[],"class_list":["post-8462","page","type-page","status-publish","hentry"],"acf":[],"_links":{"self":[{"href":"https:\/\/semmelweis.hu\/eok\/wp-json\/wp\/v2\/pages\/8462","targetHints":{"allow":["GET"]}}],"collection":[{"href":"https:\/\/semmelweis.hu\/eok\/wp-json\/wp\/v2\/pages"}],"about":[{"href":"https:\/\/semmelweis.hu\/eok\/wp-json\/wp\/v2\/types\/page"}],"author":[{"embeddable":true,"href":"https:\/\/semmelweis.hu\/eok\/wp-json\/wp\/v2\/users\/282"}],"replies":[{"embeddable":true,"href":"https:\/\/semmelweis.hu\/eok\/wp-json\/wp\/v2\/comments?post=8462"}],"version-history":[{"count":10,"href":"https:\/\/semmelweis.hu\/eok\/wp-json\/wp\/v2\/pages\/8462\/revisions"}],"predecessor-version":[{"id":8761,"href":"https:\/\/semmelweis.hu\/eok\/wp-json\/wp\/v2\/pages\/8462\/revisions\/8761"}],"up":[{"embeddable":true,"href":"https:\/\/semmelweis.hu\/eok\/wp-json\/wp\/v2\/pages\/3414"}],"wp:attachment":[{"href":"https:\/\/semmelweis.hu\/eok\/wp-json\/wp\/v2\/media?parent=8462"}],"wp:term":[{"taxonomy":"category","embeddable":true,"href":"https:\/\/semmelweis.hu\/eok\/wp-json\/wp\/v2\/categories?post=8462"},{"taxonomy":"post_tag","embeddable":true,"href":"https:\/\/semmelweis.hu\/eok\/wp-json\/wp\/v2\/tags?post=8462"}],"curies":[{"name":"wp","href":"https:\/\/api.w.org\/{rel}","templated":true}]}}