{"id":8318,"date":"2023-02-27T09:10:15","date_gmt":"2023-02-27T08:10:15","guid":{"rendered":"https:\/\/semmelweis.hu\/eok\/?page_id=8318"},"modified":"2024-07-03T11:49:04","modified_gmt":"2024-07-03T09:49:04","slug":"edzoterem-hazirend","status":"publish","type":"page","link":"https:\/\/semmelweis.hu\/eok\/hu\/rolunk\/hazirend\/edzoterem-hazirend\/","title":{"rendered":"Edz\u0151terem h\u00e1zirend"},"content":{"rendered":"<p><strong>Tisztelt Munkat\u00e1rsak, Hallgat\u00f3k!<\/strong><\/p>\n<p>K\u00e9rj\u00fck \u00d6n\u00f6ket, hogy a k\u00f6vetkez\u0151 rendszab\u00e1lyokat a kultur\u00e1lt sportol\u00e1si lehet\u0151s\u00e9gek folyamatos biztos\u00edt\u00e1sa \u00e9rdek\u00e9ben tarts\u00e1k be!<\/p>\n<p><a href=\"https:\/\/outlook.office365.com\/book\/EOKTornaterem@unisemmelweis.onmicrosoft.com\/\" target=\"_blank\" rel=\"noopener\">Id\u0151pont foglal\u00e1shoz kattintson ide!<\/a> Id\u0151pontot foglalni kiz\u00e1r\u00f3lag saj\u00e1t sportol\u00e1shoz lehets\u00e9ges, a terem \u00fczleti c\u00e9lra nem haszn\u00e1lhat\u00f3!<\/p>\n<ol>\n<li><strong>A termet d\u00edjmentesen haszn\u00e1lhatj\u00e1k az EOK-ban dolgoz\u00f3k \u00e9s a szerz\u0151d\u00e9ses hallgat\u00f3k. <\/strong><\/li>\n<\/ol>\n<p><strong><span style=\"color: #ff9900\">A teremben az EOK-ban dolgoz\u00f3knak \u00e9s a szerz\u0151d\u00e9ses hallgat\u00f3knak TILOS D\u00cdJAZ\u00c1S ELLEN\u00c9BEN foglalkoz\u00e1s(oka)t vezetni! Csoportos sporttev\u00e9kenys\u00e9get v\u00e9gz\u0151k sz\u00e1m\u00e1ra k\u00fcls\u0151s edz\u0151\/oktat\u00f3\/gy\u00f3gytorn\u00e1sz megb\u00edz\u00e1s\u00e1ra van lehet\u0151s\u00e9g, de az EOK-ot ebben az esetben sem terheli anyagi felel\u0151ss\u00e9g.<\/span> <\/strong><\/p>\n<ol start=\"2\">\n<li>Az eszk\u00f6z\u00f6ket, g\u00e9peket mindenki kiz\u00e1r\u00f3lag <strong>saj\u00e1t felel\u0151ss\u00e9gre haszn\u00e1lhatja! <\/strong><\/li>\n<li><strong>V\u00e1lt\u00f3cip\u0151 \u00e9s t\u00f6r\u00f6lk\u00f6z\u0151 haszn\u00e1lata k\u00f6telez\u0151!<\/strong><\/li>\n<li>A terem ter\u00fclet\u00e9n <strong>TILOS<\/strong> a doh\u00e1nyz\u00e1s, az alkohol fogyaszt\u00e1sa, poharas ital fogyaszt\u00e1sa, drogok, tiltott doppingszerek, narkotikumok fogyaszt\u00e1sa, vagy ezekkel val\u00f3 vissza\u00e9l\u00e9s, illetve b\u00e1rmely vesz\u00e9lyes anyag vagy t\u00e1rgy, illet\u0151leg \u00e1llat bevitele.<\/li>\n<li><strong>A terembe \u00e9telt bevinni \u00e9s bent elfogyasztani tilos!<\/strong><\/li>\n<li><strong>Tilos a teremb\u0151l az eszk\u00f6z\u00f6ket kivinni!<\/strong><\/li>\n<li>Az otthonr\u00f3l behozott \u00e9s a teremben hagyott t\u00e1rgyak\u00e9rt, eszk\u00f6z\u00f6k\u00e9rt mindenki saj\u00e1t maga felel. Ezek k\u00e1rosod\u00e1sa, elt\u0171n\u00e9se \u00e9s az ezekt\u0151l elszenvedett s\u00e9r\u00fcl\u00e9sek kapcs\u00e1n a felel\u0151ss\u00e9g a t\u00e1rgy\/eszk\u00f6z tulajdonos\u00e1t terheli.<\/li>\n<li><strong>K\u00e9rj\u00fck, hogy haszn\u00e1lat ut\u00e1n a s\u00falyz\u00f3kat \u00e9s t\u00e1rcs\u00e1kat tegy\u00e9k vissza a hely\u00fckre, \u00e9s haszn\u00e1lat ut\u00e1n fert\u0151tlen\u00edts\u00e9k le az erre a c\u00e9lra kihelyezett fert\u0151tlen\u00edt\u0151 szerrel. A s\u00falyokat \u00e9s a t\u00e1rcs\u00e1kat padra, bord\u00e1sfalra rakni, dob\u00e1lni tilos!<\/strong><\/li>\n<li>A teremben elhelyezett eszk\u00f6z\u00f6k, g\u00e9pek \u00e9ps\u00e9g\u00e9t mindenki k\u00f6teles meg\u00f3vni, <strong>az\u00e9rt mindenki anyagi felel\u0151ss\u00e9ggel tartozik!<\/strong><\/li>\n<li>A tal\u00e1lt t\u00e1rgyakat a recepci\u00f3n kell leadni.<\/li>\n<li>Mindannyiunk kellemes itt tart\u00f3zkod\u00e1sa \u00e9rdek\u00e9ben <strong>k\u00e9rj\u00fck a tisztas\u00e1got meg\u0151rizni, amennyiben rendelleness\u00e9get tapasztal, a recepci\u00f3n, vagy a Support-nak (<\/strong><a href=\"mailto:support.eok@semmelweis.hu\"><strong>support.eok@semmelweis.hu<\/strong><\/a><strong>) jelezze a takar\u00edt\u00e1s sz\u00fcks\u00e9gess\u00e9g\u00e9t!<\/strong><\/li>\n<li>Minden haszn\u00e1lat el\u0151tt ellen\u0151rizni kell a g\u00e9pek \u00e9s a felszerel\u00e9sek \u00e1llapot\u00e1t, amennyiben rendelleness\u00e9g, vagy m\u0171szaki hiba \u00e9szlelhet\u0151, azt halad\u00e9ktalanul k\u00f6z\u00f6lni kell a teremfelel\u0151ssel a <a href=\"mailto:balazs.diana@semmelweis.hu\">balazs.diana@semmelweis.hu<\/a> email c\u00edmen! Ameddig a hiba fenn\u00e1ll, a g\u00e9pet a sporttev\u00e9kenys\u00e9get v\u00e9gz\u0151k saj\u00e1t \u00e9rdek\u00e9ben tilos haszn\u00e1lni!<\/li>\n<li><strong><span style=\"color: #ff9900\">Tilos<\/span> a konditermet betegen l\u00e1togatni!<\/strong><\/li>\n<li><strong>K\u00e9rj\u00fck, a g\u00e9pek haszn\u00e1lat ut\u00e1ni r\u00f6vid fert\u0151tlen\u00edt\u00e9s\u00e9t<\/strong>, k\u00fcl\u00f6n\u00f6s tekintettel az \u00e9rz\u00e9kel\u0151-\u00e9s kapaszkod\u00f3 fel\u00fcletekre, az erre a c\u00e9lra kihelyezett fert\u0151tlen\u00edt\u0151 szerrel. Amennyiben elfogyott\/nem m\u0171k\u00f6dik a fert\u0151tlen\u00edt\u0151, a recepci\u00f3n, vagy a Support-nak (<a href=\"mailto:support.eok@semmelweis.hu\">support.eok@semmelweis.hu<\/a>) jelezze!<\/li>\n<\/ol>\n<p>Az \u00c1OK Gazdas\u00e1gi Igazgat\u00f3s\u00e1ggal szerz\u0151d\u00e9sben \u00e1ll\u00f3 hallgat\u00f3k a terembe a recepci\u00f3n elhelyezett bel\u00e9p\u0151k\u00e1rty\u00e1kkal tudnak bejutni, amelyet t\u00e1voz\u00e1skor mindenk\u00e9ppen adjanak le a recepci\u00f3n.<\/p>\n<p>Az Igazgat\u00f3s\u00e1g jogosult egyetemi c\u00e9lokra k\u00f6lcs\u00f6nadni a termet, melyr\u0151l minden esetben t\u00e1j\u00e9koztat\u00e1st adunk az edz\u0151terem ajtaj\u00e1ra kif\u00fcggesztve.<\/p>\n<p><span style=\"color: #ff9900\"><em>Az edz\u0151teremben kamera m\u0171k\u00f6dik, \u00edgy a vissza\u00e9l\u00e9sek a vide\u00f3felv\u00e9telek alapj\u00e1n elj\u00e1r\u00e1st vonnak maguk ut\u00e1n.<\/em><\/span><\/p>\n<p>Budapest, 2023.02.23.\u00a0\u00a0\u00a0\u00a0\u00a0\u00a0\u00a0\u00a0\u00a0\u00a0\u00a0\u00a0\u00a0\u00a0\u00a0\u00a0\u00a0\u00a0\u00a0\u00a0\u00a0\u00a0\u00a0\u00a0\u00a0\u00a0\u00a0\u00a0\u00a0\u00a0\u00a0\u00a0\u00a0\u00a0\u00a0\u00a0\u00a0\u00a0\u00a0\u00a0\u00a0\u00a0\u00a0\u00a0\u00a0\u00a0\u00a0\u00a0\u00a0\u00a0\u00a0\u00a0\u00a0\u00a0\u00a0\u00a0\u00a0\u00a0\u00a0\u00a0\u00a0\u00a0\u00a0\u00a0\u00a0\u00a0\u00a0\u00a0\u00a0\u00a0\u00a0\u00a0\u00a0\u00a0\u00a0\u00a0\u00a0\u00a0\u00a0\u00a0\u00a0\u00a0<\/p>\n<p style=\"text-align: right\">P\u00e1sztrai Ilona<br \/>\nigazgat\u00f3<\/p>\n","protected":false},"excerpt":{"rendered":"<p>Tisztelt Munkat\u00e1rsak, Hallgat\u00f3k! K\u00e9rj\u00fck \u00d6n\u00f6ket, hogy a k\u00f6vetkez\u0151 rendszab\u00e1lyokat a kultur\u00e1lt sportol\u00e1si lehet\u0151s\u00e9gek folyamatos biztos\u00edt\u00e1sa \u00e9rdek\u00e9ben tarts\u00e1k be! <a href=\"https:\/\/outlook.office365.com\/book\/EOKTornaterem@unisemmelweis.onmicrosoft.com\/\" target=\"_blank\" rel=\"noopener\">Id\u0151pont foglal\u00e1shoz kattintson ide!<\/a> Id\u0151pontot foglalni kiz\u00e1r\u00f3lag saj\u00e1t sportol\u00e1shoz lehets\u00e9ges, a terem \u00fczleti c\u00e9lra nem haszn\u00e1lhat\u00f3! A termet d\u00edjmentesen haszn\u00e1lhatj\u00e1k az EOK-ban dolgoz\u00f3k \u00e9s a szerz\u0151d\u00e9ses hallgat\u00f3k. A teremben az EOK-ban dolgoz\u00f3knak \u00e9s a szerz\u0151d\u00e9ses hallgat\u00f3knak TILOS D\u00cdJAZ\u00c1S ELLEN\u00c9BEN foglalkoz\u00e1s(oka)t vezetni! &hellip;<\/p>\n","protected":false},"author":282,"featured_media":0,"parent":5113,"menu_order":0,"comment_status":"closed","ping_status":"closed","template":"","meta":{"_acf_changed":false,"footnotes":""},"categories":[],"tags":[],"class_list":["post-8318","page","type-page","status-publish","hentry"],"acf":[],"_links":{"self":[{"href":"https:\/\/semmelweis.hu\/eok\/wp-json\/wp\/v2\/pages\/8318","targetHints":{"allow":["GET"]}}],"collection":[{"href":"https:\/\/semmelweis.hu\/eok\/wp-json\/wp\/v2\/pages"}],"about":[{"href":"https:\/\/semmelweis.hu\/eok\/wp-json\/wp\/v2\/types\/page"}],"author":[{"embeddable":true,"href":"https:\/\/semmelweis.hu\/eok\/wp-json\/wp\/v2\/users\/282"}],"replies":[{"embeddable":true,"href":"https:\/\/semmelweis.hu\/eok\/wp-json\/wp\/v2\/comments?post=8318"}],"version-history":[{"count":6,"href":"https:\/\/semmelweis.hu\/eok\/wp-json\/wp\/v2\/pages\/8318\/revisions"}],"predecessor-version":[{"id":8607,"href":"https:\/\/semmelweis.hu\/eok\/wp-json\/wp\/v2\/pages\/8318\/revisions\/8607"}],"up":[{"embeddable":true,"href":"https:\/\/semmelweis.hu\/eok\/wp-json\/wp\/v2\/pages\/5113"}],"wp:attachment":[{"href":"https:\/\/semmelweis.hu\/eok\/wp-json\/wp\/v2\/media?parent=8318"}],"wp:term":[{"taxonomy":"category","embeddable":true,"href":"https:\/\/semmelweis.hu\/eok\/wp-json\/wp\/v2\/categories?post=8318"},{"taxonomy":"post_tag","embeddable":true,"href":"https:\/\/semmelweis.hu\/eok\/wp-json\/wp\/v2\/tags?post=8318"}],"curies":[{"name":"wp","href":"https:\/\/api.w.org\/{rel}","templated":true}]}}