{"id":7202,"date":"2020-09-07T10:40:39","date_gmt":"2020-09-07T08:40:39","guid":{"rendered":"https:\/\/semmelweis.hu\/eok\/?page_id=7202"},"modified":"2024-03-20T11:08:33","modified_gmt":"2024-03-20T10:08:33","slug":"semmelweis-shop","status":"publish","type":"page","link":"https:\/\/semmelweis.hu\/eok\/hu\/szolgaltatasok\/semmelweis-shop\/","title":{"rendered":"Semmelweis Shop"},"content":{"rendered":"<p>Telefon: +36-1-459-1500\/60475<br \/>\nWeb: <a href=\"http:\/\/semmelweisshop.hu\" target=\"_blank\" rel=\"noopener\">semmelweisshop.hu<\/a><br \/>\nE-mail: info@semmelweisshop.hu<br \/>\nMegtal\u00e1lhat\u00f3 a f\u00f6ldszinten, a Recepci\u00f3t\u00f3l balra<br \/>\nNyitvatart\u00e1si id\u0151: H-Cs: 9:00-14:00, P: 9:00-12:00<\/p>\n<p style=\"text-align: justify\">\u00dajragondolt designnal \u00e9s jobb min\u0151s\u00e9g\u0171 limit\u00e1lt term\u00e9kekkel tal\u00e1lkozhattok mostant\u00f3l, amiket b\u00fcszk\u00e9n viselhettek! Legyen eleg\u00e1ns, vagy sportos, mindent megtal\u00e1lsz majd az \u00fczletben! Mutasd meg, hova tartozol! Legy\u00e9l az els\u0151k k\u00f6z\u00f6tt, akik az \u00faj Semmelweis branddel kezdik a tan\u00e9vet!<\/p>\n","protected":false},"excerpt":{"rendered":"<p>Telefon: +36-1-459-1500\/60475<br \/>\nWeb: <a href=\"http:\/\/semmelweisshop.hu\" target=\"_blank\" rel=\"noopener\">semmelweisshop.hu<\/a><br \/>\nE-mail: info@semmelweisshop.hu<br \/>\nMegtal\u00e1lhat\u00f3 a f\u00f6ldszinten, a Recepci\u00f3t\u00f3l balra<br \/>\nNyitvatart\u00e1si id\u0151: H-Cs: 9:00-14:00, P: 9:00-12:00<br \/>\n\u00dajragondolt designnal \u00e9s jobb min\u0151s\u00e9g\u0171 limit\u00e1lt term\u00e9kekkel tal\u00e1lkozhattok mostant\u00f3l, amiket b\u00fcszk\u00e9n viselhettek! Legyen eleg\u00e1ns, vagy sportos, mindent megtal\u00e1lsz majd az \u00fczletben! Mutasd meg, hova tartozol! Legy\u00e9l az els\u0151k k\u00f6z\u00f6tt, akik az \u00faj Semmelweis branddel kezdik a tan\u00e9vet!<\/p>\n","protected":false},"author":282,"featured_media":8523,"parent":3414,"menu_order":2,"comment_status":"closed","ping_status":"closed","template":"","meta":{"_acf_changed":false,"footnotes":""},"categories":[461],"tags":[],"class_list":["post-7202","page","type-page","status-publish","has-post-thumbnail","hentry","category-szolgaltatas"],"acf":[],"_links":{"self":[{"href":"https:\/\/semmelweis.hu\/eok\/wp-json\/wp\/v2\/pages\/7202","targetHints":{"allow":["GET"]}}],"collection":[{"href":"https:\/\/semmelweis.hu\/eok\/wp-json\/wp\/v2\/pages"}],"about":[{"href":"https:\/\/semmelweis.hu\/eok\/wp-json\/wp\/v2\/types\/page"}],"author":[{"embeddable":true,"href":"https:\/\/semmelweis.hu\/eok\/wp-json\/wp\/v2\/users\/282"}],"replies":[{"embeddable":true,"href":"https:\/\/semmelweis.hu\/eok\/wp-json\/wp\/v2\/comments?post=7202"}],"version-history":[{"count":6,"href":"https:\/\/semmelweis.hu\/eok\/wp-json\/wp\/v2\/pages\/7202\/revisions"}],"predecessor-version":[{"id":7983,"href":"https:\/\/semmelweis.hu\/eok\/wp-json\/wp\/v2\/pages\/7202\/revisions\/7983"}],"up":[{"embeddable":true,"href":"https:\/\/semmelweis.hu\/eok\/wp-json\/wp\/v2\/pages\/3414"}],"wp:featuredmedia":[{"embeddable":true,"href":"https:\/\/semmelweis.hu\/eok\/wp-json\/wp\/v2\/media\/8523"}],"wp:attachment":[{"href":"https:\/\/semmelweis.hu\/eok\/wp-json\/wp\/v2\/media?parent=7202"}],"wp:term":[{"taxonomy":"category","embeddable":true,"href":"https:\/\/semmelweis.hu\/eok\/wp-json\/wp\/v2\/categories?post=7202"},{"taxonomy":"post_tag","embeddable":true,"href":"https:\/\/semmelweis.hu\/eok\/wp-json\/wp\/v2\/tags?post=7202"}],"curies":[{"name":"wp","href":"https:\/\/api.w.org\/{rel}","templated":true}]}}