{"id":6998,"date":"2020-03-19T16:50:02","date_gmt":"2020-03-19T15:50:02","guid":{"rendered":"http:\/\/semmelweis.hu\/eok\/?page_id=6998"},"modified":"2025-09-27T14:13:10","modified_gmt":"2025-09-27T12:13:10","slug":"informations-for-events","status":"publish","type":"page","link":"https:\/\/semmelweis.hu\/eok\/en\/event-management\/informations-for-events\/","title":{"rendered":"Informations for events (FAQ)"},"content":{"rendered":"<p><strong><span class=\"VIiyi\" lang=\"en\"><span class=\"JLqJ4b ChMk0b\" data-language-for-alternatives=\"en\" data-language-to-translate-into=\"hu\" data-phrase-index=\"0\" data-number-of-phrases=\"2\">Our description applies to the lecture halls and seminar rooms, the auditorium and the first floor gallery in the building.<\/span> <span class=\"JLqJ4b ChMk0b\" data-language-for-alternatives=\"en\" data-language-to-translate-into=\"hu\" data-phrase-index=\"1\" data-number-of-phrases=\"2\">You can read detailed technical data in the <a href=\"https:\/\/semmelweis.hu\/eok\/en\/event-management\/it-tools\/\">Equipments<\/a> menu.<\/span><\/span> <\/strong><\/p>\n<p style=\"text-align: justify\"><span class=\"VIiyi\" lang=\"en\"><span class=\"JLqJ4b ChMk0b\" data-language-for-alternatives=\"en\" data-language-to-translate-into=\"hu\" data-phrase-index=\"0\" data-number-of-phrases=\"3\">In order to run a professional event, it is important to get accurate information from the event organizers about what they want to achieve and what the technical needs are. If you would like to rent our building for an event, please contact us at <a href=\"mailto:rendezveny.eok@semmelweis.hu?subject=Event technical needs\">rendezveny.eok@semmelweis.hu<\/a>. <\/span><\/span><\/p>\n            <div class=\"qae-faqs-container qae-faqs-toggle-container\">\n\t\t\t\t\t\t\t<ul class=\"qe-faqs-filters-container\">\n\t\t\t\t<li class=\"active\"><a class=\"qe-faqs-filter all-faqs\" href=\"#\" data-filter=\"*\">All<\/a><\/li>\n\t\t\t\t<li><a class=\"qe-faqs-filter\" href=\"#event-questions\" data-filter=\".event-questions\">Event questions<\/a><\/li>\t\t\t<\/ul>\n\t\t\t\t\t<div id=\"qaef-7938\" class=\"qe-faq-toggle event-questions\">\n\t\t\t<div class=\"qe-toggle-title\">\n\t\t\t\t<h4>\n\t\t\t\t\t<i class=\"fa fa-minus-circle\"><\/i> How can I contact you about an event?\t\t\t\t<\/h4>\n\t\t\t<\/div>\n\t\t\t<div class=\"qe-toggle-content\">\n\t\t\t\t<p><span class=\"VIiyi\" lang=\"en\"><span class=\"JLqJ4b ChMk0b\" data-language-for-alternatives=\"en\" data-language-to-translate-into=\"hu\" data-phrase-index=\"0\" data-number-of-phrases=\"3\">In order to run a professional event, it is important to get accurate information from the event organizers about what they want to achieve and what the technical needs are. If you would like to rent our building for an event, please contact us at <a href=\"mailto:rendezveny.eok@semmelweis.hu?subject=Event technical needs\">rendezveny.eok@semmelweis.hu<\/a>. <\/span><\/span><\/p>\n\t\t\t<\/div>\n\t\t<\/div>\n\t\t\t\t<div id=\"qaef-7954\" class=\"qe-faq-toggle event-questions\">\n\t\t\t<div class=\"qe-toggle-title\">\n\t\t\t\t<h4>\n\t\t\t\t\t<i class=\"fa fa-minus-circle\"><\/i> Is there a cloakroom available?\t\t\t\t<\/h4>\n\t\t\t<\/div>\n\t\t\t<div class=\"qe-toggle-content\">\n\t\t\t\t<p><span class=\"VIiyi\" lang=\"en\"><span class=\"JLqJ4b ChMk0b\" data-language-for-alternatives=\"en\" data-language-to-translate-into=\"hu\" data-phrase-index=\"2\" data-number-of-phrases=\"5\">We can provide a cloakroom in the foyer, in front of the Hevesy (B) and B\u00e9k\u00e9sy (C) lecture halls for events.<\/span> <span class=\"JLqJ4b ChMk0b\" data-language-for-alternatives=\"en\" data-language-to-translate-into=\"hu\" data-phrase-index=\"3\" data-number-of-phrases=\"5\">Cloakroom attendant cannot be provided by EOK.<\/span> <span class=\"JLqJ4b ChMk0b\" data-language-for-alternatives=\"en\" data-language-to-translate-into=\"hu\" data-phrase-index=\"4\" data-number-of-phrases=\"5\">Coat hangers are in the lecture halls.<\/span><\/span><\/p>\n<div role=\"tabpanel\" aria-hidden=\"false\" aria-labelledby=\"tablist1-tab12\">\n<p><a href=\"https:\/\/semmelweis.hu\/eok\/files\/2021\/10\/20220126_115431.jpg\"><img decoding=\"async\" loading=\"lazy\" class=\"alignnone wp-image-8065 size-thumbnail\" src=\"https:\/\/semmelweis.hu\/eok\/files\/2021\/10\/20220126_115431-150x150.jpg\" alt=\"\" width=\"150\" height=\"150\" \/><\/a><a href=\"https:\/\/semmelweis.hu\/eok\/files\/2021\/10\/20220126_115739.jpg\"><img decoding=\"async\" loading=\"lazy\" class=\"alignnone wp-image-8066 size-thumbnail\" src=\"https:\/\/semmelweis.hu\/eok\/files\/2021\/10\/20220126_115739-150x150.jpg\" alt=\"\" width=\"150\" height=\"150\" \/><\/a><\/p>\n<\/div>\n\t\t\t<\/div>\n\t\t<\/div>\n\t\t\t\t<div id=\"qaef-7952\" class=\"qe-faq-toggle event-questions\">\n\t\t\t<div class=\"qe-toggle-title\">\n\t\t\t\t<h4>\n\t\t\t\t\t<i class=\"fa fa-minus-circle\"><\/i> Where are the escape routes?\t\t\t\t<\/h4>\n\t\t\t<\/div>\n\t\t\t<div class=\"qe-toggle-content\">\n\t\t\t\t<p><span class=\"VIiyi\" lang=\"en\"> <span class=\"JLqJ4b ChMk0b\" data-language-for-alternatives=\"en\" data-language-to-translate-into=\"hu\" data-phrase-index=\"2\" data-number-of-phrases=\"4\"><a href=\"https:\/\/semmelweis.hu\/eok\/files\/2019\/09\/Rendezveny_terv_aula1.emelet.pdf\" target=\"_blank\" rel=\"noopener\">On the ground floor and 1<sup>st<\/sup> floor plan<\/a>, the escape route marked in green must be left blank.<\/span> <span class=\"JLqJ4b ChMk0b\" data-language-for-alternatives=\"en\" data-language-to-translate-into=\"hu\" data-phrase-index=\"3\" data-number-of-phrases=\"4\">It is forbidden to install or create obstacles in these areas!<\/span><\/span><\/p>\n\t\t\t<\/div>\n\t\t<\/div>\n\t\t\t\t<div id=\"qaef-7951\" class=\"qe-faq-toggle event-questions\">\n\t\t\t<div class=\"qe-toggle-title\">\n\t\t\t\t<h4>\n\t\t\t\t\t<i class=\"fa fa-minus-circle\"><\/i> What kind of furniture can be requested? (table, chair, armrest, cork board, stop sign, etc.)\t\t\t\t<\/h4>\n\t\t\t<\/div>\n\t\t\t<div class=\"qe-toggle-content\">\n\t\t\t\t<p><span class=\"VIiyi\" lang=\"en\"><span class=\"JLqJ4b ChMk0b\" data-language-for-alternatives=\"en\" data-language-to-translate-into=\"hu\" data-phrase-index=\"3\" data-number-of-phrases=\"23\"><strong>Tables:<\/strong> We can provide for events with a size of 160 or 180 x 80 cm.<\/span> <span class=\"JLqJ4b ChMk0b\" data-language-for-alternatives=\"en\" data-language-to-translate-into=\"hu\" data-phrase-index=\"4\" data-number-of-phrases=\"23\">In practice, this means that 3 people can fit comfortably next to it (4 people can fit, only slightly more narrowly).<\/span> <span class=\"JLqJ4b ChMk0b\" data-language-for-alternatives=\"en\" data-language-to-translate-into=\"hu\" data-phrase-index=\"5\" data-number-of-phrases=\"23\">We do not have exact information about the load capacity of the tables.<\/span><\/span><\/p>\n<p><span class=\"VIiyi\" lang=\"en\"><span class=\"JLqJ4b ChMk0b\" data-language-for-alternatives=\"en\" data-language-to-translate-into=\"hu\" data-phrase-index=\"7\" data-number-of-phrases=\"23\"><strong>Table skirt:<\/strong> We prepare presidency tables with pleated skirts, registration\/technical tables with straight skirts.<\/span><\/span><\/p>\n<p><span class=\"VIiyi\" lang=\"en\"><span class=\"JLqJ4b ChMk0b\" data-language-for-alternatives=\"en\" data-language-to-translate-into=\"hu\" data-phrase-index=\"9\" data-number-of-phrases=\"23\"><strong>Armrests table:<\/strong> We can provide 5 armrest tables.<\/span> <span class=\"JLqJ4b ChMk0b\" data-language-for-alternatives=\"en\" data-language-to-translate-into=\"hu\" data-phrase-index=\"10\" data-number-of-phrases=\"23\">They are 114 cm high and 80 cm in diameter.<\/span><\/span><\/p>\n<p><span class=\"VIiyi\" lang=\"en\"><span class=\"JLqJ4b ChMk0b\" data-language-for-alternatives=\"en\" data-language-to-translate-into=\"hu\" data-phrase-index=\"12\" data-number-of-phrases=\"23\"><strong>Cork boards<\/strong> are also available on request.<\/span> <span class=\"JLqJ4b ChMk0b\" data-language-for-alternatives=\"en\" data-language-to-translate-into=\"hu\" data-phrase-index=\"13\" data-number-of-phrases=\"23\">Their size: approx.<\/span> <span class=\"JLqJ4b ChMk0b\" data-language-for-alternatives=\"en\" data-language-to-translate-into=\"hu\" data-phrase-index=\"14\" data-number-of-phrases=\"23\">90 x 130 cm.<\/span> <span class=\"JLqJ4b ChMk0b\" data-language-for-alternatives=\"en\" data-language-to-translate-into=\"hu\" data-phrase-index=\"15\" data-number-of-phrases=\"23\">About 25 pieces are available.<\/span><\/span><\/p>\n<p><span class=\"VIiyi\" lang=\"en\"><span class=\"JLqJ4b ChMk0b\" data-language-for-alternatives=\"en\" data-language-to-translate-into=\"hu\" data-phrase-index=\"17\" data-number-of-phrases=\"23\"><strong>Event chairs (blue):<\/strong> Currently approx.<\/span> <span class=\"JLqJ4b ChMk0b\" data-language-for-alternatives=\"en\" data-language-to-translate-into=\"hu\" data-phrase-index=\"18\" data-number-of-phrases=\"23\">80 chairs are available.<\/span><\/span><\/p>\n<p><span class=\"VIiyi\" lang=\"en\"><span class=\"JLqJ4b ChMk0b\" data-language-for-alternatives=\"en\" data-language-to-translate-into=\"hu\" data-phrase-index=\"20\" data-number-of-phrases=\"23\"><strong>Stop signs:<\/strong> We can give 2-2 A3 and A4 size stop signs.<\/span> <span class=\"JLqJ4b ChMk0b\" data-language-for-alternatives=\"en\" data-language-to-translate-into=\"hu\" data-phrase-index=\"21\" data-number-of-phrases=\"23\">Their height is approx.<\/span> <span class=\"JLqJ4b ChMk0b\" data-language-for-alternatives=\"en\" data-language-to-translate-into=\"hu\" data-phrase-index=\"22\" data-number-of-phrases=\"23\">110 cm.<\/span><\/span><\/p>\n\r\n        [slb_exclude]\r\n        <div class=\"row galeria-wrapper mx-0 h-auto\">\r\n            <div class=\"col-9 pl-0 pr-2\">\r\n            <span class=\"gallery-item frame\">\r\n\t\t\t\t<div class=\"galeria-left-img\"><a href=\"https:\/\/semmelweis.hu\/eok\/files\/2022\/03\/20220127_140440.jpg\"><img decoding=\"async\" src=\"https:\/\/semmelweis.hu\/eok\/files\/2022\/03\/20220127_140440.jpg\" alt=\"Rendezv\u00e9nysz\u00e9kek (k\u00e9k) \/ Event chairs (blue)\" class=\"attachment-sote-gallery-big size-sote-gallery-big\"><\/a><\/div>\r\n            <\/span>\r\n\r\n            <\/div>\r\n\r\n\t\t\t<div class=\"col-3 pl-0 pr-0\">\r\n\t\t\t\t<div class=\"galeria-right-img d-flex justify-content-between flex-column h-100 w-100 px-0 mx-0 \">\r\n                <div class=\"galeria-box\">\r\n\t\t\t\t\t<h3 class=\"galeria-title\">Gal\u00e9ria<\/h3>\r\n\t\t\t\t\t<div class=\"galeria-subtitle\">\r\n\r\n\t\t\t\t\t\t<div class=\"galeria-page-counter\"><span>7<\/span>k\u00e9p<\/div>\r\n                    <\/div> <\/div>\r\n                    <span class=\"gallery-item frame d-none d-md-flex\">\r\n\t\t\t\t\t<div class=\"galeria-small-img mt-0\"><a href=\"https:\/\/semmelweis.hu\/eok\/files\/2021\/10\/20220127_140620.jpg\"><img decoding=\"async\" src=\"https:\/\/semmelweis.hu\/eok\/files\/2021\/10\/20220127_140620.jpg\" alt=\"Parafat\u00e1bla \u00e9s k\u00f6ny\u00f6kl\u0151asztal \/ Coak board and armrest table\" class=\"attachment-sote-gallery-small size-sote-gallery-small\"><\/a><\/div>\r\n                    <\/span>\r\n                    <span class=\"gallery-item frame d-none d-md-flex\">\r\n\t\t\t\t\t<div class=\"galeria-small-img mt-0\"><a href=\"https:\/\/semmelweis.hu\/eok\/files\/2021\/10\/20220127_140749.jpg\"><img decoding=\"async\" src=\"https:\/\/semmelweis.hu\/eok\/files\/2021\/10\/20220127_140749.jpg\" alt=\"Parafat\u00e1bla \u00e9s meg\u00e1ll\u00edt\u00f3t\u00e1bl\u00e1k \/ Cork board and stopsigns\" class=\"attachment-sote-gallery-small size-sote-gallery-small\"><\/a><\/div>\r\n                    <\/span>\r\n\r\n                <\/div>\r\n\r\n            <\/div>\r\n\r\n            <span class=\"gallery-item\"><div class=\"hidden\"><a href=\"https:\/\/semmelweis.hu\/eok\/files\/2021\/10\/20220127_134742.jpg\">\r\n        <img decoding=\"async\" src=\"https:\/\/semmelweis.hu\/eok\/files\/2021\/10\/20220127_134742.jpg\" alt=\"Meg\u00e1ll\u00edt\u00f3t\u00e1bl\u00e1k \/ Stopsigns\" class=\"attachment-sote-gallery-big size-sote-gallery-big\">\r\n        <\/a><\/div><\/span><span class=\"gallery-item\"><div class=\"hidden\"><a href=\"https:\/\/semmelweis.hu\/eok\/files\/2021\/10\/20220127_135933.jpg\">\r\n        <img decoding=\"async\" src=\"https:\/\/semmelweis.hu\/eok\/files\/2021\/10\/20220127_135933.jpg\" alt=\"Rendezv\u00e9nyasztal rakott szokny\u00e1s kas\u00edrral \/ Presidency tables with pleated skirt\" class=\"attachment-sote-gallery-big size-sote-gallery-big\">\r\n        <\/a><\/div><\/span><span class=\"gallery-item\"><div class=\"hidden\"><a href=\"https:\/\/semmelweis.hu\/eok\/files\/2021\/10\/20220127_135449.jpg\">\r\n        <img decoding=\"async\" src=\"https:\/\/semmelweis.hu\/eok\/files\/2021\/10\/20220127_135449.jpg\" alt=\"Rendezv\u00e9nyasztal egyenes kas\u00edrral \/ Presidency tables with straight skirt\" class=\"attachment-sote-gallery-big size-sote-gallery-big\">\r\n        <\/a><\/div><\/span><span class=\"gallery-item\"><div class=\"hidden\"><a href=\"https:\/\/semmelweis.hu\/eok\/files\/2021\/10\/20220127_133724.jpg\">\r\n        <img decoding=\"async\" src=\"https:\/\/semmelweis.hu\/eok\/files\/2021\/10\/20220127_133724.jpg\" alt=\"Rendezv\u00e9nyasztal rakott szokny\u00e1s kas\u00edrral \/ Presidency tables with pleated skirt\" class=\"attachment-sote-gallery-big size-sote-gallery-big\">\r\n        <\/a><\/div><\/span>\r\n            <\/div>\r\n\r\n            [\/slb_exclude]\r\n\t\n\t\t\t<\/div>\n\t\t<\/div>\n\t\t\t\t<div id=\"qaef-7949\" class=\"qe-faq-toggle event-questions\">\n\t\t\t<div class=\"qe-toggle-title\">\n\t\t\t\t<h4>\n\t\t\t\t\t<i class=\"fa fa-minus-circle\"><\/i> What is the possibility to move the furniture, plant pots?\t\t\t\t<\/h4>\n\t\t\t<\/div>\n\t\t\t<div class=\"qe-toggle-content\">\n\t\t\t\t<p><span class=\"VIiyi\" lang=\"en\"><span class=\"JLqJ4b ChMk0b\" data-language-for-alternatives=\"en\" data-language-to-translate-into=\"hu\" data-phrase-index=\"2\" data-number-of-phrases=\"7\">There are rows of fixed chairs<strong> in the lecture halls<\/strong>.<\/span><\/span><\/p>\n<p><span class=\"VIiyi\" lang=\"en\"><span class=\"JLqJ4b ChMk0b\" data-language-for-alternatives=\"en\" data-language-to-translate-into=\"hu\" data-phrase-index=\"4\" data-number-of-phrases=\"7\">The furniture (tables, chairs) <strong>in the seminar rooms<\/strong> can be moved, they must be replaced according to the original arrangement at the end of the use of the room.<\/span><\/span><\/p>\n<p><span class=\"VIiyi\" lang=\"en\"><span class=\"JLqJ4b ChMk0b\" data-language-for-alternatives=\"en\" data-language-to-translate-into=\"hu\" data-phrase-index=\"6\" data-number-of-phrases=\"7\">The plant pots <strong>in the foyer<\/strong> can be moved by the building management staff.<\/span><\/span><\/p>\n\t\t\t<\/div>\n\t\t<\/div>\n\t\t\t\t<div id=\"qaef-7948\" class=\"qe-faq-toggle event-questions\">\n\t\t\t<div class=\"qe-toggle-title\">\n\t\t\t\t<h4>\n\t\t\t\t\t<i class=\"fa fa-minus-circle\"><\/i> How could to put up posters, molinos?\t\t\t\t<\/h4>\n\t\t\t<\/div>\n\t\t\t<div class=\"qe-toggle-content\">\n\t\t\t\t<p style=\"text-align: justify\"><span class=\"VIiyi\" lang=\"en\"><span class=\"JLqJ4b ChMk0b\" data-language-for-alternatives=\"en\" data-language-to-translate-into=\"hu\" data-phrase-index=\"2\" data-number-of-phrases=\"15\">In general, it can be said that posters and inscriptions may only be placed or glued on the surfaces of the building in such a way that they can be removed (removed after the event) without damaging the building.<\/span> <span class=\"JLqJ4b ChMk0b\" data-language-for-alternatives=\"en\" data-language-to-translate-into=\"hu\" data-phrase-index=\"4\" data-number-of-phrases=\"15\">It is also possible to display contents on <a href=\"https:\/\/semmelweis.hu\/eok\/files\/2021\/10\/Hogyan-keszitse-el-grafikait-az-EOK-kijelzoire.pdf\">digital displays<\/a> or <a href=\"https:\/\/semmelweis.hu\/eok\/en\/faq\/what-kind-of-furniture-can-be-requested-table-chair-armrest-etc\/\">cork boards<\/a>.<\/span> <span class=\"JLqJ4b ChMk0b\" data-language-for-alternatives=\"en\" data-language-to-translate-into=\"hu\" data-phrase-index=\"6\" data-number-of-phrases=\"15\">During events, a molino can be placed at the main entrance.<\/span> <span class=\"JLqJ4b ChMk0b\" data-language-for-alternatives=\"en\" data-language-to-translate-into=\"hu\" data-phrase-index=\"7\" data-number-of-phrases=\"15\">The molino must be a maximum of 5 x 2 meters and can be strung.<\/span> <span class=\"JLqJ4b ChMk0b\" data-language-for-alternatives=\"en\" data-language-to-translate-into=\"hu\" data-phrase-index=\"8\" data-number-of-phrases=\"15\">The building&#8217;s technical staff can assist with installation.<\/span><\/span><\/p>\n<p><a href=\"https:\/\/semmelweis.hu\/eok\/files\/2021\/10\/375758456_288232430613385_4978507180994744270_n.jpg\"><img decoding=\"async\" loading=\"lazy\" class=\"wp-image-8433 size-medium aligncenter\" src=\"https:\/\/semmelweis.hu\/eok\/files\/2021\/10\/375758456_288232430613385_4978507180994744270_n-300x400.jpg\" alt=\"\" width=\"300\" height=\"400\" srcset=\"https:\/\/semmelweis.hu\/eok\/files\/2021\/10\/375758456_288232430613385_4978507180994744270_n-300x400.jpg 300w, https:\/\/semmelweis.hu\/eok\/files\/2021\/10\/375758456_288232430613385_4978507180994744270_n-768x1024.jpg 768w, https:\/\/semmelweis.hu\/eok\/files\/2021\/10\/375758456_288232430613385_4978507180994744270_n-1152x1536.jpg 1152w, https:\/\/semmelweis.hu\/eok\/files\/2021\/10\/375758456_288232430613385_4978507180994744270_n-753x1004.jpg 753w, https:\/\/semmelweis.hu\/eok\/files\/2021\/10\/375758456_288232430613385_4978507180994744270_n.jpg 1170w\" sizes=\"auto, (max-width: 300px) 100vw, 300px\" \/><\/a><\/p>\n<p><a href=\"https:\/\/semmelweis.hu\/eok\/files\/2021\/10\/376372939_1348408089219234_3847349728246082305_n.jpg\"><img decoding=\"async\" loading=\"lazy\" class=\"wp-image-8432 size-medium aligncenter\" src=\"https:\/\/semmelweis.hu\/eok\/files\/2021\/10\/376372939_1348408089219234_3847349728246082305_n-400x299.jpg\" alt=\"\" width=\"400\" height=\"299\" srcset=\"https:\/\/semmelweis.hu\/eok\/files\/2021\/10\/376372939_1348408089219234_3847349728246082305_n-400x299.jpg 400w, https:\/\/semmelweis.hu\/eok\/files\/2021\/10\/376372939_1348408089219234_3847349728246082305_n-1024x767.jpg 1024w, https:\/\/semmelweis.hu\/eok\/files\/2021\/10\/376372939_1348408089219234_3847349728246082305_n-768x575.jpg 768w, https:\/\/semmelweis.hu\/eok\/files\/2021\/10\/376372939_1348408089219234_3847349728246082305_n-753x564.jpg 753w, https:\/\/semmelweis.hu\/eok\/files\/2021\/10\/376372939_1348408089219234_3847349728246082305_n.jpg 1170w\" sizes=\"auto, (max-width: 400px) 100vw, 400px\" \/><\/a><\/p>\n\t\t\t<\/div>\n\t\t<\/div>\n\t\t\t\t<div id=\"qaef-7947\" class=\"qe-faq-toggle event-questions\">\n\t\t\t<div class=\"qe-toggle-title\">\n\t\t\t\t<h4>\n\t\t\t\t\t<i class=\"fa fa-minus-circle\"><\/i> What is the possibility of parking?\t\t\t\t<\/h4>\n\t\t\t<\/div>\n\t\t\t<div class=\"qe-toggle-content\">\n\t\t\t\t<p><span class=\"VIiyi\" lang=\"en\"><span class=\"JLqJ4b ChMk0b\" data-language-for-alternatives=\"en\" data-language-to-translate-into=\"hu\" data-phrase-index=\"2\" data-number-of-phrases=\"7\">Contact <a href=\"mailto:rendezveny.eok@semmelweis.hu\">your location coordinator<\/a> for current parking information. <span class=\"HwtZe\" lang=\"en\"><span class=\"jCAhz ChMk0b\"><span class=\"ryNqvb\">With a permit &#8211; on the basis of a previously provided license plate number &#8211; a vehicle with a maximum height of 2.1 m can enter the building&#8217;s underground garage.<\/span><\/span> <span class=\"jCAhz ChMk0b\"><span class=\"ryNqvb\">Driving in with a gas-powered car is prohibited!<\/span><\/span><\/span><br \/>\n<\/span><\/span><\/p>\n\t\t\t<\/div>\n\t\t<\/div>\n\t\t\t\t<div id=\"qaef-7946\" class=\"qe-faq-toggle event-questions\">\n\t\t\t<div class=\"qe-toggle-title\">\n\t\t\t\t<h4>\n\t\t\t\t\t<i class=\"fa fa-minus-circle\"><\/i> What could we know about foyer showcases?\t\t\t\t<\/h4>\n\t\t\t<\/div>\n\t\t\t<div class=\"qe-toggle-content\">\n\t\t\t\t<p>There are a total of 11 (9 + 2) showcases in the hall and 4 on the first floor. Dimensions: 83 x 183 x 9 cm (W\/D). The availability of showcases is limited, it is only possible after consultation.<\/p>\n\t\t\t<\/div>\n\t\t<\/div>\n\t\t\t\t<div id=\"qaef-7941\" class=\"qe-faq-toggle event-questions\">\n\t\t\t<div class=\"qe-toggle-title\">\n\t\t\t\t<h4>\n\t\t\t\t\t<i class=\"fa fa-minus-circle\"><\/i> Is it possible to use a stage in the lobby?\t\t\t\t<\/h4>\n\t\t\t<\/div>\n\t\t\t<div class=\"qe-toggle-content\">\n\t\t\t\t<p><span class=\"VIiyi\" lang=\"en\"><span class=\"JLqJ4b ChMk0b\" data-language-for-alternatives=\"en\" data-language-to-translate-into=\"hu\" data-phrase-index=\"3\" data-number-of-phrases=\"4\">There can be a stage between 2 and 20 sqr in the lobby. A maximum of 10 sqr can be requested when using an LED wall.<\/span><\/span><\/p>\n\t\t\t<\/div>\n\t\t<\/div>\n\t\t\t\t<div id=\"qaef-8251\" class=\"qe-faq-toggle event-questions\">\n\t\t\t<div class=\"qe-toggle-title\">\n\t\t\t\t<h4>\n\t\t\t\t\t<i class=\"fa fa-minus-circle\"><\/i> What are the possibilities for interpreting?\t\t\t\t<\/h4>\n\t\t\t<\/div>\n\t\t\t<div class=\"qe-toggle-content\">\n\t\t\t\t<p><span class=\"HwtZe\" lang=\"en\"><span class=\"jCAhz ChMk0b\"><span class=\"ryNqvb\">Interpretation can be provided inside the room or in some cases in the preparation room connected to the room, but the details of this need to be agreed in advance.<\/span><\/span> <span class=\"jCAhz ChMk0b\"><span class=\"ryNqvb\">EOK does not have an interpretation booth or staff.<\/span><\/span><\/span><\/p>\n\t\t\t<\/div>\n\t\t<\/div>\n\t\t            <\/div>\n\t\t\n","protected":false},"excerpt":{"rendered":"<p>Interpretation can be provided inside the room or in some cases in the preparation room connected to the room, but the details of this need to be agreed in advance. EOK does not have an interpretation booth or staff.<\/p>\n","protected":false},"author":282,"featured_media":0,"parent":6996,"menu_order":3,"comment_status":"closed","ping_status":"closed","template":"","meta":{"_acf_changed":false,"footnotes":""},"categories":[],"tags":[],"class_list":["post-6998","page","type-page","status-publish","hentry"],"acf":[],"_links":{"self":[{"href":"https:\/\/semmelweis.hu\/eok\/wp-json\/wp\/v2\/pages\/6998","targetHints":{"allow":["GET"]}}],"collection":[{"href":"https:\/\/semmelweis.hu\/eok\/wp-json\/wp\/v2\/pages"}],"about":[{"href":"https:\/\/semmelweis.hu\/eok\/wp-json\/wp\/v2\/types\/page"}],"author":[{"embeddable":true,"href":"https:\/\/semmelweis.hu\/eok\/wp-json\/wp\/v2\/users\/282"}],"replies":[{"embeddable":true,"href":"https:\/\/semmelweis.hu\/eok\/wp-json\/wp\/v2\/comments?post=6998"}],"version-history":[{"count":10,"href":"https:\/\/semmelweis.hu\/eok\/wp-json\/wp\/v2\/pages\/6998\/revisions"}],"predecessor-version":[{"id":8738,"href":"https:\/\/semmelweis.hu\/eok\/wp-json\/wp\/v2\/pages\/6998\/revisions\/8738"}],"up":[{"embeddable":true,"href":"https:\/\/semmelweis.hu\/eok\/wp-json\/wp\/v2\/pages\/6996"}],"wp:attachment":[{"href":"https:\/\/semmelweis.hu\/eok\/wp-json\/wp\/v2\/media?parent=6998"}],"wp:term":[{"taxonomy":"category","embeddable":true,"href":"https:\/\/semmelweis.hu\/eok\/wp-json\/wp\/v2\/categories?post=6998"},{"taxonomy":"post_tag","embeddable":true,"href":"https:\/\/semmelweis.hu\/eok\/wp-json\/wp\/v2\/tags?post=6998"}],"curies":[{"name":"wp","href":"https:\/\/api.w.org\/{rel}","templated":true}]}}