{"id":666,"date":"2014-01-29T11:58:49","date_gmt":"2014-01-29T10:58:49","guid":{"rendered":"http:\/\/semmelweis.hu\/eok\/?page_id=666"},"modified":"2025-09-18T14:57:22","modified_gmt":"2025-09-18T12:57:22","slug":"konyvtar","status":"publish","type":"page","link":"https:\/\/semmelweis.hu\/eok\/hu\/szolgaltatasok\/konyvtar\/","title":{"rendered":"EOK K\u00f6nyvt\u00e1r"},"content":{"rendered":"<p><img loading=\"lazy\" decoding=\"async\" class=\"wp-image-67919 size-large aligncenter\" src=\"https:\/\/semmelweis.hu\/hirek\/files\/2017\/10\/RS58102_IMG_5805-scr-600x400.jpg\" alt=\"\" width=\"600\" height=\"400\" \/><br \/>\nTelefon: +36-1-459-1500\/60008-as mell\u00e9k<br \/>\nE-mail: konyvtar@semmelweis.hu, titkarsag.kk@semmelweis.hu<br \/>\nMegtal\u00e1lhat\u00f3 a f\u00f6ldszinten, a &#8216;C&#8217; folyos\u00f3n kereszt\u00fcl<br \/>\nNyitvatart\u00e1si id\u0151: Non-stop nyitva<\/p>\n<p style=\"text-align: justify\">A Semmelweis Egyetem Elm\u00e9leti Orvostudom\u00e1nyi K\u00f6zpontj\u00e1ban helyet kapott 90 f\u00e9r\u0151helyes, 2 szintes k\u00f6nyvt\u00e1r, t\u00e9likerttel v\u00e1rja az egyetem hallgat\u00f3it \u00e9s munkat\u00e1rsait. A k\u00f6nyvt\u00e1rban tal\u00e1lhat\u00f3 8 darab sz\u00e1m\u00edt\u00f3g\u00e9p is seg\u00edti a munk\u00e1t, mindemellett Wifi is el\u00e9rhet\u0151. Az EOK k\u00f6nyvt\u00e1rba val\u00f3 bel\u00e9p\u00e9sre csak a Semmelweis Egyetem hallgat\u00f3i \u00e9s dolgoz\u00f3i jogosultak &#8211; \u00e9rv\u00e9nyes jogviszony igazol\u00e1s\u00e1val.<\/p>\n<p style=\"margin-top: 0cm\"><span style=\"color: #1e2326\">Jelentkez\u00e9s \u00fcgyel\u0151 hallgat\u00f3i munkak\u00f6rre: eok.student.coordinator@semmelweis.hu<\/span><\/p>\n<hr \/>\n<h2>K\u00f6zponti K\u00f6nyvt\u00e1r<\/h2>\n<h3>F\u0151igazgat\u00f3: Szluka P\u00e9ter<\/h3>\n<p>Web: <a href=\"http:\/\/lib.semmelweis.hu\/\" target=\"_blank\" rel=\"noopener noreferrer\">http:\/\/lib.semmelweis.hu\/<\/a><br \/>\nTelefonsz\u00e1m: +36-1-459-1500\/60514-es mell\u00e9k<br \/>\nC\u00edm: 1088 Budapest, <span class=\"contentRed\">Miksz\u00e1th K\u00e1lm\u00e1n t\u00e9r 5.<\/span><\/p>\n","protected":false},"excerpt":{"rendered":"<p>Telefon: +36-1-459-1500\/60008-as mell\u00e9k E-mail: konyvtar@semmelweis.hu, titkarsag.kk@semmelweis.hu Megtal\u00e1lhat\u00f3 a f\u00f6ldszinten, a &#8216;C&#8217; folyos\u00f3n kereszt\u00fcl Nyitvatart\u00e1si id\u0151: Non-stop nyitva A Semmelweis Egyetem Elm\u00e9leti Orvostudom\u00e1nyi K\u00f6zpontj\u00e1ban helyet kapott 90 f\u00e9r\u0151helyes, 2 szintes k\u00f6nyvt\u00e1r, t\u00e9likerttel v\u00e1rja az egyetem hallgat\u00f3it \u00e9s munkat\u00e1rsait. A k\u00f6nyvt\u00e1rban tal\u00e1lhat\u00f3 8 darab sz\u00e1m\u00edt\u00f3g\u00e9p is seg\u00edti a munk\u00e1t, mindemellett Wifi is el\u00e9rhet\u0151. Az EOK k\u00f6nyvt\u00e1rba val\u00f3 &hellip;<\/p>\n","protected":false},"author":101011,"featured_media":8525,"parent":3414,"menu_order":1,"comment_status":"closed","ping_status":"open","template":"","meta":{"_acf_changed":false,"footnotes":""},"categories":[461],"tags":[],"class_list":["post-666","page","type-page","status-publish","has-post-thumbnail","hentry","category-szolgaltatas"],"acf":[],"_links":{"self":[{"href":"https:\/\/semmelweis.hu\/eok\/wp-json\/wp\/v2\/pages\/666","targetHints":{"allow":["GET"]}}],"collection":[{"href":"https:\/\/semmelweis.hu\/eok\/wp-json\/wp\/v2\/pages"}],"about":[{"href":"https:\/\/semmelweis.hu\/eok\/wp-json\/wp\/v2\/types\/page"}],"author":[{"embeddable":true,"href":"https:\/\/semmelweis.hu\/eok\/wp-json\/wp\/v2\/users\/101011"}],"replies":[{"embeddable":true,"href":"https:\/\/semmelweis.hu\/eok\/wp-json\/wp\/v2\/comments?post=666"}],"version-history":[{"count":11,"href":"https:\/\/semmelweis.hu\/eok\/wp-json\/wp\/v2\/pages\/666\/revisions"}],"predecessor-version":[{"id":8731,"href":"https:\/\/semmelweis.hu\/eok\/wp-json\/wp\/v2\/pages\/666\/revisions\/8731"}],"up":[{"embeddable":true,"href":"https:\/\/semmelweis.hu\/eok\/wp-json\/wp\/v2\/pages\/3414"}],"wp:featuredmedia":[{"embeddable":true,"href":"https:\/\/semmelweis.hu\/eok\/wp-json\/wp\/v2\/media\/8525"}],"wp:attachment":[{"href":"https:\/\/semmelweis.hu\/eok\/wp-json\/wp\/v2\/media?parent=666"}],"wp:term":[{"taxonomy":"category","embeddable":true,"href":"https:\/\/semmelweis.hu\/eok\/wp-json\/wp\/v2\/categories?post=666"},{"taxonomy":"post_tag","embeddable":true,"href":"https:\/\/semmelweis.hu\/eok\/wp-json\/wp\/v2\/tags?post=666"}],"curies":[{"name":"wp","href":"https:\/\/api.w.org\/{rel}","templated":true}]}}