{"id":5415,"date":"2018-07-09T11:33:30","date_gmt":"2018-07-09T09:33:30","guid":{"rendered":"http:\/\/semmelweis.hu\/eok\/?page_id=5415"},"modified":"2021-06-02T11:09:47","modified_gmt":"2021-06-02T09:09:47","slug":"anyscan-pet-ct-a-semmelweis-egyetemen","status":"publish","type":"page","link":"https:\/\/semmelweis.hu\/eok\/hu\/rolunk\/vekop\/anyscan-pet-ct-a-semmelweis-egyetemen\/","title":{"rendered":"AnyScan PET-CT a Semmelweis Egyetemen"},"content":{"rendered":"<table style=\"width: 100%;border-collapse: collapse\" border=\"1\" cellspacing=\"5\" cellpadding=\"5\">\n<tbody>\n<tr>\n<td style=\"width: 590.533px;text-align: justify\"><img loading=\"lazy\" decoding=\"async\" class=\"alignright wp-image-7648\" src=\"https:\/\/semmelweis.hu\/eok\/files\/2021\/06\/infoblokk_kedv_final_felso_cmyk_ERFA-400x278.png\" alt=\"\" width=\"365\" height=\"254\" srcset=\"https:\/\/semmelweis.hu\/eok\/files\/2021\/06\/infoblokk_kedv_final_felso_cmyk_ERFA-400x278.png 400w, https:\/\/semmelweis.hu\/eok\/files\/2021\/06\/infoblokk_kedv_final_felso_cmyk_ERFA-1024x713.png 1024w, https:\/\/semmelweis.hu\/eok\/files\/2021\/06\/infoblokk_kedv_final_felso_cmyk_ERFA-768x535.png 768w, https:\/\/semmelweis.hu\/eok\/files\/2021\/06\/infoblokk_kedv_final_felso_cmyk_ERFA-753x524.png 753w, https:\/\/semmelweis.hu\/eok\/files\/2021\/06\/infoblokk_kedv_final_felso_cmyk_ERFA.png 1455w\" sizes=\"auto, (max-width: 365px) 100vw, 365px\" \/><strong>A k\u00f6z\u00e9p-eur\u00f3pai r\u00e9gi\u00f3ban egyed\u00fcl\u00e1ll\u00f3 transzl\u00e1ci\u00f3s kutat\u00f3k\u00f6zpont legf\u0151bb pill\u00e9r\u00e9t k\u00e9pezheti majd az az AnyScan PET-CT, amelyet a Semmelweis Egyetem haszn\u00e1lhat a k\u00f6zelj\u00f6v\u0151ben nagy\u00e1llat-modellek vizsg\u00e1lata sor\u00e1n. A k\u00e9palkot\u00f3 berendez\u00e9s beszerz\u00e9s\u00e9re az Innovat\u00edv nagy\u00e1llat-modellek a klinikai ter\u00e1pi\u00e1s kutat\u00e1s szolg\u00e1lat\u00e1ban c\u00edm\u0171, VEKOP-2.3.3-15-0024 jel\u0171 p\u00e1ly\u00e1zat keret\u00e9ben ny\u00edlik lehet\u0151s\u00e9g, 406 milli\u00f3 forint \u00f6sszeg\u0171, vissza nem t\u00e9r\u00edtend\u0151 t\u00e1mogat\u00e1ssal. A tavaly november 1-j\u00e9n kezdett projekt befejez\u00e9se 2020. november v\u00e9g\u00e9n v\u00e1rhat\u00f3.<\/strong><\/td>\n<\/tr>\n<\/tbody>\n<\/table>\n<p style=\"text-align: justify\">A projekt a Biofizikai \u00e9s Sug\u00e1rbiol\u00f3giai Int\u00e9zet vezet\u00e9s\u00e9vel a Nukle\u00e1ris Medicina Tansz\u00e9ken val\u00f3sul meg, a kutat\u00e1sokban pedig t\u00f6bb int\u00e9zm\u00e9ny, az Urol\u00f3giai Klinika, a Neurol\u00f3giai Klinika, valamint a K\u00eds\u00e9rletes \u00e9s Seb\u00e9szeti M\u0171t\u00e9ttani Int\u00e9zet is r\u00e9szt vesz. Az egyed\u00fcl\u00e1ll\u00f3an nagy \u00e9rz\u00e9kenys\u00e9g\u0171 berendez\u00e9s olyan, ma m\u00e9g gy\u00f3gy\u00edthatatlan k\u00f3rk\u00e9pek, illetve azok k\u00f3roki t\u00e9nyez\u0151inek sz\u00e9lesk\u00f6r\u0171 felt\u00e9rk\u00e9pez\u00e9s\u00e9re ad lehet\u0151s\u00e9g, mint a metasztatiz\u00e1l\u00f3 agressz\u00edv prosztatadaganat \u00e9s k\u00f6zponti idegrendszeri kering\u00e9si rendelleness\u00e9gek.<br \/>\nNapjainkban a prosztatadaganat \u00e9s a stroke modellez\u00e9se t\u00f6bbnyire r\u00e1gcs\u00e1l\u00f3kban t\u00f6rt\u00e9nik, mivel a jelenleg sz\u00e9les k\u00f6rben el\u00e9rhet\u0151 kutat\u00e1si c\u00e9lra sz\u00e1nt k\u00e9palkot\u00f3 eszk\u00f6z\u00f6k csup\u00e1n kis\u00e1llatok vizsg\u00e1lat\u00e1ra alkalmasak. Az emberi agy \u00e9s a prosztata azonban l\u00e9nyegesen k\u00fcl\u00f6nb\u00f6zik a r\u00e1gcs\u00e1l\u00f3k szerveit\u0151l, ez\u00e9rt az ilyen modelleken nyert eredm\u00e9nyek sokszor csak komoly megszor\u00edt\u00e1sokkal alkalmazhat\u00f3k hum\u00e1n vizsg\u00e1latokban.<br \/>\nA transzl\u00e1ci\u00f3s kutat\u00e1s saj\u00e1toss\u00e1ga, hogy a laborat\u00f3riumi gyakorlatban megszokott kis\u00e1llat-modellek helyett nagy\u00e1llatokon vizsg\u00e1lja a mesters\u00e9gesen el\u0151id\u00e9zett patol\u00f3gi\u00e1s \u00e1llapotok progresszi\u00f3j\u00e1t, \u00e9s a ter\u00e1pi\u00e1s elj\u00e1r\u00e1sok hat\u00e9konys\u00e1g\u00e1t. El\u0151nye, hogy a nagy\u00e1llatmodellek fiziol\u00f3gi\u00e1s tulajdons\u00e1gai sok esetben meglep\u0151 hasonl\u00f3s\u00e1got mutatnak az ember\u00e9hez, aminek k\u00f6sz\u00f6nhet\u0151en kevesebb \u00e1llat felhaszn\u00e1l\u00e1s\u00e1val t\u00f6bb vizsg\u00e1lati adat nyerhet\u0151 egy k\u00eds\u00e9rletsorozatban, ami fontos etikai szempont is.<br \/>\nA m\u00f3dszer alkalmaz\u00e1s\u00e1nak m\u00e1sik nagy el\u0151nye, hogy lehet\u0151v\u00e9 teszi az \u00faj ter\u00e1pi\u00e1s k\u00e9sz\u00edtm\u00e9nyek \u00e9s diagnosztikus elj\u00e1r\u00e1sok \u00e1tvitel\u00e9t a pre-klinikai \u00e1llatk\u00eds\u00e9rletekb\u0151l emberi alkalmaz\u00e1sra, ezzel egyes gy\u00f3gyszerek klinikai bevezet\u00e9s\u00e9hez tudunk hozz\u00e1j\u00e1rulni. Hossz\u00fa t\u00e1von ez az egy\u00fcttm\u0171k\u00f6d\u00e9sek sz\u00e9les\u00edt\u00e9s\u00e9t eredm\u00e9nyezi a hazai \u00e9s nemzetk\u00f6zi gy\u00f3gyszerfejleszt\u0151 c\u00e9gekkel.<\/p>\n<p style=\"text-align: right\"><em>Vereckei Zolt\u00e1n<\/em><\/p>\n","protected":false},"excerpt":{"rendered":"<p>A k\u00f6z\u00e9p-eur\u00f3pai r\u00e9gi\u00f3ban egyed\u00fcl\u00e1ll\u00f3 transzl\u00e1ci\u00f3s kutat\u00f3k\u00f6zpont legf\u0151bb pill\u00e9r\u00e9t k\u00e9pezheti majd az az AnyScan PET-CT, amelyet a Semmelweis Egyetem haszn\u00e1lhat a k\u00f6zelj\u00f6v\u0151ben nagy\u00e1llat-modellek vizsg\u00e1lata sor\u00e1n. A k\u00e9palkot\u00f3 berendez\u00e9s beszerz\u00e9s\u00e9re az Innovat\u00edv nagy\u00e1llat-modellek a klinikai ter\u00e1pi\u00e1s kutat\u00e1s szolg\u00e1lat\u00e1ban c\u00edm\u0171, VEKOP-2.3.3-15-0024 jel\u0171 p\u00e1ly\u00e1zat keret\u00e9ben ny\u00edlik lehet\u0151s\u00e9g, 406 milli\u00f3 forint \u00f6sszeg\u0171, vissza nem t\u00e9r\u00edtend\u0151 t\u00e1mogat\u00e1ssal. A tavaly november 1-j\u00e9n &hellip;<\/p>\n","protected":false},"author":282,"featured_media":0,"parent":5403,"menu_order":5,"comment_status":"closed","ping_status":"closed","template":"","meta":{"_acf_changed":false,"footnotes":""},"categories":[],"tags":[],"class_list":["post-5415","page","type-page","status-publish","hentry"],"acf":[],"_links":{"self":[{"href":"https:\/\/semmelweis.hu\/eok\/wp-json\/wp\/v2\/pages\/5415","targetHints":{"allow":["GET"]}}],"collection":[{"href":"https:\/\/semmelweis.hu\/eok\/wp-json\/wp\/v2\/pages"}],"about":[{"href":"https:\/\/semmelweis.hu\/eok\/wp-json\/wp\/v2\/types\/page"}],"author":[{"embeddable":true,"href":"https:\/\/semmelweis.hu\/eok\/wp-json\/wp\/v2\/users\/282"}],"replies":[{"embeddable":true,"href":"https:\/\/semmelweis.hu\/eok\/wp-json\/wp\/v2\/comments?post=5415"}],"version-history":[{"count":5,"href":"https:\/\/semmelweis.hu\/eok\/wp-json\/wp\/v2\/pages\/5415\/revisions"}],"predecessor-version":[{"id":7660,"href":"https:\/\/semmelweis.hu\/eok\/wp-json\/wp\/v2\/pages\/5415\/revisions\/7660"}],"up":[{"embeddable":true,"href":"https:\/\/semmelweis.hu\/eok\/wp-json\/wp\/v2\/pages\/5403"}],"wp:attachment":[{"href":"https:\/\/semmelweis.hu\/eok\/wp-json\/wp\/v2\/media?parent=5415"}],"wp:term":[{"taxonomy":"category","embeddable":true,"href":"https:\/\/semmelweis.hu\/eok\/wp-json\/wp\/v2\/categories?post=5415"},{"taxonomy":"post_tag","embeddable":true,"href":"https:\/\/semmelweis.hu\/eok\/wp-json\/wp\/v2\/tags?post=5415"}],"curies":[{"name":"wp","href":"https:\/\/api.w.org\/{rel}","templated":true}]}}