{"id":5407,"date":"2018-07-09T11:28:32","date_gmt":"2018-07-09T09:28:32","guid":{"rendered":"http:\/\/semmelweis.hu\/eok\/?page_id=5407"},"modified":"2021-06-02T11:08:40","modified_gmt":"2021-06-02T09:08:40","slug":"szuperrezolucios-mikroszkop-palyazati-penzbol","status":"publish","type":"page","link":"https:\/\/semmelweis.hu\/eok\/hu\/rolunk\/vekop\/szuperrezolucios-mikroszkop-palyazati-penzbol\/","title":{"rendered":"Szuperrezol\u00faci\u00f3s mikroszk\u00f3p p\u00e1ly\u00e1zati p\u00e9nzb\u0151l"},"content":{"rendered":"<table style=\"width: 100%;border-collapse: collapse\" border=\"1\" cellspacing=\"5\" cellpadding=\"5\">\n<tbody>\n<tr>\n<td style=\"width: 590.533px;text-align: justify\"><img loading=\"lazy\" decoding=\"async\" class=\"alignright wp-image-7648\" src=\"https:\/\/semmelweis.hu\/eok\/files\/2021\/06\/infoblokk_kedv_final_felso_cmyk_ERFA-400x278.png\" alt=\"\" width=\"365\" height=\"254\" srcset=\"https:\/\/semmelweis.hu\/eok\/files\/2021\/06\/infoblokk_kedv_final_felso_cmyk_ERFA-400x278.png 400w, https:\/\/semmelweis.hu\/eok\/files\/2021\/06\/infoblokk_kedv_final_felso_cmyk_ERFA-1024x713.png 1024w, https:\/\/semmelweis.hu\/eok\/files\/2021\/06\/infoblokk_kedv_final_felso_cmyk_ERFA-768x535.png 768w, https:\/\/semmelweis.hu\/eok\/files\/2021\/06\/infoblokk_kedv_final_felso_cmyk_ERFA-753x524.png 753w, https:\/\/semmelweis.hu\/eok\/files\/2021\/06\/infoblokk_kedv_final_felso_cmyk_ERFA.png 1455w\" sizes=\"auto, (max-width: 365px) 100vw, 365px\" \/><strong>K\u00e9tfotonos gerjeszt\u00e9ssel is kombin\u00e1lhat\u00f3 STED szuperrezol\u00faci\u00f3s mikroszk\u00f3p beszerz\u00e9s\u00e9hez nyert \u00a0\u00a0\u00a0\u00a0\u00a0\u00a0\u00a0198 000\u00a0000 Ft vissza nem t\u00e9r\u00edtend\u0151, eur\u00f3pai uni\u00f3s t\u00e1mogat\u00e1st a Semmelweis Egyetem a Versenyk\u00e9pes K\u00f6z\u00e9p-Magyarorsz\u00e1gi Operat\u00edv Program keret\u00e9n bel\u00fcl, a VEKOP-2.3.3-15 &#8211; Kutat\u00e1si infrastrukt\u00fara meger\u0151s\u00edt\u00e9se &#8211; nemzetk\u00f6ziesed\u00e9s, h\u00e1l\u00f3zatosod\u00e1s c\u00edmmel k\u00f6zz\u00e9tett p\u00e1ly\u00e1zaton. A \u201eNanosk\u00e1l\u00e1j\u00fa biol\u00f3giai szerkezet, k\u00f6lcs\u00f6nhat\u00e1s \u00e9s mozg\u00e1s m\u00f3dusok vizsg\u00e1lata\u201d elnevez\u00e9s\u0171 projekt megval\u00f3s\u00edt\u00e1s\u00e1nak kezdete 2016.09.01 volt. A projekt tervezett fizikai befejez\u00e9se 2019.08.31.<\/strong><\/td>\n<\/tr>\n<\/tbody>\n<\/table>\n<p style=\"text-align: justify\">A Sz\u00e9chenyi 2020 p\u00e1ly\u00e1zat keret\u00e9ben elnyert, 100%-os anyagi t\u00e1mogat\u00e1s\u00fa projekt a K\u00f6z\u00e9p-magyarorsz\u00e1gi R\u00e9gi\u00f3ban, Budapesten a SE. I. sz. Gyermekgy\u00f3gy\u00e1szati Klinik\u00e1n prof Szab\u00f3 Attila \u00e9s az SE Biofizikai \u00e9s Sug\u00e1rbiol\u00f3giai Int\u00e9zet\u00e9ben prof. Kellermayer Mikl\u00f3ssal k\u00f6z\u00f6s szakmai ir\u00e1ny\u00edt\u00e1ssal val\u00f3sul meg. A projekt ugyan nem konzorciumi form\u00e1ban, de sz\u00e9lesk\u00f6r\u0171 szakmai egy\u00fcttm\u0171k\u00f6d\u00e9sre \u00e9p\u00fclve, az SE. Klinikai K\u00eds\u00e9rleti Kutat\u00f3 Int\u00e9zet, SE. Anat\u00f3miai, Sz\u00f6vet- \u00e9s Fejl\u0151d\u00e9stani Int\u00e9zet, SE. I. sz. Patol\u00f3giai \u00e9s K\u00eds\u00e9rleti R\u00e1kkutat\u00f3 Int\u00e9zet, SE. V\u00e1rosmajori Sz\u00edv- \u00e9s \u00c9rgy\u00f3gy\u00e1szati Klinika, KOKI, BME, ELTE Biok\u00e9miai Tansz\u00e9k r\u00e9szv\u00e9tel\u00e9vel zajlik.<br \/>\nA projekt c\u00e9lja egy speci\u00e1lis, k\u00e9tfotonos gerjeszt\u00e9ssel is kombin\u00e1lhat\u00f3 STED szuperrezol\u00faci\u00f3s mikroszk\u00f3p beszerz\u00e9se, \u00e9s az egyetem core facilityjek\u00e9nt val\u00f3 m\u0171k\u00f6dtet\u00e9s\u00e9hez sz\u00fcks\u00e9ges infrastruktur\u00e1lis felt\u00e9telek kialak\u00edt\u00e1sa. A projekt sor\u00e1n a kereskedelmi forgalomban is kaphat\u00f3 STED mikroszk\u00f3pok egyik\u00e9t h\u00e1zilag k\u00e9tfotonos gerjeszt\u00e9ssel is felruh\u00e1zzuk. Munk\u00e1nk egyik kiemelt egyedi pill\u00e9re, hogy az egyetem k\u00e9pes a vil\u00e1g egyetlen m\u00e1s laborat\u00f3rium\u00e1ban sem megval\u00f3s\u00edthat\u00f3 hum\u00e1n retina hossz\u00fa t\u00e1v\u00fa t\u00fal\u00e9ltet\u00e9s\u00e9re, ez\u00e9rt a technika ir\u00e1nt folyamatosan nagy nemzetk\u00f6zi \u00e9rdekl\u0151d\u00e9s mutatkozik. A mikroszk\u00f3p lehet\u0151v\u00e9 teszi a sz\u00f6veti, cellul\u00e1ris \u00e9s szupramolekul\u00e1ris rendszerek nagy felbont\u00e1s\u00fa szerkezet\u00e9nek, intermolekul\u00e1ris k\u00f6lcs\u00f6nhat\u00e1sainak, a benn\u00fck zajl\u00f3 transzport- \u00e9s mozg\u00e1si folyamatoknak nagy t\u00e9r- \u00e9s id\u0151felbont\u00e1s\u00fa vizsg\u00e1lat\u00e1t. A vizsg\u00e1lt rendszerek \u00e9s funkci\u00f3k az orvosbiol\u00f3giai tematika sz\u00e9les palett\u00e1j\u00e1t lefedik, a sejt diff\u00fazi\u00f3s \u00e9s facilit\u00e1lt transzport folyamatait\u00f3l kezdve az \u0151ssejtekb\u0151l differenci\u00e1lt kardiomiocita szerkezeten \u00e1t a magasan differenci\u00e1lt (pl. vese, idegsz\u00f6vet) sz\u00f6vetekben fell\u00e9p\u0151 molekul\u00e1ris k\u00f6lcs\u00f6nhat\u00e1sokig. A kialak\u00edtott laborat\u00f3rium szakmai, szellemi m\u0171helyk\u00e9nt m\u0171k\u00f6dne. Fontosnak tartjuk, hogy a hazai \u00e9s nemzetk\u00f6zi viszonylatban is f\u00f3kuszban l\u00e9v\u0151 betegs\u00e9gek kutat\u00e1sa is szerepet kapjon.<br \/>\n\u00c9rdemi transzl\u00e1ci\u00f3s orvos-biol\u00f3giai kutat\u00e1sok kiz\u00e1r\u00f3lag a betegs\u00e9gek patomechanizmus\u00e1nak molekul\u00e1ris szint\u0171 megismer\u00e9s\u00e9n alapulhatnak, \u00edgy a p\u00e1ly\u00e1zott infrastrukt\u00fara-fejleszt\u00e9s tudom\u00e1nyos jelent\u0151s\u00e9ge egy\u00e9rtelm\u0171. A hazai kutat\u00e1si \u00e9let int\u00e9zm\u00e9nyei \u00e9s v\u00e1llalatai \u00fagy tudnak talpon maradni, ha m\u00e1r most versenyk\u00e9pes \u201ebrain k\u00f6zpontokat\u201d alak\u00edtanak ki hightech h\u00e1tt\u00e9rt\u00e1mogat\u00e1ssal.<br \/>\nA szuperrezol\u00faci\u00f3s mikroszk\u00f3p \u00e1ltal b\u0151v\u00edtett kutat\u00e1si infrastrukt\u00fara hozz\u00e1j\u00e1rulhat ahhoz, hogy a Semmelweis Egyetem az EuroBioimaging r\u00e9szes\u00e9v\u00e9 v\u00e1ljon \u00e9s hozz\u00e1f\u00e9r\u00e9st biztos\u00edtson a magyar kutat\u00f3k sz\u00e1m\u00e1ra az EU k\u00f6zponti imaging infrastrukt\u00far\u00e1hoz.<br \/>\nA beszerzett, k\u00e9tfotonos gerjeszt\u00e9si lehet\u0151s\u00e9ggel is kombin\u00e1lt STED szuperrezol\u00faci\u00f3s mikroszk\u00f3p vil\u00e1gsz\u00ednvonal\u00fa orvosbiol\u00f3giai kutat\u00e1si \u00e9s fejleszt\u00e9si projektek gener\u00e1l\u00f3d\u00e1s\u00e1t seg\u00edti el\u0151, amelyek hozz\u00e1j\u00e1rulnak az \u00e9lettani folyamatok m\u00e9lyebb meg\u00e9rt\u00e9s\u00e9hez \u00e9s betegs\u00e9gek patofiziol\u00f3giai h\u00e1tter\u00e9nek felt\u00e9rk\u00e9pez\u00e9s\u00e9hez, ez\u00e1ltal \u00faj ter\u00e1pi\u00e1s \u00e9s diagnosztikai technol\u00f3gi\u00e1k tudom\u00e1nyos alapj\u00e1t teremthetik meg.<\/p>\n<p style=\"text-align: right\"><em>Vereckei Zolt\u00e1n<\/em><\/p>\n","protected":false},"excerpt":{"rendered":"<p>K\u00e9tfotonos gerjeszt\u00e9ssel is kombin\u00e1lhat\u00f3 STED szuperrezol\u00faci\u00f3s mikroszk\u00f3p beszerz\u00e9s\u00e9hez nyert \u00a0\u00a0\u00a0\u00a0\u00a0\u00a0\u00a0198 000\u00a0000 Ft vissza nem t\u00e9r\u00edtend\u0151, eur\u00f3pai uni\u00f3s t\u00e1mogat\u00e1st a Semmelweis Egyetem a Versenyk\u00e9pes K\u00f6z\u00e9p-Magyarorsz\u00e1gi Operat\u00edv Program keret\u00e9n bel\u00fcl, a VEKOP-2.3.3-15 &#8211; Kutat\u00e1si infrastrukt\u00fara meger\u0151s\u00edt\u00e9se &#8211; nemzetk\u00f6ziesed\u00e9s, h\u00e1l\u00f3zatosod\u00e1s c\u00edmmel k\u00f6zz\u00e9tett p\u00e1ly\u00e1zaton. A \u201eNanosk\u00e1l\u00e1j\u00fa biol\u00f3giai szerkezet, k\u00f6lcs\u00f6nhat\u00e1s \u00e9s mozg\u00e1s m\u00f3dusok vizsg\u00e1lata\u201d elnevez\u00e9s\u0171 projekt megval\u00f3s\u00edt\u00e1s\u00e1nak kezdete 2016.09.01 volt. &hellip;<\/p>\n","protected":false},"author":282,"featured_media":0,"parent":5403,"menu_order":3,"comment_status":"closed","ping_status":"closed","template":"","meta":{"_acf_changed":false,"footnotes":""},"categories":[],"tags":[],"class_list":["post-5407","page","type-page","status-publish","hentry"],"acf":[],"_links":{"self":[{"href":"https:\/\/semmelweis.hu\/eok\/wp-json\/wp\/v2\/pages\/5407","targetHints":{"allow":["GET"]}}],"collection":[{"href":"https:\/\/semmelweis.hu\/eok\/wp-json\/wp\/v2\/pages"}],"about":[{"href":"https:\/\/semmelweis.hu\/eok\/wp-json\/wp\/v2\/types\/page"}],"author":[{"embeddable":true,"href":"https:\/\/semmelweis.hu\/eok\/wp-json\/wp\/v2\/users\/282"}],"replies":[{"embeddable":true,"href":"https:\/\/semmelweis.hu\/eok\/wp-json\/wp\/v2\/comments?post=5407"}],"version-history":[{"count":6,"href":"https:\/\/semmelweis.hu\/eok\/wp-json\/wp\/v2\/pages\/5407\/revisions"}],"predecessor-version":[{"id":7656,"href":"https:\/\/semmelweis.hu\/eok\/wp-json\/wp\/v2\/pages\/5407\/revisions\/7656"}],"up":[{"embeddable":true,"href":"https:\/\/semmelweis.hu\/eok\/wp-json\/wp\/v2\/pages\/5403"}],"wp:attachment":[{"href":"https:\/\/semmelweis.hu\/eok\/wp-json\/wp\/v2\/media?parent=5407"}],"wp:term":[{"taxonomy":"category","embeddable":true,"href":"https:\/\/semmelweis.hu\/eok\/wp-json\/wp\/v2\/categories?post=5407"},{"taxonomy":"post_tag","embeddable":true,"href":"https:\/\/semmelweis.hu\/eok\/wp-json\/wp\/v2\/tags?post=5407"}],"curies":[{"name":"wp","href":"https:\/\/api.w.org\/{rel}","templated":true}]}}