{"id":513,"date":"2013-11-28T18:39:34","date_gmt":"2013-11-28T17:39:34","guid":{"rendered":"http:\/\/semmelweis.hu\/eok\/?page_id=513"},"modified":"2025-03-18T11:23:31","modified_gmt":"2025-03-18T10:23:31","slug":"hevesy-gyorgy-terem","status":"publish","type":"page","link":"https:\/\/semmelweis.hu\/eok\/hu\/rendezvenyek\/eszkozpark\/hevesy-gyorgy-terem\/","title":{"rendered":"Hevesy Gy\u00f6rgy terem"},"content":{"rendered":"<p style=\"text-align: justify\"><strong>Befogad\u00f3k\u00e9pess\u00e9g:<\/strong> 160 f\u0151 (188 m<sup>2<\/sup>)<br \/>\n<strong>Elrendez\u00e9s:<\/strong> r\u00f6gz\u00edtett, iskolai sz\u00e9ksor<\/p>\n<p style=\"text-align: justify\"><strong>Vet\u00edt\u00e9s, el\u0151ad\u00e1s:<br \/>\n<\/strong>A vet\u00edtett k\u00e9p alapfelbont\u00e1sa:\u00a0 1920 x 1080 (16:9-es k\u00e9par\u00e1ny)<br \/>\n1 db EPSON EB-PU2010W t\u00edpus\u00fa projektor (k\u00f6z\u00e9pen) (vet\u00edtett k\u00e9p m\u00e9rete: ~ 350 x 230 cm)<br \/>\n2 db EPSON EB-L610U t\u00edpus\u00fa projektor (sz\u00e9leken) (vet\u00edtett k\u00e9p m\u00e9rete: ~ 230 x 150 cm)<br \/>\n1 db EPSON EB\u20111470Ui t\u00edpus\u00fa projektor (interakt\u00edv feh\u00e9rt\u00e1bla r\u00e9szek\u00e9nt)<br \/>\n3 db fali projektorv\u00e1szon<br \/>\n1 db feh\u00e9rt\u00e1bla (Easy Interactive Tools szoftverhez is)<br \/>\n1 db hagyom\u00e1nyos t\u00e1bla (kr\u00e9t\u00e1s, z\u00f6ld sz\u00edn\u0171)<br \/>\nV\u00e1szon m\u00e9rete: ~ 850 x 300 cm<br \/>\n(K\u00e9r\u00e9sre: kontroll monitort tudunk biztos\u00edtani)<\/p>\n<p><strong>AV becsatlakoz\u00e1sok:<\/strong><br \/>\nPulpitusn\u00e1l: 1 db HDMI vagy VGA \/ 1 db DVI \/ 1 db 3,5 jack audio<br \/>\nTerem h\u00e1ts\u00f3 fel\u00e9n: 1 db HDMI<br \/>\nTerem elej\u00e9n: 1 db SDI \/ 1 db AUX video \/ 1 db AUX audio<\/p>\n<p style=\"text-align: justify\"><strong>El\u0151ad\u00f3i pulpitusn\u00e1l tal\u00e1lhat\u00f3 eszk\u00f6z\u00f6k:<\/strong><br \/>\n1 db be\u00e9p\u00edtett asztali sz\u00e1m\u00edt\u00f3g\u00e9p (Windows 11 oper\u00e1ci\u00f3s rendszer, MS Office 365)<br \/>\n1 db prezenter (l\u00e9zeres mutat\u00f3 \u00e9s l\u00e9ptet\u0151)<br \/>\n1 db Elmo L-12G dokumentumkamera<br \/>\n1 db VGA vagy 1 db HDMI csatlakoz\u00e1si lehet\u0151s\u00e9g hordozhat\u00f3 sz\u00e1m\u00edt\u00f3g\u00e9p\u00a0(laptop) sz\u00e1m\u00e1ra<\/p>\n<p style=\"text-align: justify\"><strong>Hangos\u00edt\u00e1s (alap):<\/strong><br \/>\n1 db Audio Technica ATW T310bD t\u00edpus\u00fa mikroport<br \/>\nBe\u00e9p\u00edtett asztali sz\u00e1m\u00edt\u00f3g\u00e9p hangos\u00edt\u00e1sa<br \/>\n1 db minijack csatlakoz\u00e1si lehet\u0151s\u00e9g hordozhat\u00f3 sz\u00e1m\u00edt\u00f3g\u00e9p (laptop) sz\u00e1m\u00e1ra<br \/>\n(K\u00e9r\u00e9sre: 1 db Audio Technica ATW T220 t\u00edpus\u00fa r\u00e1di\u00f3s, k\u00e9zi mikrofon,<br \/>\n2 db AudioTechnica ATW-C510 t\u00edpus\u00fa r\u00e1di\u00f3s, k\u00e9zi mikrofon)<\/p>\n<p style=\"text-align: justify\"><strong>Vil\u00e1g\u00edt\u00e1s:<\/strong> El\u0151ad\u00f3i pultr\u00f3l vez\u00e9relhet\u0151 vil\u00e1g\u00edt\u00e1s<\/p>\n<p style=\"text-align: justify\"><strong>Internet:<\/strong> A be\u00e9p\u00edtett asztali sz\u00e1m\u00edt\u00f3g\u00e9p rendelkezik vezet\u00e9kes internetkapcsolattal, a teremben wifi h\u00e1l\u00f3zat van<\/p>\n<p style=\"text-align: justify\"><strong>Tov\u00e1bbi eszk\u00f6z\u00f6k, inform\u00e1ci\u00f3k:<\/strong> El\u0151ad\u00f3i pultn\u00e1l 1 db IP telefon, sz\u00fcnetid\u0151 kijelz\u0151, a terem nem \u00f6n\u00e1ll\u00f3an szab\u00e1lyozhat\u00f3 klimatiz\u00e1lts\u00e1g\u00fa<\/p>\n<p><span style=\"text-decoration: underline\"><strong>A fentieken fel\u00fcl tov\u00e1bbi eszk\u00f6z\u00f6k ig\u00e9nyl\u00e9se \u00e9s be\u00fczemel\u00e9se k\u00fcl\u00f6n egyeztet\u00e9s alapj\u00e1n t\u00f6rt\u00e9nik!<\/strong><\/span><\/p>\n\r\n        [slb_exclude]\r\n        <div class=\"row galeria-wrapper mx-0 h-auto\">\r\n            <div class=\"col-9 pl-0 pr-2\">\r\n            <span class=\"gallery-item frame\">\r\n\t\t\t\t<div class=\"galeria-left-img\"><a href=\"https:\/\/semmelweis.hu\/eok\/files\/2022\/03\/20220125_105318.jpg\"><img src=https:\/\/semmelweis.hu\/eok\/files\/2022\/03\/20220125_105318.jpg  \r\n                            alt=\"\" \r\n                            class=\"attachment-sote-gallery-big size-sote-gallery-big\" \r\n                            srcset=\"https:\/\/semmelweis.hu\/eok\/files\/2022\/03\/20220125_105318-400x225.jpg 400w, https:\/\/semmelweis.hu\/eok\/files\/2022\/03\/20220125_105318-1024x576.jpg 1024w, https:\/\/semmelweis.hu\/eok\/files\/2022\/03\/20220125_105318-768x432.jpg 768w, https:\/\/semmelweis.hu\/eok\/files\/2022\/03\/20220125_105318-1536x864.jpg 1536w, https:\/\/semmelweis.hu\/eok\/files\/2022\/03\/20220125_105318-753x424.jpg 753w, https:\/\/semmelweis.hu\/eok\/files\/2022\/03\/20220125_105318.jpg 1920w\" ><\/a><\/div>\r\n            <\/span>\r\n\r\n            <\/div>\r\n\r\n\t\t\t<div class=\"col-3 pl-0 pr-0\">\r\n\t\t\t\t<div class=\"galeria-right-img d-flex justify-content-between flex-column h-100 w-100 px-0 mx-0 \">\r\n                <div class=\"galeria-box\">\r\n\t\t\t\t\t<h3 class=\"galeria-title\">Gal\u00e9ria<\/h3>\r\n\t\t\t\t\t<div class=\"galeria-subtitle\">\r\n\r\n\t\t\t\t\t\t<div class=\"galeria-page-counter\"><span>9<\/span>k\u00e9p<\/div>\r\n                    <\/div> <\/div>\r\n                    <span class=\"gallery-item frame d-none d-md-flex\">\r\n\t\t\t\t\t<div class=\"galeria-small-img mt-0\"><a href=\"https:\/\/semmelweis.hu\/eok\/files\/2022\/03\/20220125_105042.jpg\"><img src=https:\/\/semmelweis.hu\/eok\/files\/2022\/03\/20220125_105042.jpg \r\n                                alt=\"\"  \r\n                                class=\"attachment-sote-gallery-small size-sote-gallery-small\" \r\n                                srcset=\"https:\/\/semmelweis.hu\/eok\/files\/2022\/03\/20220125_105042-400x225.jpg 400w, https:\/\/semmelweis.hu\/eok\/files\/2022\/03\/20220125_105042-1024x576.jpg 1024w, https:\/\/semmelweis.hu\/eok\/files\/2022\/03\/20220125_105042-768x432.jpg 768w, https:\/\/semmelweis.hu\/eok\/files\/2022\/03\/20220125_105042-1536x864.jpg 1536w, https:\/\/semmelweis.hu\/eok\/files\/2022\/03\/20220125_105042-753x424.jpg 753w, https:\/\/semmelweis.hu\/eok\/files\/2022\/03\/20220125_105042.jpg 1920w\" ><\/a><\/div>\r\n                    <\/span>\r\n                    <span class=\"gallery-item frame d-none d-md-flex\">\r\n\t\t\t\t\t<div class=\"galeria-small-img mt-0\"><a href=\"https:\/\/semmelweis.hu\/eok\/files\/2022\/03\/20220125_105413.jpg\"><img src=https:\/\/semmelweis.hu\/eok\/files\/2022\/03\/20220125_105413.jpg \r\n                                alt=\"\" \r\n                                class=\"attachment-sote-gallery-small size-sote-gallery-small\" \r\n                                srcset=\"https:\/\/semmelweis.hu\/eok\/files\/2022\/03\/20220125_105413-400x225.jpg 400w, https:\/\/semmelweis.hu\/eok\/files\/2022\/03\/20220125_105413-1024x576.jpg 1024w, https:\/\/semmelweis.hu\/eok\/files\/2022\/03\/20220125_105413-768x432.jpg 768w, https:\/\/semmelweis.hu\/eok\/files\/2022\/03\/20220125_105413-1536x864.jpg 1536w, https:\/\/semmelweis.hu\/eok\/files\/2022\/03\/20220125_105413-753x424.jpg 753w, https:\/\/semmelweis.hu\/eok\/files\/2022\/03\/20220125_105413.jpg 1920w\" ><\/a><\/div>\r\n                    <\/span>\r\n\r\n                <\/div>\r\n\r\n            <\/div>\r\n\r\n            <span class=\"gallery-item\"><div class=\"hidden\"><a href=\"https:\/\/semmelweis.hu\/eok\/files\/2022\/03\/20220125_104605.jpg\">\r\n        <img src=https:\/\/semmelweis.hu\/eok\/files\/2022\/03\/20220125_104605.jpg alt=\"\" class=\"attachment-sote-gallery-big size-sote-gallery-big\" srcset=\"https:\/\/semmelweis.hu\/eok\/files\/2022\/03\/20220125_104605-400x225.jpg 400w, https:\/\/semmelweis.hu\/eok\/files\/2022\/03\/20220125_104605-1024x576.jpg 1024w, https:\/\/semmelweis.hu\/eok\/files\/2022\/03\/20220125_104605-768x432.jpg 768w, https:\/\/semmelweis.hu\/eok\/files\/2022\/03\/20220125_104605-1536x864.jpg 1536w, https:\/\/semmelweis.hu\/eok\/files\/2022\/03\/20220125_104605-753x424.jpg 753w, https:\/\/semmelweis.hu\/eok\/files\/2022\/03\/20220125_104605.jpg 1920w\" >\r\n        <\/a><\/div><\/span><span class=\"gallery-item\"><div class=\"hidden\"><a href=\"https:\/\/semmelweis.hu\/eok\/files\/2022\/03\/20220125_103934.jpg\">\r\n        <img src=https:\/\/semmelweis.hu\/eok\/files\/2022\/03\/20220125_103934.jpg alt=\"\" class=\"attachment-sote-gallery-big size-sote-gallery-big\" srcset=\"https:\/\/semmelweis.hu\/eok\/files\/2022\/03\/20220125_103934-400x225.jpg 400w, https:\/\/semmelweis.hu\/eok\/files\/2022\/03\/20220125_103934-1024x576.jpg 1024w, https:\/\/semmelweis.hu\/eok\/files\/2022\/03\/20220125_103934-768x432.jpg 768w, https:\/\/semmelweis.hu\/eok\/files\/2022\/03\/20220125_103934-1536x864.jpg 1536w, https:\/\/semmelweis.hu\/eok\/files\/2022\/03\/20220125_103934-753x424.jpg 753w, https:\/\/semmelweis.hu\/eok\/files\/2022\/03\/20220125_103934.jpg 1920w\" >\r\n        <\/a><\/div><\/span><span class=\"gallery-item\"><div class=\"hidden\"><a href=\"https:\/\/semmelweis.hu\/eok\/files\/2022\/03\/20220125_110219.jpg\">\r\n        <img src=https:\/\/semmelweis.hu\/eok\/files\/2022\/03\/20220125_110219.jpg alt=\"El\u0151ad\u00f3i pulpitus\" class=\"attachment-sote-gallery-big size-sote-gallery-big\" srcset=\"https:\/\/semmelweis.hu\/eok\/files\/2022\/03\/20220125_110219-400x225.jpg 400w, https:\/\/semmelweis.hu\/eok\/files\/2022\/03\/20220125_110219-1024x576.jpg 1024w, https:\/\/semmelweis.hu\/eok\/files\/2022\/03\/20220125_110219-768x432.jpg 768w, https:\/\/semmelweis.hu\/eok\/files\/2022\/03\/20220125_110219-1536x864.jpg 1536w, https:\/\/semmelweis.hu\/eok\/files\/2022\/03\/20220125_110219-753x424.jpg 753w, https:\/\/semmelweis.hu\/eok\/files\/2022\/03\/20220125_110219.jpg 1920w\" >\r\n        <\/a><\/div><\/span><span class=\"gallery-item\"><div class=\"hidden\"><a href=\"https:\/\/semmelweis.hu\/eok\/files\/2022\/03\/20220125_110734.jpg\">\r\n        <img src=https:\/\/semmelweis.hu\/eok\/files\/2022\/03\/20220125_110734.jpg alt=\"Az eln\u00f6ks\u00e9gi asztal elhelyez\u00e9se\" class=\"attachment-sote-gallery-big size-sote-gallery-big\" srcset=\"https:\/\/semmelweis.hu\/eok\/files\/2022\/03\/20220125_110734-400x225.jpg 400w, https:\/\/semmelweis.hu\/eok\/files\/2022\/03\/20220125_110734-1024x576.jpg 1024w, https:\/\/semmelweis.hu\/eok\/files\/2022\/03\/20220125_110734-768x432.jpg 768w, https:\/\/semmelweis.hu\/eok\/files\/2022\/03\/20220125_110734-1536x864.jpg 1536w, https:\/\/semmelweis.hu\/eok\/files\/2022\/03\/20220125_110734-753x424.jpg 753w, https:\/\/semmelweis.hu\/eok\/files\/2022\/03\/20220125_110734.jpg 1920w\" >\r\n        <\/a><\/div><\/span><span class=\"gallery-item\"><div class=\"hidden\"><a href=\"https:\/\/semmelweis.hu\/eok\/files\/2022\/03\/20220125_111155.jpg\">\r\n        <img src=https:\/\/semmelweis.hu\/eok\/files\/2022\/03\/20220125_111155.jpg alt=\"\" class=\"attachment-sote-gallery-big size-sote-gallery-big\" srcset=\"https:\/\/semmelweis.hu\/eok\/files\/2022\/03\/20220125_111155-400x225.jpg 400w, https:\/\/semmelweis.hu\/eok\/files\/2022\/03\/20220125_111155-1024x576.jpg 1024w, https:\/\/semmelweis.hu\/eok\/files\/2022\/03\/20220125_111155-768x432.jpg 768w, https:\/\/semmelweis.hu\/eok\/files\/2022\/03\/20220125_111155-1536x864.jpg 1536w, https:\/\/semmelweis.hu\/eok\/files\/2022\/03\/20220125_111155-753x424.jpg 753w, https:\/\/semmelweis.hu\/eok\/files\/2022\/03\/20220125_111155.jpg 1920w\" >\r\n        <\/a><\/div><\/span><span class=\"gallery-item\"><div class=\"hidden\"><a href=\"https:\/\/semmelweis.hu\/eok\/files\/2022\/03\/20220125_111418.jpg\">\r\n        <img src=https:\/\/semmelweis.hu\/eok\/files\/2022\/03\/20220125_111418.jpg alt=\"\" class=\"attachment-sote-gallery-big size-sote-gallery-big\" srcset=\"https:\/\/semmelweis.hu\/eok\/files\/2022\/03\/20220125_111418-400x225.jpg 400w, https:\/\/semmelweis.hu\/eok\/files\/2022\/03\/20220125_111418-1024x576.jpg 1024w, https:\/\/semmelweis.hu\/eok\/files\/2022\/03\/20220125_111418-768x432.jpg 768w, https:\/\/semmelweis.hu\/eok\/files\/2022\/03\/20220125_111418-1536x864.jpg 1536w, https:\/\/semmelweis.hu\/eok\/files\/2022\/03\/20220125_111418-753x424.jpg 753w, https:\/\/semmelweis.hu\/eok\/files\/2022\/03\/20220125_111418.jpg 1920w\" >\r\n        <\/a><\/div><\/span>\r\n            <\/div>\r\n\r\n            [\/slb_exclude]\r\n\t\n","protected":false},"excerpt":{"rendered":"<p>Befogad\u00f3k\u00e9pess\u00e9g: 160 f\u0151 (188 m2) Elrendez\u00e9s: r\u00f6gz\u00edtett, iskolai sz\u00e9ksor Vet\u00edt\u00e9s, el\u0151ad\u00e1s: A vet\u00edtett k\u00e9p alapfelbont\u00e1sa:\u00a0 1920 x 1080 (16:9-es k\u00e9par\u00e1ny) 1 db EPSON EB-PU2010W t\u00edpus\u00fa projektor (k\u00f6z\u00e9pen) (vet\u00edtett k\u00e9p m\u00e9rete: ~ 350 x 230 cm) 2 db EPSON EB-L610U t\u00edpus\u00fa projektor (sz\u00e9leken) (vet\u00edtett k\u00e9p m\u00e9rete: ~ 230 x 150 cm) 1 db EPSON EB\u20111470Ui t\u00edpus\u00fa &hellip;<\/p>\n","protected":false},"author":101011,"featured_media":0,"parent":48,"menu_order":20,"comment_status":"closed","ping_status":"closed","template":"","meta":{"_acf_changed":false,"footnotes":""},"categories":[],"tags":[],"class_list":["post-513","page","type-page","status-publish","hentry"],"acf":[],"_links":{"self":[{"href":"https:\/\/semmelweis.hu\/eok\/wp-json\/wp\/v2\/pages\/513","targetHints":{"allow":["GET"]}}],"collection":[{"href":"https:\/\/semmelweis.hu\/eok\/wp-json\/wp\/v2\/pages"}],"about":[{"href":"https:\/\/semmelweis.hu\/eok\/wp-json\/wp\/v2\/types\/page"}],"author":[{"embeddable":true,"href":"https:\/\/semmelweis.hu\/eok\/wp-json\/wp\/v2\/users\/101011"}],"replies":[{"embeddable":true,"href":"https:\/\/semmelweis.hu\/eok\/wp-json\/wp\/v2\/comments?post=513"}],"version-history":[{"count":10,"href":"https:\/\/semmelweis.hu\/eok\/wp-json\/wp\/v2\/pages\/513\/revisions"}],"predecessor-version":[{"id":8692,"href":"https:\/\/semmelweis.hu\/eok\/wp-json\/wp\/v2\/pages\/513\/revisions\/8692"}],"up":[{"embeddable":true,"href":"https:\/\/semmelweis.hu\/eok\/wp-json\/wp\/v2\/pages\/48"}],"wp:attachment":[{"href":"https:\/\/semmelweis.hu\/eok\/wp-json\/wp\/v2\/media?parent=513"}],"wp:term":[{"taxonomy":"category","embeddable":true,"href":"https:\/\/semmelweis.hu\/eok\/wp-json\/wp\/v2\/categories?post=513"},{"taxonomy":"post_tag","embeddable":true,"href":"https:\/\/semmelweis.hu\/eok\/wp-json\/wp\/v2\/tags?post=513"}],"curies":[{"name":"wp","href":"https:\/\/api.w.org\/{rel}","templated":true}]}}