{"id":5113,"date":"2018-05-18T11:18:19","date_gmt":"2018-05-18T09:18:19","guid":{"rendered":"http:\/\/semmelweis.hu\/eok\/?page_id=5113"},"modified":"2023-08-01T13:11:37","modified_gmt":"2023-08-01T11:11:37","slug":"hazirend","status":"publish","type":"page","link":"https:\/\/semmelweis.hu\/eok\/hu\/rolunk\/hazirend\/","title":{"rendered":"H\u00e1zirend"},"content":{"rendered":"<p style=\"text-align: justify\">1. A h\u00e1zirend hat\u00e1lya kiterjed a Semmelweis Egyetem \u00c1OK Gazdas\u00e1gi Igazgat\u00f3s\u00e1g Elm\u00e9leti Orvostudom\u00e1nyi K\u00f6zpont (1094 Budapest, T\u0171zolt\u00f3 utca 37-47., tov\u00e1bbiakban: EOK) teljes \u00e9p\u00fclet\u00e9re, m\u00e9lygar\u00e1zs\u00e1ra, az ak\u00f6r\u00fcl tal\u00e1lhat\u00f3 parkos\u00edtott mag\u00e1nter\u00fcletre \u00e9s az ott tal\u00e1lhat\u00f3 m\u0171alkot\u00e1sra, egy\u00e9b install\u00e1ci\u00f3ra, valamennyi ott tart\u00f3zkod\u00f3 \u00e9s oda bel\u00e9pni sz\u00e1nd\u00e9koz\u00f3 szem\u00e9lyre.<\/p>\n<p style=\"text-align: justify\">2. Az EOK ter\u00fclet\u00e9re bel\u00e9p\u0151 a h\u00e1zirendet elfogadja, \u00e9s annak megfelel\u0151en j\u00e1r el.<\/p>\n<p style=\"text-align: justify\">3. Az EOK ter\u00fclet\u00e9re bel\u00e9p\u0151 a H\u00e1zirend elfogad\u00e1s\u00e1val hozz\u00e1j\u00e1rul ahhoz, hogy az EOK ter\u00fclet\u00e9n megtartott k\u00f6z\u00f6ss\u00e9gi rendezv\u00e9nyeken k\u00e9sz\u00fclt t\u00f6megfelv\u00e9teleket \u00e9s a nyilv\u00e1nos k\u00f6z\u00e9leti szerepl\u00e9sr\u0151l k\u00e9sz\u00fclt felv\u00e9teleket a Semmelweis Egyetem felhaszn\u00e1lja.<\/p>\n<p style=\"text-align: justify\">4. A h\u00e1zirendet s\u00falyosan megs\u00e9rt\u0151t az \u00e9p\u00fcletb\u0151l kivezetik, a rendszeresen, vagy kir\u00edv\u00f3an k\u00f6z\u00f6ss\u00e9gellenesen viselked\u0151t ki lehet tiltani.<\/p>\n<p style=\"text-align: justify\">5. Minden bel\u00e9p\u0151 szem\u00e9ly k\u00f6teles tiszteletben tartani, hogy az \u00e1ltala l\u00e1togatott \u00e9p\u00fcletben oktat\u00e1si \u00e9s kutat\u00e1si tev\u00e9kenys\u00e9g folyik, \u00e9s \u00fagy viselkedni, hogy azzal az ott-tart\u00f3zkod\u00f3k nyugalm\u00e1t, szem\u00e9lyi- \u00e9s vagyonbiztons\u00e1g\u00e1t ne s\u00e9rtse, vagy vesz\u00e9lyeztesse.<\/p>\n<p style=\"text-align: justify\">6. A fentiek \u00e9rtelm\u00e9ben tilos szemetelni, az \u00e9p\u00fcletben doh\u00e1nyozni, oda enged\u00e9ly n\u00e9lk\u00fcl h\u00e1zi\u00e1llatot behozni, a berendez\u00e9st nem rendeltet\u00e9s\u00e9nek megfelel\u0151en haszn\u00e1lni. Sz\u00e1nd\u00e9kos k\u00e1rokoz\u00e1s est\u00e9n a keletkezett k\u00e1rt meg kell t\u00e9r\u00edteni.<\/p>\n<p style=\"text-align: justify\">7. Hullad\u00e9kot elhelyezni csak az e c\u00e9lra kijel\u00f6lt gy\u0171jt\u0151kben lehet, vesz\u00e9lyes hullad\u00e9kot az el\u0151\u00edr\u00e1sok betart\u00e1sa mellett k\u00fcl\u00f6n kell kezelni. A sz\u00e1razelemek gy\u0171jt\u00e9se a C f\u00e9s\u0171 f\u00f6ldszintj\u00e9n t\u00f6rt\u00e9nik, a vesz\u00e9lyes irodai hullad\u00e9k kezel\u00e9s\u00e9r\u0151l a biztons\u00e1gtechnikai el\u0151ad\u00f3 gondoskodik. A szelekt\u00edv hullad\u00e9k gy\u0171jt\u0151 badell\u00e1k int\u00e9zeti \u00e9s k\u00f6z\u00f6ss\u00e9gi ter\u00fcleteken is ki vannak helyezve.<\/p>\n<p style=\"text-align: justify\">8. Az EOK \u00e9p\u00fclete munkanapokon 7 \u00e9s 22 \u00f3ra k\u00f6z\u00f6tt tart nyitva. A nyitvatart\u00e1si id\u0151n t\u00fal a hallgat\u00f3k \u2013 kiv\u00e9ve a k\u00f6nyt\u00e1rat l\u00e1togat\u00f3 \u00e9s az int\u00e9zetekben dolgoz\u00f3 hallgat\u00f3kat \u2013 csak az \u00e9p\u00fclet bizonyos r\u00e9szein tart\u00f3zkodhatnak. A m\u00e9lygar\u00e1zs \u00e9s az int\u00e9zeti ter\u00fcletek &#8211; az erre jogosultaknak \u2013 az ett\u0151l elt\u00e9r\u0151 id\u0151pontban is l\u00e1togathat\u00f3ak.<\/p>\n<p style=\"text-align: justify\">9. A szorgalmi- \u00e9s vizsgaid\u0151szakban a k\u00f6nyvt\u00e1r nyitvatart\u00e1si id\u0151szaka 24 \u00f3r\u00e1s. A k\u00f6nyvt\u00e1r haszn\u00e1lat\u00e1val kapcsolatban a Semmelweis Egyetem K\u00f6zponti K\u00f6nyvt\u00e1r\u00e1nak szab\u00e1lyrendszere az ir\u00e1nyad\u00f3. Az \u00e9p\u00fclet nyitvatart\u00e1si idej\u00e9n bel\u00fcl, valamint h\u00e9tv\u00e9g\u00e9ken 7 \u00e9s 22 \u00f3ra k\u00f6z\u00f6tt a hallgat\u00f3k tart\u00f3zkodhatnak a B\u00e9k\u00e9sy el\u0151ad\u00f3teremn\u00e9l l\u00e9v\u0151 b\u00fcf\u00e9, valamint a T\u0171zolt\u00f3 utcai tanul\u00f3i t\u00e9r ter\u00fclet\u00e9n, a f\u00f6ldszint \u201eC\u201c f\u00e9s\u0171kben tal\u00e1lhat\u00f3 mosd\u00f3kban. Az \u00e9p\u00fclet rendes nyitvat\u00e1rt\u00e1si idej\u00e9n t\u00fali id\u0151szakban a k\u00f6nyvt\u00e1rat l\u00e1togat\u00f3 hallgat\u00f3k csak a k\u00f6nyvt\u00e1rban, ill. a B\u00e9k\u00e9sy el\u0151ad\u00f3teremn\u00e9l l\u00e9v\u0151 b\u00fcf\u00e9, valamint a T\u0171zolt\u00f3 utcai tanul\u00f3i t\u00e9r ter\u00fclet\u00e9n tart\u00f3zkodhatnak, a H\u00e1z egy\u00e9b ter\u00fcletein nem.<\/p>\n<p style=\"text-align: justify\">10. Az \u00e9p\u00fcletbe bel\u00e9pni b\u00e1rmely fels\u0151oktat\u00e1si int\u00e9zm\u00e9ny \u00e9rv\u00e9nyes di\u00e1kigazolv\u00e1nya, a Semmelweis Egyetem bel\u00e9p\u0151k\u00e1rty\u00e1ja, vagy vend\u00e9gk\u00e1rtya felmutat\u00e1s\u00e1val, illetve a port\u00e1n kereszt\u00fcl, a bel\u00e9ptet\u00e9s szab\u00e1lyainak megfelel\u0151en lehet. A bel\u00e9p\u00e9sre jogos\u00edt\u00f3 igazolv\u00e1ny n\u00e9lk\u00fcl \u00e9rkez\u0151 vend\u00e9geket \u00e9s a di\u00e1kigazolv\u00e1nyukat otthon hagy\u00f3 di\u00e1kokat a portaszolg\u00e1lat vend\u00e9glista alapj\u00e1n, vagy egy\u00e9b m\u00f3don azonos\u00edtja. Ezt k\u00f6vet\u0151en a vend\u00e9g vagy vend\u00e9gk\u00e1rty\u00e1val felmehet a lifttel az adott int\u00e9zet el\u0151ter\u00e9be, vagy a vend\u00e9gl\u00e1t\u00f3 \u00e9rte j\u00f6n \u00e9s k\u00eds\u00e9ri fel.<\/p>\n<p style=\"text-align: justify\">11. A f\u00f6ldszinten, az aul\u00e1ban, a b\u00fcf\u00e9 \u00e9s az els\u0151 emeleti gal\u00e9ria ter\u00fclet\u00e9n a bel\u00e9p\u00e9sre jogosultak szabadon mozoghatnak. Az el\u0151ad\u00f3- \u00e9s szemin\u00e1riumi termekben \u00e9s az els\u0151 emeleti gyakorl\u00f3kban \u00e9s a gyakorl\u00f3termek el\u0151tti folyos\u00f3kon az ott foly\u00f3 oktat\u00e1sban, vagy esem\u00e9nyen r\u00e9sztvev\u0151k tart\u00f3zkodhatnak csak. A 2-4 emeleti l\u00e9pcs\u0151h\u00e1zakba \u00e9s az Int\u00e9zetek ter\u00fclet\u00e9re csak az EOK \u00e9p\u00fclet\u00e9ben dolgoz\u00f3k \u00e9s azok vend\u00e9gei (k\u00eds\u00e9rettel ill. vend\u00e9gk\u00e1rty\u00e1val) l\u00e9phetnek be. Az \u00fczemeltet\u00e9si ter\u00fcletre idegeneknek bel\u00e9pni tilos.<\/p>\n<p style=\"text-align: justify\">12. Az EOK \u00e9p\u00fclet\u00e9nek egy f\u00f6ldszinti f\u0151bej\u00e1rata van, amely a Thaly K\u00e1lm\u00e1n utca ir\u00e1ny\u00e1b\u00f3l k\u00f6zel\u00edthet\u0151 meg. A T\u0171zolt\u00f3 utcai bej\u00e1rat egyedi rendelkez\u00e9s alapj\u00e1n ker\u00fcl megnyit\u00e1sra. A T\u0171zolt\u00f3 utcai \u00e9tterem bej\u00e1rat\u00e1n a bel\u00e9p\u0151k\u00e1rty\u00e1s jogosults\u00e1ggal rendelkez\u0151k az \u201eF\u201d l\u00e9pcs\u0151h\u00e1zon kereszt\u00fcl is bel\u00e9phetnek az \u00e9p\u00fcletbe.<br \/>\nA g\u00e9pj\u00e1rm\u0171vel a parkol\u00f3 m\u00e9lygar\u00e1zsba \u00e9rkez\u0151k, a -1 \u201eB\u201d, \u201eC\u201d, illetve a -2 \u201eB\u201d, \u201eC\u201d f\u00e9s\u0171k fel\u00e9 proxymity bel\u00e9p\u0151k\u00e1rty\u00e1val ny\u00edl\u00f3 ajt\u00f3n tudj\u00e1k megk\u00f6zel\u00edteni a bels\u0151 szem\u00e9lyfelvon\u00f3kat.<br \/>\nA bel\u00e9p\u0151k\u00e1rty\u00e1val nem rendelkez\u0151, parkol\u00f3t ig\u00e9nybe vev\u0151 vend\u00e9gek a k\u00fcls\u0151 parkol\u00f3 l\u00e9pcs\u0151h\u00e1zon kereszt\u00fcl, vagy a k\u00fcls\u0151 felvon\u00f3val tudj\u00e1k a f\u00f6ldszinti f\u0151bej\u00e1ratot \u00e9s a port\u00e1t el\u00e9rni.<\/p>\n<p style=\"text-align: justify\">13. Az \u00e9p\u00fclet m\u00e9lygar\u00e1zsa \u00e9s az \u00e9tterem fel\u0151li bej\u00e1ratokat kamer\u00e1s, proximity k\u00e1rty\u00e1s bel\u00e9ptet\u0151rendszer v\u00e9di, k\u00fcl\u00f6n szem\u00e9lyi ellen\u0151rz\u00e9s nincs.<\/p>\n<p style=\"text-align: justify\">14. Bel\u00e9p\u00e9si jogosults\u00e1g hi\u00e1ny\u00e1ban, vagy a vend\u00e9gl\u00e1t\u00f3 igazol\u00e1sa n\u00e9lk\u00fcl, alkoholos befoly\u00e1solts\u00e1g, vagy egy\u00e9b botr\u00e1nyos viselked\u00e9s eset\u00e9n a bel\u00e9p\u00e9st a portaszolg\u00e1lat jegyz\u0151k\u00f6nyv felv\u00e9tele mellett megtagadhatja.<\/p>\n<p style=\"text-align: justify\">15. A szervezeti egys\u00e9gek k\u00fcls\u0151 besz\u00e1ll\u00edt\u00f3ira, szerv\u00edz-tev\u00e9kenys\u00e9get v\u00e9gz\u0151kre a k\u00fcls\u0151 vend\u00e9gekre vonatkoz\u00f3 szab\u00e1lyok ir\u00e1nyad\u00f3ak. Az Int\u00e9zetek a g\u00f6rd\u00fcl\u00e9kenyebb \u00fcgyint\u00e9z\u00e9s \u00e9rdek\u00e9ben besz\u00e1ll\u00edt\u00f3i \u00e9s esetlegesen SAP megrendel\u00e9si list\u00e1t ad(hat)nak le a port\u00e1n, illetve az anyag\u00e1tv\u00e9telt bonyol\u00edt\u00f3 igazgat\u00f3s\u00e1gnak, amely tartalmazza az adott besz\u00e1ll\u00edt\u00f3 sz\u00e1m\u00e1ra az int\u00e9zked\u00e9sre jogosult \u00e9s helyettes\u00edt\u0151i nev\u00e9t, el\u00e9rhet\u0151s\u00e9geit is. Az EOK \u00e9p\u00fclet \u00fczemeltet\u00e9si dolgoz\u00f3i korl\u00e1toz\u00e1s n\u00e9lk\u00fcl, m\u00edg alv\u00e1llalkoz\u00f3i c\u00e9lir\u00e1nyosan, az \u00fczemeltet\u00e9si dolgoz\u00f3(k) fel\u00fcgyelet\u00e9ben, vagy felel\u0151ss\u00e9g\u00e9re k\u00f6zlekedhetnek az \u00e9p\u00fcletben. Az e c\u00e9llal bel\u00e9p\u0151k az \u00fczemeltet\u00e9sen jelentkeznek.<\/p>\n<p style=\"text-align: justify\">16. Nyitvatart\u00e1si id\u0151n t\u00fal &#8211; a nem az \u00e9p\u00fcletben dolgoz\u00f3k k\u00f6z\u00fcl &#8211; csak a k\u00fcl\u00f6n enged\u00e9llyel rendelkez\u0151k l\u00e9phetnek be. Enged\u00e9ly ki\u00e1ll\u00edt\u00e1s\u00e1ra az EOK-ban m\u0171k\u00f6d\u0151 szervezeti egys\u00e9gek vezet\u0151i jogosultak. Az enged\u00e9lyezettek list\u00e1j\u00e1t a port\u00e1n \u0151rzik \u00e9s ennek alapj\u00e1n teszik lehet\u0151v\u00e9 a nyitvatart\u00e1si id\u0151n t\u00fal az enged\u00e9llyel rendelkez\u0151knek az \u00e9p\u00fcletbe val\u00f3 bejut\u00e1st.<\/p>\n<p style=\"text-align: justify\">17. Indokolt esetben az arra felhatalmazott szem\u00e9ly (egyetemi polg\u00e1rok eset\u00e9ben a BTI munkat\u00e1rsai, az Igazgat\u00f3s\u00e1g igazgat\u00f3ja, a besz\u00e1ll\u00edt\u00f3k, a portaszolg\u00e1lat vezet\u0151je, vagy a L\u00e9tes\u00edtm\u00e9nyfelel\u0151s) kiv\u00e9telesen indokolt esetben \u00edr\u00e1sban elrendelheti a t\u00e1voz\u00f3 g\u00e9pj\u00e1rm\u0171vek illetve a kil\u00e9p\u0151 szem\u00e9lyek ellen\u0151rz\u00e9s\u00e9t.<\/p>\n<p style=\"text-align: justify\">18. Az Int\u00e9zetek ter\u00fclet\u00e9t proxymity k\u00e1rty\u00e1s bel\u00e9ptet\u0151rendszer v\u00e9di. F\u00e9nyk\u00e9pes bel\u00e9p\u0151k\u00e1rtya haszn\u00e1lata az adott Int\u00e9zet dolgoz\u00f3i \u00e9s \u00e1lland\u00f3 vend\u00e9gei r\u00e9sz\u00e9re k\u00f6telez\u0151. A jogosults\u00e1got az Int\u00e9zetvezet\u0151 igazolja \u00e9s az Igazgat\u00f3s\u00e1g kezeli. Az Int\u00e9zetekben val\u00f3 tart\u00f3zkod\u00e1sra annak bels\u0151 szab\u00e1lyai ir\u00e1nyad\u00f3ak.<\/p>\n<p style=\"text-align: justify\">19. Az \u00e9p\u00fclet helyis\u00e9geinek ajt\u00f3i f\u0151kulcsos rendszer\u0171ek. Kulcsm\u00e1sol\u00e1s \u00e9s az elveszett kulcsok kapcs\u00e1n az \u00fczemeltet\u00e9s vezet\u0151j\u00e9hez kell fordulni.<\/p>\n<p style=\"text-align: justify\">20. A helyis\u00e9gek f\u0151- \u00e9s csoportkulcsai a port\u00e1n l\u00e9v\u0151 kulcsszekr\u00e9nyben ker\u00fclnek meg\u0151rz\u00e9sre A helyis\u00e9gkulcsok \u00e1tv\u00e9tele \u00e9s lead\u00e1sa a kulcsnyilv\u00e1ntart\u00f3 f\u00fczetben t\u00f6rt\u00e9nik, al\u00e1\u00edr\u00e1s ellen\u00e9ben, a jogosults\u00e1g ellen\u0151rz\u00e9se ut\u00e1n. A kulcsjogosults\u00e1gokat az EOK-ban m\u0171k\u00f6d\u0151 szervezeti egys\u00e9gek hat\u00e1rozz\u00e1k meg, a port\u00e1n leadott list\u00e1n dokument\u00e1lva \u00e9s friss\u00edtve.<\/p>\n<p style=\"text-align: justify\">21. Az \u00dczemelet\u00e9st\u0151l \u00faj kulcsok beszerz\u00e9s\u00e9t csak az adott int\u00e9zet vezet\u0151je, az int\u00e9zet titk\u00e1rs\u00e1ga vagy a gazdas\u00e1gi \u00fcgyint\u00e9z\u0151je ig\u00e9nyelheti, az egyes laborat\u00f3riumok vezet\u0151i, munkat\u00e1rsai nem &#8211; a vez\u00e9rkulcsos rendszer biztons\u00e1g\u00e1nak v\u00e9delme miatt.<\/p>\n<p style=\"text-align: justify\">22. Az EOK \u00e9p\u00fclet\u00e9ben 24 \u00f3r\u00e1s portaszolg\u00e1lat teljes\u00edt szolg\u00e1latot, amely elv\u00e9gzi a helyis\u00e9gkulcsok kezel\u00e9s\u00e9t, a bel\u00e9p\u0151 k\u00e1rty\u00e1k ellen\u0151rz\u00e9s\u00e9t \u00e9s a bel\u00e9p\u00e9si jogosults\u00e1ggal nem rendelkez\u0151 szem\u00e9lyek bel\u00e9p\u00e9s\u00e9nek megakad\u00e1lyoz\u00e1s\u00e1t. Az \u00e9rkez\u0151 vend\u00e9geket ir\u00e1ny\u00edtj\u00e1k, az \u00e9p\u00fcletet nyitj\u00e1k, z\u00e1rj\u00e1k. T\u0171z \u00e9s egy\u00e9b k\u00e1resem\u00e9nyek eset\u00e9n seg\u00edts\u00e9get h\u00edvnak, liftb\u0151l mentenek. Ell\u00e1tj\u00e1k az \u00edr\u00e1sbeli utas\u00edt\u00e1s alapj\u00e1n az \u00e1ltal\u00e1nos vagyonv\u00e9delmi feladatokat, a t\u0171ztabl\u00f3, a kamerarendszer, a bel\u00e9ptet\u0151- \u00e9s \u00e9p\u00fcletfel\u00fcgyeleti rendszer kezel\u00e9s\u00e9t, valamint az azokhoz tartoz\u00f3 \u00fczemeltet\u00e9si napl\u00f3k vezet\u00e9s\u00e9t. Seg\u00edtik a mozg\u00e1skorl\u00e1tozottak k\u00f6zleked\u00e9s\u00e9t. A portaszolg\u00e1lat feladata tov\u00e1bb\u00e1 a H\u00e1zirendben<br \/>\nfoglaltak betart\u00e1s\u00e1ra felh\u00edvni a figyelmet, kir\u00edv\u00f3 esetekben elj\u00e1rni a szab\u00e1lyokat megszeg\u0151kkel szemben.<br \/>\nAz \u00e9p\u00fcletben, illetve az \u00e9p\u00fclethez tartoz\u00f3 k\u00fcls\u0151 ter\u00fcleten 3 \u00f3r\u00e1nk\u00e9nt j\u00e1r\u0151r\u00f6znek. A m\u00e9lygar\u00e1zsban a b\u00e9relt parkol\u00f3helyek jogosults\u00e1g\u00e1t ellen\u0151rzik, az illet\u00e9ktelen helyre parkol\u00e1st megakad\u00e1lyozz\u00e1k, vagy megsz\u00fcntetik. Tev\u00e9kenys\u00e9g\u00fcket \u00e9s elj\u00e1r\u00e1sukat sz\u00fcks\u00e9g eset\u00e9n, valamint k\u00e9r\u00e9sre jegyz\u0151k\u00f6nyvezik.<\/p>\n<p style=\"text-align: justify\">23. A takar\u00edt\u00e1si \u00e9s \u00e9p\u00fclethigi\u00e9niai feladatok ell\u00e1t\u00e1s\u00e1r\u00f3l 4:00-t\u00f3l 22:00-ig tart\u00f3 \u00e1tfed\u0151 m\u0171szakos munkav\u00e9gz\u00e9sben a takar\u00edt\u00f3-szem\u00e9lyzet gondoskodik, munka-, \u00e9s oktat\u00e1si id\u0151ben, valamint h\u00e9tv\u00e9g\u00e9n r\u00e9szmunkaid\u0151ben \u00fcgyeletet tart az el\u0151re meghat\u00e1rozott munkater\u00fcleteken.<\/p>\n<p style=\"text-align: justify\">24. Ha az \u00e9p\u00fcleten bel\u00fcl az int\u00e9zeti ter\u00fcletek feloszt\u00e1sa k\u00f6lt\u00f6z\u00e9s miatt megv\u00e1ltozik, vagy int\u00e9zeten bel\u00fcli ter\u00fcleteken funkci\u00f3v\u00e1lt\u00e1s, vagy k\u00f6lt\u00f6z\u00e9s t\u00f6rt\u00e9nik, arr\u00f3l az adott int\u00e9zet \u00e9rtes\u00edt\u00e9st k\u00fcld az EOK Support r\u00e9sz\u00e9re, hogy az EOK Informatikai Oszt\u00e1ly munkat\u00e1rsai az adott helyis\u00e9g internetcsatlakoz\u00f3it id\u0151ben megfelel\u0151 int\u00e9zeti tartom\u00e1nyba sorolhass\u00e1k \u00e1t, elker\u00fclend\u0151 a k\u00e9s\u0151bbiekben felmer\u00fcl\u0151 h\u00e1l\u00f3zati probl\u00e9m\u00e1kat.<\/p>\n<p style=\"text-align: justify\">25. Jelent\u0151s m\u00e9ret\u0171 vagy s\u00faly\u00fa eszk\u00f6z\u00f6k sz\u00e1ll\u00edt\u00e1sa eset\u00e9n az \u00fczemeltet\u00e9s vezet\u0151j\u00e9t el\u0151zetesen \u00e9rtes\u00edteni kell, aki ellen\u0151rzi a sz\u00e1ll\u00edt\u00e1s szakszer\u0171s\u00e9g\u00e9t (szerkezeti elemek \u00e9s burkolatok v\u00e9delme), valamint sz\u00fcks\u00e9g eset\u00e9n seg\u00edt az eszk\u00f6z be\u00fczemel\u00e9s\u00e9ben. A tehersz\u00e1ll\u00edt\u00e1s csak a teherliften folyik (B f\u00e9s\u0171 T\u0171zolt\u00f3 utca oldali 1. sz\u00e1m\u00fa teherlift). A teherlift ajtaj\u00e1n \u00e9s belsej\u00e9ben felt\u0171n\u0151 helyen, magyarul, n\u00e9met\u00fcl \u00e9s angolul a TEHERLIFT! \u00c9L\u0150\u00c1LLAT, \u00c9S HULLAD\u00c9KSZ\u00c1LL\u00cdT\u00c1S! feliratot kell elhelyezni.<\/p>\n<p style=\"text-align: justify\">26. Az aul\u00e1n kereszt\u00fcl csak a k\u00e9zben sz\u00e1ll\u00edthat\u00f3 k\u00f6nny\u0171 csomagok vihet\u0151k \u00e1t. Az aula padl\u00f3ja v\u00e9delme \u00e9rdek\u00e9ben csak k\u00f6nny\u0171 \u00e9s gumikerek\u0171 kocsival lehet az aul\u00e1n kereszt\u00fcl t\u00e1rgyakat sz\u00e1ll\u00edtani, kiz\u00e1r\u00f3lag a csak az aul\u00e1n \u00e1t megk\u00f6zel\u00edthet\u0151 helyis\u00e9gekbe (K\u00f6nyvt\u00e1r, Csomagszoba, Izot\u00f3p Laborat\u00f3rium, a f\u00f6ldszinti D f\u00e9s\u0171ben l\u00e9v\u0151 laborat\u00f3riumok, tantermek \u00e9s szemin\u00e1riumi helyis\u00e9gek, b\u00fcf\u00e9). A h\u00e1z minden az el\u0151bbi felsorol\u00e1s\u00e1ban nem szerepl\u0151 helyis\u00e9g\u00e9be a gar\u00e1zson \u00e1t, a teherlifttel t\u00f6rt\u00e9nik a besz\u00e1ll\u00edt\u00e1s az anyag\u00e1tv\u00e9tel helysz\u00edn\u00e9re. A besz\u00e1ll\u00edt\u00f3 vagy leparkol a gar\u00e1zsba, \u00e9s onnan sz\u00e1ll\u00edt a teherliften, vagy ha az utc\u00e1n \u00e1ll meg, akkor ig\u00e9nybe veheti a parkol\u00f3 m\u00e9lygar\u00e1zs felvon\u00f3j\u00e1t is 1000 kg maximum terhelhet\u0151s\u00e9gig. A gar\u00e1zsba 2,1 m maxim\u00e1lis magass\u00e1g\u00fa j\u00e1rm\u0171vel lehet behajtani.<\/p>\n<p style=\"text-align: justify\">27. G\u00e1zpalack csak k\u00e9zben vagy szab\u00e1lyos sz\u00e1ll\u00edt\u00f3eszk\u00f6zzel sz\u00e1ll\u00edthat\u00f3, a munkav\u00e9delmi el\u0151\u00edr\u00e1sok betart\u00e1s\u00e1val: a m\u00e9lygar\u00e1zson kereszt\u00fcl a teherlift haszn\u00e1lat\u00e1val. A liftben ez id\u0151 alatt m\u00e1s szem\u00e9ly nem tart\u00f3zkodhat. Az int\u00e9zetek k\u00f6z\u00f6s CO2 h\u00e1l\u00f3zat\u00e1nak palackjait az adott int\u00e9zet kezeli.<\/p>\n<p style=\"text-align: justify\">28. Az EOK \u00e9p\u00fclet\u00e9ben a k\u00f6z\u00f6s g\u00e1zpalackt\u00e1rol\u00f3 az 5. emelet e c\u00e9lra kijel\u00f6lt helyis\u00e9gei, m\u0171k\u00f6d\u00e9s\u00e9\u00e9rt a portaszolg\u00e1lat felel. A k\u00fcl\u00f6nb\u00f6z\u0151 t\u00edpus\u00fa g\u00e1zokat az el\u0151\u00edr\u00e1snak megfelel\u0151en, csak a megfelel\u0151 felirat\u00fa helys\u00e9gben szabad t\u00e1rolni. A helyis\u00e9gen bel\u00fcl k\u00fcl\u00f6n t\u00e1roland\u00f3 az \u00fcres \u00e9s a tele palack. A megfelel\u0151 oldalt felirattal kell ell\u00e1tni. A palackot minden esetben r\u00f6gz\u00edteni kell.<\/p>\n<p style=\"text-align: justify\">29. A k\u00eds\u00e9rleti \u00e1llatokat z\u00e1rt, sz\u0171r\u0151vel ell\u00e1tott, vagy m\u0171anyag dobozban lehet az \u00e1llath\u00e1zb\u00f3l kivinni. Az \u00e1llattart\u00f3 ketrecek e c\u00e9lra nem haszn\u00e1lhat\u00f3ak. Az \u00e1llatok \u00e9s tetemek sz\u00e1ll\u00edt\u00e1sa az \u00e1llath\u00e1z bej\u00e1rat \u2013 gar\u00e1zs \u2013 \u201eB\u201d f\u00e9s\u0171 teherlift \u00fatvonalon t\u00f6rt\u00e9nik, a \u201eszem\u00e9lylifteken\u201d \u00e1llat nem sz\u00e1ll\u00edthat\u00f3.<\/p>\n<p style=\"text-align: justify\">30. K\u00eds\u00e9rleti \u00e1llatok, vesz\u00e9lyes anyagok, izot\u00f3pok sz\u00e1ll\u00edt\u00e1s\u00e1r\u00f3l az egyetemi szab\u00e1lyzatok rendelkeznek, ennek betart\u00e1sa k\u00f6telez\u0151.<\/p>\n<p style=\"text-align: justify\">31. Az EOK \u00e9p\u00fclet\u00e9nek m\u00e9lygar\u00e1zs\u00e1t az \u00c1OK Gazdas\u00e1gi Igazgat\u00f3s\u00e1g \u00fczemelteti. A m\u00e9lygar\u00e1zs csak az arra jogosultak \u00e9s enged\u00e9llyel rendelkez\u0151k sz\u00e1m\u00e1ra haszn\u00e1lhat\u00f3. A m\u00e9lygar\u00e1zs haszn\u00e1lat\u00e1ra vonatkoz\u00f3 el\u0151\u00edr\u00e1sok a f\u0151bej\u00e1ratokn\u00e1l vannak kif\u00fcggesztve.<\/p>\n<p style=\"text-align: justify\">32. Az emeleti gyakorl\u00f3kban m\u0171k\u00f6d\u0151 ruhat\u00e1ri szekr\u00e9nyeket az Int\u00e9zetek kezelik.<\/p>\n<p style=\"text-align: justify\">33. A f\u00f6ldszint \u201eB\u201c f\u00e9s\u0171ben tal\u00e1lhat\u00f3 csomagmeg\u0151rz\u0151 rekeszek szabadon ig\u00e9nybevehet\u0151ek. M\u0171k\u00f6dtet\u00e9s\u00fckh\u00f6z m\u00e1gnesk\u00e1rtya t\u00e9r\u00edt\u00e9smentesen felvehet\u0151 a port\u00e1n \u00e9rv\u00e9nyes di\u00e1kigazolv\u00e1ny lead\u00e1s\u00e1val. A rekeszeket legk\u00e9s\u0151bb a nyitvatart\u00e1s v\u00e9g\u00e9ig ki kell \u00fcr\u00edteni, a nyit\u00e1sukra szolg\u00e1l\u00f3 m\u00e1gnesk\u00e1rty\u00e1t le kell adni. A f\u00f6ldszint \u201eC\u201c f\u00e9s\u0171ben tal\u00e1lhat\u00f3 csomagmeg\u0151rz\u0151 rekeszek haszn\u00e1lata a k\u00f6nyvt\u00e1rat l\u00e1togat\u00f3k sz\u00e1m\u00e1ra k\u00f6telez\u0151. M\u0171k\u00f6dtet\u00e9s\u00fckh\u00f6z m\u00e1gnesk\u00e1rtya t\u00e9r\u00edt\u00e9smentesen felvehet\u0151 a k\u00f6nyvt\u00e1rost\u00f3l \u00e9rv\u00e9nyes di\u00e1kigazolv\u00e1ny lead\u00e1s\u00e1val. A rekeszeket a k\u00f6nyvt\u00e1rb\u00f3l val\u00f3 t\u00e1voz\u00e1skor ki kell \u00fcr\u00edteni, a nyit\u00e1sukra szolg\u00e1l\u00f3 m\u00e1gnesk\u00e1rty\u00e1t le kell adni. A m\u00e1gnesk\u00e1rtya elveszt\u00e9s\u00e9t a port\u00e1n kell jelenteni, annak \u00e1r\u00e1t meg kell t\u00e9r\u00edteni.<\/p>\n<p style=\"text-align: justify\">34. Az \u00c1OK Gazdas\u00e1gi Igazgat\u00f3s\u00e1g az \u00e9p\u00fclet\u00e9ben tal\u00e1lt, vagy elvesztett, illetve a csomag-meg\u0151rz\u0151kben elhelyezett t\u00e1rgyak\u00e9rt felel\u0151ss\u00e9get nem v\u00e1llal.<\/p>\n<p style=\"text-align: justify\">35. Tal\u00e1lt t\u00e1rgyak lead\u00e1sa, \u00e9s \u00e1tv\u00e9tele (a megtal\u00e1l\u00e1s napj\u00e1n) a port\u00e1n t\u00f6rt\u00e9nik. A megtal\u00e1l\u00f3 a tal\u00e1lt t\u00e1rgyat k\u00f6teles a port\u00e1n halad\u00e9ktalanul leadni. Ha a tulajdonos a helysz\u00ednen fellelhet\u0151, a tal\u00e1lt t\u00e1rgyat a tulajdonjog megfelel\u0151 igazol\u00e1sa ut\u00e1n a tulajdonos visszakapja.<\/p>\n<p style=\"text-align: justify\">36. A portaszolg\u00e1lat dolgoz\u00f3i a tal\u00e1lt \u00e9s r\u00e9sz\u00fckre \u00e1tadott t\u00e1rgyat az erre a c\u00e9lra rendszeres\u00edtett sorsz\u00e1mozott csomagszelv\u00e9nyen nyilv\u00e1ntart\u00e1sba veszik, amely tartalmazza a megtal\u00e1l\u00f3 nev\u00e9t, a t\u00e1rgy \u00e9s megtal\u00e1l\u00e1si hely\u00e9nek, k\u00f6r\u00fclm\u00e9nyeinek pontos le\u00edr\u00e1s\u00e1t, \u00e9s a szelv\u00e9nyt a tal\u00e1lt t\u00e1rgyra r\u00f6gz\u00edtik. A hosszabb ideig t\u00e1rolt tal\u00e1lt t\u00e1rgyak az EOK Informatikai Oszt\u00e1ly\u00e1n ker\u00fclnek t\u00e1rol\u00e1sra, ahol a t\u00e1rgyak jelsz\u00f3val v\u00e9dett elektronikus nyilv\u00e1ntart\u00f3 rendszerbe ker\u00fclnek felv\u00e9telre a csomagszelv\u00e9nyek alapj\u00e1n, \u00e9s ott is adj\u00e1k vissza azokat a tulajdonosoknak, ha jelentkeznek a t\u00e1rgyak\u00e9rt. A tulajdonoshoz visszajuttat\u00e1s t\u00e9nye is r\u00f6gz\u00edt\u00e9sre ker\u00fcl a nyilv\u00e1ntart\u00e1sban. Tal\u00e1lt t\u00e1rgyak \u00fcgyint\u00e9z\u00e9se H-P 9-14 \u00f3ra k\u00f6z\u00f6tt t\u00f6rt\u00e9nik.<\/p>\n<p style=\"text-align: justify\">37. T\u0171z, vagy robban\u00e1svesz\u00e9lyes anyag, romland\u00f3 t\u00e1rgy a meg\u0151rzend\u0151 t\u00e1rgyakkal egy\u00fctt nem t\u00e1rolhat\u00f3.<\/p>\n<p style=\"text-align: justify\">38. Az \u00e9p\u00fcletet eg\u00e9sz ter\u00fclet\u00e9n vezet\u00e9kn\u00e9lk\u00fcli h\u00e1l\u00f3zat (WiFi) m\u0171k\u00f6dik. El\u00e9r\u00e9se vend\u00e9gek r\u00e9sz\u00e9re az EOKGuest, hallgat\u00f3knak az eduroam nev\u0171 h\u00e1l\u00f3zaton kereszt\u00fcl lehets\u00e9ges. A vizsg\u00e1k ideje alatt a WiFi rendszert &#8211; a vizsg\u00e1ztat\u00f3 int\u00e9zet igazgat\u00f3j\u00e1nak k\u00e9r\u00e9s\u00e9re &#8211; kikapcsolhatj\u00e1k.<\/p>\n<p style=\"text-align: justify\">39. Az EOK \u00e9p\u00fclet\u00e9nek vagy infrastrukt\u00far\u00e1j\u00e1nak m\u0171k\u0151d\u00e9si hib\u00e1it a support (support.eok@semmelweis.hu) fel\u00e9 kell jelezni, aki a bejelent\u00e9st r\u00f6gz\u00edti, \u00e9s tov\u00e1bb\u00edtja a hibabejelent\u0151 &#8211; monitoring rendszeren kereszt\u00fcl. A hibajav\u00edt\u00e1st v\u00e9gz\u0151 illet\u00e9kes egys\u00e9g a hiba kivizsg\u00e1l\u00e1sa \u00e9s jav\u00edt\u00e1sa ut\u00e1n visszajelez.<\/p>\n<p style=\"text-align: justify\">40. A h\u00e1zirendben nem szab\u00e1lyozott esetekre a Semmelweis Egyetem, \u00e9s az Elm\u00e9leti Orvostudom\u00e1nyi K\u00f6zpont egy\u00e9b szab\u00e1lyzataiban foglaltak az ir\u00e1nyad\u00f3k. \u00c9p\u00fclet\u00fczemeltet\u00e9si k\u00e9rd\u00e9sekben a l\u00e9tes\u00edtm\u00e9nyvezet\u0151 j\u00e1r el.<\/p>\n<p style=\"text-align: justify\">41. A lop\u00e1sok, rong\u00e1l\u00e1sok, vandalizmus bejelent\u00e9s\u00e9t, kezel\u00e9s\u00e9t, jegyz\u0151k\u00f6nyvez\u00e9s\u00e9t az \u00fczemeltet\u00e9s vezet\u0151 v\u00e9gzi.<\/p>\n<p style=\"text-align: justify\">42. Rendk\u00edv\u00fcli esem\u00e9ny eset\u00e9n \u00e9rtes\u00edtend\u0151:<br \/>\na. SE EOK T\u0171z- \u00e9s munkav\u00e9delmi felel\u0151s: biztonsagtechnika.eok@semmelweis.hu &#8211; +36(20) 663 2383<br \/>\nb. \u00dczemeltet\u00e9s vezet\u0151: Gy\u0151ri Istv\u00e1n , +36(20) 329 6572<br \/>\nc. SE \u00c1OK Gazdas\u00e1gi Igazgat\u00f3s\u00e1g igazgat\u00f3ja: P\u00e1sztrai Ilona<br \/>\nd. Illet\u00e9kes hat\u00f3s\u00e1g<\/p>\n<p style=\"text-align: justify\">43. A h\u00e1zirend elfogad\u00e1s\u00e1nak napj\u00e1n l\u00e9p hat\u00e1lyba, \u00e9s visszavon\u00e1sig \u00e9rv\u00e9nyes.<\/p>\n<p style=\"text-align: right\">Budapest, 2022.12.13. Semmelweis Egyetem<br \/>\nElm\u00e9leti Orvostudom\u00e1nyi K\u00f6zpont<br \/>\nOperat\u00edv Egyeztet\u0151 Test\u00fclet<\/p>\n","protected":false},"excerpt":{"rendered":"<p>1. A h\u00e1zirend hat\u00e1lya kiterjed a Semmelweis Egyetem \u00c1OK Gazdas\u00e1gi Igazgat\u00f3s\u00e1g Elm\u00e9leti Orvostudom\u00e1nyi K\u00f6zpont (1094 Budapest, T\u0171zolt\u00f3 utca 37-47., tov\u00e1bbiakban: EOK) teljes \u00e9p\u00fclet\u00e9re, m\u00e9lygar\u00e1zs\u00e1ra, az ak\u00f6r\u00fcl tal\u00e1lhat\u00f3 parkos\u00edtott mag\u00e1nter\u00fcletre \u00e9s az ott tal\u00e1lhat\u00f3 m\u0171alkot\u00e1sra, egy\u00e9b install\u00e1ci\u00f3ra, valamennyi ott tart\u00f3zkod\u00f3 \u00e9s oda bel\u00e9pni sz\u00e1nd\u00e9koz\u00f3 szem\u00e9lyre. 2. Az EOK ter\u00fclet\u00e9re bel\u00e9p\u0151 a h\u00e1zirendet elfogadja, \u00e9s annak megfelel\u0151en &hellip;<\/p>\n","protected":false},"author":282,"featured_media":0,"parent":2799,"menu_order":3,"comment_status":"closed","ping_status":"closed","template":"","meta":{"_acf_changed":false,"footnotes":""},"categories":[],"tags":[],"class_list":["post-5113","page","type-page","status-publish","hentry"],"acf":[],"_links":{"self":[{"href":"https:\/\/semmelweis.hu\/eok\/wp-json\/wp\/v2\/pages\/5113","targetHints":{"allow":["GET"]}}],"collection":[{"href":"https:\/\/semmelweis.hu\/eok\/wp-json\/wp\/v2\/pages"}],"about":[{"href":"https:\/\/semmelweis.hu\/eok\/wp-json\/wp\/v2\/types\/page"}],"author":[{"embeddable":true,"href":"https:\/\/semmelweis.hu\/eok\/wp-json\/wp\/v2\/users\/282"}],"replies":[{"embeddable":true,"href":"https:\/\/semmelweis.hu\/eok\/wp-json\/wp\/v2\/comments?post=5113"}],"version-history":[{"count":10,"href":"https:\/\/semmelweis.hu\/eok\/wp-json\/wp\/v2\/pages\/5113\/revisions"}],"predecessor-version":[{"id":8384,"href":"https:\/\/semmelweis.hu\/eok\/wp-json\/wp\/v2\/pages\/5113\/revisions\/8384"}],"up":[{"embeddable":true,"href":"https:\/\/semmelweis.hu\/eok\/wp-json\/wp\/v2\/pages\/2799"}],"wp:attachment":[{"href":"https:\/\/semmelweis.hu\/eok\/wp-json\/wp\/v2\/media?parent=5113"}],"wp:term":[{"taxonomy":"category","embeddable":true,"href":"https:\/\/semmelweis.hu\/eok\/wp-json\/wp\/v2\/categories?post=5113"},{"taxonomy":"post_tag","embeddable":true,"href":"https:\/\/semmelweis.hu\/eok\/wp-json\/wp\/v2\/tags?post=5113"}],"curies":[{"name":"wp","href":"https:\/\/api.w.org\/{rel}","templated":true}]}}