{"id":507,"date":"2013-11-28T18:32:16","date_gmt":"2013-11-28T17:32:16","guid":{"rendered":"http:\/\/semmelweis.hu\/eok\/?page_id=507"},"modified":"2024-05-07T12:17:52","modified_gmt":"2024-05-07T10:17:52","slug":"szent-gyorgyi-albert-terem","status":"publish","type":"page","link":"https:\/\/semmelweis.hu\/eok\/hu\/rendezvenyek\/eszkozpark\/szent-gyorgyi-albert-terem\/","title":{"rendered":"Szent-Gy\u00f6rgyi Albert terem"},"content":{"rendered":"<p><strong>Befogad\u00f3k\u00e9pess\u00e9g:<\/strong> 320 f\u0151 (300+20) (357 m<sup>2<\/sup>)<br \/>\n<strong>Elrendez\u00e9s:<\/strong> sz\u00ednh\u00e1z jelleg\u0171, r\u00f6gz\u00edtett, iskolai sz\u00e9ksor<\/p>\n<p><strong>Vet\u00edt\u00e9s, el\u0151ad\u00e1s:<br \/>\n<\/strong>A vet\u00edtett k\u00e9p alapfelbont\u00e1sa:\u00a0 1920 x 1080 (16:9-es k\u00e9par\u00e1ny)<br \/>\n1 db EPSON EB-PU2010W t\u00edpus\u00fa projektor (k\u00f6z\u00e9pen) <span style=\"color: #999999\"><del><em>(vet\u00edtett k\u00e9p m\u00e9rete: ~ 450 x 290 cm)<\/em><\/del><\/span> <br \/>\n2 db EPSON EB-L610U t\u00edpus\u00fa projektor (sz\u00e9leken) <span style=\"color: #999999\"><em><del>(vet\u00edtett k\u00e9p m\u00e9rete: ~ 310 x 220 cm)<\/del><\/em><\/span><br \/>\n1 db ViewSonic 86&#8243; IFP8650 t\u00edpus\u00fa \u00e9rint\u0151k\u00e9perny\u0151s kijelz\u0151, digit\u00e1lis feh\u00e9rt\u00e1bla funkci\u00f3val is (Easy Interactive Tools, MyViewBoard szoftverekhez is)<br \/>\n3 db fali projektorv\u00e1szon<br \/>\n1 db hagyom\u00e1nyos feh\u00e9rtb\u00e1la<br \/>\n1 db hagyom\u00e1nyos t\u00e1bla (kr\u00e9t\u00e1s, z\u00f6ld sz\u00edn\u0171)<br \/>\nV\u00e1sznak m\u00e9retei: K\u00f6z\u00e9ps\u0151: ~ 460 x 320 cm; sz\u00e9leken: ~ 320 x 230 cm<br \/>\n(K\u00e9r\u00e9sre: kontroll monitort tudunk biztos\u00edtani)<\/p>\n<p><strong>AV becsatlakoz\u00e1sok:<\/strong><br \/>\nPulpitusn\u00e1l: 1 db HDMI vagy VGA \/ 1 db DVI \/ 1 db 3,5 jack audio<br \/>\nTerem h\u00e1ts\u00f3 fel\u00e9n, k\u00e9toldalt: 1-1 db HDMI<br \/>\nTerem els\u0151 fel\u00e9n: 1 db HDMI<br \/>\nEl\u0151k\u00e9sz\u00edt\u0151 helyis\u00e9gben: 1 db SDI \/ 1 db AUX video \/ 1 db AUX audio<\/p>\n<p><strong>El\u0151ad\u00f3i pulpitusn\u00e1l tal\u00e1lhat\u00f3 eszk\u00f6z\u00f6k:<\/strong><br \/>\n1 db be\u00e9p\u00edtett be\u00e9p\u00edtett asztali sz\u00e1m\u00edt\u00f3g\u00e9p (<a href=\"https:\/\/semmelweis.hu\/eok\/hu\/2018\/05\/23\/minden-egyben-korszeru-pc-kel-bovulnek-az-eok-termei\/\" target=\"_blank\" rel=\"noopener noreferrer\">AIO<\/a>, Windows 11 oper\u00e1ci\u00f3s rendszer, MS Office 365)<br \/>\n1 db prezenter (l\u00e9zeres mutat\u00f3 \u00e9s l\u00e9ptet\u0151)<br \/>\n1 db Elmo L-12G dokumentumkamera<br \/>\n1 db VGA vagy 1 db HDMI csatlakoz\u00e1si lehet\u0151s\u00e9g hordozhat\u00f3 sz\u00e1m\u00edt\u00f3g\u00e9p (laptop) sz\u00e1m\u00e1ra<\/p>\n<p><strong>Hangos\u00edt\u00e1s (alap):<\/strong><br \/>\n1 db Audio Technica ATW T310bD t\u00edpus\u00fa mikroport<br \/>\nBe\u00e9p\u00edtett asztali sz\u00e1m\u00edt\u00f3g\u00e9p hangos\u00edt\u00e1sa<br \/>\n1 db minijack csatlakoz\u00e1si lehet\u0151s\u00e9g hordozhat\u00f3 sz\u00e1m\u00edt\u00f3g\u00e9p (laptop) sz\u00e1m\u00e1ra<br \/>\n(K\u00e9r\u00e9sre: 1 db Audio Technica ATW T220 t\u00edpus\u00fa r\u00e1di\u00f3s, k\u00e9zi mikrofon,<br \/>\n2 db Audio Technica ATW-C510 t\u00edpus\u00fa r\u00e1di\u00f3s, k\u00e9zi mikrofon)<\/p>\n<p><strong>Vil\u00e1g\u00edt\u00e1s:<\/strong> Vez\u00e9relhet\u0151 vil\u00e1g\u00edt\u00e1s, el\u0151ad\u00f3i pultr\u00f3l \u00e9s t\u00e1volr\u00f3l is ir\u00e1ny\u00edthat\u00f3<\/p>\n<p><strong>Internet:<\/strong><span class=\"Apple-converted-space\">\u00a0<\/span>A be\u00e9p\u00edtett asztali sz\u00e1m\u00edt\u00f3g\u00e9p rendelkezik vezet\u00e9kes internetkapcsolattal, a teremben wifi h\u00e1l\u00f3zat van<\/p>\n<p><strong>Tov\u00e1bbi eszk\u00f6z\u00f6k, inform\u00e1ci\u00f3k:<\/strong><span class=\"Apple-converted-space\">\u00a0<\/span>El\u0151ad\u00f3i pultn\u00e1l 1 db IP telefon, sz\u00fcnetid\u0151 kijelz\u0151, a terem nem \u00f6n\u00e1ll\u00f3an szab\u00e1lyozhat\u00f3 klimatiz\u00e1lts\u00e1g\u00fa<\/p>\n<p><strong>A fentieken fel\u00fcl tov\u00e1bbi eszk\u00f6z\u00f6k ig\u00e9nyl\u00e9se \u00e9s be\u00fczemel\u00e9se k\u00fcl\u00f6n egyeztet\u00e9s alapj\u00e1n t\u00f6rt\u00e9nik!<\/strong><\/p>\n\r\n        [slb_exclude]\r\n        <div class=\"row galeria-wrapper mx-0 h-auto\">\r\n            <div class=\"col-9 pl-0 pr-2\">\r\n            <span class=\"gallery-item frame\">\r\n\t\t\t\t<div class=\"galeria-left-img\"><a href=\"https:\/\/semmelweis.hu\/eok\/files\/2022\/03\/20220125_112929.jpg\"><img src=https:\/\/semmelweis.hu\/eok\/files\/2022\/03\/20220125_112929.jpg  \r\n                            alt=\"\" \r\n                            class=\"attachment-sote-gallery-big size-sote-gallery-big\" \r\n                            srcset=\"https:\/\/semmelweis.hu\/eok\/files\/2022\/03\/20220125_112929-400x225.jpg 400w, https:\/\/semmelweis.hu\/eok\/files\/2022\/03\/20220125_112929-1024x576.jpg 1024w, https:\/\/semmelweis.hu\/eok\/files\/2022\/03\/20220125_112929-768x432.jpg 768w, https:\/\/semmelweis.hu\/eok\/files\/2022\/03\/20220125_112929-1536x864.jpg 1536w, https:\/\/semmelweis.hu\/eok\/files\/2022\/03\/20220125_112929-753x424.jpg 753w, https:\/\/semmelweis.hu\/eok\/files\/2022\/03\/20220125_112929.jpg 1920w\" ><\/a><\/div>\r\n            <\/span>\r\n\r\n            <\/div>\r\n\r\n\t\t\t<div class=\"col-3 pl-0 pr-0\">\r\n\t\t\t\t<div class=\"galeria-right-img d-flex justify-content-between flex-column h-100 w-100 px-0 mx-0 \">\r\n                <div class=\"galeria-box\">\r\n\t\t\t\t\t<h3 class=\"galeria-title\">Gal\u00e9ria<\/h3>\r\n\t\t\t\t\t<div class=\"galeria-subtitle\">\r\n\r\n\t\t\t\t\t\t<div class=\"galeria-page-counter\"><span>8<\/span>k\u00e9p<\/div>\r\n                    <\/div> <\/div>\r\n                    <span class=\"gallery-item frame d-none d-md-flex\">\r\n\t\t\t\t\t<div class=\"galeria-small-img mt-0\"><a href=\"https:\/\/semmelweis.hu\/eok\/files\/2022\/03\/20220125_113119.jpg\"><img src=https:\/\/semmelweis.hu\/eok\/files\/2022\/03\/20220125_113119.jpg \r\n                                alt=\"\"  \r\n                                class=\"attachment-sote-gallery-small size-sote-gallery-small\" \r\n                                srcset=\"https:\/\/semmelweis.hu\/eok\/files\/2022\/03\/20220125_113119-400x225.jpg 400w, https:\/\/semmelweis.hu\/eok\/files\/2022\/03\/20220125_113119-1024x576.jpg 1024w, https:\/\/semmelweis.hu\/eok\/files\/2022\/03\/20220125_113119-768x432.jpg 768w, https:\/\/semmelweis.hu\/eok\/files\/2022\/03\/20220125_113119-1536x864.jpg 1536w, https:\/\/semmelweis.hu\/eok\/files\/2022\/03\/20220125_113119-753x424.jpg 753w, https:\/\/semmelweis.hu\/eok\/files\/2022\/03\/20220125_113119.jpg 1920w\" ><\/a><\/div>\r\n                    <\/span>\r\n                    <span class=\"gallery-item frame d-none d-md-flex\">\r\n\t\t\t\t\t<div class=\"galeria-small-img mt-0\"><a href=\"https:\/\/semmelweis.hu\/eok\/files\/2022\/03\/20220125_113809.jpg\"><img src=https:\/\/semmelweis.hu\/eok\/files\/2022\/03\/20220125_113809.jpg \r\n                                alt=\"\" \r\n                                class=\"attachment-sote-gallery-small size-sote-gallery-small\" \r\n                                srcset=\"https:\/\/semmelweis.hu\/eok\/files\/2022\/03\/20220125_113809-400x225.jpg 400w, https:\/\/semmelweis.hu\/eok\/files\/2022\/03\/20220125_113809-1024x576.jpg 1024w, https:\/\/semmelweis.hu\/eok\/files\/2022\/03\/20220125_113809-768x432.jpg 768w, https:\/\/semmelweis.hu\/eok\/files\/2022\/03\/20220125_113809-1536x864.jpg 1536w, https:\/\/semmelweis.hu\/eok\/files\/2022\/03\/20220125_113809-753x424.jpg 753w, https:\/\/semmelweis.hu\/eok\/files\/2022\/03\/20220125_113809.jpg 1920w\" ><\/a><\/div>\r\n                    <\/span>\r\n\r\n                <\/div>\r\n\r\n            <\/div>\r\n\r\n            <span class=\"gallery-item\"><div class=\"hidden\"><a href=\"https:\/\/semmelweis.hu\/eok\/files\/2022\/03\/20220125_114307.jpg\">\r\n        <img src=https:\/\/semmelweis.hu\/eok\/files\/2022\/03\/20220125_114307.jpg alt=\"\" class=\"attachment-sote-gallery-big size-sote-gallery-big\" srcset=\"https:\/\/semmelweis.hu\/eok\/files\/2022\/03\/20220125_114307-400x225.jpg 400w, https:\/\/semmelweis.hu\/eok\/files\/2022\/03\/20220125_114307-1024x576.jpg 1024w, https:\/\/semmelweis.hu\/eok\/files\/2022\/03\/20220125_114307-768x432.jpg 768w, https:\/\/semmelweis.hu\/eok\/files\/2022\/03\/20220125_114307-1536x864.jpg 1536w, https:\/\/semmelweis.hu\/eok\/files\/2022\/03\/20220125_114307-753x424.jpg 753w, https:\/\/semmelweis.hu\/eok\/files\/2022\/03\/20220125_114307.jpg 1920w\" >\r\n        <\/a><\/div><\/span><span class=\"gallery-item\"><div class=\"hidden\"><a href=\"https:\/\/semmelweis.hu\/eok\/files\/2022\/03\/20220125_114820.jpg\">\r\n        <img src=https:\/\/semmelweis.hu\/eok\/files\/2022\/03\/20220125_114820.jpg alt=\"\" class=\"attachment-sote-gallery-big size-sote-gallery-big\" srcset=\"https:\/\/semmelweis.hu\/eok\/files\/2022\/03\/20220125_114820-400x225.jpg 400w, https:\/\/semmelweis.hu\/eok\/files\/2022\/03\/20220125_114820-1024x576.jpg 1024w, https:\/\/semmelweis.hu\/eok\/files\/2022\/03\/20220125_114820-768x432.jpg 768w, https:\/\/semmelweis.hu\/eok\/files\/2022\/03\/20220125_114820-1536x864.jpg 1536w, https:\/\/semmelweis.hu\/eok\/files\/2022\/03\/20220125_114820-753x424.jpg 753w, https:\/\/semmelweis.hu\/eok\/files\/2022\/03\/20220125_114820.jpg 1920w\" >\r\n        <\/a><\/div><\/span><span class=\"gallery-item\"><div class=\"hidden\"><a href=\"https:\/\/semmelweis.hu\/eok\/files\/2022\/03\/20220125_115118.jpg\">\r\n        <img src=https:\/\/semmelweis.hu\/eok\/files\/2022\/03\/20220125_115118.jpg alt=\"\" class=\"attachment-sote-gallery-big size-sote-gallery-big\" srcset=\"https:\/\/semmelweis.hu\/eok\/files\/2022\/03\/20220125_115118-400x225.jpg 400w, https:\/\/semmelweis.hu\/eok\/files\/2022\/03\/20220125_115118-1024x576.jpg 1024w, https:\/\/semmelweis.hu\/eok\/files\/2022\/03\/20220125_115118-768x432.jpg 768w, https:\/\/semmelweis.hu\/eok\/files\/2022\/03\/20220125_115118-1536x864.jpg 1536w, https:\/\/semmelweis.hu\/eok\/files\/2022\/03\/20220125_115118-753x424.jpg 753w, https:\/\/semmelweis.hu\/eok\/files\/2022\/03\/20220125_115118.jpg 1920w\" >\r\n        <\/a><\/div><\/span><span class=\"gallery-item\"><div class=\"hidden\"><a href=\"https:\/\/semmelweis.hu\/eok\/files\/2022\/03\/20220125_140916.jpg\">\r\n        <img src=https:\/\/semmelweis.hu\/eok\/files\/2022\/03\/20220125_140916.jpg alt=\"\" class=\"attachment-sote-gallery-big size-sote-gallery-big\" srcset=\"https:\/\/semmelweis.hu\/eok\/files\/2022\/03\/20220125_140916-400x225.jpg 400w, https:\/\/semmelweis.hu\/eok\/files\/2022\/03\/20220125_140916-1024x576.jpg 1024w, https:\/\/semmelweis.hu\/eok\/files\/2022\/03\/20220125_140916-768x432.jpg 768w, https:\/\/semmelweis.hu\/eok\/files\/2022\/03\/20220125_140916-1536x864.jpg 1536w, https:\/\/semmelweis.hu\/eok\/files\/2022\/03\/20220125_140916-753x424.jpg 753w, https:\/\/semmelweis.hu\/eok\/files\/2022\/03\/20220125_140916.jpg 1920w\" >\r\n        <\/a><\/div><\/span><span class=\"gallery-item\"><div class=\"hidden\"><a href=\"https:\/\/semmelweis.hu\/eok\/files\/2013\/11\/DSCF2033.jpg\">\r\n        <img src=https:\/\/semmelweis.hu\/eok\/files\/2013\/11\/DSCF2033.jpg alt=\"<a href='https:\/\/semmelweis.hu\/eok\/files\/2022\/01\/Szunetjelzo.mp4'>Vide\u00f3 a sz\u00fcnetjelz\u0151r\u0151l<\/a>\" class=\"attachment-sote-gallery-big size-sote-gallery-big\" srcset=\"https:\/\/semmelweis.hu\/eok\/files\/2013\/11\/DSCF2033-300x225.jpg 300w, https:\/\/semmelweis.hu\/eok\/files\/2013\/11\/DSCF2033-768x576.jpg 768w, https:\/\/semmelweis.hu\/eok\/files\/2013\/11\/DSCF2033-400x300.jpg 400w, https:\/\/semmelweis.hu\/eok\/files\/2013\/11\/DSCF2033-600x450.jpg 600w, https:\/\/semmelweis.hu\/eok\/files\/2013\/11\/DSCF2033.jpg 900w\" >\r\n        <\/a><\/div><\/span>\r\n            <\/div>\r\n\r\n            [\/slb_exclude]\r\n\t\n","protected":false},"excerpt":{"rendered":"<p>Befogad\u00f3k\u00e9pess\u00e9g: 320 f\u0151 (300+20) (357 m2) Elrendez\u00e9s: sz\u00ednh\u00e1z jelleg\u0171, r\u00f6gz\u00edtett, iskolai sz\u00e9ksor Vet\u00edt\u00e9s, el\u0151ad\u00e1s: A vet\u00edtett k\u00e9p alapfelbont\u00e1sa:\u00a0 1920 x 1080 (16:9-es k\u00e9par\u00e1ny) 1 db EPSON EB-PU2010W t\u00edpus\u00fa projektor (k\u00f6z\u00e9pen) (vet\u00edtett k\u00e9p m\u00e9rete: ~ 450 x 290 cm) 2 db EPSON EB-L610U t\u00edpus\u00fa projektor (sz\u00e9leken) (vet\u00edtett k\u00e9p m\u00e9rete: ~ 310 x 220 cm) 1 db &hellip;<\/p>\n","protected":false},"author":101011,"featured_media":0,"parent":48,"menu_order":10,"comment_status":"closed","ping_status":"closed","template":"","meta":{"_acf_changed":false,"footnotes":""},"categories":[],"tags":[],"class_list":["post-507","page","type-page","status-publish","hentry"],"acf":[],"_links":{"self":[{"href":"https:\/\/semmelweis.hu\/eok\/wp-json\/wp\/v2\/pages\/507","targetHints":{"allow":["GET"]}}],"collection":[{"href":"https:\/\/semmelweis.hu\/eok\/wp-json\/wp\/v2\/pages"}],"about":[{"href":"https:\/\/semmelweis.hu\/eok\/wp-json\/wp\/v2\/types\/page"}],"author":[{"embeddable":true,"href":"https:\/\/semmelweis.hu\/eok\/wp-json\/wp\/v2\/users\/101011"}],"replies":[{"embeddable":true,"href":"https:\/\/semmelweis.hu\/eok\/wp-json\/wp\/v2\/comments?post=507"}],"version-history":[{"count":10,"href":"https:\/\/semmelweis.hu\/eok\/wp-json\/wp\/v2\/pages\/507\/revisions"}],"predecessor-version":[{"id":8557,"href":"https:\/\/semmelweis.hu\/eok\/wp-json\/wp\/v2\/pages\/507\/revisions\/8557"}],"up":[{"embeddable":true,"href":"https:\/\/semmelweis.hu\/eok\/wp-json\/wp\/v2\/pages\/48"}],"wp:attachment":[{"href":"https:\/\/semmelweis.hu\/eok\/wp-json\/wp\/v2\/media?parent=507"}],"wp:term":[{"taxonomy":"category","embeddable":true,"href":"https:\/\/semmelweis.hu\/eok\/wp-json\/wp\/v2\/categories?post=507"},{"taxonomy":"post_tag","embeddable":true,"href":"https:\/\/semmelweis.hu\/eok\/wp-json\/wp\/v2\/tags?post=507"}],"curies":[{"name":"wp","href":"https:\/\/api.w.org\/{rel}","templated":true}]}}