{"id":48,"date":"2013-10-24T09:29:51","date_gmt":"2013-10-24T07:29:51","guid":{"rendered":"http:\/\/semmelweis-egyetem.hu\/eok\/?page_id=48"},"modified":"2023-10-30T20:12:31","modified_gmt":"2023-10-30T19:12:31","slug":"eszkozpark","status":"publish","type":"page","link":"https:\/\/semmelweis.hu\/eok\/hu\/rendezvenyek\/eszkozpark\/","title":{"rendered":"Termek, eszk\u00f6zpark"},"content":{"rendered":"<p style=\"text-align: justify\">A teremtechnikai eszk\u00f6z\u00f6k fejleszt\u00e9se miatt az itt le\u00edrt inform\u00e1ci\u00f3k v\u00e1ltozhatnak, k\u00e9rd\u00e9s eset\u00e9n h\u00edvja az <a href=\"https:\/\/semmelweis.hu\/eok\/hu\/kapcsolat\/munkatarsak\/\" target=\"_blank\" rel=\"noopener noreferrer\">Informatikai Oszt\u00e1lyt<\/a>.<\/p>\n<p><a class=\"button\" href=\"https:\/\/semmelweis.hu\/eok\/hu\/rendezvenyek\/eszkozpark\/szent-gyorgyi-albert-terem\/\">Szent-Gy\u00f6rgyi Albert terem (320 f\u0151s)<\/a><br \/>\n<a class=\"button\" href=\"https:\/\/semmelweis.hu\/eok\/hu\/rendezvenyek\/eszkozpark\/hevesy-gyorgy-terem\/\">Hevesy Gy\u00f6rgy terem (160 f\u0151s)<\/a><br \/>\n<a class=\"button\" href=\"https:\/\/semmelweis.hu\/eok\/hu\/rendezvenyek\/eszkozpark\/bekesy-gyorgy-terem\/\">B\u00e9k\u00e9sy Gy\u00f6rgy terem (160 f\u0151s)<\/a><br \/>\n<a class=\"button\" href=\"https:\/\/semmelweis.hu\/eok\/hu\/rendezvenyek\/eszkozpark\/hari-pal-terem\/\">H\u00e1ri P\u00e1l terem (80 f\u0151s)<\/a><br \/>\n<a class=\"button\" href=\"https:\/\/semmelweis.hu\/eok\/hu\/rendezvenyek\/eszkozpark\/beznak-aladar-terem\/\">Bezn\u00e1k Alad\u00e1r terem (80 f\u0151s)<\/a><br \/>\n<a class=\"button\" href=\"https:\/\/semmelweis.hu\/eok\/hu\/rendezvenyek\/eszkozpark\/szeminariumi-termek\/\">Szemin\u00e1riumi termek<\/a><br \/>\n<a class=\"button\" href=\"https:\/\/semmelweis.hu\/eok\/hu\/rendezvenyek\/eszkozpark\/aula\/\">Aula<\/a><\/p>\n","protected":false},"excerpt":{"rendered":"<p>A teremtechnikai eszk\u00f6z\u00f6k fejleszt\u00e9se miatt az itt le\u00edrt inform\u00e1ci\u00f3k v\u00e1ltozhatnak, k\u00e9rd\u00e9s eset\u00e9n h\u00edvja az <a href=\"https:\/\/semmelweis.hu\/eok\/hu\/kapcsolat\/munkatarsak\/\" target=\"_blank\" rel=\"noopener noreferrer\">Informatikai Oszt\u00e1lyt<\/a>.<br \/>\n<a class=\"button\" href=\"https:\/\/semmelweis.hu\/eok\/hu\/rendezvenyek\/eszkozpark\/szent-gyorgyi-albert-terem\/\">Szent-Gy\u00f6rgyi Albert terem (320 f\u0151s)<\/a><br \/>\n<a class=\"button\" href=\"https:\/\/semmelweis.hu\/eok\/hu\/rendezvenyek\/eszkozpark\/hevesy-gyorgy-terem\/\">Hevesy Gy\u00f6rgy terem (160 f\u0151s)<\/a><br \/>\n<a class=\"button\" href=\"https:\/\/semmelweis.hu\/eok\/hu\/rendezvenyek\/eszkozpark\/bekesy-gyorgy-terem\/\">B\u00e9k\u00e9sy Gy\u00f6rgy terem (160 f\u0151s)<\/a><br \/>\n<a class=\"button\" href=\"https:\/\/semmelweis.hu\/eok\/hu\/rendezvenyek\/eszkozpark\/hari-pal-terem\/\">H\u00e1ri P\u00e1l terem (80 f\u0151s)<\/a><br \/>\n<a class=\"button\" href=\"https:\/\/semmelweis.hu\/eok\/hu\/rendezvenyek\/eszkozpark\/beznak-aladar-terem\/\">Bezn\u00e1k Alad\u00e1r terem (80 f\u0151s)<\/a><br \/>\n<a class=\"button\" href=\"https:\/\/semmelweis.hu\/eok\/hu\/rendezvenyek\/eszkozpark\/szeminariumi-termek\/\">Szemin\u00e1riumi termek<\/a><br \/>\n<a class=\"button\" href=\"https:\/\/semmelweis.hu\/eok\/hu\/rendezvenyek\/eszkozpark\/aula\/\">Aula<\/a><\/p>\n","protected":false},"author":282,"featured_media":0,"parent":45,"menu_order":30,"comment_status":"closed","ping_status":"closed","template":"","meta":{"_acf_changed":false,"footnotes":""},"categories":[],"tags":[],"class_list":["post-48","page","type-page","status-publish","hentry"],"acf":[],"_links":{"self":[{"href":"https:\/\/semmelweis.hu\/eok\/wp-json\/wp\/v2\/pages\/48","targetHints":{"allow":["GET"]}}],"collection":[{"href":"https:\/\/semmelweis.hu\/eok\/wp-json\/wp\/v2\/pages"}],"about":[{"href":"https:\/\/semmelweis.hu\/eok\/wp-json\/wp\/v2\/types\/page"}],"author":[{"embeddable":true,"href":"https:\/\/semmelweis.hu\/eok\/wp-json\/wp\/v2\/users\/282"}],"replies":[{"embeddable":true,"href":"https:\/\/semmelweis.hu\/eok\/wp-json\/wp\/v2\/comments?post=48"}],"version-history":[{"count":11,"href":"https:\/\/semmelweis.hu\/eok\/wp-json\/wp\/v2\/pages\/48\/revisions"}],"predecessor-version":[{"id":8451,"href":"https:\/\/semmelweis.hu\/eok\/wp-json\/wp\/v2\/pages\/48\/revisions\/8451"}],"up":[{"embeddable":true,"href":"https:\/\/semmelweis.hu\/eok\/wp-json\/wp\/v2\/pages\/45"}],"wp:attachment":[{"href":"https:\/\/semmelweis.hu\/eok\/wp-json\/wp\/v2\/media?parent=48"}],"wp:term":[{"taxonomy":"category","embeddable":true,"href":"https:\/\/semmelweis.hu\/eok\/wp-json\/wp\/v2\/categories?post=48"},{"taxonomy":"post_tag","embeddable":true,"href":"https:\/\/semmelweis.hu\/eok\/wp-json\/wp\/v2\/tags?post=48"}],"curies":[{"name":"wp","href":"https:\/\/api.w.org\/{rel}","templated":true}]}}