{"id":45,"date":"2013-10-24T08:07:28","date_gmt":"2013-10-24T06:07:28","guid":{"rendered":"http:\/\/semmelweis-egyetem.hu\/eok\/?page_id=45"},"modified":"2025-04-09T10:25:33","modified_gmt":"2025-04-09T08:25:33","slug":"rendezvenyek","status":"publish","type":"page","link":"https:\/\/semmelweis.hu\/eok\/hu\/rendezvenyek\/","title":{"rendered":"Rendezv\u00e9nyek"},"content":{"rendered":"<p style=\"text-align: justify\">\u00c9p\u00fclet\u00fcnk sz\u00e1mos konferenciat\u00edpusnak biztos\u00edt helysz\u00ednt, \u00fagymint hazai \u00e9s nemzetk\u00f6zi konferenci\u00e1knak, kongresszusoknak, szimp\u00f3ziumoknak, workshopoknak, ki\u00e1ll\u00edt\u00e1soknak, g\u00e1la vacsor\u00e1knak, sajt\u00f3t\u00e1j\u00e9koztat\u00f3knak, partner tal\u00e1lkoz\u00f3knak, kultur\u00e1lis \u00e9s hagyom\u00e1ny\u0151rz\u0151 programoknak. El\u0151ad\u00f3termeink 80-320 f\u0151, szemin\u00e1riumi termeink 20-20 f\u0151 befogad\u00e1s\u00e1ra alkalmasak.<\/p>\n<p style=\"text-align: center\"><a class=\"button-big\" href=\"https:\/\/semmelweis.hu\/eok\/hu\/rendezvenyek\/informaciok-rendezvenyekhez\/\">Inform\u00e1ci\u00f3k rendezv\u00e9nyekhez<\/a><\/p>\n<p style=\"text-align: center\"><a class=\"button-big\" href=\"https:\/\/semmelweis.hu\/eok\/esemenynaptar\">Esem\u00e9nynapt\u00e1r<\/a> <a class=\"button-big\" href=\"https:\/\/semmelweis.hu\/eok\/hu\/rendezvenyek\/eszkozpark\/\">Termek, eszk\u00f6zpark<\/a><\/p>\n<p style=\"text-align: center\"><a class=\"button-big\" href=\"https:\/\/drive.google.com\/file\/d\/1j16VsKgU-oxfVsmqak1l7k3P0Ba9Mybr\" target=\"_blank\" rel=\"noopener\">VIDE\u00d3 A HELYSZ\u00cdNEKR\u0150L<\/a><\/p>\n<p style=\"text-align: center\">Amennyiben szeretn\u00e9 felvenni a helysz\u00ednnel a kapcsolatot, \u00fagy forduljon <span style=\"color: #ff6600\"><a href=\"https:\/\/semmelweis.hu\/telefonkonyv\/?emp_id=7709\" target=\"_blank\" rel=\"noopener noreferrer\"><strong>S\u00e1ndor Nat\u00e1lia<\/strong><\/a> <\/span>helysz\u00edn-koordin\u00e1torhoz.<\/p>\n<p>&nbsp;<\/p>\n<p>&nbsp;<\/p>\n","protected":false},"excerpt":{"rendered":"<p>\u00c9p\u00fclet\u00fcnk sz\u00e1mos konferenciat\u00edpusnak biztos\u00edt helysz\u00ednt, \u00fagymint hazai \u00e9s nemzetk\u00f6zi konferenci\u00e1knak, kongresszusoknak, szimp\u00f3ziumoknak, workshopoknak, ki\u00e1ll\u00edt\u00e1soknak, g\u00e1la vacsor\u00e1knak, sajt\u00f3t\u00e1j\u00e9koztat\u00f3knak, partner tal\u00e1lkoz\u00f3knak, kultur\u00e1lis \u00e9s hagyom\u00e1ny\u0151rz\u0151 programoknak. El\u0151ad\u00f3termeink 80-320 f\u0151, szemin\u00e1riumi termeink 20-20 f\u0151 befogad\u00e1s\u00e1ra alkalmasak.<br \/>\n<a class=\"button-big\" href=\"https:\/\/semmelweis.hu\/eok\/hu\/rendezvenyek\/informaciok-rendezvenyekhez\/\">Inform\u00e1ci\u00f3k rendezv\u00e9nyekhez<\/a><br \/>\n<a class=\"button-big\" href=\"https:\/\/semmelweis.hu\/eok\/esemenynaptar\">Esem\u00e9nynapt\u00e1r<\/a> <a class=\"button-big\" href=\"https:\/\/semmelweis.hu\/eok\/hu\/rendezvenyek\/eszkozpark\/\">Termek, eszk\u00f6zpark<\/a><br \/>\n<a class=\"button-big\" href=\"https:\/\/drive.google.com\/file\/d\/1j16VsKgU-oxfVsmqak1l7k3P0Ba9Mybr\" target=\"_blank\" rel=\"noopener\">VIDE\u00d3 A HELYSZ\u00cdNEKR\u0150L<\/a><br \/>\nAmennyiben szeretn\u00e9 felvenni a helysz\u00ednnel a kapcsolatot, \u00fagy forduljon <a href=\"https:\/\/semmelweis.hu\/telefonkonyv\/?emp_id=7709\" target=\"_blank\" rel=\"noopener noreferrer\">S\u00e1ndor Nat\u00e1lia<\/a> helysz\u00edn-koordin\u00e1torhoz.<br \/>\n&nbsp;<br \/>\n&nbsp;<\/p>\n","protected":false},"author":282,"featured_media":0,"parent":0,"menu_order":3,"comment_status":"closed","ping_status":"closed","template":"template-fullwidth.php","meta":{"_acf_changed":false,"footnotes":""},"categories":[],"tags":[],"class_list":["post-45","page","type-page","status-publish","hentry"],"acf":[],"_links":{"self":[{"href":"https:\/\/semmelweis.hu\/eok\/wp-json\/wp\/v2\/pages\/45","targetHints":{"allow":["GET"]}}],"collection":[{"href":"https:\/\/semmelweis.hu\/eok\/wp-json\/wp\/v2\/pages"}],"about":[{"href":"https:\/\/semmelweis.hu\/eok\/wp-json\/wp\/v2\/types\/page"}],"author":[{"embeddable":true,"href":"https:\/\/semmelweis.hu\/eok\/wp-json\/wp\/v2\/users\/282"}],"replies":[{"embeddable":true,"href":"https:\/\/semmelweis.hu\/eok\/wp-json\/wp\/v2\/comments?post=45"}],"version-history":[{"count":11,"href":"https:\/\/semmelweis.hu\/eok\/wp-json\/wp\/v2\/pages\/45\/revisions"}],"predecessor-version":[{"id":8700,"href":"https:\/\/semmelweis.hu\/eok\/wp-json\/wp\/v2\/pages\/45\/revisions\/8700"}],"wp:attachment":[{"href":"https:\/\/semmelweis.hu\/eok\/wp-json\/wp\/v2\/media?parent=45"}],"wp:term":[{"taxonomy":"category","embeddable":true,"href":"https:\/\/semmelweis.hu\/eok\/wp-json\/wp\/v2\/categories?post=45"},{"taxonomy":"post_tag","embeddable":true,"href":"https:\/\/semmelweis.hu\/eok\/wp-json\/wp\/v2\/tags?post=45"}],"curies":[{"name":"wp","href":"https:\/\/api.w.org\/{rel}","templated":true}]}}