{"id":4135,"date":"2018-01-05T12:28:17","date_gmt":"2018-01-05T11:28:17","guid":{"rendered":"http:\/\/semmelweis.hu\/eok\/?page_id=4135"},"modified":"2025-09-18T14:51:00","modified_gmt":"2025-09-18T12:51:00","slug":"csomagkiado-szolgalat","status":"publish","type":"page","link":"https:\/\/semmelweis.hu\/eok\/hu\/szolgaltatasok\/csomagkiado-szolgalat\/","title":{"rendered":"Csomagkiad\u00f3 Szolg\u00e1lat"},"content":{"rendered":"<p style=\"text-align: justify\"><a href=\"https:\/\/unisemmelweis.sharepoint.com\/:x:\/t\/Projekt_HK-StudentsUnion\/EQgDhg5iLiRKqNRxpUnkAqsB6ZO2zSQGIQAR3DCMfnVmyA\"><strong>&gt;&gt;&gt; Ide kattintva el\u00e9rhet\u0151, hogy mely c\u00edmzettek r\u00e9sz\u00e9re \u00e9rkezett csomag &lt;&lt;&lt;<\/strong><\/a><\/p>\n<p style=\"text-align: justify\"><span style=\"color: #000000\"><strong><strong><strong>El\u00e9rhet\u0151s\u00e9g:<\/strong><\/strong><\/strong><\/span> <strong>eok.student.coordinator@semmelweis.hu<\/strong><\/p>\n<p style=\"text-align: justify\"><strong><span style=\"color: #000000\">Nyitva tart\u00e1s:<br \/>\n<\/span><\/strong><strong>szorgalmi \u00e9s vizsgaid\u0151szakban: H-P: 9:00-15:00; Szo: 10:00-15:00, V: z\u00e1rva<br \/>\n<\/strong><strong>ny\u00e1ri sz\u00fcnetben: a fenti linken el\u00e9rhet\u0151 t\u00e1bl\u00e1zatban felt\u00fcntetettek szerint<\/strong><\/p>\n<p>A Semmelweis Egyetem hallgat\u00f3inak lehet\u0151s\u00e9ge van k\u00fcldem\u00e9nyeiket az Elm\u00e9leti Orvostudom\u00e1nyi K\u00f6zpont c\u00edm\u00e9re k\u00e9rni. Az el\u0151re kifizetett csomagokat munkat\u00e1rsaink \u00e1tveszik a fut\u00e1rt\u00f3l \u00e9s meg\u0151rzik azt, am\u00edg a hallgat\u00f3 \u00e1tveszi. A k\u00fcldem\u00e9ny c\u00edmz\u00e9se sor\u00e1n fontos, hogy az al\u00e1bbi inform\u00e1ci\u00f3k legyenek felt\u00fcntetve a k\u00fcldem\u00e9nyen:<\/p>\n<div style=\"text-align: justify\">\u00a0<\/div>\n<div style=\"text-align: justify\">Hallgat\u00f3 neve, \u00e9vfolyama \u00e9s kara<br \/>\n1094 Budapest, T\u0171zolt\u00f3 utca 37-47.<br \/>\nEOK K\u00f6nyvt\u00e1r<\/div>\n<div style=\"text-align: justify\">\u00a0<\/div>\n<div style=\"text-align: justify\">A k\u00fcldem\u00e9nyek \u00e1tv\u00e9tel\u00e9re f\u00e9nyk\u00e9pes igazolv\u00e1ny felmutat\u00e1sa, valamint egy \u00e1tv\u00e9teli nyilatkozat al\u00e1\u00edr\u00e1sa ut\u00e1n van lehet\u0151s\u00e9g.<\/div>\n<div style=\"text-align: justify\">Szab\u00e1lyos, \u00edr\u00e1sos meghatalmaz\u00e1s ellen\u00e9ben szint\u00e9n lehet\u0151s\u00e9g van a csomagok \u00e1tv\u00e9tel\u00e9re, amennyiben a c\u00edmzett valamilyen okn\u00e1l fogva nem tudja azt \u00e1tvenni.<\/div>\n<div style=\"text-align: justify\">A csomagok\u00e9rt az Elm\u00e9leti Orvostudom\u00e1nyi K\u00f6zpont nem v\u00e1llal felel\u0151ss\u00e9get!<\/div>\n<div style=\"text-align: justify\">A k\u00fcldem\u00e9nyek maxim\u00e1lis meg\u0151rz\u00e9si ideje az \u00e9rkez\u00e9st\u0151l sz\u00e1m\u00edtott f\u00e9l \u00e9v.<\/div>\n","protected":false},"excerpt":{"rendered":"<p><a href=\"https:\/\/unisemmelweis.sharepoint.com\/:x:\/t\/Projekt_HK-StudentsUnion\/EQgDhg5iLiRKqNRxpUnkAqsB6ZO2zSQGIQAR3DCMfnVmyA\">&gt;&gt;&gt; Ide kattintva el\u00e9rhet\u0151, hogy mely c\u00edmzettek r\u00e9sz\u00e9re \u00e9rkezett csomag &lt;&lt;&lt;<\/a> El\u00e9rhet\u0151s\u00e9g: eok.student.coordinator@semmelweis.hu Nyitva tart\u00e1s: szorgalmi \u00e9s vizsgaid\u0151szakban: H-P: 9:00-15:00; Szo: 10:00-15:00, V: z\u00e1rva ny\u00e1ri sz\u00fcnetben: a fenti linken el\u00e9rhet\u0151 t\u00e1bl\u00e1zatban felt\u00fcntetettek szerint A Semmelweis Egyetem hallgat\u00f3inak lehet\u0151s\u00e9ge van k\u00fcldem\u00e9nyeiket az Elm\u00e9leti Orvostudom\u00e1nyi K\u00f6zpont c\u00edm\u00e9re k\u00e9rni. Az el\u0151re kifizetett csomagokat munkat\u00e1rsaink \u00e1tveszik a fut\u00e1rt\u00f3l \u00e9s meg\u0151rzik azt, am\u00edg a hallgat\u00f3 \u00e1tveszi. A k\u00fcldem\u00e9ny c\u00edmz\u00e9se sor\u00e1n fontos, &hellip;<\/p>\n","protected":false},"author":282,"featured_media":8524,"parent":3414,"menu_order":5,"comment_status":"closed","ping_status":"closed","template":"","meta":{"_acf_changed":false,"footnotes":""},"categories":[461],"tags":[],"class_list":["post-4135","page","type-page","status-publish","has-post-thumbnail","hentry","category-szolgaltatas"],"acf":[],"_links":{"self":[{"href":"https:\/\/semmelweis.hu\/eok\/wp-json\/wp\/v2\/pages\/4135","targetHints":{"allow":["GET"]}}],"collection":[{"href":"https:\/\/semmelweis.hu\/eok\/wp-json\/wp\/v2\/pages"}],"about":[{"href":"https:\/\/semmelweis.hu\/eok\/wp-json\/wp\/v2\/types\/page"}],"author":[{"embeddable":true,"href":"https:\/\/semmelweis.hu\/eok\/wp-json\/wp\/v2\/users\/282"}],"replies":[{"embeddable":true,"href":"https:\/\/semmelweis.hu\/eok\/wp-json\/wp\/v2\/comments?post=4135"}],"version-history":[{"count":10,"href":"https:\/\/semmelweis.hu\/eok\/wp-json\/wp\/v2\/pages\/4135\/revisions"}],"predecessor-version":[{"id":8728,"href":"https:\/\/semmelweis.hu\/eok\/wp-json\/wp\/v2\/pages\/4135\/revisions\/8728"}],"up":[{"embeddable":true,"href":"https:\/\/semmelweis.hu\/eok\/wp-json\/wp\/v2\/pages\/3414"}],"wp:featuredmedia":[{"embeddable":true,"href":"https:\/\/semmelweis.hu\/eok\/wp-json\/wp\/v2\/media\/8524"}],"wp:attachment":[{"href":"https:\/\/semmelweis.hu\/eok\/wp-json\/wp\/v2\/media?parent=4135"}],"wp:term":[{"taxonomy":"category","embeddable":true,"href":"https:\/\/semmelweis.hu\/eok\/wp-json\/wp\/v2\/categories?post=4135"},{"taxonomy":"post_tag","embeddable":true,"href":"https:\/\/semmelweis.hu\/eok\/wp-json\/wp\/v2\/tags?post=4135"}],"curies":[{"name":"wp","href":"https:\/\/api.w.org\/{rel}","templated":true}]}}