{"id":3862,"date":"2017-11-27T12:57:30","date_gmt":"2017-11-27T11:57:30","guid":{"rendered":"http:\/\/semmelweis.hu\/eok\/?page_id=3862"},"modified":"2020-05-18T22:07:04","modified_gmt":"2020-05-18T20:07:04","slug":"hasznos-linkek","status":"publish","type":"page","link":"https:\/\/semmelweis.hu\/eok\/hu\/az-eok-hoz-tartozo-szervezeti-egysegek\/allathaz\/hasznos-linkek\/","title":{"rendered":"Hasznos linkek"},"content":{"rendered":"<ul>\n<li><a href=\"https:\/\/portal.nebih.gov.hu\/\">Nemzeti \u00c9lelmiszerl\u00e1nc-biztons\u00e1gi Hivatal<\/a><\/li>\n<li><a href=\"http:\/\/koki.hu\/\">K\u00eds\u00e9rleti Orvostudom\u00e1nyi Kutat\u00f3int\u00e9zet<\/a><\/li>\n<\/ul>\n","protected":false},"excerpt":{"rendered":"<p><a href=\"https:\/\/portal.nebih.gov.hu\/\">Nemzeti \u00c9lelmiszerl\u00e1nc-biztons\u00e1gi Hivatal<\/a><br \/>\n<a href=\"http:\/\/koki.hu\/\">K\u00eds\u00e9rleti Orvostudom\u00e1nyi Kutat\u00f3int\u00e9zet<\/a><\/p>\n","protected":false},"author":282,"featured_media":0,"parent":1232,"menu_order":4,"comment_status":"closed","ping_status":"closed","template":"","meta":{"_acf_changed":false,"footnotes":""},"categories":[],"tags":[],"class_list":["post-3862","page","type-page","status-publish","hentry"],"acf":[],"_links":{"self":[{"href":"https:\/\/semmelweis.hu\/eok\/wp-json\/wp\/v2\/pages\/3862","targetHints":{"allow":["GET"]}}],"collection":[{"href":"https:\/\/semmelweis.hu\/eok\/wp-json\/wp\/v2\/pages"}],"about":[{"href":"https:\/\/semmelweis.hu\/eok\/wp-json\/wp\/v2\/types\/page"}],"author":[{"embeddable":true,"href":"https:\/\/semmelweis.hu\/eok\/wp-json\/wp\/v2\/users\/282"}],"replies":[{"embeddable":true,"href":"https:\/\/semmelweis.hu\/eok\/wp-json\/wp\/v2\/comments?post=3862"}],"version-history":[{"count":3,"href":"https:\/\/semmelweis.hu\/eok\/wp-json\/wp\/v2\/pages\/3862\/revisions"}],"predecessor-version":[{"id":7087,"href":"https:\/\/semmelweis.hu\/eok\/wp-json\/wp\/v2\/pages\/3862\/revisions\/7087"}],"up":[{"embeddable":true,"href":"https:\/\/semmelweis.hu\/eok\/wp-json\/wp\/v2\/pages\/1232"}],"wp:attachment":[{"href":"https:\/\/semmelweis.hu\/eok\/wp-json\/wp\/v2\/media?parent=3862"}],"wp:term":[{"taxonomy":"category","embeddable":true,"href":"https:\/\/semmelweis.hu\/eok\/wp-json\/wp\/v2\/categories?post=3862"},{"taxonomy":"post_tag","embeddable":true,"href":"https:\/\/semmelweis.hu\/eok\/wp-json\/wp\/v2\/tags?post=3862"}],"curies":[{"name":"wp","href":"https:\/\/api.w.org\/{rel}","templated":true}]}}