{"id":3414,"date":"2017-09-28T09:01:53","date_gmt":"2017-09-28T07:01:53","guid":{"rendered":"http:\/\/semmelweis.hu\/eok\/?page_id=3414"},"modified":"2024-07-03T10:36:21","modified_gmt":"2024-07-03T08:36:21","slug":"szolgaltatasok","status":"publish","type":"page","link":"https:\/\/semmelweis.hu\/eok\/hu\/szolgaltatasok\/","title":{"rendered":"Szolg\u00e1ltat\u00e1sok"},"content":{"rendered":"<p><a class=\"button\" href=\"https:\/\/semmelweis.hu\/eok\/hu\/szolgaltatasok\/konyvtar\/\">EOK K\u00f6nyvt\u00e1r<\/a><br \/>\n<a class=\"button\" href=\"https:\/\/semmelweis.hu\/eok\/hu\/szolgaltatasok\/semmelweis-shop\/\">Semmelweis Shop<\/a><br \/>\n<a class=\"button\" href=\"https:\/\/semmelweis.hu\/eok\/hu\/szolgaltatasok\/darwin-etterem-bufe\/\">Darwin \u00c9tterem \/ B\u00fcf\u00e9<\/a><br \/>\n<a class=\"button\" href=\"https:\/\/semmelweis.hu\/eok\/hu\/szolgaltatasok\/csomagkiado-szolgalat\/\">Csomagkiad\u00f3 Szolg\u00e1lat<\/a><br \/>\n<a class=\"button\" href=\"https:\/\/semmelweis.hu\/eok\/hu\/szolgaltatasok\/talalt-targyak\/\">Tal\u00e1lt t\u00e1rgyak<\/a><br \/>\n<a class=\"button\" href=\"https:\/\/semmelweis.hu\/eok\/hu\/szolgaltatasok\/eok-informatika\/\">EOK Informatika<\/a><br \/>\n<a class=\"button\" href=\"https:\/\/semmelweis.hu\/eok\/hu\/szolgaltatasok\/support-szolgaltatas\/\">Support szolg\u00e1ltat\u00e1s<\/a><br \/>\n<a class=\"button\" href=\"https:\/\/semmelweis.hu\/eok\/hu\/szolgaltatasok\/elegedettsegi-felmeres\/\">El\u00e9gedetts\u00e9gi felm\u00e9r\u00e9s<\/a><\/p>\n<p><a class=\"button\" href=\"https:\/\/semmelweis.hu\/eok\/hu\/szolgaltatasok\/edzoterem\/\">Edz\u0151terem foglal\u00e1s<\/a><\/p>\n<p>&nbsp;<\/p>\n","protected":false},"excerpt":{"rendered":"<p><a class=\"button\" href=\"https:\/\/semmelweis.hu\/eok\/hu\/szolgaltatasok\/konyvtar\/\">EOK K\u00f6nyvt\u00e1r<\/a><br \/>\n<a class=\"button\" href=\"https:\/\/semmelweis.hu\/eok\/hu\/szolgaltatasok\/semmelweis-shop\/\">Semmelweis Shop<\/a><br \/>\n<a class=\"button\" href=\"https:\/\/semmelweis.hu\/eok\/hu\/szolgaltatasok\/darwin-etterem-bufe\/\">Darwin \u00c9tterem \/ B\u00fcf\u00e9<\/a><br \/>\n<a class=\"button\" href=\"https:\/\/semmelweis.hu\/eok\/hu\/szolgaltatasok\/csomagkiado-szolgalat\/\">Csomagkiad\u00f3 Szolg\u00e1lat<\/a><br \/>\n<a class=\"button\" href=\"https:\/\/semmelweis.hu\/eok\/hu\/szolgaltatasok\/talalt-targyak\/\">Tal\u00e1lt t\u00e1rgyak<\/a><br \/>\n<a class=\"button\" href=\"https:\/\/semmelweis.hu\/eok\/hu\/szolgaltatasok\/eok-informatika\/\">EOK Informatika<\/a><br \/>\n<a class=\"button\" href=\"https:\/\/semmelweis.hu\/eok\/hu\/szolgaltatasok\/support-szolgaltatas\/\">Support szolg\u00e1ltat\u00e1s<\/a><br \/>\n<a class=\"button\" href=\"https:\/\/semmelweis.hu\/eok\/hu\/szolgaltatasok\/elegedettsegi-felmeres\/\">El\u00e9gedetts\u00e9gi felm\u00e9r\u00e9s<\/a><br \/>\n<a class=\"button\" href=\"https:\/\/semmelweis.hu\/eok\/hu\/szolgaltatasok\/edzoterem\/\">Edz\u0151terem foglal\u00e1s<\/a><br \/>\n&nbsp;<\/p>\n","protected":false},"author":282,"featured_media":0,"parent":0,"menu_order":5,"comment_status":"closed","ping_status":"closed","template":"","meta":{"_acf_changed":false,"footnotes":""},"categories":[],"tags":[],"class_list":["post-3414","page","type-page","status-publish","hentry"],"acf":[],"_links":{"self":[{"href":"https:\/\/semmelweis.hu\/eok\/wp-json\/wp\/v2\/pages\/3414","targetHints":{"allow":["GET"]}}],"collection":[{"href":"https:\/\/semmelweis.hu\/eok\/wp-json\/wp\/v2\/pages"}],"about":[{"href":"https:\/\/semmelweis.hu\/eok\/wp-json\/wp\/v2\/types\/page"}],"author":[{"embeddable":true,"href":"https:\/\/semmelweis.hu\/eok\/wp-json\/wp\/v2\/users\/282"}],"replies":[{"embeddable":true,"href":"https:\/\/semmelweis.hu\/eok\/wp-json\/wp\/v2\/comments?post=3414"}],"version-history":[{"count":10,"href":"https:\/\/semmelweis.hu\/eok\/wp-json\/wp\/v2\/pages\/3414\/revisions"}],"predecessor-version":[{"id":8605,"href":"https:\/\/semmelweis.hu\/eok\/wp-json\/wp\/v2\/pages\/3414\/revisions\/8605"}],"wp:attachment":[{"href":"https:\/\/semmelweis.hu\/eok\/wp-json\/wp\/v2\/media?parent=3414"}],"wp:term":[{"taxonomy":"category","embeddable":true,"href":"https:\/\/semmelweis.hu\/eok\/wp-json\/wp\/v2\/categories?post=3414"},{"taxonomy":"post_tag","embeddable":true,"href":"https:\/\/semmelweis.hu\/eok\/wp-json\/wp\/v2\/tags?post=3414"}],"curies":[{"name":"wp","href":"https:\/\/api.w.org\/{rel}","templated":true}]}}