{"id":3076,"date":"2017-07-27T09:34:01","date_gmt":"2017-07-27T07:34:01","guid":{"rendered":"http:\/\/semmelweis.hu\/eok\/?page_id=3076"},"modified":"2022-10-14T18:50:17","modified_gmt":"2022-10-14T16:50:17","slug":"aula","status":"publish","type":"page","link":"https:\/\/semmelweis.hu\/eok\/hu\/rendezvenyek\/eszkozpark\/aula\/","title":{"rendered":"Aula"},"content":{"rendered":"\r\n        [slb_exclude]\r\n        <div class=\"row galeria-wrapper mx-0 h-auto\">\r\n            <div class=\"col-9 pl-0 pr-2\">\r\n            <span class=\"gallery-item frame\">\r\n\t\t\t\t<div class=\"galeria-left-img\"><a href=\"https:\/\/semmelweis.hu\/eok\/files\/2013\/10\/1.jpg\"><img src=https:\/\/semmelweis.hu\/eok\/files\/2013\/10\/1.jpg  \r\n                            alt=\"\" \r\n                            class=\"attachment-sote-gallery-big size-sote-gallery-big\" \r\n                            srcset=\"https:\/\/semmelweis.hu\/eok\/files\/2013\/10\/1-300x174.jpg 300w, https:\/\/semmelweis.hu\/eok\/files\/2013\/10\/1-514x300.jpg 514w, https:\/\/semmelweis.hu\/eok\/files\/2013\/10\/1-600x349.jpg 600w, https:\/\/semmelweis.hu\/eok\/files\/2013\/10\/1.jpg 858w\" ><\/a><\/div>\r\n            <\/span>\r\n\r\n            <\/div>\r\n\r\n\t\t\t<div class=\"col-3 pl-0 pr-0\">\r\n\t\t\t\t<div class=\"galeria-right-img d-flex justify-content-between flex-column h-100 w-100 px-0 mx-0 \">\r\n                <div class=\"galeria-box\">\r\n\t\t\t\t\t<h3 class=\"galeria-title\">Gal\u00e9ria<\/h3>\r\n\t\t\t\t\t<div class=\"galeria-subtitle\">\r\n\r\n\t\t\t\t\t\t<div class=\"galeria-page-counter\"><span>9<\/span>k\u00e9p<\/div>\r\n                    <\/div> <\/div>\r\n                    <span class=\"gallery-item frame d-none d-md-flex\">\r\n\t\t\t\t\t<div class=\"galeria-small-img mt-0\"><a href=\"https:\/\/semmelweis.hu\/eok\/files\/2013\/10\/2.jpg\"><img src=https:\/\/semmelweis.hu\/eok\/files\/2013\/10\/2.jpg \r\n                                alt=\"\"  \r\n                                class=\"attachment-sote-gallery-small size-sote-gallery-small\" \r\n                                srcset=\"https:\/\/semmelweis.hu\/eok\/files\/2013\/10\/2-300x226.jpg 300w, https:\/\/semmelweis.hu\/eok\/files\/2013\/10\/2-397x300.jpg 397w, https:\/\/semmelweis.hu\/eok\/files\/2013\/10\/2-600x453.jpg 600w, https:\/\/semmelweis.hu\/eok\/files\/2013\/10\/2.jpg 662w\" ><\/a><\/div>\r\n                    <\/span>\r\n                    <span class=\"gallery-item frame d-none d-md-flex\">\r\n\t\t\t\t\t<div class=\"galeria-small-img mt-0\"><a href=\"https:\/\/semmelweis.hu\/eok\/files\/2013\/10\/3.jpg\"><img src=https:\/\/semmelweis.hu\/eok\/files\/2013\/10\/3.jpg \r\n                                alt=\"\" \r\n                                class=\"attachment-sote-gallery-small size-sote-gallery-small\" \r\n                                srcset=\"https:\/\/semmelweis.hu\/eok\/files\/2013\/10\/3-300x284.jpg 300w, https:\/\/semmelweis.hu\/eok\/files\/2013\/10\/3-316x300.jpg 316w, https:\/\/semmelweis.hu\/eok\/files\/2013\/10\/3.jpg 527w\" ><\/a><\/div>\r\n                    <\/span>\r\n\r\n                <\/div>\r\n\r\n            <\/div>\r\n\r\n            <span class=\"gallery-item\"><div class=\"hidden\"><a href=\"https:\/\/semmelweis.hu\/eok\/files\/2013\/10\/4.jpg\">\r\n        <img src=https:\/\/semmelweis.hu\/eok\/files\/2013\/10\/4.jpg alt=\"\" class=\"attachment-sote-gallery-big size-sote-gallery-big\" srcset=\"https:\/\/semmelweis.hu\/eok\/files\/2013\/10\/4-219x300.jpg 219w, https:\/\/semmelweis.hu\/eok\/files\/2013\/10\/4.jpg 365w\" >\r\n        <\/a><\/div><\/span><span class=\"gallery-item\"><div class=\"hidden\"><a href=\"https:\/\/semmelweis.hu\/eok\/files\/2013\/10\/5.jpg\">\r\n        <img src=https:\/\/semmelweis.hu\/eok\/files\/2013\/10\/5.jpg alt=\"\" class=\"attachment-sote-gallery-big size-sote-gallery-big\" srcset=\"https:\/\/semmelweis.hu\/eok\/files\/2013\/10\/5-300x200.jpg 300w, https:\/\/semmelweis.hu\/eok\/files\/2013\/10\/5-450x300.jpg 450w, https:\/\/semmelweis.hu\/eok\/files\/2013\/10\/5-600x400.jpg 600w, https:\/\/semmelweis.hu\/eok\/files\/2013\/10\/5.jpg 750w\" >\r\n        <\/a><\/div><\/span><span class=\"gallery-item\"><div class=\"hidden\"><a href=\"https:\/\/semmelweis.hu\/eok\/files\/2013\/10\/6.jpg\">\r\n        <img src=https:\/\/semmelweis.hu\/eok\/files\/2013\/10\/6.jpg alt=\"\" class=\"attachment-sote-gallery-big size-sote-gallery-big\" srcset=\"https:\/\/semmelweis.hu\/eok\/files\/2013\/10\/6-300x200.jpg 300w, https:\/\/semmelweis.hu\/eok\/files\/2013\/10\/6-450x300.jpg 450w, https:\/\/semmelweis.hu\/eok\/files\/2013\/10\/6-600x400.jpg 600w, https:\/\/semmelweis.hu\/eok\/files\/2013\/10\/6.jpg 750w\" >\r\n        <\/a><\/div><\/span><span class=\"gallery-item\"><div class=\"hidden\"><a href=\"https:\/\/semmelweis.hu\/eok\/files\/2013\/10\/7.jpg\">\r\n        <img src=https:\/\/semmelweis.hu\/eok\/files\/2013\/10\/7.jpg alt=\"\" class=\"attachment-sote-gallery-big size-sote-gallery-big\" srcset=\"https:\/\/semmelweis.hu\/eok\/files\/2013\/10\/7-300x155.jpg 300w, https:\/\/semmelweis.hu\/eok\/files\/2013\/10\/7-580x300.jpg 580w, https:\/\/semmelweis.hu\/eok\/files\/2013\/10\/7-600x311.jpg 600w, https:\/\/semmelweis.hu\/eok\/files\/2013\/10\/7.jpg 800w\" >\r\n        <\/a><\/div><\/span><span class=\"gallery-item\"><div class=\"hidden\"><a href=\"https:\/\/semmelweis.hu\/eok\/files\/2013\/10\/8.jpg\">\r\n        <img src=https:\/\/semmelweis.hu\/eok\/files\/2013\/10\/8.jpg alt=\"\" class=\"attachment-sote-gallery-big size-sote-gallery-big\" srcset=\"https:\/\/semmelweis.hu\/eok\/files\/2013\/10\/8-300x200.jpg 300w, https:\/\/semmelweis.hu\/eok\/files\/2013\/10\/8-450x300.jpg 450w, https:\/\/semmelweis.hu\/eok\/files\/2013\/10\/8-600x400.jpg 600w, https:\/\/semmelweis.hu\/eok\/files\/2013\/10\/8.jpg 750w\" >\r\n        <\/a><\/div><\/span><span class=\"gallery-item\"><div class=\"hidden\"><a href=\"https:\/\/semmelweis.hu\/eok\/files\/2013\/10\/9.jpg\">\r\n        <img src=https:\/\/semmelweis.hu\/eok\/files\/2013\/10\/9.jpg alt=\"\" class=\"attachment-sote-gallery-big size-sote-gallery-big\" srcset=\"https:\/\/semmelweis.hu\/eok\/files\/2013\/10\/9-199x300.jpg 199w, https:\/\/semmelweis.hu\/eok\/files\/2013\/10\/9.jpg 333w\" >\r\n        <\/a><\/div><\/span>\r\n            <\/div>\r\n\r\n            [\/slb_exclude]\r\n\t\n<p>Rendezv\u00e9nyek sz\u00e1m\u00e1ra hasznos\u00edthat\u00f3 ter\u00fclet k\u00f6r\u00fclbel\u00fcl 970 m<sup>2<\/sup><\/p>\n<p><strong>Vet\u00edt\u00e9s, el\u0151ad\u00e1s, hangos\u00edt\u00e1s: <\/strong>Az aul\u00e1ban t\u00f6rt\u00e9n\u0151 hangos\u00edt\u00e1st illetve vet\u00edt\u00e9st kiz\u00e1r\u00f3lag el\u0151zetes egyeztet\u00e9st k\u00f6vet\u0151en tudunk biztos\u00edtani. Ennek r\u00e9szleteit a rendezv\u00e9nyszervez\u00e9s sor\u00e1n sz\u00fcks\u00e9ges egyeztetni.<\/p>\n<p><strong>Vil\u00e1g\u00edt\u00e1s:<\/strong> Az aul\u00e1ban l\u00e9v\u0151 vil\u00e1g\u00edt\u00e1s z\u00f3n\u00e1zhat\u00f3.<\/p>\n<p><strong>\u00c1ramfelv\u00e9tel: <\/strong>\u00c1ramki\u00e1ll\u00e1sokat el\u0151zetes egyeztet\u00e9st k\u00f6vet\u0151en tudunk biztos\u00edtani.<\/p>\n<p><strong>Ruhat\u00e1r: <\/strong>A f\u00f6ldszinten, a Hevesy \u00e9s B\u00e9k\u00e9sy el\u0151ad\u00f3termekn\u00e9l 1-1 ruhat\u00e1r \u00fczemeltethet\u0151. A ruhat\u00e1rhoz szem\u00e9lyzetet nem tudunk biztos\u00edtani.<\/p>\n<p><strong><a href=\"https:\/\/semmelweis.hu\/eok\/files\/2019\/09\/Rendezveny_terv_aula1.emelet.pdf\">Alaprajz<\/a> (menek\u00fcl\u00e9si \u00fatvonalat tartalmaz\u00f3)<\/strong><\/p>\n","protected":false},"excerpt":{"rendered":"<p>Rendezv\u00e9nyek sz\u00e1m\u00e1ra hasznos\u00edthat\u00f3 ter\u00fclet k\u00f6r\u00fclbel\u00fcl 970 m2 Vet\u00edt\u00e9s, el\u0151ad\u00e1s, hangos\u00edt\u00e1s: Az aul\u00e1ban t\u00f6rt\u00e9n\u0151 hangos\u00edt\u00e1st illetve vet\u00edt\u00e9st kiz\u00e1r\u00f3lag el\u0151zetes egyeztet\u00e9st k\u00f6vet\u0151en tudunk biztos\u00edtani. Ennek r\u00e9szleteit a rendezv\u00e9nyszervez\u00e9s sor\u00e1n sz\u00fcks\u00e9ges egyeztetni. Vil\u00e1g\u00edt\u00e1s: Az aul\u00e1ban l\u00e9v\u0151 vil\u00e1g\u00edt\u00e1s z\u00f3n\u00e1zhat\u00f3. \u00c1ramfelv\u00e9tel: \u00c1ramki\u00e1ll\u00e1sokat el\u0151zetes egyeztet\u00e9st k\u00f6vet\u0151en tudunk biztos\u00edtani. Ruhat\u00e1r: A f\u00f6ldszinten, a Hevesy \u00e9s B\u00e9k\u00e9sy el\u0151ad\u00f3termekn\u00e9l 1-1 ruhat\u00e1r \u00fczemeltethet\u0151. A ruhat\u00e1rhoz &hellip;<\/p>\n","protected":false},"author":282,"featured_media":0,"parent":48,"menu_order":70,"comment_status":"closed","ping_status":"closed","template":"","meta":{"_acf_changed":false,"footnotes":""},"categories":[],"tags":[],"class_list":["post-3076","page","type-page","status-publish","hentry"],"acf":[],"_links":{"self":[{"href":"https:\/\/semmelweis.hu\/eok\/wp-json\/wp\/v2\/pages\/3076","targetHints":{"allow":["GET"]}}],"collection":[{"href":"https:\/\/semmelweis.hu\/eok\/wp-json\/wp\/v2\/pages"}],"about":[{"href":"https:\/\/semmelweis.hu\/eok\/wp-json\/wp\/v2\/types\/page"}],"author":[{"embeddable":true,"href":"https:\/\/semmelweis.hu\/eok\/wp-json\/wp\/v2\/users\/282"}],"replies":[{"embeddable":true,"href":"https:\/\/semmelweis.hu\/eok\/wp-json\/wp\/v2\/comments?post=3076"}],"version-history":[{"count":10,"href":"https:\/\/semmelweis.hu\/eok\/wp-json\/wp\/v2\/pages\/3076\/revisions"}],"predecessor-version":[{"id":8222,"href":"https:\/\/semmelweis.hu\/eok\/wp-json\/wp\/v2\/pages\/3076\/revisions\/8222"}],"up":[{"embeddable":true,"href":"https:\/\/semmelweis.hu\/eok\/wp-json\/wp\/v2\/pages\/48"}],"wp:attachment":[{"href":"https:\/\/semmelweis.hu\/eok\/wp-json\/wp\/v2\/media?parent=3076"}],"wp:term":[{"taxonomy":"category","embeddable":true,"href":"https:\/\/semmelweis.hu\/eok\/wp-json\/wp\/v2\/categories?post=3076"},{"taxonomy":"post_tag","embeddable":true,"href":"https:\/\/semmelweis.hu\/eok\/wp-json\/wp\/v2\/tags?post=3076"}],"curies":[{"name":"wp","href":"https:\/\/api.w.org\/{rel}","templated":true}]}}