{"id":264,"date":"2013-10-25T10:14:20","date_gmt":"2013-10-25T09:14:20","guid":{"rendered":"http:\/\/semmelweis-egyetem.hu\/eok\/?page_id=264"},"modified":"2021-09-13T13:22:11","modified_gmt":"2021-09-13T11:22:11","slug":"terkep","status":"publish","type":"page","link":"https:\/\/semmelweis.hu\/eok\/hu\/kapcsolat\/terkep\/","title":{"rendered":"T\u00e9rk\u00e9p \u00e9s megk\u00f6zel\u00edt\u00e9s"},"content":{"rendered":"<p>Az \u00e9p\u00fclet t\u00e9rk\u00e9pe: <a href=\"https:\/\/semmelweis.hu\/eok\/files\/2021\/09\/EOK_terkep_0-1_A4.pdf\" target=\"_blank\" rel=\"noopener noreferrer\">F\u00f6ldszint+1.emelet;<\/a>\u00a0<a href=\"https:\/\/semmelweis.hu\/eok\/files\/2021\/09\/EOK_terkep_A4.pdf\" target=\"_blank\" rel=\"noopener noreferrer\">F\u00f6ldszint + 1-4.emelet<\/a><\/p>\n<p style=\"text-align: justify\">Kerekes sz\u00e9kes hallgat\u00f3ink sz\u00e1m\u00e1ra az el\u0151ad\u00f3termek, szemin\u00e1riumi termek jobb megk\u00f6zel\u00edthet\u0151se miatt akad\u00e1lymentes\u00edtett l\u00e9pcs\u0151k \u00e1llnak rendelkez\u00e9sre. A mozg\u00e1skorl\u00e1tozott liftek m\u0171k\u00f6dtet\u00e9s\u00e9ben a recepci\u00f3s koll\u00e9g\u00e1k seg\u00edtenek, valamint a t\u0151l\u00fck elk\u00e9rhet\u0151 walkie-talkie-n kereszt\u00fcl az \u00e9p\u00fcletben tart\u00f3zkod\u00e1s idej\u00e9n seg\u00edts\u00e9g k\u00e9rhet\u0151. Az akad\u00e1lymentes mosd\u00f3hoz kulcs szint\u00e9n a recepci\u00f3s koll\u00e9g\u00e1kt\u00f3l ig\u00e9nyelhet\u0151.<\/p>\n<hr \/>\n\n<!-- iframe plugin v.4.9 wordpress.org\/plugins\/iframe\/ -->\n<iframe loading=\"lazy\" src=\"https:\/\/maps.google.hu\/maps?q=Semmelweis+Egyetem+-+Elm%C3%A9leti+Orvostudom%C3%A1nyi+K%C3%B6zpont&#038;hl=hu&#038;ie=UTF8&#038;cid=12091799629345936927&#038;gl=HU&#038;t=m&#038;ll=47.480712,19.078059&#038;spn=0.006295,0.006295&#038;output=embed\" width=\"100%\" height=\"350\" scrolling=\"yes\" class=\"iframe-class\" frameborder=\"0\"><\/iframe>\n\n","protected":false},"excerpt":{"rendered":"<p>Az \u00e9p\u00fclet t\u00e9rk\u00e9pe: <a href=\"https:\/\/semmelweis.hu\/eok\/files\/2021\/09\/EOK_terkep_0-1_A4.pdf\" target=\"_blank\" rel=\"noopener noreferrer\">F\u00f6ldszint+1.emelet;<\/a>\u00a0<a href=\"https:\/\/semmelweis.hu\/eok\/files\/2021\/09\/EOK_terkep_A4.pdf\" target=\"_blank\" rel=\"noopener noreferrer\">F\u00f6ldszint + 1-4.emelet<\/a><br \/>\nKerekes sz\u00e9kes hallgat\u00f3ink sz\u00e1m\u00e1ra az el\u0151ad\u00f3termek, szemin\u00e1riumi termek jobb megk\u00f6zel\u00edthet\u0151se miatt akad\u00e1lymentes\u00edtett l\u00e9pcs\u0151k \u00e1llnak rendelkez\u00e9sre. A mozg\u00e1skorl\u00e1tozott liftek m\u0171k\u00f6dtet\u00e9s\u00e9ben a recepci\u00f3s koll\u00e9g\u00e1k seg\u00edtenek, valamint a t\u0151l\u00fck elk\u00e9rhet\u0151 walkie-talkie-n kereszt\u00fcl az \u00e9p\u00fcletben tart\u00f3zkod\u00e1s idej\u00e9n seg\u00edts\u00e9g k\u00e9rhet\u0151. Az akad\u00e1lymentes mosd\u00f3hoz kulcs szint\u00e9n a recepci\u00f3s koll\u00e9g\u00e1kt\u00f3l ig\u00e9nyelhet\u0151.<\/p>\n","protected":false},"author":282,"featured_media":0,"parent":86,"menu_order":10,"comment_status":"closed","ping_status":"closed","template":"","meta":{"_acf_changed":false,"footnotes":""},"categories":[],"tags":[],"class_list":["post-264","page","type-page","status-publish","hentry"],"acf":[],"_links":{"self":[{"href":"https:\/\/semmelweis.hu\/eok\/wp-json\/wp\/v2\/pages\/264","targetHints":{"allow":["GET"]}}],"collection":[{"href":"https:\/\/semmelweis.hu\/eok\/wp-json\/wp\/v2\/pages"}],"about":[{"href":"https:\/\/semmelweis.hu\/eok\/wp-json\/wp\/v2\/types\/page"}],"author":[{"embeddable":true,"href":"https:\/\/semmelweis.hu\/eok\/wp-json\/wp\/v2\/users\/282"}],"replies":[{"embeddable":true,"href":"https:\/\/semmelweis.hu\/eok\/wp-json\/wp\/v2\/comments?post=264"}],"version-history":[{"count":11,"href":"https:\/\/semmelweis.hu\/eok\/wp-json\/wp\/v2\/pages\/264\/revisions"}],"predecessor-version":[{"id":7723,"href":"https:\/\/semmelweis.hu\/eok\/wp-json\/wp\/v2\/pages\/264\/revisions\/7723"}],"up":[{"embeddable":true,"href":"https:\/\/semmelweis.hu\/eok\/wp-json\/wp\/v2\/pages\/86"}],"wp:attachment":[{"href":"https:\/\/semmelweis.hu\/eok\/wp-json\/wp\/v2\/media?parent=264"}],"wp:term":[{"taxonomy":"category","embeddable":true,"href":"https:\/\/semmelweis.hu\/eok\/wp-json\/wp\/v2\/categories?post=264"},{"taxonomy":"post_tag","embeddable":true,"href":"https:\/\/semmelweis.hu\/eok\/wp-json\/wp\/v2\/tags?post=264"}],"curies":[{"name":"wp","href":"https:\/\/api.w.org\/{rel}","templated":true}]}}