{"id":178,"date":"2013-10-24T13:23:36","date_gmt":"2013-10-24T11:23:36","guid":{"rendered":"http:\/\/semmelweis-egyetem.hu\/eok\/?page_id=178"},"modified":"2025-04-09T12:21:08","modified_gmt":"2025-04-09T10:21:08","slug":"informaciok-oktatoknak","status":"publish","type":"page","link":"https:\/\/semmelweis.hu\/eok\/hu\/informaciok-oktatoknak\/","title":{"rendered":"Oktat\u00f3knak"},"content":{"rendered":"<p style=\"text-align: justify\"><strong>\u00d3rarend jelleg\u0171 teremig\u00e9nyekkel kapcsolatosan seg\u00edts\u00e9g k\u00e9rhet\u0151 <a href=\"https:\/\/semmelweis.hu\/telefonkonyv\/?emp_id=8407\" target=\"_blank\" rel=\"noopener noreferrer\">Kov\u00e1cs Di\u00e1n\u00e1t\u00f3l<\/a><\/strong><\/p>\n<p style=\"text-align: justify\"><strong>\u00d3rarenden k\u00edv\u00fcli illetve rendezv\u00e9ny jelleg\u0171 teremig\u00e9nyeket a Neptunon kereszt\u00fcl ig\u00e9nyelhetnek. Ezek az ig\u00e9nyek munkanapokon 24 \u00f3r\u00e1n bel\u00fcl ker\u00fclnek elb\u00edr\u00e1l\u00e1sra. Neptun hozz\u00e1f\u00e9r\u00e9s hi\u00e1ny\u00e1ban seg\u00edts\u00e9g k\u00e9rhet\u0151 <a href=\"https:\/\/semmelweis.hu\/telefonkonyv\/?emp_id=7709\" target=\"_blank\" rel=\"noopener noreferrer\">S\u00e1ndor Nat\u00e1li\u00e1t\u00f3l<\/a>.<br \/>\n<\/strong><\/p>\n<p style=\"text-align: justify\"><span style=\"color: #ff6600\"><strong>Figyelem! A termek illetve az \u00e9p\u00fclet egyes ter\u00fcleteinek foglalts\u00e1ga a szorgalmi-, vizsga-, oktat\u00e1si sz\u00fcnet valamint ny\u00e1ri id\u0151szakokban elt\u00e9r\u0151, ez\u00e9rt termet ezek f\u00fcggv\u00e9ny\u00e9ben tudunk biztos\u00edtani.<\/strong><\/span><\/p>\n<p style=\"text-align: justify\">A termekkel kapcsolatos m\u0171szaki, technikai inform\u00e1ci\u00f3k az <strong><span style=\"color: #ff6600\"><a href=\"https:\/\/semmelweis.hu\/eok\/hu\/munkatarsak\/\" target=\"_blank\" rel=\"noopener noreferrer\">EOK Informatikai Oszt\u00e1ly<\/a><\/span><\/strong> munkat\u00e1rsait\u00f3l k\u00e9rhet\u0151.<\/p>\n<p style=\"text-align: justify\">Technikai \u00fcgyelet el\u00e9rhet\u0151s\u00e9gei az el\u0151ad\u00f3- \u00e9s szemin\u00e1riumi termekhez:<br \/>\nH\u00e9tk\u00f6znapokon 7:30-14 \u00f3ra k\u00f6z\u00f6tt: <a href=\"https:\/\/semmelweis.hu\/telefonkonyv\/?emp_id=18093\" target=\"_blank\" rel=\"noopener noreferrer\"><strong>Mile Axel<\/strong><br \/>\n<\/a>H\u00e9tk\u00f6znapokon 14-21 \u00f3ra k\u00f6z\u00f6tt: <strong><a href=\"https:\/\/semmelweis.hu\/telefonkonyv\/?emp_id=17450\" target=\"_blank\" rel=\"noopener noreferrer\">T\u00e1losi G\u00e1bor<\/a><br \/>\n<\/strong>H\u00e9tv\u00e9gi \u00fcgyelet csak el\u0151re egyeztetve lehets\u00e9ges!<strong><br \/>\n<\/strong><\/p>\n<hr \/>\n<p style=\"text-align: justify\"><strong>Gyakran felmer\u00fcl\u0151 k\u00e9rd\u00e9sekre az al\u00e1bbi v\u00e1laszok seg\u00edthetnek! Le\u00edr\u00e1sunk az EOK \u00e9p\u00fcletben l\u00e9v\u0151 el\u0151ad\u00f3termekre illetve szemin\u00e1riumi termekre, az aul\u00e1ra illetve az els\u0151 emeleti karzatra vonatkozik. A termek r\u00e9szletes technikai felszerelts\u00e9g\u00e9r\u0151l az <a href=\"https:\/\/semmelweis.hu\/eok\/hu\/rendezveny\/eszkozpark\/\">Eszk\u00f6zpark<\/a> men\u00fcben olvashat.<\/strong><\/p>\n            <div class=\"qae-faqs-container qae-faqs-toggle-container\">\n\t\t\t\t\t\t\t<ul class=\"qe-faqs-filters-container\">\n\t\t\t\t<li class=\"active\"><a class=\"qe-faqs-filter all-faqs\" href=\"#\" data-filter=\"*\">All<\/a><\/li>\n\t\t\t\t<li><a class=\"qe-faqs-filter\" href=\"#oktatoi-kerdesek\" data-filter=\".oktatoi-kerdesek\">Oktat\u00f3i k\u00e9rd\u00e9sek<\/a><\/li>\t\t\t<\/ul>\n\t\t\t\t\t<div id=\"qaef-7823\" class=\"qe-faq-toggle oktatoi-kerdesek\">\n\t\t\t<div class=\"qe-toggle-title\">\n\t\t\t\t<h4>\n\t\t\t\t\t<i class=\"fa fa-minus-circle\"><\/i> Internet, wifi hogyan haszn\u00e1lhat\u00f3?\t\t\t\t<\/h4>\n\t\t\t<\/div>\n\t\t\t<div class=\"qe-toggle-content\">\n\t\t\t\t<p>Az el\u0151ad\u00f3termekben illetve szemin\u00e1riumi termekben a be\u00e9p\u00edtett sz\u00e1m\u00edt\u00f3g\u00e9peken nagy sebess\u00e9g\u0171 internet \u00e9rhet\u0151 el. \u00c9p\u00fclet\u00fcnkben a k\u00fcl\u00f6nb\u00f6z\u0151 csoportok sz\u00e1m\u00e1ra vezet\u00e9k n\u00e9lk\u00fcli internet (WIFI) is el\u00e9rhet\u0151.<\/p>\n<p><strong>Kik, melyik h\u00e1l\u00f3zatot haszn\u00e1lhatj\u00e1k?<\/strong><\/p>\n<p>Int\u00e9zeti dolgoz\u00f3k, oktat\u00f3k az int\u00e9zet\u00fck nev\u00e9t mutat\u00f3 Wifi h\u00e1l\u00f3zatot haszn\u00e1lhatj\u00e1k. A sz\u00fcks\u00e9ges felhaszn\u00e1l\u00f3nevet \u00e9s jelsz\u00f3t az int\u00e9zeti titk\u00e1rs\u00e1gn\u00e1l kell meg\u00e9rdekl\u0151dni.<\/p>\n<p>K\u00fcls\u0151 szem\u00e9lyek az &#8222;&#8221;EOKGuest&#8221; nev\u0171 h\u00e1l\u00f3zatot haszn\u00e1lhatj\u00e1k az &#8222;eokguest&#8221; jelsz\u00f3val.<\/p>\n<p><a href=\"https:\/\/eduroam.semmelweis.hu\" target=\"_blank\" rel=\"noopener\">Eduroam<\/a>-mal rendelkez\u0151 szem\u00e9lyek az &#8222;eduroam&#8221; nev\u0171 h\u00e1l\u00f3zatot is haszn\u00e1lhatj\u00e1k.<\/p>\n\t\t\t<\/div>\n\t\t<\/div>\n\t\t\t\t<div id=\"qaef-7816\" class=\"qe-faq-toggle av-informatikai-kerdesek oktatoi-kerdesek\">\n\t\t\t<div class=\"qe-toggle-title\">\n\t\t\t\t<h4>\n\t\t\t\t\t<i class=\"fa fa-minus-circle\"><\/i> Eszk\u00f6z\u00f6k k\u00f6z\u00fcl mik vannak a termekben?\t\t\t\t<\/h4>\n\t\t\t<\/div>\n\t\t\t<div class=\"qe-toggle-content\">\n\t\t\t\t<p style=\"text-align: justify\"><strong>Az el\u0151ad\u00f3termek illetve szemin\u00e1riumi termek konkr\u00e9t, r\u00e9szletes technikai eszk\u00f6zeir\u0151l az <a href=\"https:\/\/semmelweis.hu\/eok\/hu\/rendezveny\/eszkozpark\/\">Eszk\u00f6zpark<\/a> men\u00fcpontban t\u00e1j\u00e9koz\u00f3dhat.<\/strong><\/p>\n<p style=\"text-align: justify\">Az el\u0151ad\u00f3termekben fix r\u00f6gz\u00edt\u00e9s\u0171 sz\u00e9ksorok vannak. A szemin\u00e1riumi termekben tal\u00e1lhat\u00f3 b\u00fatorok (asztalok, sz\u00e9kek) mozgathat\u00f3ak.<\/p>\n<h5>Oktat\u00e1shoz kapcsol\u00f3d\u00f3 inform\u00e1ci\u00f3k:<\/h5>\n<p style=\"text-align: justify\">Termeinkben hagyom\u00e1nyos, kr\u00e9t\u00e1val haszn\u00e1lhat\u00f3 z\u00f6ldt\u00e1bl\u00e1k valamint t\u00e1blafilccel haszn\u00e1lhat\u00f3 feh\u00e9rt\u00e1bl\u00e1k is vannak. Ez al\u00f3l az 1-es \u00e9s 4-es szemin\u00e1riumi terem kiv\u00e9tel, ahol csak feh\u00e9r mobilt\u00e1bla haszn\u00e1lhat\u00f3. Kr\u00e9ta illetve filctoll a termekben tal\u00e1lhat\u00f3, azonban fokozottan k\u00e9rj\u00fck, hogy alkoholos (permanens) tollat ne haszn\u00e1ljanak.<br \/>\nA teremhaszn\u00e1lat v\u00e9g\u00e9n az \u00e1trendezett b\u00fatorokat az eredeti elrendez\u00e9s szerint helyezz\u00e9k vissza.<\/p>\n<h5>Rendezv\u00e9nyhez kapcsol\u00f3d\u00f3 inform\u00e1ci\u00f3k:<\/h5>\n<p>A fenti, oktat\u00e1shoz kapcsol\u00f3d\u00f3 inform\u00e1ci\u00f3kon fel\u00fcl, ha szeretn\u00e9k a b\u00fatorzatokat m\u00e1s elrendez\u00e9sben k\u00e9rni, akkor annak ig\u00e9ny\u00e9t az egyeztet\u00e9sek sor\u00e1n felt\u00e9tlen\u00fcl jelezz\u00e9k! K\u00e9rj\u00fck, hogy a helysz\u00edn j\u00f3v\u00e1hagy\u00e1s n\u00e9lk\u00fcl b\u00fatorokat a k\u00fcl\u00f6nb\u00f6z\u0151 helyis\u00e9gekb\u0151l ne hozz\u00e1k ki, ne vigy\u00e9k \u00e1t!\u00a0<\/p>\n\t\t\t<\/div>\n\t\t<\/div>\n\t\t\t\t<div id=\"qaef-7815\" class=\"qe-faq-toggle oktatoi-kerdesek\">\n\t\t\t<div class=\"qe-toggle-title\">\n\t\t\t\t<h4>\n\t\t\t\t\t<i class=\"fa fa-minus-circle\"><\/i> Interakt\u00edv projektor hogyan haszn\u00e1lhat\u00f3?\t\t\t\t<\/h4>\n\t\t\t<\/div>\n\t\t\t<div class=\"qe-toggle-content\">\n\t\t\t\t<p>El\u0151ad\u00f3termeinkben az &#8222;Easy Interactive Tools&#8221; szoftver seg\u00edts\u00e9g\u00e9vel lehet\u0151s\u00e9g van interakt\u00edv t\u00e1blak\u00e9nt haszn\u00e1lni a termekben l\u00e9v\u0151 feh\u00e9rt\u00e1bl\u00e1t. Az eszk\u00f6z bemutat\u00e1s\u00e1ban oktat\u00e1s\u00e1ban az EOK Informatikai csapata tud seg\u00edteni.<\/p>\n\t\t\t<\/div>\n\t\t<\/div>\n\t\t\t\t<div id=\"qaef-7744\" class=\"qe-faq-toggle oktatoi-kerdesek\">\n\t\t\t<div class=\"qe-toggle-title\">\n\t\t\t\t<h4>\n\t\t\t\t\t<i class=\"fa fa-minus-circle\"><\/i> Vet\u00edt\u00e9s hogyan haszn\u00e1lhat\u00f3 oktat\u00e1skor?\t\t\t\t<\/h4>\n\t\t\t<\/div>\n\t\t\t<div class=\"qe-toggle-content\">\n\t\t\t\t<p style=\"text-align: justify\"><span style=\"color: #ff6600\"><strong>K\u00e9rj\u00fck az oktat\u00f3kat, hogy az el\u0151ad\u00f3- \u00e9s szemin\u00e1riumi-termekben az el\u0151ad\u00f3i sz\u00e1m\u00edt\u00f3g\u00e9pre m\u00e1solt prezent\u00e1ci\u00f3s el\u0151ad\u00e1sanyagokat (ppt, pdf, stb. file) el\u0151ad\u00e1s ut\u00e1n t\u00f6r\u00f6lj\u00e9k le, azokat hosszabb ideig t\u00e1rolni a sz\u00e1m\u00edt\u00f3g\u00e9pen csak saj\u00e1t felel\u0151ss\u00e9gre szabad! A sz\u00e1m\u00edt\u00f3g\u00e9pen maradt el\u0151ad\u00e1s file-okat minden szemeszter v\u00e9g\u00e9n v\u00e9glegesen t\u00f6r\u00f6lj\u00fck! A sz\u00e1m\u00edt\u00f3g\u00e9pre m\u00e1solt file-ok\u00e9rt az EOK felel\u0151ss\u00e9get nem v\u00e1llal!<\/strong><\/span><\/p>\n<p style=\"text-align: justify\"><strong>Vet\u00edt\u00e9s az el\u0151ad\u00f3termekben: <\/strong>Az <a href=\"https:\/\/semmelweis.hu\/eok\/hu\/rendezveny\/eszkozpark\/\">el\u0151ad\u00f3termek<\/a>ben be\u00e9p\u00edtett asztali sz\u00e1m\u00edt\u00f3g\u00e9pek vannak, de term\u00e9szetesen van lehet\u0151s\u00e9g saj\u00e1t laptop be\u00fczemel\u00e9s\u00e9re is VGA (D-sub) vagy HDMI csatlakoz\u00e1s seg\u00edts\u00e9g\u00e9vel. Amennyiben laptopja m\u00e1s t\u00edpus\u00fa aljzattal rendelkezik, \u00fagy gondoskodjon a megfelel\u0151 adapterr\u0151l, ez f\u0151leg a hordozhat\u00f3 Machintos g\u00e9pekre vonatkozik.<\/p>\n<p style=\"text-align: justify\">Az el\u0151ad\u00f3termek k\u00f6zt lehet\u0151s\u00e9g van mind hang- mind k\u00e9pk\u00f6zvet\u00edt\u00e9sre <em>(a nagyobb termekb\u0151l a kisebb termek fel\u00e9 illetve az egyforma kapacit\u00e1s\u00fa el\u0151ad\u00f3termek k\u00f6z\u00f6tt \u2013 <a href=\"https:\/\/semmelweis.hu\/eok\/files\/2013\/10\/atvetites_EOK.jpg\">K\u00c9P<\/a>).<\/em> Ennek m\u0171k\u00f6dtet\u00e9s\u00e9t az EOK Informatika Oszt\u00e1ly\u00e1nak munkat\u00e1rsai kezelik, k\u00e9rd\u00e9s eset\u00e9n \u0151k tudnak felvil\u00e1gos\u00edt\u00e1st adni.<\/p>\n<p style=\"text-align: justify\"><strong>Vet\u00edt\u00e9s a szemin\u00e1riumi termekben:<\/strong> A <a href=\"https:\/\/semmelweis.hu\/eok\/hu\/rendezveny\/eszkozpark\/szeminariumi-termek\/\">szemin\u00e1riumi termek<\/a>ben be\u00e9p\u00edtett asztali sz\u00e1m\u00edt\u00f3g\u00e9pek (<a href=\"https:\/\/semmelweis.hu\/eok\/hu\/2018\/05\/23\/minden-egyben-korszeru-pc-kel-bovulnek-az-eok-termei\/\">\u00fan. All-In-One PC-k<\/a>) \u00e1llnak rendelkez\u00e9sre. A teremben tal\u00e1lhat\u00f3 projektorokhoz t\u00e1vir\u00e1ny\u00edt\u00f3 a recepci\u00f3n k\u00e9rhet\u0151, melyet haszn\u00e1lat ut\u00e1n a oda kell visszavinni. Fontos, hogy a nap utols\u00f3 el\u0151ad\u00f3ja a teremben l\u00e9v\u0151 oktat\u00e1stechnikai eszk\u00f6z\u00f6ket kapcsolja ki!<\/p>\n\t\t\t<\/div>\n\t\t<\/div>\n\t\t\t\t<div id=\"qaef-7750\" class=\"qe-faq-toggle av-informatikai-kerdesek oktatoi-kerdesek\">\n\t\t\t<div class=\"qe-toggle-title\">\n\t\t\t\t<h4>\n\t\t\t\t\t<i class=\"fa fa-minus-circle\"><\/i> Hangos\u00edt\u00e1s hogyan m\u0171k\u00f6dik?\t\t\t\t<\/h4>\n\t\t\t<\/div>\n\t\t\t<div class=\"qe-toggle-content\">\n\t\t\t\t<h5 style=\"text-align: justify\">Oktat\u00e1shoz kapcsol\u00f3d\u00f3 inform\u00e1ci\u00f3k:<\/h5>\n<p style=\"text-align: justify\">El\u0151ad\u00f3k sz\u00e1m\u00e1ra a f<span style=\"text-decoration: underline\">\u00f6ldszinti 3 nagy el\u0151ad\u00f3teremben<\/span> (<a href=\"https:\/\/semmelweis.hu\/eok\/hu\/rendezveny\/eszkozpark\/szent-gyorgyi-albert-terem\/\">Szent-Gy\u00f6rgyi<\/a>, <a href=\"https:\/\/semmelweis.hu\/eok\/hu\/rendezveny\/eszkozpark\/hevesy-gyorgy-terem\/\">Hevesy<\/a>, <a href=\"https:\/\/semmelweis.hu\/eok\/hu\/rendezveny\/eszkozpark\/bekesy-gyorgy-terem\/\">B\u00e9k\u00e9sy<\/a>) folyamatosan rendelkez\u00e9sre \u00e1ll 1 darab mikroport, illetve k\u00e9r\u00e9s eset\u00e9n tov\u00e1bbi 3 darab r\u00e1di\u00f3s k\u00e9zi mikrofon. Az <span style=\"text-decoration: underline\">els\u0151 emeleti el\u0151ad\u00f3termekben<\/span> (<a href=\"https:\/\/semmelweis.hu\/eok\/hu\/rendezveny\/eszkozpark\/beznak-aladar-terem\/\">Bezn\u00e1k<\/a>, <a href=\"https:\/\/semmelweis.hu\/eok\/hu\/rendezveny\/eszkozpark\/hari-pal-terem\/\">H\u00e1ri<\/a>) rendelkez\u00e9sre \u00e1ll 1-1 r\u00e1di\u00f3s mikroport, melyek a Zoom haszn\u00e1lat\u00e1hoz sz\u00fcks\u00e9gesek. Amennyiben itt nem haszn\u00e1lnak Zoom-ot, \u00fagy az el\u0151ad\u00f3k sz\u00e1m\u00e1ra nem sz\u00fcks\u00e9ges a mikrofon haszn\u00e1lata.<br \/>\nA <span style=\"text-decoration: underline\">szemin\u00e1riumi termekben<\/span> az el\u0151ad\u00f3k sz\u00e1m\u00e1ra nem sz\u00fcks\u00e9ges hangos\u00edt\u00e1s. A be\u00e9p\u00edtett sz\u00e1m\u00edt\u00f3g\u00e9pek illetve a hordozhat\u00f3 laptopok (HDMI csatlakoz\u00e1s eset\u00e9n) sz\u00e1m\u00e1ra kihangos\u00edt\u00e1st tudunk biztos\u00edtani.<\/p>\n<h5 style=\"text-align: justify\">Rendezv\u00e9nyhez kapcsol\u00f3d\u00f3 inform\u00e1ci\u00f3k:<\/h5>\n<p style=\"text-align: justify\">Az oktat\u00e1shoz kapcsol\u00f3d\u00f3 inform\u00e1ci\u00f3kon fel\u00fcl a rendezv\u00e9nyek alkalm\u00e1val tov\u00e1bbi vezet\u00e9kes illetve r\u00e1di\u00f3s mikrofon ig\u00e9nyelhet\u0151 korl\u00e1tozott mennyis\u00e9gben. Az aul\u00e1ban lehet\u0151s\u00e9g van kisebb volumen\u0171 rendezv\u00e9nyek eset\u00e9n besz\u00e9d hangos\u00edt\u00e1sra, kisebb zenekari hangos\u00edt\u00e1sra.<\/p>\n\t\t\t<\/div>\n\t\t<\/div>\n\t\t\t\t<div id=\"qaef-7890\" class=\"qe-faq-toggle av-informatikai-kerdesek oktatoi-kerdesek\">\n\t\t\t<div class=\"qe-toggle-title\">\n\t\t\t\t<h4>\n\t\t\t\t\t<i class=\"fa fa-minus-circle\"><\/i> El\u0151ad\u00e1sanyagot milyen form\u00e1ban \u00e9rdemes elk\u00e9sz\u00edteni?\t\t\t\t<\/h4>\n\t\t\t<\/div>\n\t\t\t<div class=\"qe-toggle-content\">\n\t\t\t\t<p style=\"text-align: justify\">El\u0151ad\u00e1sanyagot sokf\u00e9le form\u00e1ban lehet elk\u00e9sz\u00edteni, mi m\u00e9gis azt aj\u00e1nljuk, hogy&#8230;<\/p>\n<ul>\n<li>powerPoint-ban k\u00e9sz\u00fclt, ppt, pptx, pps vagy ppsx kiterjeszt\u00e9s\u0171 file-t k\u00e9sz\u00edtsenek<\/li>\n<li>a k\u00e9par\u00e1ny lehet\u0151leg 16:9 legyen, fekv\u0151 t\u00e1jol\u00e1s\u00fa<\/li>\n<\/ul>\n<h5>Rendezv\u00e9nyhez kapcsol\u00f3d\u00f3 inform\u00e1ci\u00f3k:<\/h5>\n<ul>\n<li style=\"text-align: justify\">file-ba be\u00e1gyazott vide\u00f3 eset\u00e9n k\u00e9rj\u00fck, ig\u00e9ny szerint jelezz\u00e9k ha n\u00e9m\u00edtani szeretn\u00e9k a vide\u00f3 hangj\u00e1t.<\/li>\n<li style=\"text-align: justify\">ha valamilyen hivatkoz\u00e1s van az el\u0151ad\u00e1sanyagban (ami felh\u0151ben t\u00e1rolt file-ra mutat), k\u00e9rj\u00fck annak hozz\u00e1f\u00e9rhet\u0151s\u00e9g\u00e9t biztos\u00edts\u00e1k.<\/li>\n<li>az el\u0151ad\u00e1sanyagot legk\u00e9s\u0151bb az el\u0151ad\u00e1s megkezd\u00e9se el\u0151tt 1 \u00f3r\u00e1val \u00e1t kell adni a technikusnak, vagy ha van \u00fan. diacentrum, akkor ott felt\u00f6ltetni, ellen\u0151riztetni. <em>(Ez az\u00e9rt sz\u00fcks\u00e9ges, hogy ellen\u0151rizni lehessen, nincs-e a gond a f\u00e1jllal, en\u00e9lk\u00fcl nem tudunk felel\u0151ss\u00e9get v\u00e1llalni az el\u0151ad\u00e1sanyag vet\u00edt\u00e9s\u00e9\u00e9rt)<\/em><\/li>\n<li>amennyiben m\u00e1s form\u00e1tum\u00fa el\u0151ad\u00e1sanyagot szeretn\u00e9nek vet\u00edteni, k\u00e9rj\u00fck az el\u0151ad\u00e1s megkezd\u00e9se el\u0151tt 1 \u00f3r\u00e1val jelezz\u00e9k.<\/li>\n<\/ul>\n<p>A k\u00f6z\u00f6ss\u00e9gi tereken l\u00e9v\u0151 <em>(aul\u00e1ban, karzaton)<\/em> digit\u00e1lis t\u00e1j\u00e9koztat\u00f3 kijelz\u0151k lehet\u0151s\u00e9geir\u0151l a &#8216;Digit\u00e1lis kijelz\u0151k\u00f6n hogyan lehet tartalmat megjelen\u00edteni?&#8217; k\u00e9rd\u00e9s alatt t\u00e1j\u00e9koz\u00f3dhatnak.<\/p>\n\t\t\t<\/div>\n\t\t<\/div>\n\t\t\t\t<div id=\"qaef-8554\" class=\"qe-faq-toggle av-informatikai-kerdesek oktatoi-kerdesek\">\n\t\t\t<div class=\"qe-toggle-title\">\n\t\t\t\t<h4>\n\t\t\t\t\t<i class=\"fa fa-minus-circle\"><\/i> Zoom haszn\u00e1lhat\u00f3 a termekben?\t\t\t\t<\/h4>\n\t\t\t<\/div>\n\t\t\t<div class=\"qe-toggle-content\">\n\t\t\t\t<p style=\"text-align: justify\">Az el\u0151ad\u00f3- \u00e9s szemin\u00e1riumi termeinkben van lehet\u0151s\u00e9g a be\u00e9p\u00edtett sz\u00e1m\u00edt\u00f3g\u00e9peken a <a href=\"https:\/\/semmelweis.hu\/oktatasmodszertan\/e-learning\/zoom-utmutato\/\" target=\"_blank\" rel=\"noopener\">Zoom<\/a> szoftver haszn\u00e1lat\u00e1ra. Az el\u0151ad\u00f3termekben a hang k\u00f6zvet\u00edt\u00e9s\u00e9hez dedik\u00e1lt mikrofon, a videojel k\u00f6zvet\u00edt\u00e9s\u00e9hez a be\u00e9p\u00edtett PC webkamer\u00e1ja haszn\u00e1lhat\u00f3. A szemin\u00e1riumi termekben nincs mikrofon, ott a sz\u00e1m\u00edt\u00f3g\u00e9phez k\u00f6zel tart\u00f3zkodva lehet a besz\u00e9d\u00e9rthet\u0151s\u00e9get biztos\u00edtani.<\/p>\n<p style=\"text-align: justify\">Oktat\u00f3k r\u00e9sz\u00e9re Zoom-os oktat\u00e1ssal kapcsolatos le\u00edr\u00e1sok illetve tudnival\u00f3k <a href=\"https:\/\/semmelweis.hu\/oktatasmodszertan\/e-learning\/zoom-utmutato\/\" target=\"_blank\" rel=\"noopener\">itt olvashat\u00f3ak<\/a>.<br \/>\nRendezv\u00e9nyek eset\u00e9ben <em>(konferenci\u00e1k, Phd-v\u00e9d\u00e9s, stb.)<\/em> a Zoom-haszn\u00e1lat lehet\u0151s\u00e9geir\u0151l az <a href=\"https:\/\/semmelweis.hu\/eok\/hu\/kapcsolat\/munkatarsak\/\" target=\"_blank\" rel=\"noopener\">EOK Informatikai Oszt\u00e1ly munkat\u00e1rsaival<\/a> sz\u00fcks\u00e9ges egyeztetni.<\/p>\n\t\t\t<\/div>\n\t\t<\/div>\n\t\t\t\t<div id=\"qaef-7763\" class=\"qe-faq-toggle av-informatikai-kerdesek oktatoi-kerdesek\">\n\t\t\t<div class=\"qe-toggle-title\">\n\t\t\t\t<h4>\n\t\t\t\t\t<i class=\"fa fa-minus-circle\"><\/i> Sz\u00fcnetjelz\u0151t hogyan lehet haszn\u00e1lni?\t\t\t\t<\/h4>\n\t\t\t<\/div>\n\t\t\t<div class=\"qe-toggle-content\">\n\t\t\t\t<p>A 3 f\u00f6ldszinti el\u0151ad\u00f3teremben ki\u00e9p\u00edt\u00e9sre ker\u00fclt \u00fan. sz\u00fcnetjelz\u0151. Ennek seg\u00edts\u00e9g\u00e9vel az el\u0151ad\u00e1sok\/rendezv\u00e9nyprogramok alatti sz\u00fcnetid\u0151t lehet az aul\u00e1ban kijelezni. A sz\u00fcnet v\u00e9g\u00e9n a kijelz\u0151 villog \u00e9s a t\u00e1bla hangjelz\u00e9st ad. <a href=\"https:\/\/semmelweis.hu\/eok\/files\/2022\/01\/Szunetjelzo.mp4\" target=\"new\" rel=\"noopener\">Bemutat\u00f3vide\u00f3 a sz\u00fcnetjelz\u0151r\u0151l<\/a>.<\/p>\n\t\t\t<\/div>\n\t\t<\/div>\n\t\t\t\t<div id=\"qaef-7764\" class=\"qe-faq-toggle av-informatikai-kerdesek oktatoi-kerdesek\">\n\t\t\t<div class=\"qe-toggle-title\">\n\t\t\t\t<h4>\n\t\t\t\t\t<i class=\"fa fa-minus-circle\"><\/i> Vet\u00edt\u00e9st,hangos\u00edt\u00e1st valamint a vil\u00e1g\u00edt\u00e1st hogyan lehet kezelni?\t\t\t\t<\/h4>\n\t\t\t<\/div>\n\t\t\t<div class=\"qe-toggle-content\">\n\t\t\t\t<p>Az el\u0151ad\u00f3termekben lehet\u0151s\u00e9g van az el\u0151ad\u00f3i pulpitusr\u00f3l a teremben l\u00e9v\u0151 vet\u00edt\u00e9st, hangos\u00edt\u00e1st valamint a vil\u00e1g\u00edt\u00e1st vez\u00e9relni. Ezt az oktat\u00f3k is k\u00f6nnyed\u00e9n megtanulhatj\u00e9k kezelni. <a href=\"https:\/\/semmelweis.hu\/eok\/files\/2016\/02\/crestron.jpg\">K\u00c9P<\/a><\/p>\n<p>A teremvez\u00e9rl\u00e9seket <strong>rendezv\u00e9nyek<\/strong> alkalm\u00e1val az Informatikai Oszt\u00e1ly munkat\u00e1rsai kezelik, nem sz\u00fcks\u00e9ges a r\u00e9sztvev\u0151knek megtanulni annak kezel\u00e9s\u00e9t!<\/p>\n\t\t\t<\/div>\n\t\t<\/div>\n\t\t\t\t<div id=\"qaef-7758\" class=\"qe-faq-toggle oktatoi-kerdesek rendezvenyes-kerdesek\">\n\t\t\t<div class=\"qe-toggle-title\">\n\t\t\t\t<h4>\n\t\t\t\t\t<i class=\"fa fa-minus-circle\"><\/i> PhD v\u00e9d\u00e9st szeretne tartani?\t\t\t\t<\/h4>\n\t\t\t<\/div>\n\t\t\t<div class=\"qe-toggle-content\">\n\t\t\t\t<p>PhD v\u00e9d\u00e9sekhez els\u0151sorban a H\u00e1ri \u00e9s Bezn\u00e1k termeket aj\u00e1nljuk. Ezekhez a termekhez kapcsol\u00f3d\u00f3 bels\u0151 terasz kiv\u00e1l\u00f3 helysz\u00edne lehet a v\u00e9d\u00e9st k\u00f6vet\u0151 vend\u00e9gl\u00e1t\u00e1snak. Amennyiben m\u00e1s el\u0151ad\u00f3 termet venne ig\u00e9nybe, \u00fagy vend\u00e9gl\u00e1t\u00e1s helysz\u00ednek\u00e9nt az aul\u00e1t lehet ig\u00e9nybe venni. Bizotts\u00e1gok r\u00e9sz\u00e9re k\u00fcl\u00f6n kistermet biztos\u00edtani nem tudunk.<\/p>\n\t\t\t<\/div>\n\t\t<\/div>\n\t\t            <\/div>\n\t\t\n","protected":false},"excerpt":{"rendered":"<p>PhD v\u00e9d\u00e9sekhez els\u0151sorban a H\u00e1ri \u00e9s Bezn\u00e1k termeket aj\u00e1nljuk. Ezekhez a termekhez kapcsol\u00f3d\u00f3 bels\u0151 terasz kiv\u00e1l\u00f3 helysz\u00edne lehet a v\u00e9d\u00e9st k\u00f6vet\u0151 vend\u00e9gl\u00e1t\u00e1snak. Amennyiben m\u00e1s el\u0151ad\u00f3 termet venne ig\u00e9nybe, \u00fagy vend\u00e9gl\u00e1t\u00e1s helysz\u00ednek\u00e9nt az aul\u00e1t lehet ig\u00e9nybe venni. Bizotts\u00e1gok r\u00e9sz\u00e9re k\u00fcl\u00f6n kistermet biztos\u00edtani nem tudunk.<\/p>\n","protected":false},"author":282,"featured_media":0,"parent":0,"menu_order":3,"comment_status":"closed","ping_status":"closed","template":"","meta":{"_acf_changed":false,"footnotes":""},"categories":[],"tags":[],"class_list":["post-178","page","type-page","status-publish","hentry"],"acf":[],"_links":{"self":[{"href":"https:\/\/semmelweis.hu\/eok\/wp-json\/wp\/v2\/pages\/178","targetHints":{"allow":["GET"]}}],"collection":[{"href":"https:\/\/semmelweis.hu\/eok\/wp-json\/wp\/v2\/pages"}],"about":[{"href":"https:\/\/semmelweis.hu\/eok\/wp-json\/wp\/v2\/types\/page"}],"author":[{"embeddable":true,"href":"https:\/\/semmelweis.hu\/eok\/wp-json\/wp\/v2\/users\/282"}],"replies":[{"embeddable":true,"href":"https:\/\/semmelweis.hu\/eok\/wp-json\/wp\/v2\/comments?post=178"}],"version-history":[{"count":10,"href":"https:\/\/semmelweis.hu\/eok\/wp-json\/wp\/v2\/pages\/178\/revisions"}],"predecessor-version":[{"id":8703,"href":"https:\/\/semmelweis.hu\/eok\/wp-json\/wp\/v2\/pages\/178\/revisions\/8703"}],"wp:attachment":[{"href":"https:\/\/semmelweis.hu\/eok\/wp-json\/wp\/v2\/media?parent=178"}],"wp:term":[{"taxonomy":"category","embeddable":true,"href":"https:\/\/semmelweis.hu\/eok\/wp-json\/wp\/v2\/categories?post=178"},{"taxonomy":"post_tag","embeddable":true,"href":"https:\/\/semmelweis.hu\/eok\/wp-json\/wp\/v2\/tags?post=178"}],"curies":[{"name":"wp","href":"https:\/\/api.w.org\/{rel}","templated":true}]}}