{"id":1271,"date":"2015-04-28T10:52:58","date_gmt":"2015-04-28T08:52:58","guid":{"rendered":"http:\/\/semmelweis.hu\/eok\/?page_id=1271"},"modified":"2019-09-16T15:45:47","modified_gmt":"2019-09-16T13:45:47","slug":"szolgaltatasok","status":"publish","type":"page","link":"https:\/\/semmelweis.hu\/eok\/hu\/az-eok-hoz-tartozo-szervezeti-egysegek\/allathaz\/szolgaltatasok\/","title":{"rendered":"Szolg\u00e1ltat\u00e1sok"},"content":{"rendered":"<p style=\"text-align: left\"><div class=\"responsive-tabs\">\n<h2 class=\"tabtitle\">Gamma besug\u00e1rz\u00f3<\/h2>\n<div class=\"tabcontent\">\nA SE EOK transzgenikus \u00e1llath\u00e1z SPF ter\u00e9ben egy GSR D1 (Gamma-service medical GmBH gy\u00e1rtm\u00e1ny\u00fa) kis\u00e1llat eg\u00e9sztest besug\u00e1rz\u00f3 k\u00e9sz\u00fcl\u00e9k van.<\/p>\n<p>Sug\u00e1rforr\u00e1s: Caesium \u2013 137 (137Cs)<\/p>\n<p>A k\u00e9sz\u00fcl\u00e9ket a hat\u00e1lyos jogszab\u00e1lyok szerint telep\u00edtett\u00e9k \u00e9s az \u00c1llath\u00e1z a m\u0171k\u00f6d\u00e9s\u00e9hez minden hat\u00f3s\u00e1gi enged\u00e9llyel rendelkezik.<\/p>\n<p>A k\u00e9sz\u00fcl\u00e9k k\u00fcls\u0151 felhaszn\u00e1l\u00f3 sz\u00e1m\u00e1ra el\u00e9rhet\u0151, a k\u00f6vetkez\u0151 szab\u00e1lyok betart\u00e1s\u00e1val.<\/p>\n<ul>\n<li style=\"text-align: justify\">A besug\u00e1rz\u00f3 laborat\u00f3riumot az SPF t\u00e9ren bel\u00fcl l\u00e9tes\u00edtett\u00e9k, a barrier szab\u00e1lyok betart\u00e1sa k\u00f6telez\u0151.<\/li>\n<li style=\"text-align: justify\">A besug\u00e1rz\u00e1st csak a Transzgenikus \u00c1llath\u00e1z b\u0151v\u00edtett sug\u00e1rv\u00e9delmi tanfolyami v\u00e9gzetts\u00e9ggel rendelkez\u0151, kioktatott dogoz\u00f3ja v\u00e9gezheti.<\/li>\n<li style=\"text-align: justify\">A besug\u00e1rz\u00e1st csak az EOK \u00e1llath\u00e1z SPF t\u00e9rb\u0151l sz\u00e1rmaz\u00f3 \u00e1llatokon v\u00e9gezz\u00fck el. K\u00fcls\u0151 \u00e1llath\u00e1zb\u00f3l sz\u00e1rmaz\u00f3 \u00e1llatokat nem \u00e1ll m\u00f3dunkban fogadni.<\/li>\n<li style=\"text-align: justify\">A besug\u00e1rzand\u00f3 \u00e1llatokat az \u00e1llath\u00e1zi menedzsment beszerzi. Ennek az \u00e1raj\u00e1nlatban szerepl\u0151 \u00e1r\u00e1t el\u0151re k\u00e9rj\u00fck rendezni.<\/li>\n<li style=\"text-align: justify\">A besug\u00e1rz\u00e1s d\u00edjk\u00f6teles. A felmer\u00fcl\u0151 k\u00f6lts\u00e9gekkel kapcsolatban keress\u00e9k az \u00e1llath\u00e1z vezet\u0151j\u00e9t.<\/li>\n<\/ul>\n<p>\n<\/div><h2 class=\"tabtitle\">\u00c1llatteny\u00e9szt\u00e9si szolg\u00e1ltat\u00e1sok<\/h2>\n<div class=\"tabcontent\">\nAz \u00e1llath\u00e1z \u00e1llatteny\u00e9szt\u00e9si jelleg\u0171 (\u00e1llattart\u00e1s) szolg\u00e1ltat\u00e1st csak az EOK \u00e9p\u00fclet\u00e9ben sz\u00e9kel\u0151 Int\u00e9zetek (\u00c9lettani Int\u00e9zet, Klinikai K\u00eds\u00e9rleti Kutat\u00f3- \u00e9s Hum\u00e1n \u00c9lettani Int\u00e9zet, Orvosi Biok\u00e9miai Int\u00e9zet, Biofizikai \u00e9s Sug\u00e1rbiol\u00f3giai Int\u00e9zet \u00e9s Orvosi Vegytani, Molekul\u00e1ris Biol\u00f3giai \u00e9s Patobiok\u00e9miai Int\u00e9zet) r\u00e9sz\u00e9re illetve a vel\u00fck val\u00f3 kooper\u00e1ci\u00f3 keretein bel\u00fcl ny\u00fajt.<\/p>\n<p>Az \u00e1llath\u00e1z ezen szolg\u00e1ltat\u00e1sa k\u00fcls\u0151 felhaszn\u00e1l\u00f3k r\u00e9sz\u00e9re nem el\u00e9rhet\u0151.<\/p>\n<\/div><\/div>\n","protected":false},"excerpt":{"rendered":"<p>A SE EOK transzgenikus \u00e1llath\u00e1z SPF ter\u00e9ben egy GSR D1 (Gamma-service medical GmBH gy\u00e1rtm\u00e1ny\u00fa) kis\u00e1llat eg\u00e9sztest besug\u00e1rz\u00f3 k\u00e9sz\u00fcl\u00e9k van. Sug\u00e1rforr\u00e1s: Caesium \u2013 137 (137Cs) A k\u00e9sz\u00fcl\u00e9ket a hat\u00e1lyos jogszab\u00e1lyok szerint telep\u00edtett\u00e9k \u00e9s az \u00c1llath\u00e1z a m\u0171k\u00f6d\u00e9s\u00e9hez minden hat\u00f3s\u00e1gi enged\u00e9llyel rendelkezik. A k\u00e9sz\u00fcl\u00e9k k\u00fcls\u0151 felhaszn\u00e1l\u00f3 sz\u00e1m\u00e1ra el\u00e9rhet\u0151, a k\u00f6vetkez\u0151 szab\u00e1lyok betart\u00e1s\u00e1val. A besug\u00e1rz\u00f3 laborat\u00f3riumot az SPF &hellip;<\/p>\n","protected":false},"author":101011,"featured_media":0,"parent":1232,"menu_order":2,"comment_status":"closed","ping_status":"closed","template":"","meta":{"_acf_changed":false,"footnotes":""},"categories":[],"tags":[],"class_list":["post-1271","page","type-page","status-publish","hentry"],"acf":[],"_links":{"self":[{"href":"https:\/\/semmelweis.hu\/eok\/wp-json\/wp\/v2\/pages\/1271","targetHints":{"allow":["GET"]}}],"collection":[{"href":"https:\/\/semmelweis.hu\/eok\/wp-json\/wp\/v2\/pages"}],"about":[{"href":"https:\/\/semmelweis.hu\/eok\/wp-json\/wp\/v2\/types\/page"}],"author":[{"embeddable":true,"href":"https:\/\/semmelweis.hu\/eok\/wp-json\/wp\/v2\/users\/101011"}],"replies":[{"embeddable":true,"href":"https:\/\/semmelweis.hu\/eok\/wp-json\/wp\/v2\/comments?post=1271"}],"version-history":[{"count":5,"href":"https:\/\/semmelweis.hu\/eok\/wp-json\/wp\/v2\/pages\/1271\/revisions"}],"predecessor-version":[{"id":6526,"href":"https:\/\/semmelweis.hu\/eok\/wp-json\/wp\/v2\/pages\/1271\/revisions\/6526"}],"up":[{"embeddable":true,"href":"https:\/\/semmelweis.hu\/eok\/wp-json\/wp\/v2\/pages\/1232"}],"wp:attachment":[{"href":"https:\/\/semmelweis.hu\/eok\/wp-json\/wp\/v2\/media?parent=1271"}],"wp:term":[{"taxonomy":"category","embeddable":true,"href":"https:\/\/semmelweis.hu\/eok\/wp-json\/wp\/v2\/categories?post=1271"},{"taxonomy":"post_tag","embeddable":true,"href":"https:\/\/semmelweis.hu\/eok\/wp-json\/wp\/v2\/tags?post=1271"}],"curies":[{"name":"wp","href":"https:\/\/api.w.org\/{rel}","templated":true}]}}