{"id":1232,"date":"2015-02-03T10:41:22","date_gmt":"2015-02-03T09:41:22","guid":{"rendered":"http:\/\/semmelweis.hu\/eok\/?page_id=1232"},"modified":"2023-09-11T12:13:35","modified_gmt":"2023-09-11T10:13:35","slug":"allathaz","status":"publish","type":"page","link":"https:\/\/semmelweis.hu\/eok\/hu\/az-eok-hoz-tartozo-szervezeti-egysegek\/allathaz\/","title":{"rendered":"\u00c1llath\u00e1z"},"content":{"rendered":"<p style=\"text-align: justify\">Az \u00e1llath\u00e1z k\u00e9t fizikailag, funkcion\u00e1lisan \u00e9s munkak\u00f6rileg teljesen elk\u00fcl\u00f6n\u00fcl\u0151, konvencion\u00e1lis \u00e9s SPF r\u00e9szb\u0151l \u00e1ll. A konvencion\u00e1lis r\u00e9szben \u00e1tlagos higi\u00e9n\u00e9s k\u00f6r\u00fclm\u00e9nyek k\u00f6z\u00f6tt k\u00fcl\u00f6nb\u00f6z\u0151 faj\u00fa \u00e1llatokat, m\u00edg az SPF r\u00e9szben magas higi\u00e9n\u00e9s st\u00e1tusz\u00fa transzg\u00e9nikus egereket teny\u00e9szt\u00fcnk \u00e9s tartunk.<\/p>\n<p style=\"text-align: justify\">Szervezetileg az \u00e1llath\u00e1z az SE Elm\u00e9leti Orvostudom\u00e1nyi K\u00f6zpont (EOK) k\u00fcl\u00f6n\u00e1ll\u00f3 egys\u00e9ge.<\/p>\n<p style=\"text-align: justify\">A konvencion\u00e1lis t\u00e9rben 3, \u00e9s a transzg\u00e9nikus t\u00e9rben 4 f\u0151 magasan k\u00e9pzett szakember dolgozik. A k\u00e9t higi\u00e9niai szint szem\u00e9lyzete teljesen elk\u00fcl\u00f6n\u00fcl, m\u00e9g helyettes\u00edt\u00e9s c\u00e9lj\u00e1b\u00f3l sem vehetik \u00e1t egym\u00e1s feladat\u00e1t \u00e9s a m\u00e1sik \u00e1llath\u00e1zba semmilyen k\u00f6r\u00fclm\u00e9nyek k\u00f6z\u00f6tt nem l\u00e9phetnek be. Feladatuk a szigor\u00faan vett \u00e1llatgondoz\u00e1son t\u00fal (hotel szolg\u00e1ltat\u00e1s) a kol\u00f3ni\u00e1k szapor\u00edt\u00e1s\u00e1val kapcsolatos tev\u00e9kenys\u00e9g: teny\u00e9szet \u00f6sszerak\u00e1sa, ut\u00f3dok v\u00e1laszt\u00e1sa, ivar-meghat\u00e1roz\u00e1sa \u00fajsz\u00fcl\u00f6tt korban, egyedi azonos\u00edt\u00e1s \u00e9s genotipiz\u00e1l\u00e1shoz farokbiopszia v\u00e9tele.<\/p>\n<p style=\"text-align: justify\">Az \u00e1llath\u00e1z rendelkezik egy webes fel\u00fclet\u0171 \u00e1llatnyilv\u00e1ntart\u00f3 programmal, melybe az adatok r\u00f6gz\u00edt\u00e9s\u00e9t is \u0151k v\u00e9gzik.<\/p>\n<p style=\"text-align: justify\">Az \u00e1llath\u00e1z k\u00e9t r\u00e9sze fizikailag teljesen elk\u00fcl\u00f6n\u00fcl, azokat a k\u00fcls\u0151 t\u00e9rb\u0151l k\u00fcl\u00f6n bej\u00e1ratokon lehet megk\u00f6zel\u00edteni, az \u00e1rusz\u00e1ll\u00edt\u00e1s is k\u00fcl\u00f6n \u00fatvonalakon t\u00f6rt\u00e9nik.<\/p>\n<p style=\"text-align: justify\">A l\u00e9gkezel\u00e9s az EOK \u00e9p\u00fclet\u00e9t\u0151l elk\u00fcl\u00f6n\u00edtett rendszer. A k\u00e9t higi\u00e9niai szint szell\u0151ztet\u00e9se is l\u00e9nyeg\u00e9ben elk\u00fcl\u00f6n\u00fcl egym\u00e1st\u00f3l. A szell\u0151z\u0151 g\u00e9pekb\u0151l G4-es durva sz\u0171r\u0151n \u00e1t \u00e1ramlik a leveg\u0151, az SPF t\u00e9rben ezt a szobai anemoszt\u00e1tokra rakott HEPA sz\u0171r\u0151vel tov\u00e1bb sz\u0171rj\u00fck. A konvencion\u00e1lis t\u00e9rben finom sz\u0171r\u00e9s nincs.<\/p>\n<p style=\"text-align: justify\">Az \u00e9p\u00fcletfel\u00fcgyeleti rendszer mindk\u00e9t higi\u00e9niai szinten 12x-es \u00f3r\u00e1nk\u00e9nti l\u00e9gcser\u00e9t biztos\u00edt, a leveg\u0151 h\u0151m\u00e9rs\u00e9klete 19-22 fokra, p\u00e1ratartalma kb. 50%-ra be\u00e1ll\u00edtott.<\/p>\n<p style=\"text-align: justify\">A megvil\u00e1g\u00edt\u00e1s 12\/12 \u00f3r\u00e1s id\u0151tartam\u00fa.<\/p>\n<p style=\"text-align: justify\">A k\u00f6rnyezet \u00e9s a szob\u00e1k elt\u00e9r\u0151 l\u00e9gnyom\u00e1s\u00e1val a k\u00f3rokoz\u00f3k bejut\u00e1s\u00e1t g\u00e1toljuk meg:<\/p>\n<p style=\"text-align: justify\">&#8211; a tiszta t\u00e9rben a leveg\u0151 a szob\u00e1kb\u00f3l kifel\u00e9 \u00e1ramlik. A szob\u00e1kb\u00f3l kiindulva 5-10 pascal t\u00falnyom\u00e1sos \u00e9rt\u00e9keket mutatnak, a folyos\u00f3 majd ugyanennyi a k\u00fclvil\u00e1g ir\u00e1ny\u00e1ba.<\/p>\n<p style=\"text-align: justify\">&#8211; A konvencion\u00e1lis t\u00e9rben a l\u00e9g\u00e1raml\u00e1s ennek pont az ellenkez\u0151je: a k\u00f3rokoz\u00f3k ki\u00e1raml\u00e1s\u00e1t megakad\u00e1lyozand\u00f3 a szob\u00e1kban negat\u00edv nyom\u00e1s van a folyos\u00f3hoz \u00e9s a k\u00fclt\u00e9rihez k\u00e9pest.<\/p>\n<p style=\"text-align: justify\"><div class=\"responsive-tabs\">\n<h2 class=\"tabtitle\">NAGYTISZTAS\u00c1G\u00da (SPF) R\u00c9SZ<\/h2>\n<div class=\"tabcontent\">\nAz SPF t\u00e9rben k\u00fcl\u00f6n\u00f6s elv\u00e1r\u00e1s, hogy itt az egerek tart\u00e1sa \u00e9s teny\u00e9szt\u00e9se kiemelt higi\u00e9n\u00e9s k\u00f6r\u00fclm\u00e9nyek k\u00f6zt val\u00f3suljon meg. Erre t\u00f6bb okb\u00f3l is sz\u00fcks\u00e9g van:<\/p>\n<ol>\n<li style=\"text-align: justify\">Ezen a r\u00e9szen nemcsak az \u00e1llatok tart\u00e1sa, hanem azok hossz\u00fat\u00e1v\u00fa (sok gener\u00e1ci\u00f3n kereszt\u00fcli) teny\u00e9szt\u00e9se is zajlik. A teny\u00e9szt\u0151 \u00e1llath\u00e1zakkal szemben elv\u00e1rt higi\u00e9n\u00e9s k\u00f6vetelm\u00e9nyek l\u00e9nyegesen magasabbak, mint a kiz\u00e1r\u00f3lag \u00e1llattart\u00e1st v\u00e9gz\u0151 \u00e1llath\u00e1zakkal szemben.<\/li>\n<li style=\"text-align: justify\">Az SPF r\u00e9szben teny\u00e9sztett speci\u00e1lis t\u00f6rzsek jelent\u0151s r\u00e9sze betegs\u00e9g, fert\u0151z\u00e9s vagy egy\u00e9b okb\u00f3l t\u00f6rt\u00e9n\u0151 megsemmis\u00fcl\u00e9s eset\u00e9n nem vagy nagyon nehezen p\u00f3tolhat\u00f3 (ellent\u00e9tben pl. a kereskedelmi forgalomban kaphat\u00f3 t\u00f6rzsekkel).<\/li>\n<li style=\"text-align: justify\">Az SPF r\u00e9szben elhelyezett speci\u00e1lis, genetikailag m\u00f3dos\u00edtott eg\u00e9rt\u00f6rzsek beszerz\u00e9se \u00e9s az egyes kol\u00f3ni\u00e1k megalap\u00edt\u00e1sa \u00e1ltal\u00e1ban milli\u00f3s nagys\u00e1grend\u0171 k\u00f6lts\u00e9get jelent. Feltehet\u0151leg lesznek olyan eg\u00e9rt\u00f6rzsek is, melyek a Semmelweis Egyetem kutat\u00f3i tervez\u00e9s\u00e9ben, genetikai m\u00f3dos\u00edt\u00e1st szolg\u00e1ltat\u00e1sszer\u0171en v\u00e9gz\u0151 laborat\u00f3riumokban k\u00e9sz\u00fcltek, \u00edgy \u00e9rt\u00e9k\u00fcket a l\u00e9trehozataluk k\u00f6lts\u00e9ge (az alkalmazott technol\u00f3gi\u00e1t\u00f3l (transzg\u00e9n, knockout, knock-in) f\u00fcgg\u0151en 2-20 milli\u00f3 Ft) hat\u00e1rozza meg. Az egyes t\u00f6rzsek elveszt\u00e9se ezen k\u00edv\u00fcl jelent\u0151s id\u0151beli lemarad\u00e1st eredm\u00e9nyez a nemzetk\u00f6zi tudom\u00e1nyos versenyben. \u00d6sszess\u00e9g\u00e9ben teh\u00e1t az SPF r\u00e9szben tartand\u00f3 egerek \u00f6sszes piaci \u00e9rt\u00e9ke sz\u00e1zmilli\u00f3 Ft-os nagys\u00e1grendben, eszmei \u00e9rt\u00e9ke enn\u00e9l m\u00e9g magasabban v\u00e1rhat\u00f3. Ilyen \u00e9rt\u00e9kes kol\u00f3ni\u00e1k kiemelt higi\u00e9n\u00e9s v\u00e9delmet \u00e9rdemelnek.<\/li>\n<li style=\"text-align: justify\">Az SPF r\u00e9szben sz\u00e1mos legyeng\u00edtett immunrendszer\u0171 eg\u00e9rt\u00f6rzs van elhelyezve. Ezek fokozottan \u00e9rz\u00e9kenyek a fert\u0151z\u00e9sekre.<\/li>\n<li style=\"text-align: justify\">Az \u00e1llatok esetleges fert\u0151z\u0151d\u00e9se befoly\u00e1solhatja az adott k\u00eds\u00e9rlet kimenetel\u00e9t. Erre klasszikus p\u00e9lda az immunrendszer vizsg\u00e1lata, de egy\u00e9b vizsg\u00e1latok eset\u00e9n is jelent\u0151s befoly\u00e1sol\u00f3 t\u00e9nyez\u0151 lehet az \u00e1llat fert\u0151z\u00f6tts\u00e9ge.<\/li>\n<li style=\"text-align: justify\">Komoly tudom\u00e1nyos foly\u00f3iratok ma m\u00e1r elv\u00e1rj\u00e1k a felhaszn\u00e1lt transzg\u00e9nikus egereket kiemelt (pl. SPF) k\u00f6r\u00fclm\u00e9nyek k\u00f6z\u00f6tti tart\u00e1s\u00e1t. Ez az ig\u00e9ny a j\u00f6v\u0151ben val\u00f3sz\u00edn\u0171leg egyre sz\u00e9lesebb k\u00f6rre terjed ki.<\/li>\n<li style=\"text-align: justify\">Az Eur\u00f3pai Uni\u00f3 egyre szigor\u00fabb szab\u00e1lyokat \u00e1llap\u00edt meg a k\u00eds\u00e9rleti \u00e1llatok tart\u00e1s\u00e1val kapcsolatban. Ezeknek a felt\u00e9teleknek csak nagytisztas\u00e1g\u00fa \u00e1llath\u00e1z tud megfelelni.<\/li>\n<\/ol>\n<p style=\"text-align: justify\">Az SPF szint magas<em> \u00e1llateg\u00e9szs\u00e9g\u00fcgyi higi\u00e9niai besorol\u00e1s\u00e1t<\/em> szigor\u00fa szab\u00e1lyokkal tartjuk fent (ld. a megfelel\u0151 fejezetben).<\/p>\n<p style=\"text-align: justify\">Az SPF t\u00e9r kiemelt tisztas\u00e1g\u00e1t t\u00f6bb m\u00f3don biztos\u00edtjuk:<\/p>\n<p style=\"text-align: justify\">A piszkos \u00e9s tiszta t\u00e9r k\u00f6z\u00f6tt barrier s\u00e1v van, ezeken val\u00f3 \u00e1thalad\u00e1s szem\u00e9lyi, t\u00e1rgyi \u00e9s \u00e1llatforgalomra kidolgozott szab\u00e1lyokhoz k\u00f6t\u00f6tt.<\/p>\n<p style=\"text-align: justify\">\n<\/div><h2 class=\"tabtitle\">A szem\u00e9lyek be- \u00e9s kil\u00e9p\u00e9se<\/h2>\n<div class=\"tabcontent\">\nA szem\u00e9lyzet egyedi azonos\u00edt\u00e1s \u00e9s enged\u00e9lyez\u00e9s ut\u00e1n l\u00e9phet be az SPF \u00e1llath\u00e1z f\u0151bej\u00e1rat\u00e1n.<\/p>\n<p style=\"text-align: justify\">A bel\u00e9p\u00e9s ut\u00e1n a szem\u00e9lyzet bel\u00e9p a f\u00e9rfi\/n\u0151i zsiliprendszerbe. Az els\u0151 (fekete) \u00f6lt\u00f6z\u0151ben utcai ruh\u00e1r\u00f3l meztelenre vetk\u0151zik, majd egy \u00e1tmen\u0151 zuhanyban k\u00f6telez\u0151en lezuhanyozik, majd a feh\u00e9r \u00f6lt\u00f6z\u0151ben \u00e1llath\u00e1zi ruh\u00e1t \u00e9s cip\u0151t vesz fel. A kil\u00e9p\u00e9s ugyanazon a zsiliprendszeren kereszt\u00fcl t\u00f6rt\u00e9nik, de visszafel\u00e9 nem a zuhanyokon, hanem azokkal p\u00e1rhuzamos kifel\u00e9 zsilipel\u0151 ajt\u00f3kon kell \u00e1thaladni.<\/p>\n<p style=\"text-align: justify\">A benti ruh\u00e1t a tiszta t\u00e9rben mossuk. A z\u00e1rhat\u00f3 ujj\u00fa k\u00e1mzs\u00e1s overall t\u00f6bbsz\u00f6r is haszn\u00e1lhat\u00f3 ugyanazon szem\u00e9ly r\u00e9sz\u00e9re. Az over\u00e1llba val\u00f3 fel\u00f6lt\u00f6z\u00e9s ut\u00e1n egyszer haszn\u00e1latos latex keszty\u0171t, maszkot \u00e9s papucsot kell felh\u00fazni.<\/p>\n<p style=\"text-align: justify\">\n<\/div><h2 class=\"tabtitle\">T\u00e1rgyak tiszta t\u00e9rbe val\u00f3 jut\u00e1sa<\/h2>\n<div class=\"tabcontent\">\nA t\u00e1rgyak m\u00e9ret\u00fck \u00e9s h\u0151t\u0171r\u00e9s\u00fcknek megfelel\u0151en autokl\u00e1von, vegyi kamra vagy \u00e1tad\u00f3ablakon kereszt\u00fcl juthatnak a t\u00e9rbe.<\/p>\n<p style=\"text-align: justify\">Az EOK \u00e1llath\u00e1zi zsilip egy \u00e1tad\u00f3 rendszer\u0171, 600 Literes Getinge autokl\u00e1vval rendelkezik. A zsilipezend\u0151 anyagok k\u00f6z\u00fcl a f\u00e9m t\u00e1rgyak, a t\u00e1p \u00e9s alomanyag is itt jut be a t\u00e9rbe.<\/p>\n<p style=\"text-align: justify\">Az autokl\u00e1v mellett tal\u00e1lhat\u00f3 egy nagym\u00e9ret\u0171, mindk\u00e9t oldalr\u00f3l megk\u00f6zel\u00edthet\u0151 g\u00e1zkamra van, ahol H<sub>2<\/sub>O<sub>2<\/sub> g\u00e1zzal fert\u0151tlen\u00edt\u00fcnk, speci\u00e1lisan erre a c\u00e9lra rendszeres\u00edtett gener\u00e1tor seg\u00edts\u00e9g\u00e9vel.<\/p>\n<p style=\"text-align: justify\">Az \u00e1llath\u00e1zba kisebb eszk\u00f6z\u00f6ket \u00e9s \u00e1llatokat egy, az autokl\u00e1v melletti UV l\u00e1mp\u00e1val m\u0171k\u00f6d\u0151 \u00e1tad\u00f3ablakon lehet \u00e1tadni. Az UV sug\u00e1r csak fel\u00fcleti fert\u0151tlen\u00edt\u00e9sre alkalmas, az\u00e9rt a t\u00e1rgyakat sz\u00e9les spektrum\u00fa fert\u0151tlen\u00edt\u0151vel permetezni kell.<\/p>\n<p style=\"text-align: justify\">\n<\/div><h2 class=\"tabtitle\">\u00c1llattart\u00e1s a tiszta t\u00e9rben<\/h2>\n<div class=\"tabcontent\">\n<strong>Az \u00e1llatok tart\u00e1sa<\/strong><\/p>\n<ol>\n<li style=\"text-align: justify\">\u00c1llatok tart\u00e1sa nyitott dobozokban\n<ul>\n<li style=\"text-align: justify\">El\u0151ny\u00f6k:\n<ul>\n<li style=\"text-align: justify\">alacsony kezdeti beruh\u00e1z\u00e1si k\u00f6lts\u00e9g (dobozok \u00e9s \u00e1llv\u00e1nyok \u00e1ra)<\/li>\n<\/ul>\n<\/li>\n<li style=\"text-align: justify\">H\u00e1tr\u00e1nyok:\n<ul>\n<li style=\"text-align: justify\">a kiszabadul\u00f3 allerg\u00e9nek \u00e9s por foglalkoz\u00e1si \u00e1rtalmakat eredm\u00e9nyezhetnek<\/li>\n<li style=\"text-align: justify\">k\u00f6zepesen gyakori (hetente egy-k\u00e9tszeri) ketreccsere sz\u00fcks\u00e9ges<\/li>\n<\/ul>\n<\/li>\n<\/ul>\n<\/li>\n<li style=\"text-align: justify\">Az \u00e1llatok tart\u00e1sa sz\u0171r\u0151fedeles dobozokban\n<ul>\n<li style=\"text-align: justify\">El\u0151ny\u00f6k:\n<ul>\n<li style=\"text-align: justify\">alacsony kezdeti beruh\u00e1z\u00e1si k\u00f6lts\u00e9g (dobozok \u00e9s \u00e1llv\u00e1nyok \u00e1ra)<\/li>\n<li style=\"text-align: justify\">allerg\u00e9nek \u00e9s por kiszabadul\u00e1sa korl\u00e1tozott<\/li>\n<\/ul>\n<\/li>\n<li style=\"text-align: justify\">H\u00e1tr\u00e1nyok:\n<ul>\n<li style=\"text-align: justify\">a ketrecekben felszaporod\u00f3 amm\u00f3nia \u00e9s szaganyagok tov\u00e1bbra is a teljes l\u00e9gt\u00e9rben oszlanak el<\/li>\n<li style=\"text-align: justify\">a sz\u0171r\u0151fed\u00e9l alatt felszaporod\u00f3 amm\u00f3nia, p\u00e1ra \u00e9s szaganyagok miatt k\u00f6zepesen gyakori ketreccsere sz\u00fcks\u00e9ges<\/li>\n<\/ul>\n<\/li>\n<\/ul>\n<\/li>\n<li style=\"text-align: justify\">Az \u00e1llatok tart\u00e1sa egyedileg szell\u0151ztetett (IVC) ketrec\u00e1llv\u00e1nyokban\n<ul>\n<li style=\"text-align: justify\">El\u0151ny\u00f6k (a kivezet\u0151 szell\u0151z\u00e9st az \u00e9p\u00fclet l\u00e9gkezel\u0151 elsz\u00edv\u00f3 \u00e1g\u00e1ba k\u00f6tj\u00fck):\n<ul>\n<li style=\"text-align: justify\">az allerg\u00e9nek \u00e9s por kiszabadul\u00e1sa er\u0151sen korl\u00e1tozott<\/li>\n<li style=\"text-align: justify\">a ketrecekben keletkez\u0151 amm\u00f3nia, por \u00e9s szaganyagok k\u00f6zvetlen\u00fcl a kil\u00e9p\u0151 szell\u0151z\u0151rendszerbe t\u00e1voznak,<\/li>\n<li style=\"text-align: justify\">a ketrecekben keletkez\u0151 amm\u00f3nia, p\u00e1ra \u00e9s szaganyagok hat\u00e9kony elt\u00e1vol\u00edt\u00e1sa miatt a ketreceket sokkal ritk\u00e1bban (\u00e1llats\u0171r\u0171s\u00e9gt\u0151l f\u00fcgg\u0151en k\u00e9t-h\u00e1romhetente) kell cser\u00e9lni \u00e9s mosogatni<\/li>\n<\/ul>\n<\/li>\n<li style=\"text-align: justify\">H\u00e1tr\u00e1nyok:\n<ul>\n<li style=\"text-align: justify\">magas kezdeti beruh\u00e1z\u00e1si k\u00f6lts\u00e9g (dobozok, \u00e1llv\u00e1nyok \u00e9s leveg\u0151ztet\u0151 k\u00e9sz\u00fcl\u00e9kek \u00e1ra)<\/li>\n<li style=\"text-align: justify\">Az egyes szell\u0151ztet\u0151 egys\u00e9gek magas karbantart\u00e1si k\u00f6lts\u00e9ge<\/li>\n<\/ul>\n<\/li>\n<\/ul>\n<\/li>\n<\/ol>\n<p style=\"text-align: justify\">Az SPF \u00e1llath\u00e1zban mindh\u00e1rom ketrect\u00edpus megtal\u00e1lhat\u00f3. Az \u00e1llatok hasznos\u00edt\u00e1si ir\u00e1nyuk szerint laknak a k\u00fcl\u00f6nf\u00e9le ketrect\u00edpusokban. Az IVC \u00e1llv\u00e1nyokon a transzgenikus teny\u00e9szt\u0151 ketrecek, a hagyom\u00e1nyos, gravit\u00e1ci\u00f3s szell\u0151z\u00e9s\u0171, sz\u0171r\u0151fedeles ketrecekben a nem transzgenikus teny\u00e9szet van, m\u00edg a nyitott ketrecekben a k\u00eds\u00e9rletre sz\u00e1nt \u00e1llatokat helyezz\u00fck el.<\/p>\n<p style=\"text-align: justify\">\n<\/div><h2 class=\"tabtitle\">Munkafolyamatok le\u00edr\u00e1sa<\/h2>\n<div class=\"tabcontent\">\nA szem\u00e9lyzet a ketreccserekor az elhaszn\u00e1l\u00f3dott dobozokat gurul\u00f3 \u00e1llv\u00e1nyon el\u0151k\u00e9sz\u00edtett \u00e9s alommal t\u00f6lt\u00f6tt \u00e1llattart\u00f3 dobozokat lamin\u00e1ris box (ketreccsere-\u00e1llom\u00e1s) alatt tiszt\u00e1kra cser\u00e9li. E m\u0171velet sor\u00e1n automatikusan cser\u00e9lik az itat\u00f3palackokat is (el\u0151k\u00e9sz\u00edtett felt\u00f6lt\u00f6tt palackokra), a ketrecr\u00e1csot \u00e9s a sz\u0171r\u0151fedelet azonban elhaszn\u00e1l\u00f3d\u00e1st\u00f3l f\u00fcgg\u0151en. Ekkor t\u00f6rt\u00e9nik a t\u00e1p felt\u00f6lt\u00e9se is. A haszn\u00e1lt ketreceket gurul\u00f3 \u00e1llv\u00e1nyon gy\u0171jtik, majd a szoba el\u00e9 teszik, ahonnan az alom\u00fcr\u00edt\u0151 helyis\u00e9gbe tolj\u00e1k.<\/p>\n<p style=\"text-align: justify\">A szennyes almot az alom\u00fcr\u00edt\u0151 helyis\u00e9gben speci\u00e1lis alom\u00fcr\u00edt\u0151 \u00e1llom\u00e1sba \u00fcr\u00edtik. Ez a k\u00e9sz\u00fcl\u00e9k lehet\u0151v\u00e9 teszi az alom\u00fcr\u00edt\u00e9skor keletkez\u0151 por \u00f6sszegy\u0171jt\u00e9s\u00e9t, amely egy\u00e9bk\u00e9nt allergi\u00e1s t\u00fcneteket, valamint az \u00e1llath\u00e1zi berendez\u00e9sek sz\u0171r\u0151inek elt\u00f6m\u0151d\u00e9s\u00e9t eredm\u00e9nyezn\u00e9. Az \u00f6sszegy\u0171jt\u00f6tt hullad\u00e9k-almot \u00e1tad\u00f3pulton kereszt\u00fcl adj\u00e1k ki a piszkos t\u00e9rbe (autokl\u00e1v el\u0151tti t\u00e9r), ahonnan a k\u00fcls\u0151 hullad\u00e9kt\u00e1rol\u00f3ba viszik, majd elsz\u00e1ll\u00edtj\u00e1k. A ki\u00fcr\u00edtett piszkos ketreceket gurul\u00f3 kocsin gy\u0171jtik, majd \u00e1ttolj\u00e1k a mosogat\u00f3 helyis\u00e9gbe. Hasonl\u00f3k\u00e9ppen gy\u0171jtik a r\u00e1csokat \u00e9s palackokat is. A mosogat\u00e1s el\u0151tti t\u00e1rol\u00e1s az alom\u00fcr\u00edt\u0151 vagy a mosogat\u00f3 helyis\u00e9gben t\u00f6rt\u00e9nik.<\/p>\n<p style=\"text-align: justify\">A mosogat\u00f3 helyis\u00e9gben a ketreceket nagyteljes\u00edtm\u00e9ny\u0171 \u00e1llath\u00e1zi mosogat\u00f3g\u00e9pben elmoss\u00e1k. Ez rendszeres napi feladat, hiszen egyszerre maximum 8-12 ketrec f\u00e9r a mosogat\u00f3g\u00e9pbe. Hetente egyszer t\u00f6rt\u00e9nik palackmos\u00e1s. A palackokat speci\u00e1lis \u00e1llv\u00e1nyokba helyezik, \u00e9s nyakkal lefel\u00e9 elmosogatj\u00e1k a mosogat\u00f3g\u00e9pben. Az elmosogatott ketreceket, r\u00e1csokat \u00e9s palackokat \u00e1llv\u00e1nyokon megsz\u00e1r\u00edtj\u00e1k.<\/p>\n<p style=\"text-align: justify\">A ketrect\u00f6lt\u0151 helyis\u00e9gben a ketreceket ny\u00edrfa forg\u00e1cs alommal t\u00f6ltik, \u00e9s gurul\u00f3s \u00e1llv\u00e1nyokon gy\u0171jtik.<\/p>\n<p style=\"text-align: justify\">Az SPF t\u00e9rben egy kis\u00e1llat besug\u00e1rz\u00f3 m\u0171k\u00f6dik.<\/p>\n<p style=\"text-align: justify\">\n<\/div><h2 class=\"tabtitle\"> KONVENCION\u00c1LIS R\u00c9SZ<\/h2>\n<div class=\"tabcontent\">\nK\u00fcl\u00f6nb\u00f6z\u0151 fajok tart\u00e1sa<\/p>\n<ul>\n<li style=\"text-align: justify\">eml\u0151s\u00f6k (eg\u00e9r, patk\u00e1ny \u00e9s tengerimalac)<\/li>\n<li style=\"text-align: justify\">k\u00e9t\u00e9lt\u0171 (Xenopus b\u00e9k\u00e1k)<\/li>\n<li style=\"text-align: justify\">ny\u00fal (csak gyakorlatra)<\/li>\n<li style=\"text-align: justify\">hal (t\u00f6rpeharcsa, csak gyakorlatra)<\/li>\n<\/ul>\n<p style=\"text-align: justify\">A konvencion\u00e1lis r\u00e9szben teny\u00e9szt\u00e9s nincs, kiz\u00e1r\u00f3lag \u00e1llatokkal val\u00f3 k\u00eds\u00e9rletez\u00e9s folyik. Az \u00e1llatokat egyes szob\u00e1kban egyszer\u0171 \u00e1llv\u00e1nyokon, nyitott ketrecekben tartjuk. A k\u00e9t\u00e9lt\u0171ek \u00e9s halak tart\u00e1sa speci\u00e1lis vizes rendszerben t\u00f6rt\u00e9nik. A nyulat a gyakorlati id\u0151szakban a padozatra sz\u00f3rt almon tartjuk. Ezen id\u0151szakon t\u00fal nyulat nem tartunk.<\/p>\n<p style=\"text-align: justify\">Az \u00e1llattechnol\u00f3giai berendez\u00e9sek hasonl\u00f3ak az SPF t\u00e9rben le\u00edrtakkal, azaz nagyteljes\u00edtm\u00e9ny\u0171 mosogat\u00f3 \u00e9s alom\u00fcr\u00edt\u0151 \u00e1llom\u00e1s seg\u00edti az itt dolgoz\u00f3k munk\u00e1j\u00e1t.<\/p>\n<p style=\"text-align: justify\">A konvencion\u00e1lis r\u00e9szben egy mosogat\u00f3 \u00e9s egy ed\u00e9nyt\u00e1rol\u00f3 helyis\u00e9g van. Az almoz\u00e1st egy elk\u00fcl\u00f6n\u00edtett helyis\u00e9gben v\u00e9gezz\u00fck.<\/p>\n<\/div><\/div>\n","protected":false},"excerpt":{"rendered":"<p>Az \u00e1llath\u00e1z k\u00e9t fizikailag, funkcion\u00e1lisan \u00e9s munkak\u00f6rileg teljesen elk\u00fcl\u00f6n\u00fcl\u0151, konvencion\u00e1lis \u00e9s SPF r\u00e9szb\u0151l \u00e1ll. A konvencion\u00e1lis r\u00e9szben \u00e1tlagos higi\u00e9n\u00e9s k\u00f6r\u00fclm\u00e9nyek k\u00f6z\u00f6tt k\u00fcl\u00f6nb\u00f6z\u0151 faj\u00fa \u00e1llatokat, m\u00edg az SPF r\u00e9szben magas higi\u00e9n\u00e9s st\u00e1tusz\u00fa transzg\u00e9nikus egereket teny\u00e9szt\u00fcnk \u00e9s tartunk. Szervezetileg az \u00e1llath\u00e1z az SE Elm\u00e9leti Orvostudom\u00e1nyi K\u00f6zpont (EOK) k\u00fcl\u00f6n\u00e1ll\u00f3 egys\u00e9ge. A konvencion\u00e1lis t\u00e9rben 3, \u00e9s a transzg\u00e9nikus t\u00e9rben &hellip;<\/p>\n","protected":false},"author":101011,"featured_media":0,"parent":6374,"menu_order":3,"comment_status":"closed","ping_status":"closed","template":"","meta":{"_acf_changed":false,"footnotes":""},"categories":[],"tags":[],"class_list":["post-1232","page","type-page","status-publish","hentry"],"acf":[],"_links":{"self":[{"href":"https:\/\/semmelweis.hu\/eok\/wp-json\/wp\/v2\/pages\/1232","targetHints":{"allow":["GET"]}}],"collection":[{"href":"https:\/\/semmelweis.hu\/eok\/wp-json\/wp\/v2\/pages"}],"about":[{"href":"https:\/\/semmelweis.hu\/eok\/wp-json\/wp\/v2\/types\/page"}],"author":[{"embeddable":true,"href":"https:\/\/semmelweis.hu\/eok\/wp-json\/wp\/v2\/users\/101011"}],"replies":[{"embeddable":true,"href":"https:\/\/semmelweis.hu\/eok\/wp-json\/wp\/v2\/comments?post=1232"}],"version-history":[{"count":11,"href":"https:\/\/semmelweis.hu\/eok\/wp-json\/wp\/v2\/pages\/1232\/revisions"}],"predecessor-version":[{"id":8426,"href":"https:\/\/semmelweis.hu\/eok\/wp-json\/wp\/v2\/pages\/1232\/revisions\/8426"}],"up":[{"embeddable":true,"href":"https:\/\/semmelweis.hu\/eok\/wp-json\/wp\/v2\/pages\/6374"}],"wp:attachment":[{"href":"https:\/\/semmelweis.hu\/eok\/wp-json\/wp\/v2\/media?parent=1232"}],"wp:term":[{"taxonomy":"category","embeddable":true,"href":"https:\/\/semmelweis.hu\/eok\/wp-json\/wp\/v2\/categories?post=1232"},{"taxonomy":"post_tag","embeddable":true,"href":"https:\/\/semmelweis.hu\/eok\/wp-json\/wp\/v2\/tags?post=1232"}],"curies":[{"name":"wp","href":"https:\/\/api.w.org\/{rel}","templated":true}]}}