{"id":12,"date":"2012-09-11T15:40:16","date_gmt":"2012-09-11T13:40:16","guid":{"rendered":"http:\/\/semmelweis-egyetem.hu\/onkoterapiai-tanszek\/?page_id=4"},"modified":"2022-01-27T09:10:06","modified_gmt":"2022-01-27T08:10:06","slug":"az-eok-tortenete","status":"publish","type":"page","link":"https:\/\/semmelweis.hu\/eok\/hu\/rolunk\/az-eok-tortenete\/","title":{"rendered":"az EOK t\u00f6rt\u00e9nete"},"content":{"rendered":"<p style=\"text-align: justify\"><em>&#8222;Az egyetem feladata h\u00e1rmas. Leg\u0151sibb hivat\u00e1sa gy\u0171jteni, terjeszteni \u00e9s gyarap\u00edtani az emberi tud\u00e1st. M\u00e1sodik feladata kis sz\u00e1mban nevelni a j\u00f6v\u0151nek tud\u00f3sokat, akik majd ezt a hivat\u00e1st t\u0151l\u00fcnk \u00e1tveszik. \u00dajabb eredet\u0171, de nem kev\u00e9sb\u00e9 magasztos az egyetemnek harmadik hivat\u00e1sa: a haza sz\u00e1m\u00e1ra polg\u00e1rokat nevelni, akik el vannak l\u00e1tva a szellem fegyver\u00e9vel. J\u00f3 tan\u00edt\u00e1s csak ott folyhat, ahol \u00e9l a kutat\u00e1s szelleme, az igazs\u00e1gok lelkes, p\u00e1rtatlan szeretete. Tudom\u00e1nyos kutat\u00f3munk\u00e1nkkal hazafias k\u00f6teless\u00e9g\u00fcnket is teljes\u00edtj\u00fck, mert hiszen \u00e9ppen a tudom\u00e1ny, a kult\u00fara az, az egyetlen terep, amelyen a versenyt a nagy nemzetekkel egy kis nemzet is felveheti, megcsillogtatv\u00e1n nev\u00e9t az emberi t\u00f6rt\u00e9nelemben.&#8221;<\/em> (Szent-Gy\u00f6rgyi Albert, 1940)<\/p>\n<p style=\"text-align: center\"><a href=\"https:\/\/semmelweis.hu\/eok\/files\/2019\/09\/RS87680_IMG_1417.jpg\"><img loading=\"lazy\" decoding=\"async\" class=\"alignnone size-full wp-image-6536\" src=\"https:\/\/semmelweis.hu\/eok\/files\/2019\/09\/RS87680_IMG_1417.jpg\" alt=\"\" width=\"3600\" height=\"2400\" srcset=\"https:\/\/semmelweis.hu\/eok\/files\/2019\/09\/RS87680_IMG_1417.jpg 2560w, https:\/\/semmelweis.hu\/eok\/files\/2019\/09\/RS87680_IMG_1417-300x200.jpg 300w, https:\/\/semmelweis.hu\/eok\/files\/2019\/09\/RS87680_IMG_1417-768x512.jpg 768w, https:\/\/semmelweis.hu\/eok\/files\/2019\/09\/RS87680_IMG_1417-1024x683.jpg 1024w, https:\/\/semmelweis.hu\/eok\/files\/2019\/09\/RS87680_IMG_1417-450x300.jpg 450w, https:\/\/semmelweis.hu\/eok\/files\/2019\/09\/RS87680_IMG_1417-600x400.jpg 600w\" sizes=\"auto, (max-width: 3600px) 100vw, 3600px\" \/><\/a><\/p>\n<p style=\"text-align: justify\"><strong>Az \u00e9p\u00fclet<\/strong><\/p>\n<p style=\"text-align: justify\">Az eur\u00f3pai elv\u00e1r\u00e1soknak, a moderniz\u00e1ci\u00f3s t\u00f6rekv\u00e9seknek megfelel\u0151en, a fejl\u0151d\u00e9s h\u00e1tter\u00e9nek biztos\u00edt\u00e1s\u00e1ra \u00e1lmodtuk meg s tervezt\u00fck az \u00faj \u00e9p\u00fclet\u00fcnket, s annak funkci\u00f3it. Ezzel a hatalmasra duzzadt hallgat\u00f3i l\u00e9tsz\u00e1m nagy helyig\u00e9ny\u00e9t, az itt foly\u00f3 nagyar\u00e1ny\u00fa \u00e9s sz\u00e1mos nagy \u00e9rt\u00e9k\u0171 granttel is t\u00e1mogatott, vil\u00e1gviszonylatban is elismert kutat\u00e1s \u00e9s PhD-k\u00e9pz\u00e9s infrastruktur\u00e1lis felt\u00e9teleit akartuk biztos\u00edtani. Az Elm\u00e9leti Orvostudom\u00e1nyi K\u00f6zpont \u00e9p\u00fclete a huszonegyedik sz\u00e1zadnak megfelel\u0151, mind eleg\u00e1ns megjelen\u00e9s\u00e9ben, mind kit\u0171n\u0151 funkcionalit\u00e1s\u00e1ban, k\u00f6sz\u00f6nhet\u0151en Noll Tam\u00e1s \u00e9s a Teampannon St\u00fadi\u00f3 fant\u00e1zi\u00e1j\u00e1nak \u00e9s az \u00e1ltaluk v\u00e9gzett ig\u00e9nyes munk\u00e1nak. A h\u00e1z brutt\u00f3 27 000 n\u00e9gyzetm\u00e9ter\u00e9n j\u00f3l elf\u00e9rnek a kutat\u00e1st biztos\u00edt\u00f3 laborat\u00f3riumok \u00e9s dolgoz\u00f3szob\u00e1k (9 600 m2), az oktat\u00e1si ter\u00fcleten (3 000 m2) tal\u00e1lhat\u00f3 a 25 hallgat\u00f3i laborat\u00f3rium, az el\u0151ad\u00f3termek (egy 300 f\u0151s, k\u00e9t 180 f\u0151s \u00e9s k\u00e9t 80 f\u0151s), \u00e9s a hat szemin\u00e1riumi terem. Ezen t\u00fal a k\u00f6zponti adminisztr\u00e1ci\u00f3 irod\u00e1i, egy \u00e9tterem, valamint a szemet gy\u00f6ny\u00f6rk\u00f6dtet\u0151, a l\u00e1togat\u00f3kat megkap\u00f3, a nagy rendezv\u00e9nyek megtart\u00e1s\u00e1ra is alkalmas, eleg\u00e1ns aula, zsibong\u00f3 \u00e9s karzat (2600 m2), s nem utols\u00f3sorban a kutat\u00e1st szolg\u00e1l\u00f3 modern SPF-\u00e1llath\u00e1z (400 m2) \u00e9p\u00fclt m\u00e9g meg. A PPP- (Public-Private Partnership, azaz a k\u00f6z- \u00e9s mag\u00e1nszf\u00e9ra partners\u00e9ge) program keret\u00e9ben az Arcadom Zrt. csoport tagjak\u00e9nt l\u00e9trehozott SE CAMPUS projektt\u00e1rsas\u00e1g finansz\u00edroz\u00e1s\u00e1ban, 2007-ben megkezd\u0151d\u00f6tt \u00e9p\u00edtkez\u00e9s 2008 szeptember\u00e9ben fejez\u0151d\u00f6tt be. A beruh\u00e1z\u00e1s k\u00f6lts\u00e9ge: k\u00f6zel h\u00e9tmilli\u00e1rd forint volt. A h\u00e1z dics\u00e9ri az \u00e9p\u00edt\u00e9st v\u00e9gz\u0151k keze munk\u00e1j\u00e1t, mert az olykor a fesz\u00edtett temp\u00f3 ellen\u00e9re is azt \u00e9p\u00edtett\u00e9k meg, amit szerett\u00fcnk volna \u2013 \u00e9s amit a mai kor elv\u00e1r. 2008 \u0151sz\u00e9n megkezd\u0151d\u00f6tt a h\u00e1z belak\u00e1sa, a kisebb garanci\u00e1lis hib\u00e1k elh\u00e1r\u00edt\u00e1sa \u00e9s a be\u00fczemel\u00e9si munka folyamata. K\u00f6sz\u00f6net illeti meg az Oktat\u00e1si Miniszt\u00e9riumot ami\u00e9rt a t\u00e1mogat\u00e1s\u00e1val lehet\u0151v\u00e9 tette ezt az \u201eid\u0151utaz\u00e1st\u201d: t\u00e1mogat\u00e1s\u00e1val el\u0151seg\u00edtette, hogy a tizenkilencedik sz\u00e1zadb\u00f3l egyetlen ugr\u00e1ssal a huszonegyedik sz\u00e1zadba rep\u00fclj\u00fck \u2013 de csak ami az \u00e9p\u00fcletet illeti\u2026 Hiszen a kutat\u00e1sban, a szakmai elismerts\u00e9gben, az eredm\u00e9nyeinkben kor\u00e1bban is Eur\u00f3pa \u00e9lvonal\u00e1hoz tartoztunk. \u00cdgy most v\u00e9gre a k\u00f6r\u00fclm\u00e9nyek is \u201efelz\u00e1rk\u00f3ztak\u201d a mindig is megl\u00e9v\u0151 szellemi \u00e9rt\u00e9keinkhez, lehet\u0151s\u00e9geinkhez, szakmai elfogadotts\u00e1gunkhoz.<\/p>\n<p style=\"text-align: justify\"><strong>Az oktat\u00e1s<\/strong><\/p>\n<div style=\"float: left;margin: 0px 10px 0px 0px;text-align: justify\">\n<p>A h\u00e1zban k\u00f6zel k\u00e9tezer gradu\u00e1lis hallgat\u00f3t oktatunk, k\u00fcl\u00f6nb\u00f6z\u0151 t\u00e1rgyakb\u00f3l, k\u00fcl\u00f6nb\u00f6z\u0151 \u00f3rasz\u00e1mban, m\u00e9lt\u00f3an a 2006-ban a Magyar Fels\u0151oktat\u00e1si Akkredit\u00e1ci\u00f3s Bizotts\u00e1g \u00e9rt\u00e9kel\u00e9se alapj\u00e1n elnyert \u201eKiv\u00e1l\u00f3s\u00e1gi hely\u201d c\u00edm\u00fcnkh\u00f6z, amelyet 2014-ig viselhet a kar, \u00e9s ennek r\u00e9szek\u00e9nt mi is. Az oktat\u00e1sban a tudom\u00e1ny\u00e1g eredm\u00e9nyeit folyamatosan k\u00f6veti minden int\u00e9zet\u00fcnk, \u00e9s ennek l\u00e9nyegesebb elemeit be\u00e9p\u00edti az oktat\u00e1sba, mind elm\u00e9leti, mind klinikai ter\u00fcleten. Az \u00e1ltal\u00e1nos orvostan-, a fogorvostan- \u00e9s a gy\u00f3gyszer\u00e9szhallgat\u00f3k vannak a legt\u00f6bben, de m\u00e1s szakok di\u00e1kjai is tanulnak n\u00e1lunk. A gradu\u00e1lis k\u00e9pz\u00e9s sor\u00e1n gyakorlatilag reggelt\u0151l sokszor k\u00e9s\u0151 d\u00e9lut\u00e1nig itt \u201eegy l\u00e9gt\u00e9rben \u00e9lnek\u201d vel\u00fcnk a hallgat\u00f3k, ek\u00f6zben tan\u00edtjuk \u0151ket, seg\u00edt\u00fcnk nekik az egyetem jelentette \u00faj kih\u00edv\u00e1sok lek\u00fczd\u00e9s\u00e9ben, p\u00e9ld\u00e1t mutatunk, \u00e9s ek\u00f6zben meg\u00e9rtik azt, hogy a m\u00e9ly tud\u00e1s, a gondolkod\u00e1s ig\u00e9nyess\u00e9ge milyen fontos, megtanulj\u00e1k a modern term\u00e9szet- \u00e9s \u00e9lettudom\u00e1nyok alapjait \u00e9s gondolkod\u00e1sm\u00f3dj\u00e1t. H\u00e1rom nyelven oktatunk, a magyar mellett angol \u00e9s n\u00e9met nyelven is; els\u0151sorban az idegen nyelv\u0171 oktat\u00e1s miatt, az oktat\u00e1si feladataink \u00e9s ezzel a helyig\u00e9ny\u00fcnk k\u00f6zel a dupl\u00e1j\u00e1ra n\u0151tt. Az \u00e9rdekl\u0151d\u0151, a jobb k\u00e9pess\u00e9g\u0171 di\u00e1kok itt kezdhetik meg az els\u0151 l\u00e9p\u00e9seket a kutat\u00e1sban. Sok TDK-s hallgat\u00f3 dolgozik egy\u00fctt vel\u00fcnk a laborat\u00f3riumokban, sok elismer\u0151 d\u00edjjal f\u00e9mjelezve az itt zajl\u00f3 kutat\u00e1sokat \u00e9s term\u00e9szetesen a saj\u00e1t munk\u00e1jukat is. Bekapcsol\u00f3dtunk a \u201ekutat\u00f3 di\u00e1k\u201d programba is, \u00edgy m\u00e1r a k\u00f6z\u00e9piskol\u00e1sok is bepillanthatnak olykor a kutat\u00f3laborat\u00f3riumok munk\u00e1j\u00e1ba \u00e9s a kutat\u00f3i gondolkod\u00e1sba. A v\u00e9gzett hallgat\u00f3k id\u0151k\u00f6z\u00f6nk\u00e9nt k\u00f6telez\u0151, szinten tart\u00f3 tanfolyamai, kreditet ad\u00f3 tov\u00e1bbk\u00e9pz\u00e9sei, a hallgat\u00f3knak a m\u00faltba val\u00f3 visszar\u00e9ved\u00e9st, a nosztalgi\u00e1t adj\u00e1k, \u00e9s ek\u00f6zben az \u00faj ismeretek megtanul\u00e1s\u00e1t is el\u0151seg\u00edtik. Ez egy folyamatos kih\u00edv\u00e1st jelent, hogy eld\u00f6nts\u00fck, a rengeteg \u00faj inform\u00e1ci\u00f3b\u00f3l, felfedez\u00e9sb\u0151l, m\u00f3dszerb\u0151l mit kell \u00e9s mit szabad \u00e9rinten\u00fcnk, megtan\u00edtanunk? A k\u00f6zpontban t\u00f6bb Doktori Iskola k\u00f6zel sz\u00e1z PhD-hallgat\u00f3ja a posztgradu\u00e1lis k\u00e9pz\u00e9sben kutat \u00e9s tanul, sokan k\u00f6z\u00fcl\u00fck m\u00e1r megv\u00e9dt\u00e9k doktori disszert\u00e1ci\u00f3jukat \u00e9s ezt\u00e1n vagy az int\u00e9zetek egyik\u00e9ben, vagy m\u00e1s helyen kamatoztatj\u00e1k az itt megszerzett \u00faj ismereteiket.<\/p>\n<p><strong>A kutat\u00e1s<\/strong><\/p>\n<p>Az int\u00e9zetekben sz\u00ednvonalas, sok nemzetk\u00f6zi elismer\u00e9st \u00e9s kollabor\u00e1ci\u00f3t hoz\u00f3, nagy \u00f6sszeg\u0171 kutat\u00f3i t\u00e1mogat\u00e1sokkal jellemezhet\u0151 kutat\u00f3munka folyik. A kutat\u00f3 munk\u00e1t tal\u00e1n jobban jellemzik az al\u00e1bbi adatok, mint n\u00e9h\u00e1ny mondat: az \u00f6t int\u00e9zetnek 2006-ban 183 refer\u00e1lt cikke jelent meg, ennek \u00f6sszes impakt faktora 846,7 volt, s a kutat\u00e1si t\u00e1mogat\u00e1sok \u00f6sszege ebben az egy \u00e9vben el\u00e9rte az egy milli\u00e1rd forintot, \u00e9s az elnyert t\u00e1mogat\u00e1sok \u00f6sszege \u00e9vr\u0151l \u00e9vre emelkedik. B\u00fcszk\u00e9k vagyunk arra a t\u00e9nyre, hogy int\u00e9zeteink az egyetemi kutat\u00e1sban is meghat\u00e1roz\u00f3 szereppel b\u00edrnak, \u00e1ltal\u00e1ban az egyetemi publik\u00e1ci\u00f3k (impaktfaktorral jellemzett teljes\u00edtm\u00e9ny\u00e9nek) minimum a negyven sz\u00e1zal\u00e9k\u00e1t, olykor ak\u00e1r a fel\u00e9t is (2006-ban 52 %) jelentik. Ez, valamint a grantek sz\u00e1ma, a t\u00e1mogat\u00e1sok \u00f6sszege, a kollabor\u00e1ci\u00f3k sz\u00e9les palett\u00e1ja, a szabadalmak sz\u00e1ma, a k\u00fclf\u00f6ldi megh\u00edv\u00e1sok, nem utols\u00f3sorban a hozz\u00e1nk k\u00f6thet\u0151 Nobel-d\u00edjasok \u00e9s Nobel-d\u00edjra javasolt, de d\u00edjat m\u00e9gsem kapott tud\u00f3saink sz\u00e1ma jellemzi. B\u00fcszk\u00e9k vagyunk arra, hogy a k\u00fclf\u00f6ldi egyetemeken, kutat\u00f3int\u00e9zetekben, a gy\u00f3gyszeriparban vezet\u0151k\u00e9nt, professzork\u00e9nt dolgoz\u00f3, kor\u00e1bban n\u00e1lunk kezd\u0151 koll\u00e9ga dolgozik, ez is mutatja az itt mindig is zajl\u00f3, kit\u0171n\u0151 sz\u00ednvonal\u00fa, \u00e9s vil\u00e1gszerte elismert szellemi m\u0171helyeinket, \u00e9s min\u0151s\u00edti az itt zajl\u00f3 kutat\u00f3munk\u00e1t.<\/p>\n<\/div>\n","protected":false},"excerpt":{"rendered":"<p>&#8222;Az egyetem feladata h\u00e1rmas. Leg\u0151sibb hivat\u00e1sa gy\u0171jteni, terjeszteni \u00e9s gyarap\u00edtani az emberi tud\u00e1st. M\u00e1sodik feladata kis sz\u00e1mban nevelni a j\u00f6v\u0151nek tud\u00f3sokat, akik majd ezt a hivat\u00e1st t\u0151l\u00fcnk \u00e1tveszik. \u00dajabb eredet\u0171, de nem kev\u00e9sb\u00e9 magasztos az egyetemnek harmadik hivat\u00e1sa: a haza sz\u00e1m\u00e1ra polg\u00e1rokat nevelni, akik el vannak l\u00e1tva a szellem fegyver\u00e9vel. J\u00f3 tan\u00edt\u00e1s csak ott folyhat, &hellip;<\/p>\n","protected":false},"author":101011,"featured_media":6902,"parent":2799,"menu_order":1,"comment_status":"open","ping_status":"closed","template":"","meta":{"_acf_changed":false,"footnotes":""},"categories":[],"tags":[],"class_list":["post-12","page","type-page","status-publish","has-post-thumbnail","hentry"],"acf":[],"_links":{"self":[{"href":"https:\/\/semmelweis.hu\/eok\/wp-json\/wp\/v2\/pages\/12","targetHints":{"allow":["GET"]}}],"collection":[{"href":"https:\/\/semmelweis.hu\/eok\/wp-json\/wp\/v2\/pages"}],"about":[{"href":"https:\/\/semmelweis.hu\/eok\/wp-json\/wp\/v2\/types\/page"}],"author":[{"embeddable":true,"href":"https:\/\/semmelweis.hu\/eok\/wp-json\/wp\/v2\/users\/101011"}],"replies":[{"embeddable":true,"href":"https:\/\/semmelweis.hu\/eok\/wp-json\/wp\/v2\/comments?post=12"}],"version-history":[{"count":10,"href":"https:\/\/semmelweis.hu\/eok\/wp-json\/wp\/v2\/pages\/12\/revisions"}],"predecessor-version":[{"id":7907,"href":"https:\/\/semmelweis.hu\/eok\/wp-json\/wp\/v2\/pages\/12\/revisions\/7907"}],"up":[{"embeddable":true,"href":"https:\/\/semmelweis.hu\/eok\/wp-json\/wp\/v2\/pages\/2799"}],"wp:featuredmedia":[{"embeddable":true,"href":"https:\/\/semmelweis.hu\/eok\/wp-json\/wp\/v2\/media\/6902"}],"wp:attachment":[{"href":"https:\/\/semmelweis.hu\/eok\/wp-json\/wp\/v2\/media?parent=12"}],"wp:term":[{"taxonomy":"category","embeddable":true,"href":"https:\/\/semmelweis.hu\/eok\/wp-json\/wp\/v2\/categories?post=12"},{"taxonomy":"post_tag","embeddable":true,"href":"https:\/\/semmelweis.hu\/eok\/wp-json\/wp\/v2\/tags?post=12"}],"curies":[{"name":"wp","href":"https:\/\/api.w.org\/{rel}","templated":true}]}}