{"id":72,"date":"2011-02-04T09:22:01","date_gmt":"2011-02-04T08:22:01","guid":{"rendered":"http:\/\/se.local\/"},"modified":"2025-10-13T11:36:27","modified_gmt":"2025-10-13T09:36:27","slug":"leaders-of-the-university","status":"publish","type":"page","link":"https:\/\/semmelweis.hu\/english\/about-semmelweis-university\/leaders-of-the-university\/","title":{"rendered":"Leaders of the University"},"content":{"rendered":"<p><strong><a href=\"https:\/\/semmelweis.hu\/english\/the-university\/leaders-of-the-university\/rector\/\" target=\"_blank\" rel=\"noopener\"><img loading=\"lazy\" decoding=\"async\" class=\"alignleft wp-image-51759\" src=\"https:\/\/semmelweis.hu\/wp-content\/uploads\/2025\/01\/dr-merkely-bela-2024-portrait-267x400.jpeg\" alt=\"\" width=\"147\" height=\"221\" \/><\/a>RECTOR<\/strong><\/p>\n<p><strong><a href=\"https:\/\/semmelweis.hu\/english\/the-university\/leaders-of-the-university\/rector\/\" target=\"_blank\" rel=\"noopener\">Dr. B\u00e9la Merkely PhD<\/a> <\/strong><br \/>\nprofessor<\/p>\n<p><em>Address:<\/em> 1085 Budapest, \u00dcll\u0151i \u00fat 26. 1st floor, Room No. 101<em><br \/>\nTelephone:<\/em> +36 1 317 2400; +36 1 317 9055<br \/>\n<em>E-mail:<\/em> <a href=\"mailto:rektor@semmelweis.hu\">rektor@semmelweis.hu<\/a><\/p>\n<p><a href=\"https:\/\/semmelweis.hu\/english\/the-university\/leaders-of-the-university\/rector\/\" target=\"_blank\" rel=\"noopener noreferrer\">Curriculum Vitae of Dr. B\u00e9la Merkely<\/a><\/p>\n<hr \/>\n<p><strong><a href=\"https:\/\/semmelweis.hu\/english\/the-university\/leaders-of-the-university\/chancellor\/\"><img loading=\"lazy\" decoding=\"async\" class=\"alignleft wp-image-22611\" src=\"https:\/\/semmelweis.hu\/english\/files\/2020\/10\/RS124992_C19A9881-scr-283x400-1.jpg\" alt=\"\" width=\"150\" height=\"212\" \/><\/a>CHANCELLOR<\/strong><\/p>\n<p><a href=\"https:\/\/semmelweis.hu\/english\/the-university\/leaders-of-the-university\/chancellor\/\" target=\"_blank\" rel=\"noopener noreferrer\"><strong>Dr. L\u00edvia Pavlik PhD<\/strong><\/a><br \/>\nassociate professor<\/p>\n<p><em>Address:<\/em> 1085 Budapest, \u00dcll\u0151i \u00fat 26. <em><br \/>\nTelephone: +36 1 459 1552; +36 1 459 1500\/ext. 55452<br \/>\nE-mail:<\/em> <a href=\"mailto:kancellar@semmelweis.hu\">kancellar@semmelweis.hu<\/a><\/p>\n<p><a href=\"https:\/\/semmelweis.hu\/english\/the-university\/leaders-of-the-university\/chancellor\/\" target=\"_blank\" rel=\"noopener noreferrer\">Curriculum Vitae of Dr. L\u00edvia Pavlik<\/a><\/p>\n<hr \/>\n<p><strong><a href=\"https:\/\/semmelweis.hu\/english\/the-university\/leaders-of-the-university\/vice-rector-for-general-affairs\/\"><img loading=\"lazy\" decoding=\"async\" class=\"alignleft wp-image-41908 \" src=\"https:\/\/semmelweis.hu\/english\/files\/2024\/07\/RS99065_IMG_9854-scr-286x400.jpg\" alt=\"\" width=\"150\" height=\"210\" srcset=\"https:\/\/semmelweis.hu\/english\/files\/2024\/07\/RS99065_IMG_9854-scr-286x400.jpg 286w, https:\/\/semmelweis.hu\/english\/files\/2024\/07\/RS99065_IMG_9854-scr.jpg 536w\" sizes=\"auto, (max-width: 150px) 100vw, 150px\" \/><\/a>VICE-RECTOR FOR GENERAL AFFAIRS<\/strong><\/p>\n<p><a href=\"https:\/\/semmelweis.hu\/english\/the-university\/leaders-of-the-university\/vice-rector-for-general-affairs\/\" target=\"_blank\" rel=\"noopener noreferrer\"><strong>Dr. Ferenc B\u00e1nhidy PhD<\/strong><\/a><br \/>\nprofessor<\/p>\n<p><em>Address:<\/em> 1085 Budapest, \u00dcll\u0151i \u00fat 26. 1st floor, Rooms No. 114-116<br \/>\n<em>Telephone:<\/em> +36 1 266 0791; +36 1 459 1500\/ext. 55341<br \/>\n<em>E-mail:<\/em> <a href=\"mailto:rektorhelyettes@semmelweis.hu\">rektorhelyettes@semmelweis.hu<\/a><\/p>\n<p><a href=\"https:\/\/semmelweis.hu\/english\/the-university\/leaders-of-the-university\/vice-rector-for-general-affairs\/\" target=\"_blank\" rel=\"noopener noreferrer\">Curriculum Vitae of Dr. Ferenc B\u00e1nhidy<\/a><\/p>\n<hr \/>\n<p><a href=\"https:\/\/semmelweis.hu\/english\/the-university\/leaders-of-the-university\/vice-rector-for-educational-affairs\/\"><img loading=\"lazy\" decoding=\"async\" class=\"alignleft wp-image-41911 \" src=\"https:\/\/semmelweis.hu\/english\/files\/2024\/07\/RS84393_IMG_8952-scr-270x400.jpg\" alt=\"\" width=\"150\" height=\"223\" srcset=\"https:\/\/semmelweis.hu\/english\/files\/2024\/07\/RS84393_IMG_8952-scr-270x400.jpg 270w, https:\/\/semmelweis.hu\/english\/files\/2024\/07\/RS84393_IMG_8952-scr.jpg 507w\" sizes=\"auto, (max-width: 150px) 100vw, 150px\" \/><\/a><strong>VICE-RECTOR FOR EDUCATIONAL AFFAIRS<\/strong><\/p>\n<p><a href=\"https:\/\/semmelweis.hu\/english\/the-university\/leaders-of-the-university\/vice-rector-for-educational-affairs\/\" target=\"_blank\" rel=\"noopener noreferrer\"><strong>Dr. P\u00e9ter Hermann PhD<\/strong><\/a><br \/>\nprofessor<\/p>\n<p><em>Address:<\/em> 1085 Budapest, \u00dcll\u0151i \u00fat 26. 1st floor, Rooms No. 114-116<br \/>\n<em>Telephone:<\/em> +36 1 266 0791; +36 1 459 1500\/ext. 55341<br \/>\n<em>E-mail:<\/em> <a href=\"mailto:oktatasi.rektorhelyettes@semmelweis.hu\">rektorhelyettes@semmelweis.hu<\/a><\/p>\n<p><a href=\"https:\/\/semmelweis.hu\/english\/the-university\/leaders-of-the-university\/vice-rector-for-educational-affairs\/\" target=\"_blank\" rel=\"noopener noreferrer\">Curriculum Vitae of Dr. P\u00e9ter Hermann<\/a><\/p>\n<hr \/>\n<p><strong><a href=\"https:\/\/semmelweis.hu\/english\/the-university\/leaders-of-the-university\/vice-rector-for-science-and-innovation\/\"><img loading=\"lazy\" decoding=\"async\" class=\"alignleft wp-image-15123\" src=\"https:\/\/semmelweis.hu\/wp-content\/uploads\/2019\/08\/RS95874_IMG_9934-scr-1.jpg\" alt=\"\" width=\"150\" height=\"226\" \/><\/a>VICE-RECTOR FOR SCIENCE AND INNOVATION<\/strong><\/p>\n<p><strong><a href=\"https:\/\/semmelweis.hu\/english\/the-university\/leaders-of-the-university\/vice-rector-for-science-and-innovation\/\" target=\"_blank\" rel=\"noopener noreferrer\">Dr. P\u00e9ter Ferdinandy PhD<\/a> <br \/>\n<\/strong>professor<\/p>\n<p><em>Address:<\/em> 1085 Budapest, \u00dcll\u0151i \u00fat 26. 1st floor, Rooms No. 114-116<br \/>\n<em>Telephone:<\/em> +36 1 266 0791; +36 1 459 1500\/ext. 55351<br \/>\n<em>E-mail:<\/em> <a href=\"mailto:sci.vicerector@semmelweis.hu\" target=\"_blank\" rel=\"noopener noreferrer\">sci.vicerector@semmelweis.hu<\/a><\/p>\n<p><a href=\"https:\/\/semmelweis.hu\/english\/the-university\/leaders-of-the-university\/vice-rector-for-science-and-innovation\/\" target=\"_blank\" rel=\"noopener noreferrer\">Curriculum Vitae of Dr. P\u00e9ter Ferdinady<\/a><\/p>\n<hr \/>\n<p><strong><a href=\"https:\/\/semmelweis.hu\/english\/the-university\/leaders-of-the-university\/vice-rector-for-clinical-affairs\/\"><img loading=\"lazy\" decoding=\"async\" class=\"alignleft  wp-image-41917\" src=\"https:\/\/semmelweis.hu\/english\/files\/2024\/07\/RS98946_IMG_9823-scr-272x400.jpg\" alt=\"\" width=\"150\" height=\"221\" srcset=\"https:\/\/semmelweis.hu\/english\/files\/2024\/07\/RS98946_IMG_9823-scr-272x400.jpg 272w, https:\/\/semmelweis.hu\/english\/files\/2024\/07\/RS98946_IMG_9823-scr.jpg 510w\" sizes=\"auto, (max-width: 150px) 100vw, 150px\" \/><\/a>VICE-RECTOR FOR CLINICAL AFFAIRS<\/strong><\/p>\n<p><a href=\"https:\/\/semmelweis.hu\/english\/the-university\/leaders-of-the-university\/vice-rector-for-clinical-affairs\/\" target=\"_blank\" rel=\"noopener noreferrer\"><strong>Dr. <\/strong><strong>Attila Szab\u00f3 PhD<\/strong><\/a><br \/>\nprofessor<\/p>\n<p><em>Address:<\/em> 1085 Budapest, \u00dcll\u0151i \u00fat 26. <br \/>\n<em>Telephone:<\/em> +36 1 459 1500\/ext. 56840, 56844<br \/>\n<em>E-mail:<\/em> <a href=\"mailto:klinikai.rektorhelyettes@semmelweis.hu\">klinikai.rektorhelyettes@semmelweis.hu<\/a><\/p>\n<p><a href=\"https:\/\/semmelweis.hu\/english\/the-university\/leaders-of-the-university\/vice-rector-for-clinical-affairs\/\" target=\"_blank\" rel=\"noopener noreferrer\">Curriculum Vitae of Dr. Attila Szab\u00f3<\/a><\/p>\n<hr \/>\n<p><strong><a href=\"https:\/\/semmelweis.hu\/english\/about-semmelweis-university\/leaders-of-the-university\/vice-rector-for-strategy-and-developement\/\"><img loading=\"lazy\" decoding=\"async\" class=\"alignleft  wp-image-41922\" src=\"https:\/\/semmelweis.hu\/english\/files\/2024\/07\/RS103354_IMG_8788-scr-267x400.jpg\" alt=\"\" width=\"150\" height=\"225\" srcset=\"https:\/\/semmelweis.hu\/english\/files\/2024\/07\/RS103354_IMG_8788-scr-267x400.jpg 267w, https:\/\/semmelweis.hu\/english\/files\/2024\/07\/RS103354_IMG_8788-scr.jpg 500w\" sizes=\"auto, (max-width: 150px) 100vw, 150px\" \/><\/a>VICE-RECTOR FOR STRATEGY AND DEVELOPMENT<\/strong><\/p>\n<p><a href=\"https:\/\/semmelweis.hu\/english\/the-university\/leaders-of-the-university\/vice-rector-for-strategy-and-developement\/\" target=\"_blank\" rel=\"noopener noreferrer\"><strong>Dr. <\/strong><strong>\u00c9va Szab\u00f3 Feket\u00e9n\u00e9 PhD<\/strong><\/a><br \/>\ncollege professor<\/p>\n<p><em>Address:<\/em> 1085 Budapest, \u00dcll\u0151i \u00fat 26. <br \/>\n<em>Telephone:<\/em> +36 1 266 0791; +36 1 459 1500\/ext. 55351<br \/>\n<em>E-mail:<\/em> <a href=\"mailto:rektorhelyettes@semmelweis.hu\" target=\"_blank\" rel=\"noopener noreferrer\">rektorhelyettes@semmelweis.hu<\/a><\/p>\n<p><a href=\"https:\/\/semmelweis.hu\/english\/the-university\/leaders-of-the-university\/vice-rector-for-strategy-and-developement\/\" target=\"_blank\" rel=\"noopener noreferrer\">Curriculum Vitae of Dr. \u00c9va Szab\u00f3 Feket\u00e9n\u00e9<\/a><\/p>\n<hr \/>\n<p><strong><a href=\"https:\/\/semmelweis.hu\/english\/vice-rector-for-interntaional-studies\/\"><img loading=\"lazy\" decoding=\"async\" class=\"alignleft wp-image-17889\" src=\"https:\/\/semmelweis.hu\/english\/files\/2019\/08\/98772_transform-1.jpg\" alt=\"\" width=\"150\" height=\"214\" \/><\/a>VICE-RECTOR FOR INTERNATIONAL STUDIES<br \/>\n<\/strong><\/p>\n<p><a href=\"https:\/\/semmelweis.hu\/english\/vice-rector-for-interntaional-studies\/\" target=\"_blank\" rel=\"noopener noreferrer\"><strong>Dr. <\/strong><strong>Al\u00e1n Alp\u00e1r PhD<\/strong><\/a>\u00a0<br \/>\nprofessor<\/p>\n<p><em>Address:<\/em> 1094 Budapest, IX. T\u0171zolt\u00f3 utca 37-47. <br \/>\n<em>Telephone:<\/em> +36 1 459 1500\/ext. 60069<br \/>\n<em>E-mail:<\/em> <a href=\"mailto:titkarsag.nhkk@semmelweis.hu\" target=\"_blank\" rel=\"noopener noreferrer\">titkarsag.nhkk@semmelweis.hu<\/a><\/p>\n<p><a href=\"https:\/\/semmelweis.hu\/english\/vice-rector-for-interntaional-studies\/\" target=\"_blank\" rel=\"noopener noreferrer\">Curriculum Vitae of Dr. Al\u00e1n Alp\u00e1r<\/a><\/p>\n<hr \/>\n<p><strong><a href=\"https:\/\/semmelweis.hu\/english\/about-semmelweis-university\/leaders-of-the-university\/dean-of-the-faculty-of-medicine\/\"><img loading=\"lazy\" decoding=\"async\" class=\"alignleft  wp-image-41881\" src=\"https:\/\/semmelweis.hu\/english\/files\/2024\/07\/RS197237_433A7980-scr-267x400.jpg\" alt=\"\" width=\"150\" height=\"225\" srcset=\"https:\/\/semmelweis.hu\/english\/files\/2024\/07\/RS197237_433A7980-scr-267x400.jpg 267w, https:\/\/semmelweis.hu\/english\/files\/2024\/07\/RS197237_433A7980-scr.jpg 600w\" sizes=\"auto, (max-width: 150px) 100vw, 150px\" \/><\/a>DEAN<\/strong> <strong>\u2013 Faculty of Medicine<\/strong><\/p>\n<p><a href=\"https:\/\/semmelweis.hu\/english\/the-university\/leaders-of-the-university\/dean-of-the-faculty-of-medicine\/\" target=\"_blank\" rel=\"noopener noreferrer\"><strong>Dr. P\u00e9ter Nyir\u00e1dy PhD<\/strong><\/a> <br \/>\nprofessor<\/p>\n<p><em>Address:<\/em> 1085, Budapest, \u00dcll\u0151i \u00fat 26. 2nd floor, Room No. 201<br \/>\n<em>Telephone:<\/em> +36 1 317 9057; +36 1 459 1500\/ext. 55238<br \/>\n<em>E-mail:<\/em> <a href=\"mailto:titkarsag.aokdekani@semmelweis.hu\">titkarsag.aokdekani@semmelweis.hu<\/a><\/p>\n<p><a href=\"https:\/\/semmelweis.hu\/english\/the-university\/leaders-of-the-university\/dean-of-the-faculty-of-medicine\/\" target=\"_blank\" rel=\"noopener noreferrer\">Curriculum Vitae of Dr. P\u00e9ter Nyir\u00e1dy<\/a><\/p>\n<hr \/>\n<p><strong><a href=\"https:\/\/semmelweis.hu\/english\/about-semmelweis-university\/leaders-of-the-university\/dean-of-the-faculty-of-health-and-public-administration\/\"><img loading=\"lazy\" decoding=\"async\" class=\"alignleft wp-image-45979\" src=\"https:\/\/semmelweis.hu\/english\/files\/2025\/09\/RS222733_GV5A3842-Edit-2-scr-267x400.jpg\" alt=\"\" width=\"150\" height=\"225\" srcset=\"https:\/\/semmelweis.hu\/english\/files\/2025\/09\/RS222733_GV5A3842-Edit-2-scr-267x400.jpg 267w, https:\/\/semmelweis.hu\/english\/files\/2025\/09\/RS222733_GV5A3842-Edit-2-scr.jpg 600w\" sizes=\"auto, (max-width: 150px) 100vw, 150px\" \/><\/a>DEAN \u2013 Faculty of Health and Public Administration<\/strong><\/p>\n<p><a href=\"https:\/\/semmelweis.hu\/english\/about-semmelweis-university\/leaders-of-the-university\/dean-of-the-faculty-of-health-and-public-administration\/\" target=\"_blank\" rel=\"noopener noreferrer\"><strong>Dr. <\/strong><strong>Be\u00e1ta D\u00e1vid PhD<\/strong><\/a>\u00a0<br \/>\nprofessor<\/p>\n<p><em>Address:<\/em> 1085 Budapest, \u00dcll\u0151i \u00fat 26.<br \/>\n<em>Telephone:<\/em> +36 1 459 1500\/ext. 55635<br \/>\n<em>E-mail:<\/em> <a href=\"mailto:dekani@ekk.sote.hu\">dekani@ekk.sote.hu<\/a><\/p>\n<p><a href=\"https:\/\/semmelweis.hu\/english\/about-semmelweis-university\/leaders-of-the-university\/dean-of-the-faculty-of-health-and-public-administration\/\">Curriculum Vitae of Dr. Be\u00e1ta D\u00e1vid<\/a><\/p>\n<hr \/>\n<p><strong><a href=\"https:\/\/semmelweis.hu\/english\/the-university\/leaders-of-the-university\/dean-of-the-faculty-of-health-sciences\/\"><img loading=\"lazy\" decoding=\"async\" class=\"alignleft wp-image-21757\" src=\"https:\/\/semmelweis.hu\/english\/files\/2020\/07\/RS103348_IMG_8550-scr-281x400-1.jpg\" alt=\"\" width=\"150\" height=\"213\" \/><\/a>DEAN \u2013 Faculty of Health Sciences<\/strong><\/p>\n<p><a href=\"https:\/\/semmelweis.hu\/english\/the-university\/leaders-of-the-university\/dean-of-the-faculty-of-health-sciences\/\" target=\"_blank\" rel=\"noopener noreferrer\"><strong>Dr. Gabriella D\u00f6rnyei Bedn\u00e1rikn\u00e9 PhD<\/strong><\/a><br \/>\ncollege professor<\/p>\n<p><em>Address:<\/em> 1088 Budapest, Vas u. 17.<i><br \/>\n<\/i><em>Telephone:<\/em> +36 1 486 4800<br \/>\n<em>E-mail:<\/em> <a href=\"mailto:etk.dekanihivatal@semmelweis.hu\">etk.dekanihivatal@semmelweis.hu<\/a><\/p>\n<p><a href=\"https:\/\/semmelweis.hu\/english\/the-university\/leaders-of-the-university\/dean-of-the-faculty-of-health-sciences\/\" target=\"_blank\" rel=\"noopener noreferrer\">Curriculum Vitae of Dr. Gabriella D\u00f6rnyei Bedn\u00e1rikn\u00e9<\/a><\/p>\n<hr \/>\n<p><strong><a href=\"https:\/\/semmelweis.hu\/english\/the-university\/leaders-of-the-university\/dean-of-the-faculty-of-dentistry\/\"><img loading=\"lazy\" decoding=\"async\" class=\"alignleft wp-image-15011\" src=\"https:\/\/semmelweis.hu\/wp-content\/uploads\/2019\/07\/RS95332_IMG_7424-scr-280x400.jpg\" alt=\"\" width=\"150\" height=\"215\" \/><\/a>DEAN \u2013 Faculty of Dentistry <br \/>\n<\/strong><\/p>\n<p><a href=\"https:\/\/semmelweis.hu\/english\/the-university\/leaders-of-the-university\/dean-of-the-faculty-of-dentistry\/\" target=\"_blank\" rel=\"noopener noreferrer\"><strong>Dr. G\u00e1bor Gerber PhD<\/strong><\/a>\u00a0<a href=\"https:\/\/semmelweis.hu\/az-egyetemrol\/vezeto-tisztsegviselok\/dr-gerber-gabor\/\" rel=\"noopener\"><br \/>\n<\/a>professor<\/p>\n<p><em>Address:<\/em> 1085 Budapest, \u00dcll\u0151i \u00fat 26. Ground floor, Room No. 15<br \/>\n<em>Telephone:<\/em> +36 1 266 0453; +36 1 459 1500\/ext. 55269<br \/>\n<em>E-mail:<\/em> <a href=\"mailto:fok.dekan@semmelweis.hu\">fok.dekan@semmelweis.hu<\/a><\/p>\n<p><a href=\"https:\/\/semmelweis.hu\/english\/the-university\/leaders-of-the-university\/dean-of-the-faculty-of-dentistry\/\" target=\"_blank\" rel=\"noopener noreferrer\">Curriculum Vitae of Dr. G\u00e1bor Gerber<\/a><\/p>\n<hr \/>\n<p><strong><a href=\"https:\/\/semmelweis.hu\/english\/about-semmelweis-university\/leaders-of-the-university\/dean-of-the-faculty-of-pharmacy\/\"><img loading=\"lazy\" decoding=\"async\" class=\"alignleft wp-image-46072\" src=\"https:\/\/semmelweis.hu\/english\/files\/2025\/10\/RS223932_0E1A8757-scr-267x400.jpg\" alt=\"\" width=\"150\" height=\"225\" srcset=\"https:\/\/semmelweis.hu\/english\/files\/2025\/10\/RS223932_0E1A8757-scr-267x400.jpg 267w, https:\/\/semmelweis.hu\/english\/files\/2025\/10\/RS223932_0E1A8757-scr.jpg 600w\" sizes=\"auto, (max-width: 150px) 100vw, 150px\" \/><\/a>DEAN \u2013 Faculty of Pharmaceutical Sciences<\/strong><\/p>\n<p><a href=\"https:\/\/semmelweis.hu\/english\/about-semmelweis-university\/leaders-of-the-university\/dean-of-the-faculty-of-pharmacy\/\" target=\"_blank\" rel=\"noopener noreferrer\"><strong>Dr. Istv\u00e1n Antal PhD<\/strong><\/a><br \/>\nprofessor<\/p>\n<p><em>Address:<\/em> 1085 Budapest \u00dcll\u0151i \u00fat 26. Ground floor, Room No. 16<br \/>\n<em>Telephone:<\/em> +36 1 266 0449<br \/>\n<em>E-mail:<\/em> <a href=\"mailto:gytkdhivatal@semmelweis.hu\">gytkdhivatal@semmelweis.hu<\/a><\/p>\n<p><a href=\"https:\/\/semmelweis.hu\/english\/about-semmelweis-university\/leaders-of-the-university\/dean-of-the-faculty-of-pharmacy\/\" target=\"_blank\" rel=\"noopener noreferrer\">Curriculum Vitae of Dr. Istv\u00e1n Antal<\/a><\/p>\n<hr \/>\n<p><strong><a href=\"https:\/\/semmelweis.hu\/english\/the-university\/leaders-of-the-university\/dean-of-the-andras-peto-faculty\/\"><img loading=\"lazy\" decoding=\"async\" class=\"alignleft wp-image-15009\" src=\"https:\/\/semmelweis.hu\/wp-content\/uploads\/2019\/07\/RS85536_IMG_0274-scr-284x400.jpg\" alt=\"\" width=\"150\" height=\"212\" \/><\/a>DEAN \u2013 Andr\u00e1s Pet\u0151 Faculty<\/strong><\/p>\n<p><strong><a href=\"https:\/\/semmelweis.hu\/english\/the-university\/leaders-of-the-university\/dean-of-the-andras-peto-faculty\/\" target=\"_blank\" rel=\"noopener noreferrer\">Dr. Andrea Zsebe PhD<\/a><br \/>\n<\/strong>college professor<\/p>\n<p><em>Address:<\/em> 1125 Budapest, K\u00fatv\u00f6lgyi \u00fat 6.<br \/>\n<span style=\"font-family: inherit;font-size: inherit\"><em>Telephone:<\/em> +36 1 224 1519<br \/>\n<em>E-mail:<\/em> <a href=\"mailto:pak_dekan@semmelweis.hu\">pak_dekan@semmelweis.hu<\/a><\/span><\/p>\n<p><a href=\"https:\/\/semmelweis.hu\/english\/the-university\/leaders-of-the-university\/dean-of-the-andras-peto-faculty\/\" target=\"_blank\" rel=\"noopener noreferrer\">Curriculum Vitae of Dr. Andrea Zsebe Mikl\u00f3sn\u00e9 Tenk<\/a><\/p>\n<hr \/>\n<p><strong><a href=\"https:\/\/semmelweis.hu\/english\/the-university\/leaders-of-the-university\/president-of-the-doctoral-council\/\"><img loading=\"lazy\" decoding=\"async\" class=\"alignleft\" src=\"https:\/\/semmelweis.hu\/wp-content\/uploads\/2020\/10\/124839_transform.jpg\" alt=\"\" width=\"150\" height=\"213\" \/><\/a>PRESIDENT \u2013 Doctoral Council<\/strong><\/p>\n<p><strong><a href=\"https:\/\/semmelweis.hu\/english\/about-semmelweis-university\/leaders-of-the-university\/president-of-the-doctoral-council\/\" target=\"_blank\" rel=\"noopener noreferrer\">Dr. Zolt\u00e1n Beny\u00f3 PhD<\/a> <\/strong><br \/>\nprofessor<\/p>\n<p><em>Address:<\/em> 1085 Budapest \u00dcll\u0151i u. 26. Ground floor, Room No. 9<br \/>\n<em>Telephone:<\/em> +36 1 266 7483; +36 1 266 2343<br \/>\n<em>E-mail:<\/em> <a href=\"mailto:phd.titkarsag@semmelweis.hu\">phd.titkarsag@semmelweis.hu<\/a><\/p>\n<p><a href=\"https:\/\/semmelweis.hu\/english\/about-semmelweis-university\/leaders-of-the-university\/president-of-the-doctoral-council\/\" target=\"_blank\" rel=\"noopener noreferrer\">Curriculum Vitae of Dr. Zolt\u00e1n Beny\u00f3 <\/a><\/p>\n<p>&nbsp;<\/p>\n","protected":false},"excerpt":{"rendered":"<p><a href=\"https:\/\/semmelweis.hu\/english\/the-university\/leaders-of-the-university\/rector\/\" target=\"_blank\" rel=\"noopener\"><\/a> RECTOR <a href=\"https:\/\/semmelweis.hu\/english\/the-university\/leaders-of-the-university\/rector\/\" target=\"_blank\" rel=\"noopener\">Dr. B\u00e9la Merkely PhD<\/a> professor Address: 1085 Budapest, \u00dcll\u0151i \u00fat 26. 1st floor, Room No. 101 Telephone: +36 1 317 2400; +36 1 317 9055 E-mail: <a href=\"mailto:rektor@semmelweis.hu\">rektor@semmelweis.hu<\/a> <a href=\"https:\/\/semmelweis.hu\/english\/the-university\/leaders-of-the-university\/rector\/\" target=\"_blank\" rel=\"noopener noreferrer\">Curriculum Vitae of Dr. B\u00e9la Merkely<\/a> <a href=\"https:\/\/semmelweis.hu\/english\/the-university\/leaders-of-the-university\/chancellor\/\"><\/a> CHANCELLOR <a href=\"https:\/\/semmelweis.hu\/english\/the-university\/leaders-of-the-university\/chancellor\/\" target=\"_blank\" rel=\"noopener noreferrer\">Dr. L\u00edvia Pavlik PhD<\/a> associate professor Address: 1085 Budapest, \u00dcll\u0151i \u00fat 26. Telephone: +36 1 459 1552; +36 1 459 1500\/ext. 55452 E-mail: <a href=\"mailto:kancellar@semmelweis.hu\">kancellar@semmelweis.hu<\/a> <a href=\"https:\/\/semmelweis.hu\/english\/the-university\/leaders-of-the-university\/chancellor\/\" target=\"_blank\" rel=\"noopener noreferrer\">Curriculum Vitae of Dr. L\u00edvia Pavlik<\/a> <a href=\"https:\/\/semmelweis.hu\/english\/the-university\/leaders-of-the-university\/vice-rector-for-general-affairs\/\"><\/a> VICE-RECTOR FOR GENERAL AFFAIRS <a href=\"https:\/\/semmelweis.hu\/english\/the-university\/leaders-of-the-university\/vice-rector-for-general-affairs\/\" target=\"_blank\" rel=\"noopener noreferrer\">Dr. Ferenc B\u00e1nhidy PhD<\/a> professor Address: 1085 Budapest, \u00dcll\u0151i \u00fat 26. 1st &hellip;<\/p>\n","protected":false},"author":158,"featured_media":0,"parent":3041,"menu_order":4,"comment_status":"closed","ping_status":"closed","template":"","meta":{"_acf_changed":false,"footnotes":""},"categories":[],"tags":[],"class_list":["post-72","page","type-page","status-publish","hentry"],"acf":[],"_links":{"self":[{"href":"https:\/\/semmelweis.hu\/english\/wp-json\/wp\/v2\/pages\/72","targetHints":{"allow":["GET"]}}],"collection":[{"href":"https:\/\/semmelweis.hu\/english\/wp-json\/wp\/v2\/pages"}],"about":[{"href":"https:\/\/semmelweis.hu\/english\/wp-json\/wp\/v2\/types\/page"}],"author":[{"embeddable":true,"href":"https:\/\/semmelweis.hu\/english\/wp-json\/wp\/v2\/users\/158"}],"replies":[{"embeddable":true,"href":"https:\/\/semmelweis.hu\/english\/wp-json\/wp\/v2\/comments?post=72"}],"version-history":[{"count":17,"href":"https:\/\/semmelweis.hu\/english\/wp-json\/wp\/v2\/pages\/72\/revisions"}],"predecessor-version":[{"id":46075,"href":"https:\/\/semmelweis.hu\/english\/wp-json\/wp\/v2\/pages\/72\/revisions\/46075"}],"up":[{"embeddable":true,"href":"https:\/\/semmelweis.hu\/english\/wp-json\/wp\/v2\/pages\/3041"}],"wp:attachment":[{"href":"https:\/\/semmelweis.hu\/english\/wp-json\/wp\/v2\/media?parent=72"}],"wp:term":[{"taxonomy":"category","embeddable":true,"href":"https:\/\/semmelweis.hu\/english\/wp-json\/wp\/v2\/categories?post=72"},{"taxonomy":"post_tag","embeddable":true,"href":"https:\/\/semmelweis.hu\/english\/wp-json\/wp\/v2\/tags?post=72"}],"curies":[{"name":"wp","href":"https:\/\/api.w.org\/{rel}","templated":true}]}}