{"id":62,"date":"2011-02-04T09:18:11","date_gmt":"2011-02-04T08:18:11","guid":{"rendered":"http:\/\/se.local\/"},"modified":"2025-06-17T15:10:28","modified_gmt":"2025-06-17T13:10:28","slug":"foundations-companies","status":"publish","type":"page","link":"https:\/\/semmelweis.hu\/english\/about-semmelweis-university\/foundations-companies\/","title":{"rendered":"Foundations and Companies"},"content":{"rendered":"<div class=\"keretes w-100\" style=\"border-left: 1px solid lightgray  !important; border-right: 1px solid lightgray !important; border-top: 1px solid lightgray !important; background-color: #ffff !important; border-bottom: 1px solid lightgray;\">\n<h3>Foundation for National Health Care and Medical Education<\/h3>\n<p>As of August 1, 2021, Semmelweis University is operating under the control of a public-interest trust foundation. The maintainer of the university is the Foundation for National Health Care and Medical Education (NEOA). The new, more flexible structure will make possible for the university to better meet the social, economic and knowledge industry challenges, as well as the expectations for high quality.<\/p>\n<p>Website: <a href=\"https:\/\/semmelweis.hu\/neoa\/en\/\" target=\"_blank\" rel=\"noopener\">https:\/\/semmelweis.hu\/neoa\/<\/a><\/p>\n<\/div>\n<div class=\"keretes w-100\" style=\"border-left: 1px solid lightgray  !important; border-right: 1px solid lightgray !important; border-top: 1px solid lightgray !important; background-color: #ffff !important; border-bottom: 1px solid lightgray;\">\n<h3>Semmelweis University Foundation<\/h3>\n<p>The Semmelweis University Foundation is Semmelweis University\u2019s non-profit foundation, which aims to support its educational, health care, and research activities. It was established to support Semmelweis University of Medicine\u2019s educational, health care, and research activities. The Foundation undertakes public benefit activities and performs public functions in the areas of health maintenance, disease prevention, healing and health rehabilitation, scientific activities, research, teaching and education, skill development, and the dissemination of knowledge.<\/p>\n<p>Website: <a href=\"https:\/\/semmelweis.hu\/alapitvany\/en\/\" target=\"_blank\" rel=\"noopener\">https:\/\/semmelweis.hu\/alapitvany\/<\/a><\/p>\n<\/div>\n<div class=\"keretes w-100\" style=\"border-left: 1px solid lightgray  !important; border-right: 1px solid lightgray !important; border-top: 1px solid lightgray !important; background-color: #ffff !important; border-bottom: 1px solid lightgray;\">\n<h3 style=\"text-align: justify;\">Semmelweis Premium Medical Services and Consulting Ltd.<\/h3>\n<p style=\"text-align: justify;\"><a href=\"https:\/\/semmelweis.hu\/english\/files\/2024\/02\/Kep1.png\"><img loading=\"lazy\" decoding=\"async\" class=\"alignright wp-image-40322 size-full\" src=\"https:\/\/semmelweis.hu\/english\/files\/2024\/02\/Kep1.png\" alt=\"\" width=\"228\" height=\"83\" \/><\/a>Wholly owned by the University, Semmelweis Premium offers high quality private health care services using Semmelweis University\u2019s clinical background and the expertise and professional experience of its clinical physicians.\u00a0 It provides services that are not funded by the National Health Insurance Fund of Hungary (NEAK) or that would be available only after a very long waiting period.<br \/>\nThe services are provided in the offices specially designed for the University&#8217;s departments with the cooperation of the university&#8217;s current and former specialists.<\/p>\n<p style=\"text-align: justify;\">Website: <a href=\"https:\/\/www.semmelweispremium.hu\" target=\"_blank\" rel=\"noopener\">https:\/\/www.semmelweispremium.hu<\/a><br \/>\nExecutive Director: R\u00f3bert Kov\u00e1cs<br \/>\nPostal address: 1085 Budapest, \u00dcll\u0151i \u00fat 26. <br \/>\nPhone: +36 20 663 2666<\/p>\n<\/div>\n<div class=\"keretes w-100\" style=\"border-left: 1px solid lightgray  !important; border-right: 1px solid lightgray !important; border-top: 1px solid lightgray !important; background-color: #ffff !important; border-bottom: 1px solid lightgray;\">\n<h3 style=\"text-align: justify;\">Semmelweis Publishing and Media Ltd.<\/h3>\n<p style=\"text-align: justify;\"><a href=\"https:\/\/semmelweis.hu\/english\/files\/2018\/12\/semmelweis-kiado-logo.png\"><img loading=\"lazy\" decoding=\"async\" class=\"alignright wp-image-14429\" src=\"https:\/\/semmelweis.hu\/english\/files\/2018\/12\/semmelweis-kiado-logo.png\" alt=\"\" width=\"140\" height=\"140\" srcset=\"https:\/\/semmelweis.hu\/english\/files\/2018\/12\/semmelweis-kiado-logo.png 366w, https:\/\/semmelweis.hu\/english\/files\/2018\/12\/semmelweis-kiado-logo-150x150.png 150w, https:\/\/semmelweis.hu\/english\/files\/2018\/12\/semmelweis-kiado-logo-300x300.png 300w, https:\/\/semmelweis.hu\/english\/files\/2018\/12\/semmelweis-kiado-logo-144x144.png 144w, https:\/\/semmelweis.hu\/english\/files\/2018\/12\/semmelweis-kiado-logo-90x90.png 90w\" sizes=\"auto, (max-width: 140px) 100vw, 140px\" \/><\/a>Semmelweis University has a 100% ownership over Semmelweis Publishing and Media Ltd. It strives to put its publishing activities at the service of the Hungarian medicine, pharmacy and natural sciences, with a modern and new approach, in a manner worthy of the University&#8217;s national and international reputation.<\/p>\n<p>The publisher&#8217;s aim is to play a defining role in Hungarian book publishing from both a professional and quality point of view, while preserving the traditions of medical, pharmaceutical and natural science book publishing, which is ensured by excellent management control, and the experience and commitment of the employees.<\/p>\n<p class=\"hiddenContentp\" style=\"text-align: justify;\">Website: <a href=\"http:\/\/www.semmelweiskiado.hu\" target=\"_blank\" rel=\"noopener noreferrer\">www.semmelweiskiado.hu<\/a> (in Hungarian only)<br \/>\nExcecutive Director: Gy\u00f6rgy Szab\u00f3<br \/>\nPostal address: 1089 Budapest, Nagyv\u00e1rad t\u00e9r 4.<br \/>\nPhone: (+36 ) 210-4403 <br \/>\nFax: (+36 1) 210-1904<br \/>\nEmail: <a href=\"mailto:info@semmelweiskiado.hu\">info@semmelweiskiado.hu<\/a><\/p>\n<\/div>\n<div class=\"keretes w-100\" style=\"border-left: 1px solid lightgray  !important; border-right: 1px solid lightgray !important; border-top: 1px solid lightgray !important; background-color: #ffff !important; border-bottom: 1px solid lightgray;\">\n<h3 style=\"text-align: justify;\">Semmelweis Medical Studies Non-profit Ltd.<\/h3>\n<p style=\"text-align: justify;\">Semmelweis University has a 100% ownership over Semmelweis Medical Studies Non-profit Ltd., which aims to manage and organize the seamless recruitment and enrollment of foreign students at Semmelweis University. With the help of its international network of regional representatives and its own global promotional activities, the company conducts recruitment exclusively for Semmelweis University.<\/p>\n<p style=\"text-align: justify;\">Website: <a href=\"http:\/\/s-ms.hu\/\" target=\"_blank\" rel=\"noopener noreferrer\">https:\/\/s-ms.hu\/<br \/>\n<\/a>Executive Director: Dr. Al\u00e1n Alp\u00e1r<br \/>\nPostal address: 1085 Budapest, \u00dcll\u0151i \u00fat 26.<br \/>\nPhone: +36 30 312 46 63 <br \/>\nE-mail: <a href=\"mailto:info@s-ms.hu\">info@s-ms.hu<\/a><\/p>\n<\/div>\n<div class=\"keretes w-100\" style=\"border-left: 1px solid lightgray  !important; border-right: 1px solid lightgray !important; border-top: 1px solid lightgray !important; background-color: #ffff !important; border-bottom: 1px solid lightgray;\">\n<h3 style=\"text-align: justify;\">HCEMM Non-profit Ltd.<\/h3>\n<p style=\"text-align: justify;\"><a href=\"https:\/\/www.hcemm.eu\/\"><img loading=\"lazy\" decoding=\"async\" class=\"alignright wp-image-15320 size-full\" src=\"https:\/\/semmelweis.hu\/wp-content\/uploads\/2019\/10\/hcemm-logo.jpg\" alt=\"\" width=\"227\" height=\"55\" \/><\/a>The European Commission\u2019s Research Executive Agency, the National Research, Development and Innovation Office, the Hungarian Academy of Sciences, the Hungarian Academy of Sciences Biological Research Centre in Szeged, the University of Szeged, the University of Debrecen, Semmelweis University and the European Molecular Biology Laboratory (\u201cEMBL\u201d) signed a multilateral agreement within the framework of Horizon 2020 program.<\/p>\n<p>In order to operationally implement the project, Semmelweis University, the University of Szeged and the Biological Research Center of Szeged have created the HCEMM Non-profit Ltd. in equal proportions, which operates the HCEMM Center of Excellence for Molecular Medicine, and will carry out research, service and training activities in the field of molecular medicine.<\/p>\n<p style=\"text-align: justify;\">Website: <a href=\"https:\/\/www.hcemm.eu\/\" target=\"_blank\" rel=\"noopener noreferrer\">https:\/\/www.hcemm.eu\/<\/a><br \/>\nDirector General: Dr. Christoph W. Sensen<br \/>\nAddress: 6720 Szeged, Dugonics t\u00e9r 13.<br \/>\nPhone: +36 30 127 0121<br \/>\nE-mail: <a href=\"mailto:office@hcemm.eu\" target=\"_blank\" rel=\"noopener noreferrer\">office@hcemm.eu<\/a><\/p>\n<\/div>\n<div class=\"keretes w-100\" style=\"border-left: 1px solid lightgray  !important; border-right: 1px solid lightgray !important; border-top: 1px solid lightgray !important; background-color: #ffff !important; border-bottom: 1px solid lightgray;\">\n<h3 style=\"text-align: justify;\">Semmelweis TTC Technology Transfer Center Private Limited Company<\/h3>\n<p style=\"text-align: justify;\">Semmelweis TTC Technology Transfer Center Private Limited Company is a one-person, private limited company owned by Semmelweis University. The company is solely responsible for the utilization of intellectual property created at the university, whose rights of use have not yet been granted through licensing out and spin-offs. Via the company, the university will provide researchers with more efficient assistance to increase the technological maturity and commercialization of their innovations, from the first filing of an intellectual creation, through further funding, and incubation services to successful market entry.<\/p>\n<p>Executive Director: Kitti Eszter Jakab<br \/>\nRegistered office: 26 \u00dcll\u0151i Street, Budapest 1085<br \/>\nE-mail: <a href=\"mailto:ttcenter@semmelweis.hu\">ttcenter@semmelweis.hu<\/a><\/p>\n<\/div>\n<div class=\"keretes w-100\" style=\"border-left: 1px solid lightgray  !important; border-right: 1px solid lightgray !important; border-top: 1px solid lightgray !important; background-color: #ffff !important; border-bottom: 1px solid lightgray;\">\n<h3>University Fencing Club Ltd.<\/h3>\n<p>Semmelweis University gives priority to expanding the framework and opportunities for sporting activities, which enables both students and employees to actively participate in a sports organization associated with the institution. As a part of this process, Semmelweis University, together with E\u00f6tv\u00f6s Lor\u00e1nd University, established the University Fencing Club Ltd. with an equal share of the business in order to boost university sports life and create a proper framework for the cultivation of fencing. Within the partnership, the Ltd. established by an equal share of ownership provides the background for the joint fencing club of the two universities.<\/p>\n<p>Managing Director (Operative): J\u00e1nos J\u00f3zsef Horv\u00e1th<br \/>\nPhone: +36 30 932 5763<br \/>\nManaging Director (Strategic): Zsolt L\u00e1szl\u00f3 \u00dcr\u00f6gi<br \/>\nPhone: +36 20 825 0821<br \/>\nE-mail: <a href=\"mailto:uni.vivoclub@gmail.com\">uni.vivoclub@gmail.com<\/a><\/p>\n<\/div>\n<div class=\"keretes w-100\" style=\"border-left: 1px solid lightgray  !important; border-right: 1px solid lightgray !important; border-top: 1px solid lightgray !important; background-color: #ffff !important; border-bottom: 1px solid lightgray;\">\n<h3>Semmelweis Office Building B52 Ltd.<\/h3>\n<p>The Semmelweis Office Building B52 Ltd. as the owner of the University&#8217;s premises at Baross utca 52, ensures the full operation of the building. The Ltd. provides the necessary infrastructure in the the seven-story building, that homes the University&#8217;s supporting areas on three levels &#8211; the Directorate General of Legal and Administrative Affairs and Directorate General of Information Technology &#8211; to perform their tasks. \u00a0\u00a0<\/p>\n<p>Managing Director: G\u00e1bor Czinderi<br \/>\nAssistant: Eszter Tam\u00e1s<br \/>\nPhone: +36 20 961 3567<br \/>\nPostal address: 1085 Budapest, Baross u. 52. 6th floor<br \/>\nE-mail: <a href=\"semmelweisb52.kft@semmelweis.hu\">semmelweisb52.kft@semmelweis.hu<\/a>\u00a0<\/p>\n<\/div>\n<div class=\"keretes w-100\" style=\"border-left: 1px solid lightgray  !important; border-right: 1px solid lightgray !important; border-top: 1px solid lightgray !important; background-color: #ffff !important; border-bottom: 1px solid lightgray;\">\n<h3>Semmelweis BC22 Ltd.<\/h3>\n<p>Semmelweis BC22 Ltd., as the owner of the university\u2019s premises at 22 Baross utca, 1085 Budapest, Hungary, ensures the full operation of the building. The seven-storey building currently provides the necessary infrastructure for the university&#8217;s support departments \u2013 such as the Central Economic Network Management Directorate \u2013 on two floors, and after the necessary renovations, it will accommodate additional educational and support departments of the university on five floors.<\/p>\n<p>Managing Director: Dr. Andrea Skaliczky<br \/>\nPhone: +36 30 016 49 21<br \/>\nPostal address: 1085 Budapest, Baross u. 52.<br \/>\nE-mail: <a href=\"mailto:semmelweisbc22.kft@gmail.com\">semmelweisbc22.kft@gmail.com<\/a><\/p>\n<\/div>\n","protected":false},"excerpt":{"rendered":"<p>Foundation for National Health Care and Medical Education As of August 1, 2021, Semmelweis University is operating under the control of a public-interest trust foundation. The maintainer of the university is the Foundation for National Health Care and Medical Education (NEOA). The new, more flexible structure will make possible for the university to better meet &hellip;<\/p>\n","protected":false},"author":158,"featured_media":0,"parent":3041,"menu_order":8,"comment_status":"closed","ping_status":"closed","template":"","meta":{"_acf_changed":false,"footnotes":""},"categories":[],"tags":[],"class_list":["post-62","page","type-page","status-publish","hentry"],"acf":[],"_links":{"self":[{"href":"https:\/\/semmelweis.hu\/english\/wp-json\/wp\/v2\/pages\/62","targetHints":{"allow":["GET"]}}],"collection":[{"href":"https:\/\/semmelweis.hu\/english\/wp-json\/wp\/v2\/pages"}],"about":[{"href":"https:\/\/semmelweis.hu\/english\/wp-json\/wp\/v2\/types\/page"}],"author":[{"embeddable":true,"href":"https:\/\/semmelweis.hu\/english\/wp-json\/wp\/v2\/users\/158"}],"replies":[{"embeddable":true,"href":"https:\/\/semmelweis.hu\/english\/wp-json\/wp\/v2\/comments?post=62"}],"version-history":[{"count":14,"href":"https:\/\/semmelweis.hu\/english\/wp-json\/wp\/v2\/pages\/62\/revisions"}],"predecessor-version":[{"id":20509,"href":"https:\/\/semmelweis.hu\/english\/wp-json\/wp\/v2\/pages\/62\/revisions\/20509"}],"up":[{"embeddable":true,"href":"https:\/\/semmelweis.hu\/english\/wp-json\/wp\/v2\/pages\/3041"}],"wp:attachment":[{"href":"https:\/\/semmelweis.hu\/english\/wp-json\/wp\/v2\/media?parent=62"}],"wp:term":[{"taxonomy":"category","embeddable":true,"href":"https:\/\/semmelweis.hu\/english\/wp-json\/wp\/v2\/categories?post=62"},{"taxonomy":"post_tag","embeddable":true,"href":"https:\/\/semmelweis.hu\/english\/wp-json\/wp\/v2\/tags?post=62"}],"curies":[{"name":"wp","href":"https:\/\/api.w.org\/{rel}","templated":true}]}}