{"id":4287,"date":"2014-06-11T09:17:31","date_gmt":"2014-06-11T07:17:31","guid":{"rendered":"http:\/\/semmelweis.hu\/english\/?page_id=4287"},"modified":"2025-01-29T15:31:59","modified_gmt":"2025-01-29T14:31:59","slug":"public-information","status":"publish","type":"page","link":"https:\/\/semmelweis.hu\/english\/about-semmelweis-university\/public-information\/","title":{"rendered":"Public Information"},"content":{"rendered":"<p><img loading=\"lazy\" decoding=\"async\" class=\"alignright \" src=\"https:\/\/semmelweis.hu\/brand\/files\/2021\/09\/Semmelweis_logo_Latin_COLOR_JPG-400x400.jpg\" width=\"201\" height=\"201\" \/>Name: <strong>Semmelweis University<\/strong> <br \/>\n(in Hungarian: <strong>Semmelweis Egyetem<\/strong>)<br \/>\nAbbreviated as: <strong>SE<\/strong><br \/>\nCentral Administration: <strong>1085 Budapest, \u00dcll\u0151i \u00fat 26.<br \/>\n<\/strong>Mailing address: <strong>1428 Budapest, Pf. 2.<\/strong><br \/>\nPhone number: <strong>+36 1 459 1500<br \/>\n<\/strong>Website: <a href=\"https:\/\/semmelweis.hu\/\">www.semmelweis.hu<\/a><strong><br \/>\n<\/strong><\/p>\n<p>Head of the organization: <strong>Dr. B\u00e9la Merkely, Rector<br \/>\n<\/strong>Chancellor of the organization: <strong>Dr. L\u00edvia Pavlik, Chancellor<br \/>\n<\/strong>Chief Financial Officer of the organization: <strong>Ir\u00e9n <\/strong><strong>Holl\u00f3 Baumgartnern\u00e9, Director General of Economic Management<\/strong><\/p>\n<div class=\"keretes w-100\">\n<h4><strong>Semmelweis University&#8217;s bank accounts<\/strong><\/h4>\n<ul>\n<li>HUF account: OTP 11784009-22236665<\/li>\n<li>EUR account: OTP 11763842-00880888<\/li>\n<li>USD account: OTP 11763842-00881016<\/li>\n<\/ul>\n<p>IBAN:<\/p>\n<ul>\n<li>HUF: HU41117840092223666500000000<\/li>\n<li>EUR: HU51117638420088088800000000<\/li>\n<li>USD: HU57117638420088101600000000<\/li>\n<\/ul>\n<p>SWIFT (BIC) code: OTPVHUHB<\/p>\n<p>Semmelweis University&#8217;s VAT group tax number: <strong>17784234-5-44<\/strong><br \/>\nSemmelweis University&#8217;s EU VAT group tax number: <strong>HU17784234<\/strong><br \/>\nSemmelweis University\u2019s tax identification number:<strong>\u00a019308674-4-44<br \/>\n<\/strong><strong><br \/>\n<\/strong>Semmelweis University&#8217;s statistical code number: <strong>19308674 8542 563 01<br \/>\n<\/strong>Semmelweis University&#8217;s institutional identifier: <strong>FI 62576<br \/>\n<\/strong>Semmelweis University&#8217;s EORI number: <strong>HU0122640948<\/strong><\/p>\n<\/div>\n","protected":false},"excerpt":{"rendered":"<p>Name: Semmelweis University (in Hungarian: Semmelweis Egyetem) Abbreviated as: SE Central Administration: 1085 Budapest, \u00dcll\u0151i \u00fat 26. Mailing address: 1428 Budapest, Pf. 2. Phone number: +36 1 459 1500 Website: <a href=\"https:\/\/semmelweis.hu\/\">www.semmelweis.hu<\/a> Head of the organization: Dr. B\u00e9la Merkely, Rector Chancellor of the organization: Dr. L\u00edvia Pavlik, Chancellor Chief Financial Officer of the organization: Ir\u00e9n Holl\u00f3 Baumgartnern\u00e9, &hellip;<\/p>\n","protected":false},"author":28,"featured_media":0,"parent":3041,"menu_order":11,"comment_status":"closed","ping_status":"closed","template":"","meta":{"_acf_changed":false,"footnotes":""},"categories":[],"tags":[],"class_list":["post-4287","page","type-page","status-publish","hentry"],"acf":[],"_links":{"self":[{"href":"https:\/\/semmelweis.hu\/english\/wp-json\/wp\/v2\/pages\/4287","targetHints":{"allow":["GET"]}}],"collection":[{"href":"https:\/\/semmelweis.hu\/english\/wp-json\/wp\/v2\/pages"}],"about":[{"href":"https:\/\/semmelweis.hu\/english\/wp-json\/wp\/v2\/types\/page"}],"author":[{"embeddable":true,"href":"https:\/\/semmelweis.hu\/english\/wp-json\/wp\/v2\/users\/28"}],"replies":[{"embeddable":true,"href":"https:\/\/semmelweis.hu\/english\/wp-json\/wp\/v2\/comments?post=4287"}],"version-history":[{"count":12,"href":"https:\/\/semmelweis.hu\/english\/wp-json\/wp\/v2\/pages\/4287\/revisions"}],"predecessor-version":[{"id":43816,"href":"https:\/\/semmelweis.hu\/english\/wp-json\/wp\/v2\/pages\/4287\/revisions\/43816"}],"up":[{"embeddable":true,"href":"https:\/\/semmelweis.hu\/english\/wp-json\/wp\/v2\/pages\/3041"}],"wp:attachment":[{"href":"https:\/\/semmelweis.hu\/english\/wp-json\/wp\/v2\/media?parent=4287"}],"wp:term":[{"taxonomy":"category","embeddable":true,"href":"https:\/\/semmelweis.hu\/english\/wp-json\/wp\/v2\/categories?post=4287"},{"taxonomy":"post_tag","embeddable":true,"href":"https:\/\/semmelweis.hu\/english\/wp-json\/wp\/v2\/tags?post=4287"}],"curies":[{"name":"wp","href":"https:\/\/api.w.org\/{rel}","templated":true}]}}