{"id":35339,"date":"2022-12-06T08:54:52","date_gmt":"2022-12-06T07:54:52","guid":{"rendered":"https:\/\/semmelweis.hu\/english\/?page_id=35339"},"modified":"2022-12-06T08:54:52","modified_gmt":"2022-12-06T07:54:52","slug":"registrars-offices","status":"publish","type":"page","link":"https:\/\/semmelweis.hu\/english\/education\/registrars-offices\/","title":{"rendered":"Registrar&#8217;s Offices"},"content":{"rendered":"<div class=\"keretes\" style=\"float: left !important; border-left: 6px solid #4E83A8 !important; border-right: 1px solid lightgray !important; border-top: 1px solid lightgray !important; background-color: #ffff !important; border-bottom: 1px solid lightgray;\">\n<h2 style=\"font-weight: 700 !important;\">Medicine<\/h2>\n<h6><span style=\"font-size: 12pt;\"><strong><span class=\"text-uppercase\">ADDRESS:<\/span><\/strong><\/span><br \/>\n1094 Budapest, IX. T\u0171zolt\u00f3 utca 37-47.<\/h6>\n<h6><a class=\"btn btn-secondary\" href=\"https:\/\/semmelweis.hu\/registrar\/medicine\/\" target=\"_blank\" rel=\"noopener\">go to Website<\/a><\/h6>\n<\/div>\n<div class=\"keretes\" style=\"border-left: 6px solid #4E83A8 !important; border-right: 1px solid lightgray !important; border-top: 1px solid lightgray !important; background-color: #ffff !important; border-bottom: 1px solid lightgray;\">\n<h2 style=\"font-weight: 700 !important;\">Dentistry<\/h2>\n<h6><span style=\"font-size: 12pt;\"><strong>ADDRESS:<\/strong><\/span><br \/>\n1094 Budapest, IX. T\u0171zolt\u00f3 utca 37-47.<\/h6>\n<h6><a class=\"btn btn-secondary\" href=\"https:\/\/semmelweis.hu\/registrar\/dentistry\/\" target=\"_blank\" rel=\"noopener\">Go to Website<\/a><\/h6>\n<\/div>\n<div class=\"keretes\" style=\"float: left !important; border-left: 6px solid #4E83A8 !important; border-right: 1px solid lightgray !important; border-top: 1px solid lightgray !important; background-color: #ffff !important; border-bottom: 1px solid lightgray;\">\n<h2 style=\"font-weight: 700 !important;\">Pharmaceutical Sciences<\/h2>\n<h6><span style=\"font-size: 12pt;\"><strong>ADDRESS:<br \/>\n<\/strong><\/span>1094 Budapest, IX. T\u0171zolt\u00f3 utca 37-47.<\/h6>\n<h6><a class=\"btn btn-secondary\" href=\"https:\/\/semmelweis.hu\/registrar\/pharmaceutical-sciences\/\">go to Website<\/a><\/h6>\n<\/div>\n<div class=\"keretes\" style=\"border-left: 6px solid #4E83A8 !important; border-right: 1px solid lightgray !important; border-top: 1px solid lightgray !important; background-color: #ffff !important; border-bottom: 1px solid lightgray;\">\n<h2 style=\"font-weight: 700 !important;\">Health Sciences<\/h2>\n<h6><span style=\"font-size: 12pt;\"><strong>ADDRESS:<br \/>\n<\/strong><\/span>1088 Budapest, Vas u. 17.<\/h6>\n<h6><a class=\"btn btn-secondary\" href=\"https:\/\/semmelweis.hu\/etk\/en\/\" target=\"_blank\" rel=\"noopener\">Go to Website<\/a><\/h6>\n<\/div>\n<div class=\"keretes\" style=\"float: left !important; border-left: 6px solid #4E83A8 !important; border-right: 1px solid lightgray !important; border-top: 1px solid lightgray !important; background-color: #ffff !important; border-bottom: 1px solid lightgray;\">\n<h2 style=\"font-weight: 700 !important;\">Conductive Education<\/h2>\n<h6><span style=\"font-size: 12pt;\"><strong>ADDRESS:<br \/>\n<\/strong><\/span>H-1125 Budapest, K\u00fatv\u00f6lgyi \u00fat 8.<\/h6>\n<h6><a class=\"btn btn-secondary\" href=\"https:\/\/semmelweis.hu\/pak\/en\/\" target=\"_blank\" rel=\"noopener\">go to Website<\/a><\/h6>\n<\/div>\n<div class=\"keretes\" style=\"border-left: 6px solid #4E83A8 !important; border-right: 1px solid lightgray !important; border-top: 1px solid lightgray !important; background-color: #ffff !important; border-bottom: 1px solid lightgray;\">\n<h2 style=\"font-weight: 700 !important;\">PhD Studies<\/h2>\n<h6><span style=\"font-size: 12pt;\"><strong>ADDRESS:<\/strong><\/span><br \/>\n1085 Budapest, \u00dcll\u0151i \u00fat 26. fsz. 8-9<\/h6>\n<h6><a class=\"btn btn-secondary\" href=\"https:\/\/semmelweis.hu\/phd\/en\/\" target=\"_blank\" rel=\"noopener\">Go to Website<\/a><\/h6>\n<\/div>\n","protected":false},"excerpt":{"rendered":"<p>Medicine ADDRESS: 1094 Budapest, IX. T\u0171zolt\u00f3 utca 37-47. <a class=\"btn btn-secondary\" href=\"https:\/\/semmelweis.hu\/registrar\/medicine\/\" target=\"_blank\" rel=\"noopener\">go to Website<\/a> Dentistry ADDRESS: 1094 Budapest, IX. T\u0171zolt\u00f3 utca 37-47. <a class=\"btn btn-secondary\" href=\"https:\/\/semmelweis.hu\/registrar\/dentistry\/\" target=\"_blank\" rel=\"noopener\">Go to Website<\/a> Pharmaceutical Sciences ADDRESS: 1094 Budapest, IX. T\u0171zolt\u00f3 utca 37-47. <a class=\"btn btn-secondary\" href=\"https:\/\/semmelweis.hu\/registrar\/pharmaceutical-sciences\/\">go to Website<\/a> Health Sciences ADDRESS: 1088 Budapest, Vas u. 17. <a class=\"btn btn-secondary\" href=\"https:\/\/semmelweis.hu\/etk\/en\/\" target=\"_blank\" rel=\"noopener\">Go to Website<\/a> Conductive Education ADDRESS: H-1125 Budapest, K\u00fatv\u00f6lgyi \u00fat 8. <a class=\"btn btn-secondary\" href=\"https:\/\/semmelweis.hu\/pak\/en\/\" target=\"_blank\" rel=\"noopener\">go to Website<\/a> PhD Studies ADDRESS: 1085 Budapest, \u00dcll\u0151i \u00fat 26. fsz. 8-9 &hellip;<\/p>\n","protected":false},"author":12,"featured_media":0,"parent":3042,"menu_order":4,"comment_status":"closed","ping_status":"closed","template":"template-fullwidth.php","meta":{"_acf_changed":false,"footnotes":""},"categories":[],"tags":[],"class_list":["post-35339","page","type-page","status-publish","hentry"],"acf":[],"_links":{"self":[{"href":"https:\/\/semmelweis.hu\/english\/wp-json\/wp\/v2\/pages\/35339","targetHints":{"allow":["GET"]}}],"collection":[{"href":"https:\/\/semmelweis.hu\/english\/wp-json\/wp\/v2\/pages"}],"about":[{"href":"https:\/\/semmelweis.hu\/english\/wp-json\/wp\/v2\/types\/page"}],"author":[{"embeddable":true,"href":"https:\/\/semmelweis.hu\/english\/wp-json\/wp\/v2\/users\/12"}],"replies":[{"embeddable":true,"href":"https:\/\/semmelweis.hu\/english\/wp-json\/wp\/v2\/comments?post=35339"}],"version-history":[{"count":8,"href":"https:\/\/semmelweis.hu\/english\/wp-json\/wp\/v2\/pages\/35339\/revisions"}],"predecessor-version":[{"id":35347,"href":"https:\/\/semmelweis.hu\/english\/wp-json\/wp\/v2\/pages\/35339\/revisions\/35347"}],"up":[{"embeddable":true,"href":"https:\/\/semmelweis.hu\/english\/wp-json\/wp\/v2\/pages\/3042"}],"wp:attachment":[{"href":"https:\/\/semmelweis.hu\/english\/wp-json\/wp\/v2\/media?parent=35339"}],"wp:term":[{"taxonomy":"category","embeddable":true,"href":"https:\/\/semmelweis.hu\/english\/wp-json\/wp\/v2\/categories?post=35339"},{"taxonomy":"post_tag","embeddable":true,"href":"https:\/\/semmelweis.hu\/english\/wp-json\/wp\/v2\/tags?post=35339"}],"curies":[{"name":"wp","href":"https:\/\/api.w.org\/{rel}","templated":true}]}}