{"id":23093,"date":"2020-11-09T22:39:09","date_gmt":"2020-11-09T21:39:09","guid":{"rendered":"https:\/\/semmelweis.hu\/english\/?page_id=23093"},"modified":"2025-09-05T13:08:11","modified_gmt":"2025-09-05T11:08:11","slug":"vice-rector-for-strategy-and-developement","status":"publish","type":"page","link":"https:\/\/semmelweis.hu\/english\/about-semmelweis-university\/leaders-of-the-university\/vice-rector-for-strategy-and-developement\/","title":{"rendered":"Vice-Rector for Strategy and Developement"},"content":{"rendered":"<h4><strong data-wp-editing=\"1\"><a href=\"https:\/\/semmelweis.hu\/english\/files\/2024\/07\/RS103354_IMG_8788-scr.jpg\"><img loading=\"lazy\" decoding=\"async\" class=\"alignright  wp-image-41922\" src=\"https:\/\/semmelweis.hu\/english\/files\/2024\/07\/RS103354_IMG_8788-scr-267x400.jpg\" alt=\"\" width=\"200\" height=\"300\" srcset=\"https:\/\/semmelweis.hu\/english\/files\/2024\/07\/RS103354_IMG_8788-scr-267x400.jpg 267w, https:\/\/semmelweis.hu\/english\/files\/2024\/07\/RS103354_IMG_8788-scr.jpg 500w\" sizes=\"auto, (max-width: 200px) 100vw, 200px\" \/><\/a>Dr. \u00c9va Szab\u00f3 Feket\u00e9n\u00e9<br \/>\n<\/strong>Vice-Rector<\/h4>\n<h5>Born<\/h5>\n<p>May 7, 1964, Tapolca<\/p>\n<h5>Education<\/h5>\n<ul style=\"list-style-type: square\">\n<li>1998\u20132005: E\u00f6tv\u00f6s Lor\u00e1nd University, Faculty of Humanities, Doctoral School of Behavioral Sciences<\/li>\n<li>1987\u20131990: E\u00f6tv\u00f6s Lor\u00e1nd University, Faculty of Humanities, Pedagogy<\/li>\n<li>1982\u20131986: Andr\u00e1s Pet\u0151 College, Conductor<\/li>\n<\/ul>\n<h5>Professional career<\/h5>\n<ul style=\"list-style-type: square\">\n<li>2020\u2013present: Vice-Rector for Strategy and Development<\/li>\n<li>2017\u2013present: Deputy Dean for General Affairs (Andr\u00e1s Pet\u0151 Faculty)<\/li>\n<li>2017\u2013present: Director of the Center for Conductive Pedagogy (Andr\u00e1s Pet\u0151 Faculty)<\/li>\n<li>2014\u20132017: Deputy Dean for General Affairs (Andr\u00e1s Pet\u0151 College)<\/li>\n<li>2012\u20132014: Vice-Rector for Education (Andr\u00e1s Pet\u0151 College)<\/li>\n<li>2011\u2013present: College Professor (Andr\u00e1s Pet\u0151 College)<\/li>\n<li>2010\u20132012: Acting Vice-Rector for General and Educational Affairs (Andr\u00e1s Pet\u0151 College)<\/li>\n<li>2008\u2013present: Director of the Institute of Conductive Pedagogy (Andr\u00e1s Pet\u0151 College)<\/li>\n<li>2008\u2013present: Coordinator of the teacher training program (Andr\u00e1s Pet\u0151 College)<\/li>\n<li>2006\u20132011: Associate College Professor, Department of Conductive Pedagogy (Andr\u00e1s Pet\u0151 College)<\/li>\n<li>2006\u2013present: Coordinator of the conductor training program<\/li>\n<li>2000\u20132006: College Assistant Professor, Department of Conductive Pedagogy (Andr\u00e1s Pet\u0151 College)<\/li>\n<li>1995\u20132000: College Assistant Lecturer, Department of Conductive Pedagogy (Andr\u00e1s Pet\u0151 College)<\/li>\n<li>1986\u20131992: Conductor (Andr\u00e1s Pet\u0151 College)<\/li>\n<\/ul>\n<h5>Language skills<\/h5>\n<ul style=\"list-style-type: square\">\n<li>English: intermediate<\/li>\n<li>German: departmental language exam<\/li>\n<\/ul>\n<h5>Teaching experience<\/h5>\n<ul style=\"list-style-type: square\">\n<li>Hungarian-language conductive educator program (BSc)<\/li>\n<li>Conductive educator program outside of Hungary (BSc)<\/li>\n<li>Further vocational trainning outside of Hungary<\/li>\n<li>Educational activities in international projects (Belgium, Israel, Spain, and the USA)<\/li>\n<li>Consultant activities (Malta, Belgium, Germany, Spain, Egypt, United Kingdom, Brazil, and China)<\/li>\n<li>Supervisor (Doctoral School of Behavioral Sciences at E\u00f6tv\u00f6s Lor\u00e1nd University and in Eger)<\/li>\n<\/ul>\n<h5>Membership in professional societies<\/h5>\n<ul style=\"list-style-type: square\">\n<li>President, International Pet\u0151 Association of Conductive Pedagogy<\/li>\n<li>Vice-President, European Conductive Association (ECA)<\/li>\n<li>President of the Conductive Pedagogy Section at the Hungarian Pedagogical Association<\/li>\n<li>Member, Pedagogy Committee, Hungarian Rectors&#8217; Conference<\/li>\n<li>Member, Special Education Subcommittee, Hungarian Academy of Sciences Pedagogical Committee<\/li>\n<\/ul>\n<h5>Awards<\/h5>\n<ul style=\"list-style-type: square\">\n<li>2023: Pro Universitate recognition<\/li>\n<li>2021: Ap\u00e1czai Csere J\u00e1nos Prize<\/li>\n<li>2020: Excellent Lecturer of Semmelweis University<\/li>\n<li>2006: Conductive Lecturer of the Year<\/li>\n<li>2005: Merit Award for Conductive Pedagogy<\/li>\n<li>1997: Director General&#8217;s Certificate of Merit<\/li>\n<li>1989: Minister&#8217;s Certificate of Merit<\/li>\n<\/ul>\n<h5>Scientometric data<strong><br \/>\n<\/strong><\/h5>\n<p><a href=\"https:\/\/m2.mtmt.hu\/gui2\/?type=authors&amp;mode=browse&amp;sel=10059758\" target=\"_blank\" rel=\"noopener noreferrer\">List of the scientific works of Dr. \u00c9va Szab\u00f3 Feket\u00e9n\u00e9<\/a><\/p>\n<section><\/section>\n","protected":false},"excerpt":{"rendered":"<p><a href=\"https:\/\/semmelweis.hu\/english\/files\/2024\/07\/RS103354_IMG_8788-scr.jpg\"><\/a> Dr. \u00c9va Szab\u00f3 Feket\u00e9n\u00e9 Vice-Rector Born May 7, 1964, Tapolca Education 1998\u20132005: E\u00f6tv\u00f6s Lor\u00e1nd University, Faculty of Humanities, Doctoral School of Behavioral Sciences 1987\u20131990: E\u00f6tv\u00f6s Lor\u00e1nd University, Faculty of Humanities, Pedagogy 1982\u20131986: Andr\u00e1s Pet\u0151 College, Conductor Professional career 2020\u2013present: Vice-Rector for Strategy and Development 2017\u2013present: Deputy Dean for General Affairs (Andr\u00e1s Pet\u0151 Faculty) 2017\u2013present: Director &hellip;<\/p>\n","protected":false},"author":362,"featured_media":0,"parent":72,"menu_order":7,"comment_status":"closed","ping_status":"closed","template":"","meta":{"_acf_changed":false,"footnotes":""},"categories":[],"tags":[],"class_list":["post-23093","page","type-page","status-publish","hentry"],"acf":[],"_links":{"self":[{"href":"https:\/\/semmelweis.hu\/english\/wp-json\/wp\/v2\/pages\/23093","targetHints":{"allow":["GET"]}}],"collection":[{"href":"https:\/\/semmelweis.hu\/english\/wp-json\/wp\/v2\/pages"}],"about":[{"href":"https:\/\/semmelweis.hu\/english\/wp-json\/wp\/v2\/types\/page"}],"author":[{"embeddable":true,"href":"https:\/\/semmelweis.hu\/english\/wp-json\/wp\/v2\/users\/362"}],"replies":[{"embeddable":true,"href":"https:\/\/semmelweis.hu\/english\/wp-json\/wp\/v2\/comments?post=23093"}],"version-history":[{"count":11,"href":"https:\/\/semmelweis.hu\/english\/wp-json\/wp\/v2\/pages\/23093\/revisions"}],"predecessor-version":[{"id":45780,"href":"https:\/\/semmelweis.hu\/english\/wp-json\/wp\/v2\/pages\/23093\/revisions\/45780"}],"up":[{"embeddable":true,"href":"https:\/\/semmelweis.hu\/english\/wp-json\/wp\/v2\/pages\/72"}],"wp:attachment":[{"href":"https:\/\/semmelweis.hu\/english\/wp-json\/wp\/v2\/media?parent=23093"}],"wp:term":[{"taxonomy":"category","embeddable":true,"href":"https:\/\/semmelweis.hu\/english\/wp-json\/wp\/v2\/categories?post=23093"},{"taxonomy":"post_tag","embeddable":true,"href":"https:\/\/semmelweis.hu\/english\/wp-json\/wp\/v2\/tags?post=23093"}],"curies":[{"name":"wp","href":"https:\/\/api.w.org\/{rel}","templated":true}]}}