{"id":22626,"date":"2020-10-06T22:23:51","date_gmt":"2020-10-06T20:23:51","guid":{"rendered":"https:\/\/semmelweis.hu\/english\/?page_id=22626"},"modified":"2026-02-11T16:55:18","modified_gmt":"2026-02-11T15:55:18","slug":"chancellor","status":"publish","type":"page","link":"https:\/\/semmelweis.hu\/english\/about-semmelweis-university\/leaders-of-the-university\/chancellor\/","title":{"rendered":"Chancellor"},"content":{"rendered":"<h4><strong><a href=\"https:\/\/semmelweis.hu\/english\/files\/2025\/06\/RS124992_C19A9881-scr.jpg\"><img loading=\"lazy\" decoding=\"async\" class=\"alignright size-medium wp-image-44860\" src=\"https:\/\/semmelweis.hu\/english\/files\/2025\/06\/RS124992_C19A9881-scr-283x400.jpg\" alt=\"\" width=\"283\" height=\"400\" srcset=\"https:\/\/semmelweis.hu\/english\/files\/2025\/06\/RS124992_C19A9881-scr-283x400.jpg 283w, https:\/\/semmelweis.hu\/english\/files\/2025\/06\/RS124992_C19A9881-scr.jpg 636w\" sizes=\"auto, (max-width: 283px) 100vw, 283px\" \/><\/a>Dr. L\u00edvia Pavlik<br \/>\n<\/strong>Chancellor<\/h4>\n<h5>Academic degree<\/h5>\n<p>2002 Ph.D. \u201cThe economic effects and the accounting of deferred taxes in annual accounts\u201d Corvinus University of Budapest \u2013 Doctoral School of Management and Business Administration<\/p>\n<h5>Education<\/h5>\n<ul style=\"list-style-type: square\">\n<li>2003: Chamber of Hungarian Auditors \u2013 accountant and tax advisor<\/li>\n<li>1993: Corvinus University of Budapest \u2013 economist, certified accountant<\/li>\n<li>J\u00f3kai M\u00f3r Secondary School of Economics, P\u00e1pa\u00a0\u2013\u00a0qualified accountant, corporate planner and statistician<\/li>\n<\/ul>\n<h5>Management experience<\/h5>\n<ul style=\"list-style-type: square\">\n<li>October 2020 \u2013 present: Chancellor, Semmelweis University<\/li>\n<li>October 2018 \u2013 May 2022: Ministerial Commissioner, Ministry for Innovation and Technology<\/li>\n<li>November 2014 \u2013 September 2020: Chancellor, Corvinus University of Budapest<\/li>\n<li>April to November 2014: Acting Director-General of Economic Affairs, Corvinus University of Budapest<\/li>\n<li>January to April 2014: Deputy Acting Director-General of Economic Affairs, Corvinus University of Budapest<\/li>\n<li>January 2013 \u2013 January 2014: Director, K\u00f6zg\u00e1z Campus<\/li>\n<li>2009 \u2013 2012: Member of the Economic Committee, Corvinus University of Budapest, K\u00f6zg\u00e1z Campus<\/li>\n<li>2009 \u2013 2015: Auditor, Unikont\u00f3 Ltd.; Audited companies: Synergon Public Limited Company and the members of Synergon corporate group; Signatory auditor, Synergon InfoCom Ltd. and Synergon InfoRend Ltd. (2013 business year)<\/li>\n<li>2009 \u2013 November 2014: Member of the Faculty Council, Corvinus University of Budapest Faculty of Business Administration,<\/li>\n<li>2008 \u2013 2012: Deputy Dean of Economics, Corvinus University of Budapest, Faculty of Business Administration<\/li>\n<li>2000 \u2013 present: Manager and Member (2000 \u2013 2009), Member (2009 \u2013 present) (51 percent), Manocash Ltd.<\/li>\n<li>2004: Member of the Panel, due diligence, Neumann H\u00e1z<\/li>\n<li>1999: Member of the Panel, preparation of the chart of accounts, Magyar Villamos M\u0171vek Public Limited Company<\/li>\n<li>1998: Member of the Panel, the establishment of the consolidated accounts, B\u00e1bolna Public Limited Company<\/li>\n<li>1997: Member of the Panel, \u00a0the establishment of the scope of consolidation, Magyar Villamos M\u0171vek Public Limited Company<\/li>\n<li>1993: Budapesti Tejipari V\u00e1llalat, preparation of the chart of accounts<\/li>\n<\/ul>\n<h5>Professional educational activities<\/h5>\n<ul style=\"list-style-type: square\">\n<li>2002 \u2013 present: Associate Professor, Corvinus University of Budapest<\/li>\n<li>2006 \u2013 2010: Associate Professor (part time), Szent Istv\u00e1n University Kaposv\u00e1r Campus<\/li>\n<li>2001 \u2013 2002: Assistant Professor, Corvinus University of Budapest<\/li>\n<li>2001 \u2013 present: Certified Educator, Chamber of Hungarian Auditors<\/li>\n<li>1993 \u2013 2001: Teaching Assistant, Corvinus University of Budapest\u00a0<\/li>\n<\/ul>\n<h5>Membership in supervisory boards and boards of directors<\/h5>\n<ul style=\"list-style-type: square\">\n<li>2024 \u2013 present: Member of the Board of Directors, MVM Plc.<\/li>\n<li>2024 \u2013 present: Member of the Supervisory Board, Chairman of the Audit Committee, Gedeon Richter Plc.<\/li>\n<li>2023 \u2013 2024: Member of the Supervisory Board, Chairman of the Audit Committee, MVM Plc.<\/li>\n<li>2023 \u2013 present: Chariman of the Supervisory Board, Tempus Public Foundation<\/li>\n<li>2021 \u2013 2024: Member of the Supervisory Board, Member of the of the Audit Committee, Richter Gedeon Plc.\u00a0<\/li>\n<li>2020 \u2013 2025: Member of the Supervisory Board, MOL-PE Circular Economy Science Park Nonprofit Ltd.\u00a0<\/li>\n<li>2020 \u2013 2025: Chairman of the Supervisory Board, Center for Molecular Fingerprinting Research Nonprofit LCC.<\/li>\n<li>2020 \u2013 present: Chairman of the Supervisory Board, Hungarian University and College Sports Association (Magyar Egyetemi \u00e9s F\u0151iskolai Sportsz\u00f6vets\u00e9g)<\/li>\n<\/ul>\n<h5>Membership in professional organisations<\/h5>\n<ul style=\"list-style-type: square\">\n<li>2012 \u2013 present: Advisor, Hungarian Accreditation Committee, Social Sciences Committee<\/li>\n<li>2009 \u2013 April 2014: active member; May 2014 \u2013 present: inactive member, Chamber of Hungarian Auditors<\/li>\n<li>1999 \u2013 present: Chamber of Hungarian Auditors<\/li>\n<\/ul>\n<h5>Awards<\/h5>\n<ul style=\"list-style-type: square\">\n<li>2017: Corvinus University of Budapest \u2013 University Gold Medal\u00a0<\/li>\n<li>2012: Corvinus University of Budapest \u2013 University Commemorative Medal<\/li>\n<li>2011: Corvinus University of Budapest \u2013 Professor of the Year<\/li>\n<\/ul>\n<h5>Conferences, scholarships<\/h5>\n<ul style=\"list-style-type: square\">\n<li>2018: 2<sup>nd<\/sup> Danube Conference for Higher Education, Budapest<br \/>\nTopic: The Challenges of the Legal Environment and Financial Management at Hungarian Public Universities<\/li>\n<li>2017: 1<sup>st<\/sup> Danube Conference for Higher Education, Ulm, November 2-3, 2017<br \/>\nTopic: The New Management System of Hungarian Public Universities \u2013 Dual Leadership<\/li>\n<li>2016: Ministry of Human Capacities \u2013 Hungarian Controlling Association: Corvinus University of Budapest<br \/>\nTopic: Strategic and operative controlling in higher education<\/li>\n<li>2005: Conference for Accounting Professors and Researchers, Corvinus University of Budapest<br \/>\nTopic: Changes of regulations regarding derivatives in the International Financial Reporting Standards (IRFS)<\/li>\n<li>2002: Mini conference of accounting at former Budapest University of Economics and Public Administration (currently Corvinus University of Budapest)<br \/>\nTopic: The accounting of deferred taxes in individual annual accounts<\/li>\n<li>1998: Budapest University of Economics (currently Corvinus University of Budapest) celebrates its 50<sup>th<\/sup> anniversary, Jubilee Scientific Session<br \/>\nTopic: The economic effects of deferred taxes (the introduction of an empiric study)<\/li>\n<li>1997: Scholarship, Canfield University, England, participant of the accounting and management programs<\/li>\n<li>1995: Scholarship, Wirtschaftsuniversit\u00e4t Wien, Austria (April of 1995) (CEMS) participant<\/li>\n<li>1995: Wirtschaftsunivesit\u00e4t Wien, Austria (May of 1995), participant of the scientific conference<\/li>\n<\/ul>\n<h5>Research<\/h5>\n<ul style=\"list-style-type: square\">\n<li>2012: Higher educational management and controlling<\/li>\n<li>2004: Management accounting \u2013 cost-accounting<\/li>\n<li>2004 \u2013 2012: The accounting of financial instruments<\/li>\n<li>2002 \u2013 2010: Hungarian accounting regulations with respect to international accounting standards and EU directives<\/li>\n<li>1995\u20132001: Budapest University of Economics (currently Corvinus University of Budapest) Ph.D.\u00a0in Business Administration<\/li>\n<\/ul>\n<p><a href=\"https:\/\/m2.mtmt.hu\/api\/publication?nwi=1&amp;inited=1&amp;ty_on=1&amp;url_on=1&amp;sort;publishedYear;desc&amp;sort;firstAuthor;asc&amp;groupBy=publishedYear&amp;location=mtmt&amp;stn=1&amp;cond=authors;in;10033337&amp;cond=category.mtid;eq;1&amp;labelLang=hun\" target=\"_blank\" rel=\"noopener noreferrer\"><strong>List of <\/strong><strong>Dr. L\u00edvia Pavlik&#8217;s publications in the Hungarian Database of Scientific Works <\/strong><\/a><\/p>\n<h5>Language proficiency<\/h5>\n<ul style=\"list-style-type: square\">\n<li>English C1 \u2013 advanced state language examination (2011)<\/li>\n<li>English \u2013 professional intermediate state language examination (1996)<\/li>\n<li>Russian \u2013 professional intermediate state language examination (1991)<\/li>\n<\/ul>\n<section><\/section>\n","protected":false},"excerpt":{"rendered":"<p><a href=\"https:\/\/semmelweis.hu\/english\/files\/2025\/06\/RS124992_C19A9881-scr.jpg\"><\/a> Dr. L\u00edvia Pavlik Chancellor Academic degree 2002 Ph.D. \u201cThe economic effects and the accounting of deferred taxes in annual accounts\u201d Corvinus University of Budapest \u2013 Doctoral School of Management and Business Administration Education 2003: Chamber of Hungarian Auditors \u2013 accountant and tax advisor 1993: Corvinus University of Budapest \u2013 economist, certified accountant J\u00f3kai M\u00f3r Secondary &hellip;<\/p>\n","protected":false},"author":362,"featured_media":0,"parent":72,"menu_order":2,"comment_status":"closed","ping_status":"closed","template":"","meta":{"_acf_changed":false,"footnotes":""},"categories":[],"tags":[],"class_list":["post-22626","page","type-page","status-publish","hentry"],"acf":[],"_links":{"self":[{"href":"https:\/\/semmelweis.hu\/english\/wp-json\/wp\/v2\/pages\/22626","targetHints":{"allow":["GET"]}}],"collection":[{"href":"https:\/\/semmelweis.hu\/english\/wp-json\/wp\/v2\/pages"}],"about":[{"href":"https:\/\/semmelweis.hu\/english\/wp-json\/wp\/v2\/types\/page"}],"author":[{"embeddable":true,"href":"https:\/\/semmelweis.hu\/english\/wp-json\/wp\/v2\/users\/362"}],"replies":[{"embeddable":true,"href":"https:\/\/semmelweis.hu\/english\/wp-json\/wp\/v2\/comments?post=22626"}],"version-history":[{"count":14,"href":"https:\/\/semmelweis.hu\/english\/wp-json\/wp\/v2\/pages\/22626\/revisions"}],"predecessor-version":[{"id":47282,"href":"https:\/\/semmelweis.hu\/english\/wp-json\/wp\/v2\/pages\/22626\/revisions\/47282"}],"up":[{"embeddable":true,"href":"https:\/\/semmelweis.hu\/english\/wp-json\/wp\/v2\/pages\/72"}],"wp:attachment":[{"href":"https:\/\/semmelweis.hu\/english\/wp-json\/wp\/v2\/media?parent=22626"}],"wp:term":[{"taxonomy":"category","embeddable":true,"href":"https:\/\/semmelweis.hu\/english\/wp-json\/wp\/v2\/categories?post=22626"},{"taxonomy":"post_tag","embeddable":true,"href":"https:\/\/semmelweis.hu\/english\/wp-json\/wp\/v2\/tags?post=22626"}],"curies":[{"name":"wp","href":"https:\/\/api.w.org\/{rel}","templated":true}]}}