{"id":2243,"date":"2011-09-27T11:57:01","date_gmt":"2011-09-27T11:57:01","guid":{"rendered":"http:\/\/www.semmelweis-univ.hu\/?page_id=2243"},"modified":"2025-07-17T11:35:44","modified_gmt":"2025-07-17T09:35:44","slug":"vice-rector-for-clinical-affairs","status":"publish","type":"page","link":"https:\/\/semmelweis.hu\/english\/about-semmelweis-university\/leaders-of-the-university\/vice-rector-for-clinical-affairs\/","title":{"rendered":"Vice-Rector for Clinical Affairs"},"content":{"rendered":"<h4><strong><a href=\"https:\/\/semmelweis.hu\/english\/files\/2024\/07\/RS98946_IMG_9823-scr.jpg\"><img loading=\"lazy\" decoding=\"async\" class=\"alignright wp-image-41917 \" src=\"https:\/\/semmelweis.hu\/english\/files\/2024\/07\/RS98946_IMG_9823-scr-272x400.jpg\" alt=\"\" width=\"204\" height=\"300\" srcset=\"https:\/\/semmelweis.hu\/english\/files\/2024\/07\/RS98946_IMG_9823-scr-272x400.jpg 272w, https:\/\/semmelweis.hu\/english\/files\/2024\/07\/RS98946_IMG_9823-scr.jpg 510w\" sizes=\"auto, (max-width: 204px) 100vw, 204px\" \/><\/a>Dr. Attila Szab\u00f3<br \/>\n<\/strong>Vice-Rector<\/h4>\n<h5>Name, date of birth, marital status<\/h5>\n<p>Attila J\u00f3zsef Szab\u00f3 (b. May 12, 1969) married, father of two children (Gr\u00e9ta, M\u00e1rton), married to Dr. Veronika M\u00fcller, professor, PhD, Director of the Department of Pulmonology, Semmelweis University.<\/p>\n<h5>Studies, study trips<\/h5>\n<ul style=\"list-style-type: square\">\n<li><strong>1983-1987<\/strong> J\u00e1nos Berze Nagy High School, Gy\u00f6ngy\u00f6s<\/li>\n<li><strong>1988-1994<\/strong> Semmelweis Medical University, Faculty of General Medicine, Diploma: &#8220;summa cum laude&#8221;<\/li>\n<li><strong>1995-1997<\/strong> Department of Hypertension and Nephrology, University of Essen, Germany, DAAD (German Academic Exchange Service) scholarship<\/li>\n<li><strong>2000<\/strong> Specialization exam in pediatrics (Diploma No. 806\/2000)<\/li>\n<li><strong>2001-2002<\/strong> West Virginia University, Morgantown, Institute of Physiology, USA, NIH (National Institutes of Health) Fellowship<\/li>\n<li><strong>2006<\/strong> Specialization exam in Nephrology (Diploma No. 910\/2006)<\/li>\n<li><strong>2010-2012<\/strong> Health Care Specialist Manager (Diploma No.: M-16\/2012), School of Health Care Management, Semmelweis University<\/li>\n<li><strong>2014<\/strong> Licence examination in Hypertension (Certificate No.: 446\/2014)<\/li>\n<li><strong>2014 <\/strong>Licence examination in sleep medicine (Certificate No.: 845\/2014)<\/li>\n<li><strong>2024<\/strong> Specialization exam in pediatric emergency medicine (Certificate No.: 311\/2024)<\/li>\n<\/ul>\n<h5>Scientific degrees, scientific titles<\/h5>\n<ul style=\"list-style-type: square\">\n<li><strong>2000<\/strong> Semmelweis University Doctoral School Doctoral Diploma (PhD) (Diploma No.: 314, 11.11.2000.)<\/li>\n<li><strong>2008<\/strong> Hungarian Academy of Sciences Doctoral degree (Certificate No.: 4800, 21.11.2008)<\/li>\n<li><strong>2010<\/strong> Semmelweis University Habilitation (Certificate No.: 310, 07.06.2010)<\/li>\n<\/ul>\n<h5>Current job and positions<\/h5>\n<p>Semmelweis University Pediatric Center (formerly: 1st Department of Pediatrics):<\/p>\n<ul style=\"list-style-type: square\">\n<li><strong>1994-2000<\/strong> Clinical Physician<\/li>\n<li><strong>2000-2004<\/strong> Assistant Lecturer<\/li>\n<li><strong>2004-2009<\/strong> Assistant Professor<\/li>\n<li><strong>Since 2009<\/strong> Associate Professor<\/li>\n<li><strong>Since 2013<\/strong> Director, Associate Professor<\/li>\n<li><strong>Since 2014<\/strong> Director, Professor (from October 10)<\/li>\n<li><strong>2016-2018<\/strong> Acting Vice-Chairman of the Semmelweis University Clinical Center (from July 1), General Vice-Chairman between January 16, 2017 and July 1, 2018<\/li>\n<li><strong>Since 2018<\/strong> Vice Rector for Clinical Affairs of Semmelweis University, President of the Clinical Center (from July 1)<\/li>\n<li><strong>Since 2023<\/strong> Director of the Pediatric Center (B\u00f3kay and T\u0171zolt\u00f3 Street Departments) of Semmelweis University<\/li>\n<\/ul>\n<h5>Guest research, guest teaching (&gt;3 months)<\/h5>\n<ul style=\"list-style-type: square\">\n<li><strong>1995-1997<\/strong> (27 months) Department of Nephrology and Hypertension, University of Essen<br \/>\nDAAD German Academic Exchange Service<br \/>\nActivity, topic: Investigation of factors influencing long-term survival of transplanted kidney<\/li>\n<li><strong>2001-2002<\/strong> (20 months) West Virginia University Morgantown, Institute of Physiology<br \/>\nSponsor: NIH National Institutes of Health<br \/>\nActivity, Topic: Role of nitric oxide in the progression of kidney disease<\/li>\n<\/ul>\n<h5>Scientific prizes and awards<\/h5>\n<ul style=\"list-style-type: square\">\n<li><strong>1998 Support for Research Abroad<br \/>\n<\/strong>Awarded by: German Academic Exchange Service (DAAD)<br \/>\nCitation for development of laboratory equipment for molecular biology machines<\/li>\n<li><strong>1999 G\u00e9za Pet\u00e9nyi Competition 1st Prize<br \/>\n<\/strong>Awarded by: Hungarian Paediatric Society<br \/>\nCitation for scientific work<\/li>\n<li><strong>1999 J\u00f3zsef Farkas Prize &#8220;Veritas et Virtus&#8221;<br \/>\n<\/strong>Awarded by: &#8221;Veritas et Virtus&#8221; Foundation<br \/>\nCitation for scientific work<\/li>\n<li><strong>2000 Zolt\u00e1n Magyary Postdoctoral Scholarship<br \/>\n<\/strong>Awarded by: Ministry of Education<br \/>\nCitation for research achievements<\/li>\n<li><strong>2001 Gedeon Richter Research Award<br \/>\n<\/strong>Awarded by: Gedeon Richter Prize Board of Trustees<br \/>\nCitation for scientific work<\/li>\n<li><strong>2001 &#8221;Best Publication Award&#8221;<br \/>\n<\/strong>Awarded by: Hungarian Society of Nephrology<br \/>\nCitation for international publication<\/li>\n<li><strong>2002 J\u00e1nos Bolyai Postdoctoral Fellowship<br \/>\n<\/strong>Awarded by: Hungarian Academy of Sciences<br \/>\nCitation for scientific work, receiving Outstanding Achievement Academic Diploma<\/li>\n<li><strong>2003 L\u00e1szl\u00f3 H\u00e1rsing Prize<br \/>\n<\/strong>Awarded by: the Hungarian Kidney Foundation<br \/>\nCitation for scientific work<\/li>\n<li><strong>2004 Ern\u0151 Jendrassik Prize<br \/>\n<\/strong>Awarded by: Semmelweis University<br \/>\nCitation for scientific work<\/li>\n<li><strong>2006 J\u00e1nos Bolyai Postdoctoral Fellowship<br \/>\n<\/strong>Awarded by: Hungarian Academy of Sciences<br \/>\nCitation for scientific work<\/li>\n<li><strong>2012-2015 Semmelweis University Merit Award<br \/>\n<\/strong>Awarded by: Semmelweis University<br \/>\nCitation for scientific work<\/li>\n<li><strong>2014 Pro Salute Hominum<br \/>\n<\/strong>Awarded by: Astellas Pharma<br \/>\nCitation for supporting the Young Investigator Programme<\/li>\n<li><strong>2015 Outstanding TDK Educator Award<br \/>\n<\/strong>Awarded by: Semmelweis University<br \/>\nCitation for educational work within the Students&#8217; Scientific Association<\/li>\n<li><strong>2017 Master Teacher Gold Medal<br \/>\n<\/strong>Awarded by: National Council of Scientific Students (OTDT)<br \/>\nCitation for supporting students&#8217; academic activities<\/li>\n<li><strong>2018 Kerpel Memorial Plaque<br \/>\n<\/strong>Awarded by: Semmelweis University<br \/>\nCitation for talent management<\/li>\n<li><strong>2022 Honorary Cross of the Hungarian Order of Merit, civilian category<br \/>\n<\/strong>Citation for clinical and scientific work, teaching and talent activity, leadership and organisation<\/li>\n<li><strong>2024 Schoepf-Merei Memorial Medal<\/strong> <br \/>\nAwarded by: Hungarian Pediatrician Society (MGYT)<br \/>\nCitation for outstanding accomplishments in profession and professional policy in the fields of pediatrics and child healthcare, and engagement in the work of MGYT<\/li>\n<li><strong>2024 Honorary member of the Association of Primary Care Pediatricians (HGYE)<\/strong><br \/>\nAwarded by the Association of Primary Care Pediatricians<br \/>\nCitation for decades of professional support offered to primary care pediatricians<\/li>\n<\/ul>\n<h5>Grants in the last 5 years<\/h5>\n<ul style=\"list-style-type: square\">\n<li>VEKOP-2.3.3.-15 Investigation of nanoscale biological structure, interaction and modes of motion (technical leader).<\/li>\n<li>MTA-SE Paediatrics and Nephrology Research Group 2017-2022 (participating researcher and leader).<\/li>\n<li>EFOP-3.4.4-16-2017-00026 Semmelweis University and the Foundation for Research Students National Talent Development Program Series in Medicine and Health Sciences 01.09.2017 &#8211; 31.08.2020 (Programme Leader).<\/li>\n<li>EFOP-3.6.3-VEKOP-16-2017-00009 Development of scientific workshops for the training of doctors, health scientists and pharmacists (01.05.2017-2021.11.30.).<\/li>\n<li>TKP2019 Thematic Programme of Excellence 2019 &#8211; Translational BIOtechnology (01.05.2019-30.06.2019) (Research Sub-theme Leader).<\/li>\n<li>FIKP2019 &#8211; Programme of Excellence in Higher Education Institutions 2019 (01.05.2019 &#8211; 30.06.2019) (technical leader).<\/li>\n<li>10541-4\/2019\/EGST &#8211; Upgrading and development of infrastructure and instrumentation at screening centre level for the introduction of newborn screening for cystic fibrosis (CF) (01.03.2019 &#8211; 31.12.2019)<\/li>\n<li>STIA-KFI-2020 &#8211; &#8220;Impact of Extracellular vesicles on the efficiency of peritoneal dialysis&#8221; (01.12.2020 &#8211; 30.06.2020)<\/li>\n<li>H-UNCOVER &#8211; Representative survey in the fight against coronavirus (01.05.2020 &#8211; 16.05.2020) (technical leader)<\/li>\n<li>TKP2021-EGA-24 Molecular Biology &#8211; Research Excellence in Molecular Medicine at Semmelweis University (2021.08.01-2025.12.31.) (Leader)<\/li>\n<li>GYDIAB 21-11 MI2021GYKI &#8220;Developmental support for paediatric diabetes centres to improve the well-being and well-being of children with type 1 diabetes and their families&#8221; (01.09.2021 &#8211; 31.12.2021) (Theme leader)<\/li>\n<li>GYDIAB 20-13 &#8220;Developmental support for paediatric diabetes centres to improve the well-being and well-being of children with type 1 diabetes and their families&#8221; (05.07.2020 &#8211; 30.06.2020) (Theme Leader)<\/li>\n<li>MTA-SE Paediatrics and Nephrology Research Group (2022-2027) (Project leader)<\/li>\n<li>OTKA- 142728, Investigation of new therapeutic options in the treatment of pulmonary fibrosis 2022-2025 (Project leader)<\/li>\n<\/ul>\n<h5>National and international collaborations<\/h5>\n<ul style=\"list-style-type: square\">\n<li>Semmelweis University Department of Internal Medicine and Hematology (Zolt\u00e1n Proh\u00e1szka)<\/li>\n<li>Semmelweis University Department of Pulmonology (Veronika M\u00fcller)<\/li>\n<li>Department of Nephrology, Transplant Center IKEM, Prague, Czech Republic (Ondrej Viklicky)<\/li>\n<li>Department of Nephrology, Klinikum rechts der Isar der Technischen Universit\u00e4t M\u00fcnchen, Germany (Uwe Heemann)<\/li>\n<li>Departments of Physiology and Biophysics and Medicine, Zilkha Neurogenetic Institute, University of Southern California, Los Angeles, California. (J\u00e1nos Peti-Peterdi)<\/li>\n<li>Department of Nephrology, Universit\u00e4tsmedizin Mainz, Germany (Jens Lutz)<\/li>\n<li>Department of Pediatrics, Medical University Heidelberg, Germany (Claus Schmitt)<\/li>\n<li>Department of Pediatrics, Medical University Heidelberg, Germany (Burkhard T\u00f6nshoff)<\/li>\n<li>Department of Paediatrics and Adolescent Medicine, Paediatric Nephrology, Medical University of Vienna, Vienna, Austria (Krisztina Rusai)<\/li>\n<\/ul>\n<h5><span style=\"font-size: 14pt\">Positions<\/span><\/h5>\n<h6>Current<\/h6>\n<ul style=\"list-style-type: square\">\n<li>Semmelweis University Doctoral College International Relations Group: member (since 2006)<\/li>\n<li>Semmelweis University \u00d6d\u00f6n Kerpel-Fronius Talent Council: member (since 2007), secretary (2009-2024), president (since 2024)<\/li>\n<li>Member of the Hungarian Paediatric Nephrology Association (since 2009), secretary general<\/li>\n<li>Semmelweis University Habilitation Committee: member (since 2010), secretary (2012-2018)<\/li>\n<li>European Paediatric Society Educational Committee: member (since 2011)<\/li>\n<li>Hungarian Academy of Sciences Doctoral Committee I: member (since 2012)<\/li>\n<li>Nephrology Professional Committee: member (since 2012)<\/li>\n<li>Scientific Committee of the European Academy of Pediatrics, European Academy of Nephrology: member (since 2012)<\/li>\n<li>Hungarian Rectors&#8217; Conference Standing Committee on Talent Management: member (since 2013)<\/li>\n<li>J\u00e1nos Bolyai Research Scholarship Board of Trustees: expert (2014-2016), member of the Disciplinary College (2016-2024)<\/li>\n<li>ETC Human Reproduction Committee: member (since 2014)<\/li>\n<li>Semmelweis University Public Procurement Standing Committee: member (since 2017)<\/li>\n<li>Infant and Pediatric Professional Commitee: chair (since 2019)<\/li>\n<li>the Sleep Medicine Professional Committee: member (since 2019)<\/li>\n<li>MTA Division V Medical Sciences, Member of the Assembly; Member of the Clinical Scientific Committee (since 2022)<\/li>\n<li>MTA Division V Scientific Committee, Member (since 2023)<\/li>\n<li>Pediatric Emergency Medicine Professional Committee: chair (since 2024)<\/li>\n<\/ul>\n<h6>Former<\/h6>\n<ul style=\"list-style-type: square\">\n<li>Semmelweis University Rector&#8217;s Evaluation Committee: member (2007-2011)<\/li>\n<li>OTKA Clinical Division: Jury member (2008-2011)<\/li>\n<li>Zolt\u00e1n Magyary Postdoctoral Fellowship and \u00c1nyos Jedlik PhD Candidate Fellowship: pre-decision expert (2012-2013)<\/li>\n<li>University of P\u00e9cs University Habilitation and Habilitation Examination Committee: external member (2013-2021)<\/li>\n<li>Education and Credit Committee at the Faculty of Medicine: clinical faculty member (2013-2016)<\/li>\n<li>Board of Family Medicine: member until 2014<\/li>\n<li>Semmelweis University Professional Training Committee member (2016-2019)<\/li>\n<li>National Research, Development and Innovation Office, expert (2017-2019)<\/li>\n<li>Member and President of the Board of the College of Infant and Paediatrics (2017-2020)<\/li>\n<\/ul>\n<h5>Memberships in professional societies<\/h5>\n<ul style=\"list-style-type: square\">\n<li>Hungarian Society of Paediatricians (board member)<\/li>\n<li>Hungarian Society of Nephrology<\/li>\n<li>Hungarian Paediatric Nephrology Association (secretary general)<\/li>\n<li>Hungarian Hypertension Society<\/li>\n<li>Hungarian Transplantation Society (board member)<\/li>\n<li>Hungarian Lung Society<\/li>\n<li>Hungarian Sleep Society<\/li>\n<li>Hungarian Aferezis Society<\/li>\n<li>European Society for Paediatric Nephrology<\/li>\n<li>International Pediatric Nephrology Association<\/li>\n<li>European Respiratory Society<\/li>\n<li>European Society for Pediatric Clinical Research<\/li>\n<\/ul>\n<h5>Educational activity<\/h5>\n<ul style=\"list-style-type: square\">\n<li>Semmelweis University Department of Pediatrics, Graduate education (practical and theoretical) in Hungarian, German, and English<\/li>\n<li>Infant and Pediatrics residency and postgraduate training (residency and specialist training): regular lectures and practical training<\/li>\n<li>Postgraduate training in nephrology: regular theoretical and practical training<\/li>\n<li>Regularly preparing participants of the Students&#8217; Scientific Conference (TDK)<\/li>\n<\/ul>\n<h6>Doctoral training<\/h6>\n<ul style=\"list-style-type: square\">\n<li>Program director: Prevention of chronic diseases in children program at the R\u00e1cz K\u00e1roly Conservative Medicine Division (since 2014)\u00a0<\/li>\n<li>Topic leader: Pathomechanisms, genetic background and therapy of chronic allograft nephropathy; Pediatric Long COVID syndrome<\/li>\n<li>Supervision: 5 students obtained degrees (full supervision of four students and partial supervision of one person), three graduates, three doctoral students.<\/li>\n<li>Scholarships and study visits organized for Students&#8217; Scientific Conference (TDK) contestants and PhD students to the Medical University of Freiburg; Medical University of Heidelberg; Klinikum rechts der Isar der Technischen Universit\u00e4t M\u00fcnchen; University of Southern California, Los Angeles, California; Sleep &amp; Alertness Clinic &amp; Sleep Research Laboratory, Toronto Western Hospital<\/li>\n<\/ul>\n<h6>Examiner\u00a0<\/h6>\n<ul style=\"list-style-type: square\">\n<li>Specialist examiner in infant and paediatrics<\/li>\n<li>Specialist examiner in pediatrics emergency medicine<\/li>\n<li>Specialist examiner in nephrology<\/li>\n<li>Licensed examiner in Sleep Medicine (Somnology)<\/li>\n<\/ul>\n<h5>Clinical activity<\/h5>\n<ul style=\"list-style-type: square\">\n<li>Pediatric nephrology and transplant clinic management. Care of children on dialysis and kidney transplantation<\/li>\n<li>Founder, organiser and director of a pediatric sleep diagnostic and therapeutic laboratory<\/li>\n<li>Consultant for chronic, end-stage and renal transplanted children on the national and international level<\/li>\n<\/ul>\n<h5>Scientific activity<\/h5>\n<ul style=\"list-style-type: square\">\n<li>Head of research group in the Nephrology Research Laboratory at the Pediatric Center of Semmelweis University. Research topics:\n<ul style=\"list-style-type: square\">\n<li>Gender differences in the progression of renal disease<\/li>\n<li>Study of the pathomechanism of ischemia\/reperfusion renal failure<\/li>\n<li>Pathomechanism of chronic allograft nephropathy<\/li>\n<li>Investigation of risk factors in renal transplant recipients<\/li>\n<li>Investigation of sleep disorders in childhood<\/li>\n<\/ul>\n<\/li>\n<li>Organizer of scientific lectures at the then 1st Department of Pediatrics of Semmelweis University between 2002 and 2010<\/li>\n<\/ul>\n<h6>Reviewer<\/h6>\n<p>Regular reviewer for <em>Pediatric Nephrology, Journal of Physiology, Pediatric Transplantation, Hypertension and Nephrology and Medical Weekly.<\/em><\/p>\n<h6>Publication activity (as of February 24, 2025)<\/h6>\n<ul style=\"list-style-type: square\">\n<li>Number of scientific and educational publications: 688<\/li>\n<li>Number of independent citations: 4,414<\/li>\n<li>Total citations: 5,144<\/li>\n<li>Book editing: 4, textbook chapters: 27, other book and note chapters: 25 in Hungarian and foreign languages: 1, conference proceedings: 3<\/li>\n<li>Other scientific works: 162<\/li>\n<li>Hirsch index: 39, independent H-index: 36<\/li>\n<\/ul>\n<h5>Public benefit activity<\/h5>\n<ul style=\"list-style-type: square\">\n<li>B\u00f3kay Children&#8217;s Hospital Charitable Foundation: chairman of the Board of Trustees<\/li>\n<li>\u0150rz\u0151k Foundation: member of the Board of Trustees<\/li>\n<li>Dr. M\u00e1rer Vera Prize: chairman of the Board of Trustees\u00a0<\/li>\n<li>Ott\u00f3 Simon Research Prize: chairman of the Board of Trustees<\/li>\n<li>Gond-oldd-meg Foundation: founder<\/li>\n<\/ul>\n<h5>Other<\/h5>\n<ul style=\"list-style-type: square\">\n<li><em>Medikusok a zongor\u00e1n\u00e1l<\/em> (&#8216;Medical Students at the Piano&#8217;) music CD: producer<\/li>\n<li>Successful completion of Budapest-Bamako Rally 2010<\/li>\n<\/ul>\n<p><strong>Science Metrics: <a href=\"https:\/\/m2.mtmt.hu\/gui2\/?type=authors&amp;mode=browse&amp;sel=10015517\" target=\"_blank\" rel=\"noopener noreferrer\">List of Dr. Attila Szab\u00f3&#8217;s publications in the Hungarian Database of Scientific Works \u2192<\/a><\/strong><\/p>\n","protected":false},"excerpt":{"rendered":"<p><a href=\"https:\/\/semmelweis.hu\/english\/files\/2024\/07\/RS98946_IMG_9823-scr.jpg\"><\/a> Dr. Attila Szab\u00f3 Vice-Rector Name, date of birth, marital status Attila J\u00f3zsef Szab\u00f3 (b. May 12, 1969) married, father of two children (Gr\u00e9ta, M\u00e1rton), married to Dr. Veronika M\u00fcller, professor, PhD, Director of the Department of Pulmonology, Semmelweis University. Studies, study trips 1983-1987 J\u00e1nos Berze Nagy High School, Gy\u00f6ngy\u00f6s 1988-1994 Semmelweis Medical University, Faculty of &hellip;<\/p>\n","protected":false},"author":158,"featured_media":0,"parent":72,"menu_order":6,"comment_status":"closed","ping_status":"closed","template":"","meta":{"_acf_changed":false,"footnotes":""},"categories":[],"tags":[],"class_list":["post-2243","page","type-page","status-publish","hentry"],"acf":[],"_links":{"self":[{"href":"https:\/\/semmelweis.hu\/english\/wp-json\/wp\/v2\/pages\/2243","targetHints":{"allow":["GET"]}}],"collection":[{"href":"https:\/\/semmelweis.hu\/english\/wp-json\/wp\/v2\/pages"}],"about":[{"href":"https:\/\/semmelweis.hu\/english\/wp-json\/wp\/v2\/types\/page"}],"author":[{"embeddable":true,"href":"https:\/\/semmelweis.hu\/english\/wp-json\/wp\/v2\/users\/158"}],"replies":[{"embeddable":true,"href":"https:\/\/semmelweis.hu\/english\/wp-json\/wp\/v2\/comments?post=2243"}],"version-history":[{"count":16,"href":"https:\/\/semmelweis.hu\/english\/wp-json\/wp\/v2\/pages\/2243\/revisions"}],"predecessor-version":[{"id":45056,"href":"https:\/\/semmelweis.hu\/english\/wp-json\/wp\/v2\/pages\/2243\/revisions\/45056"}],"up":[{"embeddable":true,"href":"https:\/\/semmelweis.hu\/english\/wp-json\/wp\/v2\/pages\/72"}],"wp:attachment":[{"href":"https:\/\/semmelweis.hu\/english\/wp-json\/wp\/v2\/media?parent=2243"}],"wp:term":[{"taxonomy":"category","embeddable":true,"href":"https:\/\/semmelweis.hu\/english\/wp-json\/wp\/v2\/categories?post=2243"},{"taxonomy":"post_tag","embeddable":true,"href":"https:\/\/semmelweis.hu\/english\/wp-json\/wp\/v2\/tags?post=2243"}],"curies":[{"name":"wp","href":"https:\/\/api.w.org\/{rel}","templated":true}]}}