{"id":22224,"date":"2020-08-13T09:58:44","date_gmt":"2020-08-13T07:58:44","guid":{"rendered":"https:\/\/semmelweis.hu\/english\/?page_id=22224"},"modified":"2024-07-02T08:32:07","modified_gmt":"2024-07-02T06:32:07","slug":"dean-of-the-faculty-of-health-sciences","status":"publish","type":"page","link":"https:\/\/semmelweis.hu\/english\/about-semmelweis-university\/leaders-of-the-university\/dean-of-the-faculty-of-health-sciences\/","title":{"rendered":"Dean of the Faculty of Health Sciences"},"content":{"rendered":"<h4><strong><a href=\"https:\/\/semmelweis.hu\/wp-content\/uploads\/2020\/07\/RS103348_IMG_8550-scr.jpg\"><img loading=\"lazy\" decoding=\"async\" class=\"alignright  wp-image-15882\" src=\"https:\/\/semmelweis.hu\/wp-content\/uploads\/2020\/07\/RS103348_IMG_8550-scr-281x400.jpg\" alt=\"\" width=\"211\" height=\"300\" \/><\/a>Dr. Gabriella D\u00f6rnyei Bedn\u00e1rikn\u00e9<br \/>\n<\/strong>Faculty of Health Sciences, Dean<\/h4>\n<p><strong>Degrees<\/strong><\/p>\n<ul>\n<li>1985-1988\u00a0 Budapest University of Technology, Faculty of Chemical Engineering, Department of Organic and Biological Chemicals, Budapest, BSc in Chemical Technical Engineering<\/li>\n<li>1988-1990 Budapest University of Technology, Faculty of Chemical Engineering, Biological Engineer, Budapest, MSc in Biological Engineering<\/li>\n<\/ul>\n<p><strong>Scientific Degree<\/strong><\/p>\n<p>2000\u00a0\u00a0\u00a0 Candidate of Biological Sciences (PhD)<br \/>\nTitle of dissertation: <em>Intrinsic regulatory mechanisms of vein and venule tone &#8211; the role of the endothelium<\/em><\/p>\n<p><strong>Work experience<\/strong><\/p>\n<table class=\"bottom-border\">\n<tbody>\n<tr style=\"height: 89px;\">\n<td style=\"width: 20%; height: 89px;\">1990-1996<\/td>\n<td style=\"width: 50%; height: 89px;\">As a scholarship holder of the Hungarian Academy of Sciences for advanced scientific studies (Scientific Qualification Committee (II. Department of Biology)): SOTE, Faculty of Medicine, Institute of Clinical Experimental Research &#8211; II. Institute of Physiology, Budapest<\/td>\n<\/tr>\n<tr style=\"height: 65px;\">\n<td style=\"width: 20%; height: 65px;\">1996-2008<\/td>\n<td style=\"width: 50%; height: 65px;\">Research Associate, Semmelweis University (SU), Faculty of Medicine, Institute of Clinical Experimental Research and Human Physiology, Budapest<\/td>\n<\/tr>\n<tr style=\"height: 65px;\">\n<td style=\"width: 20%; height: 65px;\">2008-2012<\/td>\n<td style=\"width: 50%; height: 65px;\">Assistant college professor, Semmelweis University, Faculty of Health Sciences (FHS), Institute of Morphology and Physiology, Budapest<\/td>\n<\/tr>\n<tr style=\"height: 41px;\">\n<td style=\"width: 20%; height: 41px;\">2012-<\/td>\n<td style=\"width: 50%; height: 41px;\">College professor, Semmelweis University, FHS, Institute of Morphology and Physiology, Budapest<\/td>\n<\/tr>\n<tr style=\"height: 41px;\">\n<td style=\"width: 20%; height: 41px;\">2013-<\/td>\n<td style=\"width: 50%; height: 41px;\">Honorary college professor, Semmelweis University, FHS, Institute of Morphology and Physiology, Budapest<\/td>\n<\/tr>\n<tr style=\"height: 41px;\">\n<td style=\"width: 20%; height: 41px;\">2016-2020<\/td>\n<td style=\"width: 50%; height: 41px;\">Vice Dean for Scientific Affairs, Semmelweis University, FHS, Budapest<\/td>\n<\/tr>\n<tr style=\"height: 41px;\">\n<td style=\"width: 20%; height: 41px;\">2020-<\/td>\n<td style=\"width: 50%; height: 41px;\">Dean, Semmelweis University, FHS, Budapest<\/td>\n<\/tr>\n<\/tbody>\n<\/table>\n<p>\n<strong>Study trips abroad<\/strong><\/p>\n<ul>\n<li>1992. Department of Physiology, University of Birmingham, Birmingham B15 2TT, UK<\/li>\n<li>1993-1997. New York Medical College, Department of Physiology, Valhalla, New York 10595, USA<\/li>\n<li>2016. Shanghai Jiao Tong University School of Nursing, Shanghai, China, Traditional Chinese Medicine and Chinese Culture 17 hours course<\/li>\n<li>2019. Shanghai University of Traditional Chinese Medicine, Erasmus mobility program<\/li>\n<\/ul>\n<p><strong>Educational activity:<\/strong><\/p>\n<ul>\n<li>\n<p>Medical physiology in Hungarian and English (practices, consultations)<\/p>\n<\/li>\n<li>\n<p>Teaching Clinical cardiovascular physiology elective course (classroom lectures)<\/p>\n<\/li>\n<li>\n<p>Subject teacher of Applied chemistr<\/p>\n<\/li>\n<li>\n<p>Applied chemistry (classroom lectures)<\/p>\n<\/li>\n<li>\n<p>Subject teacher of applied physiology and pathophysiology<\/p>\n<\/li>\n<li>\n<p>Applied physiology and pathophysiology (classroom lectures, practices)<\/p>\n<\/li>\n<li>\n<p>Chapters on venous circulation and hemodynamics (elective course, classroom lectures)<\/p>\n<\/li>\n<li>\n<p>Supervising the preparation of Students\u2019 Scientific Association (TDK) works and the preparation of diploma theses and Rector&#8217;s thesis competition<\/p>\n<\/li>\n<li>PhD supervisor activity<\/li>\n<li>\n<p>Performing mentoring tasks<\/p>\n<\/li>\n<\/ul>\n<p><strong>Performing the duties of reviewing professional journals:<\/strong><\/p>\n<ul>\n<li>Physiology International<\/li>\n<li>Developments in Health Sciences<\/li>\n<li>Phlebology<\/li>\n<\/ul>\n<p><strong>Memberships in scientific and other organizational and editorial committees:<\/strong><\/p>\n<table class=\"bottom-border\">\n<tbody>\n<tr style=\"height: 41px;\">\n<td style=\"width: 18.7443%; height: 41px;\">1991-<\/td>\n<td style=\"width: 81.2557%; height: 41px;\">Hungarian Physiological Society<\/td>\n<\/tr>\n<tr style=\"height: 65px;\">\n<td style=\"width: 18.7443%; height: 65px;\">2000-<\/td>\n<td style=\"width: 81.2557%; height: 65px;\">Scientific Committee of Molecular Biology, Genetics and Cell Biology of the Hungarian Academy of Sciences, member of the public body<\/td>\n<\/tr>\n<tr style=\"height: 41px;\">\n<td style=\"width: 18.7443%; height: 41px;\">2005-<\/td>\n<td style=\"width: 81.2557%; height: 41px;\">Hungarian Society of Microcirculation and Vascular Biology<\/td>\n<\/tr>\n<tr style=\"height: 41px;\">\n<td style=\"width: 18.7443%; height: 41px;\">1999<\/td>\n<td style=\"width: 81.2557%; height: 41px;\">Acta Physiologica Hungarica, Assistant Editor<\/td>\n<\/tr>\n<tr style=\"height: 41px;\">\n<td style=\"width: 18.7443%; height: 41px;\">2013-<\/td>\n<td style=\"width: 81.2557%; height: 41px;\">SU-FHS, Faculty Council, member<\/td>\n<\/tr>\n<tr style=\"height: 41px;\">\n<td style=\"width: 18.7443%; height: 41px;\">2013-2018<\/td>\n<td style=\"width: 81.2557%; height: 41px;\">SU-FHS Committee on Social Affairs and Equal Opportunities, Chairwoman<\/td>\n<\/tr>\n<tr style=\"height: 41px;\">\n<td style=\"width: 18.7443%; height: 41px;\">2013-<\/td>\n<td style=\"width: 81.2557%; height: 41px;\">SU-FHS Talent Council, member<\/td>\n<\/tr>\n<tr style=\"height: 41px;\">\n<td style=\"width: 18.7443%; height: 41px;\">2014-2017<\/td>\n<td style=\"width: 81.2557%; height: 41px;\">SU Housing Employer Loan Claims Assessment Committee, member<\/td>\n<\/tr>\n<tr style=\"height: 41px;\">\n<td style=\"width: 18.7443%; height: 41px;\">2015-2019<\/td>\n<td style=\"width: 81.2557%; height: 41px;\">SU Students\u2019 Scientific Association Council, member<\/td>\n<\/tr>\n<tr style=\"height: 41px;\">\n<td style=\"width: 18.7443%; height: 41px;\">2019-<\/td>\n<td style=\"width: 81.2557%; height: 41px;\">SU Students\u2019 Scientific Association Council, representative of institutes of Vas utca block<\/td>\n<\/tr>\n<tr style=\"height: 41px;\">\n<td style=\"width: 18.7443%; height: 41px;\">2015<\/td>\n<td style=\"width: 81.2557%; height: 41px;\">Cost calculation project group of SU FHS, member<\/td>\n<\/tr>\n<tr style=\"height: 41px;\">\n<td style=\"width: 18.7443%; height: 41px;\">2015-2018<\/td>\n<td style=\"width: 81.2557%; height: 41px;\">SU Appeals Committee, member<\/td>\n<\/tr>\n<tr style=\"height: 41px;\">\n<td style=\"width: 18.7443%; height: 41px;\">2016-<\/td>\n<td style=\"width: 81.2557%; height: 41px;\">SU University Scientific Council, representative of FHS<\/td>\n<\/tr>\n<tr style=\"height: 41px;\">\n<td style=\"width: 18.7443%; height: 41px;\">2016-2017<\/td>\n<td style=\"width: 81.2557%; height: 41px;\">SU Committee Responsible for Chinese Relations, representative of FHS<\/td>\n<\/tr>\n<tr style=\"height: 41px;\">\n<td style=\"width: 18.7443%; height: 41px;\">2017-<\/td>\n<td style=\"width: 81.2557%; height: 41px;\">Health Science Council Traditional Chinese Medicine Commission, member<\/td>\n<\/tr>\n<tr style=\"height: 41px;\">\n<td style=\"width: 18.7443%; height: 41px;\">2017-<\/td>\n<td style=\"width: 81.2557%; height: 41px;\">SU Senate, representative of FHS<\/td>\n<\/tr>\n<tr style=\"height: 41px;\">\n<td style=\"width: 18.7443%; height: 41px;\">2017-<\/td>\n<td style=\"width: 81.2557%; height: 41px;\">SemmelweisScience and Innovation Fund Council, representative of FHS<\/td>\n<\/tr>\n<tr style=\"height: 41px;\">\n<td style=\"width: 18.7443%; height: 41px;\">2018-<\/td>\n<td style=\"width: 81.2557%; height: 41px;\">SU Alumni Board of Directors, member<\/td>\n<\/tr>\n<tr style=\"height: 65px;\">\n<td style=\"width: 18.7443%; height: 65px;\">2018-<\/td>\n<td style=\"width: 81.2557%; height: 65px;\">SU-FHS scientific contact (Special Person of Contact COHEHRE Research &#8211; Consortium of Institutes of Higher Education in Health and Rehabilitation in Europe)<\/td>\n<\/tr>\n<tr style=\"height: 41px;\">\n<td style=\"width: 18.7443%; height: 41px;\">2018-<\/td>\n<td style=\"width: 81.2557%; height: 41px;\">Developments in Health Sciences, member of the Editorial Board<\/td>\n<\/tr>\n<tr style=\"height: 41px;\">\n<td style=\"width: 18.7443%; height: 41px;\">2018<\/td>\n<td style=\"width: 81.2557%; height: 41px;\">SU University Social and Equal Opportunities Committee, Interim Committee, Vice-chairwoman<\/td>\n<\/tr>\n<tr style=\"height: 41px;\">\n<td style=\"width: 18.7443%; height: 41px;\">2018-<\/td>\n<td style=\"width: 81.2557%; height: 41px;\">SU-FHS Lecture Notes Committee, member<\/td>\n<\/tr>\n<tr>\n<td style=\"width: 18.7443%;\">2018-<\/td>\n<td style=\"width: 81.2557%;\">SE ETK Note Committee, member<\/td>\n<\/tr>\n<tr style=\"height: 41px;\">\n<td style=\"width: 18.7443%; height: 41px;\">2019-2020<\/td>\n<td style=\"width: 81.2557%; height: 41px;\">Semmelweis250 Operations Committee, member<\/td>\n<\/tr>\n<tr style=\"height: 41px;\">\n<td style=\"width: 18.7443%; height: 41px;\">2019-<\/td>\n<td style=\"width: 81.2557%; height: 41px;\">SU Doctoral Council Study and Credit Transfer Committee, \u00a0chairwoman<\/td>\n<\/tr>\n<tr style=\"height: 41px;\">\n<td style=\"width: 18.7443%; height: 41px;\">2019-<\/td>\n<td style=\"width: 81.2557%; height: 41px;\">University of Physical Education Habilitation Committee, member<\/td>\n<\/tr>\n<tr>\n<td style=\"width: 18.7443%;\">2020-<\/td>\n<td style=\"width: 81.2557%;\">SE-ETK Faculty Council, president<\/td>\n<\/tr>\n<tr>\n<td style=\"width: 18.7443%;\">2021-<\/td>\n<td style=\"width: 81.2557%;\">Developments in Health Sciences, Deputy Editor-in-Chief<\/td>\n<\/tr>\n<tr>\n<td style=\"width: 18.7443%;\">2021-<\/td>\n<td style=\"width: 81.2557%;\">Semmelweis University Sports Club Supervisory Committee, member<\/td>\n<\/tr>\n<tr>\n<td style=\"width: 18.7443%;\">2021-<\/td>\n<td style=\"width: 81.2557%;\">Semmelweis University Foundation Board of Trustees, member<\/td>\n<\/tr>\n<tr>\n<td style=\"width: 18.7443%;\">2022-<\/td>\n<td style=\"width: 81.2557%;\">SE Rector&#8217;s Cabinet, member<\/td>\n<\/tr>\n<\/tbody>\n<\/table>\n<p><strong>Awards:<\/strong><\/p>\n<ul>\n<li>2015 Outstanding Scientific Student Education &#8211; University Award<\/li>\n<li>2015 Mentoring Cup Award &#8211; Faculty Award<\/li>\n<\/ul>\n<p><strong>Childcare periods (3 children)<\/strong><\/p>\n<ul>\n<li>2000-2002<\/li>\n<li>2005-2008<\/li>\n<\/ul>\n<p><strong>Language skills:<\/strong><\/p>\n<p>1997\u00a0\u00a0 English intermediate examination (type \u201cC\u201d)<\/p>\n<p><strong>Scientific publications:<\/strong><\/p>\n<p><a href=\"https:\/\/m2.mtmt.hu\/gui2\/?type=authors&amp;mode=browse&amp;sel=authors10010428\" target=\"_blank\" rel=\"noopener\"><strong>List of Dr. Gabriella D\u00f6rnyei&#8217;s publications in the Hungarian Database of Scientific Works<\/strong><\/a><\/p>\n<p>ORCID ID: 0000-0001-7007-6252<\/p>\n<section><\/section>\n","protected":false},"excerpt":{"rendered":"<p><a href=\"https:\/\/semmelweis.hu\/wp-content\/uploads\/2020\/07\/RS103348_IMG_8550-scr.jpg\"><\/a> Dr. Gabriella D\u00f6rnyei Bedn\u00e1rikn\u00e9 Faculty of Health Sciences, Dean Degrees 1985-1988\u00a0 Budapest University of Technology, Faculty of Chemical Engineering, Department of Organic and Biological Chemicals, Budapest, BSc in Chemical Technical Engineering 1988-1990 Budapest University of Technology, Faculty of Chemical Engineering, Biological Engineer, Budapest, MSc in Biological Engineering Scientific Degree 2000\u00a0\u00a0\u00a0 Candidate of Biological Sciences (PhD) &hellip;<\/p>\n","protected":false},"author":362,"featured_media":0,"parent":72,"menu_order":10,"comment_status":"closed","ping_status":"closed","template":"","meta":{"_acf_changed":false,"footnotes":""},"categories":[],"tags":[],"class_list":["post-22224","page","type-page","status-publish","hentry"],"acf":[],"_links":{"self":[{"href":"https:\/\/semmelweis.hu\/english\/wp-json\/wp\/v2\/pages\/22224","targetHints":{"allow":["GET"]}}],"collection":[{"href":"https:\/\/semmelweis.hu\/english\/wp-json\/wp\/v2\/pages"}],"about":[{"href":"https:\/\/semmelweis.hu\/english\/wp-json\/wp\/v2\/types\/page"}],"author":[{"embeddable":true,"href":"https:\/\/semmelweis.hu\/english\/wp-json\/wp\/v2\/users\/362"}],"replies":[{"embeddable":true,"href":"https:\/\/semmelweis.hu\/english\/wp-json\/wp\/v2\/comments?post=22224"}],"version-history":[{"count":10,"href":"https:\/\/semmelweis.hu\/english\/wp-json\/wp\/v2\/pages\/22224\/revisions"}],"predecessor-version":[{"id":41893,"href":"https:\/\/semmelweis.hu\/english\/wp-json\/wp\/v2\/pages\/22224\/revisions\/41893"}],"up":[{"embeddable":true,"href":"https:\/\/semmelweis.hu\/english\/wp-json\/wp\/v2\/pages\/72"}],"wp:attachment":[{"href":"https:\/\/semmelweis.hu\/english\/wp-json\/wp\/v2\/media?parent=22224"}],"wp:term":[{"taxonomy":"category","embeddable":true,"href":"https:\/\/semmelweis.hu\/english\/wp-json\/wp\/v2\/categories?post=22224"},{"taxonomy":"post_tag","embeddable":true,"href":"https:\/\/semmelweis.hu\/english\/wp-json\/wp\/v2\/tags?post=22224"}],"curies":[{"name":"wp","href":"https:\/\/api.w.org\/{rel}","templated":true}]}}