{"id":21135,"date":"2020-04-23T00:38:19","date_gmt":"2020-04-22T22:38:19","guid":{"rendered":"http:\/\/semmelweis.hu\/english\/?page_id=21135"},"modified":"2024-07-02T08:25:33","modified_gmt":"2024-07-02T06:25:33","slug":"dean-of-the-faculty-of-medicine","status":"publish","type":"page","link":"https:\/\/semmelweis.hu\/english\/about-semmelweis-university\/leaders-of-the-university\/dean-of-the-faculty-of-medicine\/","title":{"rendered":"Dean of the Faculty of Medicine"},"content":{"rendered":"<h4><strong><a href=\"https:\/\/semmelweis.hu\/english\/files\/2024\/07\/RS197237_433A7980-scr.jpg\"><img loading=\"lazy\" decoding=\"async\" class=\"alignright wp-image-41881\" src=\"https:\/\/semmelweis.hu\/english\/files\/2024\/07\/RS197237_433A7980-scr-267x400.jpg\" alt=\"\" width=\"200\" height=\"300\" srcset=\"https:\/\/semmelweis.hu\/english\/files\/2024\/07\/RS197237_433A7980-scr-267x400.jpg 267w, https:\/\/semmelweis.hu\/english\/files\/2024\/07\/RS197237_433A7980-scr.jpg 600w\" sizes=\"auto, (max-width: 200px) 100vw, 200px\" \/><\/a>Dr. P\u00e9ter Nyir\u00e1dy<br \/>\n<\/strong>Faculty of Medicine, Dean<\/h4>\n<p><strong>Place and date of birth:<\/strong><br \/>\nKecskem\u00e9t, 22 April 1971.<\/p>\n<p><strong>Current position<\/strong><br \/>\nHead of Department &#8211; Department of Urology, Semmelweis University (since 1 Sept. 2012)<\/p>\n<p>Married, father of 2 children<\/p>\n<p><strong>Professional experience, study trips:<\/strong><\/p>\n<ul>\n<li>Albert Szent-Gy\u00f6rgyi University of Medical Sciences, Department of Surgery, TDK thesis<\/li>\n<li>Surgical and traumatology practice at the York District Hospital, UK<\/li>\n<li>Internal medicine and family medicine internship at the University Teaching Hospital of Ulm, Heidenheim, Germany<\/li>\n<li>1995 Urology Department, Heim P\u00e1l Children&#8217;s Hospital, Budapest<\/li>\n<li>1999 Fellowship of the ESPU (European Society for Paediatric Urology) 6 weeks Manchester and Leeds<\/li>\n<li>1999 1 week Paris laparoscopic training<\/li>\n<li>2000 European Association of Urology 1 year research fellowship University College London<\/li>\n<li>2001- Semmelweis University Urology Clinic<\/li>\n<\/ul>\n<p><strong>University Professorship:<\/strong><\/p>\n<table class=\"bottom-border\" style=\"width: 100%;\">\n<tbody>\n<tr>\n<td style=\"width: 15%;\">2015<\/td>\n<td style=\"width: 85%;\">Member of the Habilitation Committee of the Semmelweis University<br \/>\nSemmelweis University Chairman of the Urology Professional Committee<br \/>\nSemmelweis University Member of the Board of the Semmelweis University Clinical Centre<\/td>\n<\/tr>\n<tr>\n<td style=\"width: 15%;\">2016<\/td>\n<td style=\"width: 85%;\">Member of the Semmelweis University Professional Training Committee<br \/>\nMember of the Semmelweis University Clinical Committee<br \/>\nMember of the Committee of Semmelweis University, part of the Strategic Development Programme &#8220;Development of Clinical Research&#8221; project<\/td>\n<\/tr>\n<tr>\n<td style=\"width: 15%;\">2017<\/td>\n<td style=\"width: 85%;\">Member of the expert base of the Hungarian Higher Education Accreditation Commission<br \/>\nSemmelweis University Member of the Equal Opportunities Committee<\/td>\n<\/tr>\n<tr>\n<td style=\"width: 15%;\">2018<\/td>\n<td style=\"width: 85%;\">Chairman of the Ethics Committee of Semmelweis University<\/td>\n<\/tr>\n<tr>\n<td style=\"width: 15%;\">2019<\/td>\n<td style=\"width: 85%;\">Chairman of the Clinical Committee of Semmelweis University<br \/>\nMember of the Habilitation Committee of Semmelweis University<\/td>\n<\/tr>\n<tr>\n<td style=\"width: 15%;\">2019-2024<\/td>\n<td style=\"width: 85%;\">Director of the Centre for Professional and Continuing Education at Semmelweis University\u00a0<\/td>\n<\/tr>\n<tr>\n<td style=\"width: 15%;\">2019<\/td>\n<td style=\"width: 85%;\">Member of the Senate of the Semmelweis University<\/td>\n<\/tr>\n<tr>\n<td style=\"width: 15%;\">2021<\/td>\n<td style=\"width: 85%;\">Member of the Scientific Committee on Clinical Surgery<\/td>\n<\/tr>\n<tr>\n<td style=\"width: 15%;\">2022<\/td>\n<td style=\"width: 85%;\">Head of the Department of Urology of Semmelweis University for another 5 years (-2027)<\/td>\n<\/tr>\n<tr>\n<td style=\"width: 15%;\">2023<\/td>\n<td style=\"width: 85%;\">Member of the Habilitation Committee of Semmelweis University (-2028)<\/td>\n<\/tr>\n<tr>\n<td style=\"width: 15%;\">2024<\/td>\n<td style=\"width: 85%;\">Member of the Rector&#8217;s Strategy Cabinet<\/td>\n<\/tr>\n<\/tbody>\n<\/table>\n<p><strong>International board membership:<\/strong><\/p>\n<table class=\"bottom-border\" style=\"width: 100%;\">\n<tbody>\n<tr>\n<td style=\"width: 15%;\">2011-2018<\/td>\n<td style=\"width: 85%;\">Board member EU-Academic Continuing Medical Education (EU-ACME)<\/td>\n<\/tr>\n<tr>\n<td style=\"width: 15%;\">2011-<\/td>\n<td style=\"width: 85%;\">Accredited Member European Board of Urology (EBU)<\/td>\n<\/tr>\n<tr>\n<td style=\"width: 15%;\">2012-2020<\/td>\n<td style=\"width: 85%;\">Representative of the Urology Section of the European Union of Medical Specialists (UEMS)<\/td>\n<\/tr>\n<tr>\n<td style=\"width: 15%;\">2018-<\/td>\n<td style=\"width: 85%;\">Member of the EAU EUSP Committee<\/td>\n<\/tr>\n<\/tbody>\n<\/table>\n<p><strong>National Leadership Membership:<\/strong><\/p>\n<table class=\"bottom-border\" style=\"width: 100%; height: 327px;\">\n<tbody>\n<tr style=\"height: 33px;\">\n<td style=\"width: 15%; height: 33px;\">2008-2009<\/td>\n<td style=\"width: 85%; height: 33px;\">Chairman, then member of the Andrology Committee of Semmelweis University<\/td>\n<\/tr>\n<tr style=\"height: 33px;\">\n<td style=\"width: 15%; height: 33px;\">2009-<\/td>\n<td style=\"width: 85%; height: 33px;\">Member of the Presidium of the Hungarian Society of Urologists<\/td>\n<\/tr>\n<tr style=\"height: 33px;\">\n<td style=\"width: 15%; height: 33px;\">2011-2019<\/td>\n<td style=\"width: 85%; height: 33px;\">President of the Urology Section of the College of Health Professions<\/td>\n<\/tr>\n<tr style=\"height: 33px;\">\n<td style=\"width: 15%; height: 33px;\">2011-<\/td>\n<td style=\"width: 85%; height: 33px;\">Member of the Board, Semmelweis University Friends of Semmelweis University<\/td>\n<\/tr>\n<tr style=\"height: 63px;\">\n<td style=\"width: 15%; height: 63px;\">2015-<\/td>\n<td style=\"width: 85%; height: 63px;\">President of the Urology Committee of Semmelweis University<br \/>\nVice-President of the Hungarian Society of Sexology<\/td>\n<\/tr>\n<tr style=\"height: 33px;\">\n<td style=\"width: 15%; height: 33px;\">2017-<\/td>\n<td style=\"width: 85%; height: 33px;\">President of the Society of Oncological Urology<\/td>\n<\/tr>\n<tr style=\"height: 33px;\">\n<td style=\"width: 15%; height: 33px;\">2019-<\/td>\n<td style=\"width: 85%; height: 33px;\">Secretary General of the Hungarian Society of Urologists<\/td>\n<\/tr>\n<tr style=\"height: 33px;\">\n<td style=\"width: 15%; height: 33px;\">2022-<\/td>\n<td style=\"width: 85%; height: 33px;\">Vice President Association of Hungarian Medical Societies and Associations<\/td>\n<\/tr>\n<tr style=\"height: 33px;\">\n<td style=\"width: 15%; height: 33px;\">2023-<\/td>\n<td style=\"width: 85%; height: 33px;\">Secretary of the Urology Section of the College of Health Professions<\/td>\n<\/tr>\n<\/tbody>\n<\/table>\n<p><strong>Membership of the Society:<\/strong><\/p>\n<ul>\n<li>Hungarian Urological Society<\/li>\n<li>Hungarian STD Society<\/li>\n<li>Hungarian Society for Sexual Medicine<\/li>\n<li>Hungarian Society of Oncological Urology<\/li>\n<li>European Association of Urologists (EAU)<\/li>\n<li>European Society of Sexual Medicine (ESSM)<\/li>\n<li>European Urology Scholarship Programme (EUSP)<\/li>\n<li>Association of Academic European Urologists (AAEU)<\/li>\n<li>EAU Section of UroTechnology (ESUT) in the European Urological Scholarship Programme<\/li>\n<\/ul>\n<p><strong>Honorary memberships:<\/strong><\/p>\n<table class=\"bottom-border\" style=\"width: 100%;\">\n<tbody>\n<tr>\n<td style=\"width: 15%;\">2017<\/td>\n<td style=\"width: 85%;\">Polish Urological Association (PUA)<\/td>\n<\/tr>\n<tr>\n<td style=\"width: 15%;\">2021<\/td>\n<td style=\"width: 85%;\">Slovak Urological Society (SUC)<\/td>\n<\/tr>\n<tr>\n<td style=\"width: 15%;\">2022<\/td>\n<td style=\"width: 85%;\">Adjunct Prefessor of Vienna Medical University<\/td>\n<\/tr>\n<\/tbody>\n<\/table>\n<p><strong>Schools:<\/strong><\/p>\n<ul>\n<li>1985-1989 B\u00e1nyai J\u00falia High School, Kecskem\u00e9t<\/li>\n<li>1989-1995 Szent-Gy\u00f6rgyi Albert Medical University, Szeged<\/li>\n<li>Szent Gy\u00f6rgyi Medical University of Szeged, Hungary<\/li>\n<\/ul>\n<p><strong>Professional educations:<\/strong><\/p>\n<ul>\n<li>2001 Specialist examination in Urology<\/li>\n<li>2003 EBU Part I (European Board of Urology)<\/li>\n<li>2006 EBU Part II FEBU (Fellow of European Board of Urology)<\/li>\n<li>2008 Specialist examination in Andrology<\/li>\n<li>2022 GCP training<\/li>\n<\/ul>\n<p><strong>Language skills:<\/strong><br \/>\nGerman, intermediate<br \/>\nEnglish, advanced (IELTS, British Council, Budapest 1999)<\/p>\n<p><strong>Academic degree:<\/strong><\/p>\n<table class=\"bottom-border\" style=\"width: 100%;\">\n<tbody>\n<tr>\n<td style=\"width: 15%;\">2003<\/td>\n<td style=\"width: 85%;\">PhD Semmelweis University &#8220;Study of fetal urinary tract development, with special reference to changes in the electromechanical capacity of the bladder detrusor smooth muscle under normal conditions and in posterior urethral valve.&#8221;<\/td>\n<\/tr>\n<tr>\n<td style=\"width: 15%;\">2009<\/td>\n<td style=\"width: 85%;\">Habilitation at Semmelweis University (Urology)<\/td>\n<\/tr>\n<tr>\n<td style=\"width: 15%;\">2011<\/td>\n<td style=\"width: 85%;\">Doctorate of the Hungarian Academy of Science (D.Sc.) in &#8220;Research and care of urological developmental disorders&#8221;<\/td>\n<\/tr>\n<\/tbody>\n<\/table>\n<p><strong>Scholarships:<\/strong><\/p>\n<table class=\"bottom-border\" style=\"width: 100%;\">\n<tbody>\n<tr>\n<td style=\"width: 15%;\">1999<\/td>\n<td style=\"width: 85%;\">European Society for Paediatric Urologists (ESPU) (3 months)<\/td>\n<\/tr>\n<tr>\n<td style=\"width: 15%;\">2000-2001<\/td>\n<td style=\"width: 85%;\">European Urological Scholarship Programme (EUSP) Research Fellowship University College London<\/td>\n<\/tr>\n<tr>\n<td style=\"width: 15%;\">2004<\/td>\n<td style=\"width: 85%;\">Salzburg Seminar<\/td>\n<\/tr>\n<tr>\n<td style=\"width: 15%;\">2005<\/td>\n<td style=\"width: 85%;\">EAU-AUA Academic Exchange Programme (1 month)<\/td>\n<\/tr>\n<tr>\n<td style=\"width: 15%;\">2005<\/td>\n<td style=\"width: 85%;\">EAU &#8220;Short Term Visit&#8221; Vienna, Austria (3 weeks)<\/td>\n<\/tr>\n<tr>\n<td style=\"width: 15%;\">2007<\/td>\n<td style=\"width: 85%;\">EAU &#8220;Short Term Visit&#8221; Sheffield, UK (2 weeks)<\/td>\n<\/tr>\n<tr>\n<td style=\"width: 15%;\">2009<\/td>\n<td style=\"width: 85%;\">EAU Winter Forum &#8220;Challenge the experts&#8221; Davos, Switzerland<\/td>\n<\/tr>\n<tr>\n<td style=\"width: 15%;\">2012<\/td>\n<td style=\"width: 85%;\">Canadian Urological Association &#8211; European Association of Urology Academic Exchange Programme<\/td>\n<\/tr>\n<\/tbody>\n<\/table>\n<p><strong>Deputy editor in chief<\/strong><\/p>\n<ul>\n<li>International Urology and Nephrology<\/li>\n<\/ul>\n<p><strong>Editorial Board Membership:<\/strong><\/p>\n<ul>\n<li>Central European Journal of Urology<\/li>\n<li>Robotics &amp; Laparoscopy e-Journal<\/li>\n<li>Journal of Family Medicine<\/li>\n<li>Journal of Postgraduate Medical Education<\/li>\n<li>Family Medicine Continuing Education Journal<\/li>\n<li>Hungarian Urology &#8211; Advisory Board Member<\/li>\n<li>Interdisciplinary Hungarian Health (IME) Scientific Journal &#8211; Columnist<\/li>\n<li>Czech Urology<\/li>\n<li>Medical Education<\/li>\n<\/ul>\n<p><strong>Recognitions:<\/strong><\/p>\n<ul>\n<li>3rd Price on the Challenge the experts, European Urology Forum 2009\u00a0<br \/>\n7-11 February 2009 Davos, Switzerland<\/li>\n<li>Richter Publication Prize July 2009.<\/li>\n<li>Antal Babics Prize: 1st prize November 2009\u00a0<\/li>\n<li>Medical Weekly Lajos Markusovszky Prize March 2020<\/li>\n<li>Order of Merit of the Hungarian Republic, Offer\u2019s Cross March 2021<\/li>\n<li>Pro Universitate Semmelweis University 2021<\/li>\n<\/ul>\n<p><strong>Publications:<\/strong><\/p>\n<ul>\n<li>Number: 252<\/li>\n<li>Foreign language: 149<\/li>\n<li>Hungarian language: 103<\/li>\n<li>Book editing: 2<\/li>\n<li>Book chapters:\u00a0<br \/>\nForeign language: 6<br \/>\nHungarian: 5<\/li>\n<li>Independent citation: 4015<\/li>\n<li><a href=\"https:\/\/www.mtmt.hu\/author\/10013343\" target=\"_blank\" rel=\"noopener\">MTMT<\/a><\/li>\n<\/ul>\n<p><a href=\"https:\/\/semmelweis.hu\/english\/about-semmelweis-university\/leaders-of-the-university\/\">\u2190 Back to the leaders of the University\u2026<\/a><\/p>\n","protected":false},"excerpt":{"rendered":"<p><a href=\"https:\/\/semmelweis.hu\/english\/files\/2024\/07\/RS197237_433A7980-scr.jpg\"><\/a> Dr. P\u00e9ter Nyir\u00e1dy Faculty of Medicine, Dean Place and date of birth: Kecskem\u00e9t, 22 April 1971. Current position Head of Department &#8211; Department of Urology, Semmelweis University (since 1 Sept. 2012) Married, father of 2 children Professional experience, study trips: Albert Szent-Gy\u00f6rgyi University of Medical Sciences, Department of Surgery, TDK thesis Surgical and traumatology practice &hellip;<\/p>\n","protected":false},"author":362,"featured_media":0,"parent":72,"menu_order":13,"comment_status":"closed","ping_status":"closed","template":"","meta":{"_acf_changed":false,"footnotes":""},"categories":[],"tags":[],"class_list":["post-21135","page","type-page","status-publish","hentry"],"acf":[],"_links":{"self":[{"href":"https:\/\/semmelweis.hu\/english\/wp-json\/wp\/v2\/pages\/21135","targetHints":{"allow":["GET"]}}],"collection":[{"href":"https:\/\/semmelweis.hu\/english\/wp-json\/wp\/v2\/pages"}],"about":[{"href":"https:\/\/semmelweis.hu\/english\/wp-json\/wp\/v2\/types\/page"}],"author":[{"embeddable":true,"href":"https:\/\/semmelweis.hu\/english\/wp-json\/wp\/v2\/users\/362"}],"replies":[{"embeddable":true,"href":"https:\/\/semmelweis.hu\/english\/wp-json\/wp\/v2\/comments?post=21135"}],"version-history":[{"count":11,"href":"https:\/\/semmelweis.hu\/english\/wp-json\/wp\/v2\/pages\/21135\/revisions"}],"predecessor-version":[{"id":41886,"href":"https:\/\/semmelweis.hu\/english\/wp-json\/wp\/v2\/pages\/21135\/revisions\/41886"}],"up":[{"embeddable":true,"href":"https:\/\/semmelweis.hu\/english\/wp-json\/wp\/v2\/pages\/72"}],"wp:attachment":[{"href":"https:\/\/semmelweis.hu\/english\/wp-json\/wp\/v2\/media?parent=21135"}],"wp:term":[{"taxonomy":"category","embeddable":true,"href":"https:\/\/semmelweis.hu\/english\/wp-json\/wp\/v2\/categories?post=21135"},{"taxonomy":"post_tag","embeddable":true,"href":"https:\/\/semmelweis.hu\/english\/wp-json\/wp\/v2\/tags?post=21135"}],"curies":[{"name":"wp","href":"https:\/\/api.w.org\/{rel}","templated":true}]}}